{"id":815,"date":"2025-11-03T08:03:51","date_gmt":"2025-11-03T08:03:51","guid":{"rendered":"https:\/\/www.cxjsmartcard.com\/?post_type=product&#038;p=815"},"modified":"2025-12-29T01:27:09","modified_gmt":"2025-12-29T01:27:09","slug":"ribbon-satin-garment-uhf-rfid-wash-care-label-tag","status":"publish","type":"product","link":"https:\/\/www.cxjsmartcard.com\/fr\/ribbon-satin-garment-uhf-rfid-wash-care-label-tag\/","title":{"rendered":"\u00c9tiquette d&#039;entretien pour v\u00eatement en satin ruban UHF RFID"},"content":{"rendered":"<p data-start=\"61\" data-end=\"309\">Les \u00e9tiquettes d&#039;entretien RFID UHF int\u00e8grent la technologie EPC Gen2 aux \u00e9tiquettes des v\u00eatements lavables pour une visibilit\u00e9 en temps r\u00e9el des stocks. Con\u00e7ues pour le lavage industriel, le repassage et l&#039;usage quotidien, elles r\u00e9duisent le r\u00e9tr\u00e9cissement, pr\u00e9viennent les ruptures de stock et \u00e9liminent les comptages manuels.<\/p>\n<p data-start=\"311\" data-end=\"329\"><strong data-start=\"311\" data-end=\"327\">Caract\u00e9ristiques principales<\/strong><\/p>\n<ul data-start=\"330\" data-end=\"1000\">\n<li data-start=\"330\" data-end=\"408\">\n<p data-start=\"332\" data-end=\"408\"><strong data-start=\"332\" data-end=\"346\">Mat\u00e9riels:<\/strong> Polyester, satin, \u00e9tiquette de composition, coton, non-tiss\u00e9, PET<\/p>\n<\/li>\n<li data-start=\"409\" data-end=\"461\">\n<p data-start=\"411\" data-end=\"461\"><strong data-start=\"411\" data-end=\"421\">Tailles :<\/strong> 80 \u00d7 38 mm, 60 \u00d7 30 mm ou sur mesure<\/p>\n<\/li>\n<li data-start=\"462\" data-end=\"492\">\n<p data-start=\"464\" data-end=\"492\"><strong data-start=\"464\" data-end=\"473\">Taper:<\/strong> RFID UHF passif<\/p>\n<\/li>\n<li data-start=\"493\" data-end=\"566\">\n<p data-start=\"495\" data-end=\"566\"><strong data-start=\"495\" data-end=\"518\">Protocole\/Fr\u00e9quence\u00a0:<\/strong> ISO 18000-6C \/ EPC Classe 1 Gen 2\u00a0; 860\u2013960 MHz<\/p>\n<\/li>\n<li data-start=\"567\" data-end=\"623\">\n<p data-start=\"569\" data-end=\"623\"><strong data-start=\"569\" data-end=\"579\">Puces:<\/strong> Impinj Monza R6\/R6-P\u00a0; NXPUCODE 8\/UCODE 9<\/p>\n<\/li>\n<li data-start=\"624\" data-end=\"680\">\n<p data-start=\"626\" data-end=\"680\"><strong data-start=\"626\" data-end=\"644\">Distance de lecture\u00a0:<\/strong> 1 \u00e0 10 m (selon le lecteur\/l&#039;antenne)<\/p>\n<\/li>\n<li data-start=\"681\" data-end=\"718\">\n<p data-start=\"683\" data-end=\"718\"><strong data-start=\"683\" data-end=\"698\">Pi\u00e8ce jointe:<\/strong> \u00c0 coudre ou \u00e0 repasser<\/p>\n<\/li>\n<li data-start=\"719\" data-end=\"780\">\n<p data-start=\"721\" data-end=\"780\"><strong data-start=\"721\" data-end=\"741\">Impression et donn\u00e9es :<\/strong> Illustration personnalis\u00e9e, num\u00e9ro de s\u00e9rie\/UID, encodage<\/p>\n<\/li>\n<li data-start=\"781\" data-end=\"853\">\n<p data-start=\"783\" data-end=\"853\"><strong data-start=\"783\" data-end=\"800\">Endurance du circuit int\u00e9gr\u00e9 :<\/strong> 100\u00a0000 cycles de programmation\u00a0; conservation des donn\u00e9es pendant 10\u00a0ans<\/p>\n<\/li>\n<li data-start=\"854\" data-end=\"904\">\n<p data-start=\"856\" data-end=\"904\"><strong data-start=\"856\" data-end=\"868\">Exemples :<\/strong> \u00c9chantillons gratuits disponibles sur demande<\/p>\n<\/li>\n<li data-start=\"905\" data-end=\"1000\">\n<p data-start=\"907\" data-end=\"1000\"><strong data-start=\"907\" data-end=\"924\">Applications :<\/strong> Gestion des stocks, cha\u00eene d&#039;approvisionnement, vente au d\u00e9tail\u00a0; v\u00eatements, sacs, chaussures<\/p>\n<\/li>\n<\/ul>\n<h2 data-start=\"1002\" data-end=\"1027\">Tableau (Sp\u00e9cifications)<\/h2>\n<div class=\"_tableContainer_1rjym_1\">\n<div class=\"group _tableWrapper_1rjym_13 flex w-fit flex-col-reverse\" tabindex=\"-1\">\n<table class=\"w-fit min-w-(--thread-content-width)\" data-start=\"1029\" data-end=\"2619\">\n<thead data-start=\"1029\" data-end=\"1128\">\n<tr data-start=\"1029\" data-end=\"1128\">\n<th data-start=\"1029\" data-end=\"1051\" data-col-size=\"sm\">Cat\u00e9gorie<\/th>\n<th data-start=\"1051\" data-end=\"1072\" data-col-size=\"sm\">Param\u00e8tre<\/th>\n<th data-start=\"1072\" data-end=\"1128\" data-col-size=\"md\">Valeur<\/th>\n<\/tr>\n<\/thead>\n<tbody data-start=\"1228\" data-end=\"2619\">\n<tr data-start=\"1228\" data-end=\"1326\">\n<td data-start=\"1228\" data-end=\"1249\" data-col-size=\"sm\">Produit<\/td>\n<td data-start=\"1249\" data-end=\"1270\" data-col-size=\"sm\">Nom<\/td>\n<td data-col-size=\"md\" data-start=\"1270\" data-end=\"1326\">\u00c9tiquette d&#039;entretien RFID<\/td>\n<\/tr>\n<tr data-start=\"1327\" data-end=\"1431\">\n<td data-start=\"1327\" data-end=\"1348\" data-col-size=\"sm\">Construction<\/td>\n<td data-col-size=\"sm\" data-start=\"1348\" data-end=\"1369\">Mat\u00e9riels<\/td>\n<td data-col-size=\"md\" data-start=\"1369\" data-end=\"1431\">Polyester \/ Satin \/ Composition \/ Coton \/ Non-tiss\u00e9 \/ PET<\/td>\n<\/tr>\n<tr data-start=\"1432\" data-end=\"1530\">\n<td data-start=\"1432\" data-end=\"1453\" data-col-size=\"sm\">Dimensions<\/td>\n<td data-col-size=\"sm\" data-start=\"1453\" data-end=\"1474\">Tailles standard<\/td>\n<td data-col-size=\"md\" data-start=\"1474\" data-end=\"1530\">80 \u00d7 38 mm ; 60 \u00d7 30 mm ; sur mesure<\/td>\n<\/tr>\n<tr data-start=\"1531\" data-end=\"1629\">\n<td data-start=\"1531\" data-end=\"1552\" data-col-size=\"sm\">RFID<\/td>\n<td data-col-size=\"sm\" data-start=\"1552\" data-end=\"1573\">Taper<\/td>\n<td data-col-size=\"md\" data-start=\"1573\" data-end=\"1629\">UHF passif<\/td>\n<\/tr>\n<tr data-start=\"1630\" data-end=\"1728\">\n<td data-start=\"1630\" data-end=\"1651\" data-col-size=\"sm\"><\/td>\n<td data-col-size=\"sm\" data-start=\"1651\" data-end=\"1672\">Protocole<\/td>\n<td data-col-size=\"md\" data-start=\"1672\" data-end=\"1728\">ISO 18000-6C ; EPC Classe 1 Gen 2<\/td>\n<\/tr>\n<tr data-start=\"1729\" data-end=\"1827\">\n<td data-start=\"1729\" data-end=\"1750\" data-col-size=\"sm\"><\/td>\n<td data-col-size=\"sm\" data-start=\"1750\" data-end=\"1771\">Fr\u00e9quence<\/td>\n<td data-col-size=\"md\" data-start=\"1771\" data-end=\"1827\">860\u2013960 MHz<\/td>\n<\/tr>\n<tr data-start=\"1828\" data-end=\"1926\">\n<td data-start=\"1828\" data-end=\"1849\" data-col-size=\"sm\">Options de circuits int\u00e9gr\u00e9s<\/td>\n<td data-col-size=\"sm\" data-start=\"1849\" data-end=\"1870\">Puces<\/td>\n<td data-col-size=\"md\" data-start=\"1870\" data-end=\"1926\">Impinj Monza R6 \/ R6-P; NXPUCODE 8 \/UCODE 9<\/td>\n<\/tr>\n<tr data-start=\"1927\" data-end=\"2025\">\n<td data-start=\"1927\" data-end=\"1948\" data-col-size=\"sm\">Performance<\/td>\n<td data-col-size=\"sm\" data-start=\"1948\" data-end=\"1969\">Distance de lecture<\/td>\n<td data-col-size=\"md\" data-start=\"1969\" data-end=\"2025\">1 \u00e0 10 m (selon le lecteur et l&#039;antenne)<\/td>\n<\/tr>\n<tr data-start=\"2026\" data-end=\"2124\">\n<td data-start=\"2026\" data-end=\"2047\" data-col-size=\"sm\">Installation<\/td>\n<td data-col-size=\"sm\" data-start=\"2047\" data-end=\"2068\">M\u00e9thode de r\u00e9paration<\/td>\n<td data-col-size=\"md\" data-start=\"2068\" data-end=\"2124\">coudre ou repasser<\/td>\n<\/tr>\n<tr data-start=\"2125\" data-end=\"2223\">\n<td data-start=\"2125\" data-end=\"2146\" data-col-size=\"sm\">Personnalisation<\/td>\n<td data-start=\"2146\" data-end=\"2167\" data-col-size=\"sm\">Impression\/encodage<\/td>\n<td data-col-size=\"md\" data-start=\"2167\" data-end=\"2223\">Impression, num\u00e9ro de s\u00e9rie\/UID, conception, encodage des donn\u00e9es<\/td>\n<\/tr>\n<tr data-start=\"2224\" data-end=\"2322\">\n<td data-start=\"2224\" data-end=\"2245\" data-col-size=\"sm\">Endurance<\/td>\n<td data-start=\"2245\" data-end=\"2266\" data-col-size=\"sm\">Cycles de programmation<\/td>\n<td data-col-size=\"md\" data-start=\"2266\" data-end=\"2322\">100,000<\/td>\n<\/tr>\n<tr data-start=\"2323\" data-end=\"2421\">\n<td data-start=\"2323\" data-end=\"2344\" data-col-size=\"sm\">Donn\u00e9es<\/td>\n<td data-col-size=\"sm\" data-start=\"2344\" data-end=\"2365\">R\u00e9tention<\/td>\n<td data-col-size=\"md\" data-start=\"2365\" data-end=\"2421\">10 ans<\/td>\n<\/tr>\n<tr data-start=\"2422\" data-end=\"2520\">\n<td data-start=\"2422\" data-end=\"2443\" data-col-size=\"sm\">\u00c9chantillonnage<\/td>\n<td data-col-size=\"sm\" data-start=\"2443\" data-end=\"2464\">Disponibilit\u00e9<\/td>\n<td data-col-size=\"md\" data-start=\"2464\" data-end=\"2520\">\u00c9chantillons gratuits disponibles<\/td>\n<\/tr>\n<tr data-start=\"2521\" data-end=\"2619\">\n<td data-start=\"2521\" data-end=\"2542\" data-col-size=\"sm\">Cas d&#039;utilisation<\/td>\n<td data-col-size=\"sm\" data-start=\"2542\" data-end=\"2563\">Applications<\/td>\n<td data-col-size=\"md\" data-start=\"2563\" data-end=\"2619\">Gestion des stocks, cha\u00eene d&#039;approvisionnement, vente au d\u00e9tail ; v\u00eatements\/sacs\/chaussures<\/td>\n<\/tr>\n<\/tbody>\n<\/table>\n<\/div>\n<\/div>","protected":false},"excerpt":{"rendered":"<p>\u00c9tiquettes d&#039;entretien RFID UHF lavables en satin\/polyester pour v\u00eatements - port\u00e9e de lecture de 1 \u00e0 10 m, ISO 18000-6C EPC Gen2, \u00e0 coudre ou \u00e0 repasser, impression et encodage personnalisables.<\/p>","protected":false},"featured_media":816,"template":"","meta":{"_gspb_post_css":""},"product_brand":[],"product_cat":[22],"product_tag":[],"class_list":{"0":"post-815","1":"product","2":"type-product","3":"status-publish","4":"has-post-thumbnail","6":"product_cat-rfid-wash-care-labels","8":"first","9":"instock","10":"shipping-taxable","11":"purchasable","12":"product-type-simple"},"_links":{"self":[{"href":"https:\/\/www.cxjsmartcard.com\/fr\/wp-json\/wp\/v2\/product\/815","targetHints":{"allow":["GET"]}}],"collection":[{"href":"https:\/\/www.cxjsmartcard.com\/fr\/wp-json\/wp\/v2\/product"}],"about":[{"href":"https:\/\/www.cxjsmartcard.com\/fr\/wp-json\/wp\/v2\/types\/product"}],"wp:featuredmedia":[{"embeddable":true,"href":"https:\/\/www.cxjsmartcard.com\/fr\/wp-json\/wp\/v2\/media\/816"}],"wp:attachment":[{"href":"https:\/\/www.cxjsmartcard.com\/fr\/wp-json\/wp\/v2\/media?parent=815"}],"wp:term":[{"taxonomy":"product_brand","embeddable":true,"href":"https:\/\/www.cxjsmartcard.com\/fr\/wp-json\/wp\/v2\/product_brand?post=815"},{"taxonomy":"product_cat","embeddable":true,"href":"https:\/\/www.cxjsmartcard.com\/fr\/wp-json\/wp\/v2\/product_cat?post=815"},{"taxonomy":"product_tag","embeddable":true,"href":"https:\/\/www.cxjsmartcard.com\/fr\/wp-json\/wp\/v2\/product_tag?post=815"}],"curies":[{"name":"wp","href":"https:\/\/api.w.org\/{rel}","templated":true}]}}