{"id":811,"date":"2025-11-03T08:01:29","date_gmt":"2025-11-03T08:01:29","guid":{"rendered":"https:\/\/www.cxjsmartcard.com\/?post_type=product&#038;p=811"},"modified":"2025-12-29T01:27:09","modified_gmt":"2025-12-29T01:27:09","slug":"nylon-woven-uhf-rfid-wash-care-label-tags","status":"publish","type":"product","link":"https:\/\/www.cxjsmartcard.com\/fr\/nylon-woven-uhf-rfid-wash-care-label-tags\/","title":{"rendered":"\u00c9tiquettes de lavage en nylon tiss\u00e9 UHF RFID"},"content":{"rendered":"<p data-start=\"53\" data-end=\"357\">Les \u00e9tiquettes d&#039;entretien UHF tiss\u00e9es en nylon ressemblent aux \u00e9tiquettes en tissu classiques, mais int\u00e8grent une puce EPC Gen2\/UHF pour un suivi rapide et multi-lectures des v\u00eatements. Durables, lavables et cousables, elles simplifient la gestion des stocks, la r\u00e9ception du linge et la visibilit\u00e9 de la cha\u00eene d&#039;approvisionnement.<\/p>\n<p data-start=\"359\" data-end=\"377\"><strong data-start=\"359\" data-end=\"375\">Caract\u00e9ristiques principales<\/strong><\/p>\n<ul data-start=\"378\" data-end=\"955\">\n<li data-start=\"378\" data-end=\"452\">\n<p data-start=\"380\" data-end=\"452\"><strong data-start=\"380\" data-end=\"400\">Performances UHF :<\/strong> 860\u2013960 MHz\u00a0; ISO\/IEC 18000-6C (EPC Classe 1 Gen 2)<\/p>\n<\/li>\n<li data-start=\"453\" data-end=\"516\">\n<p data-start=\"455\" data-end=\"516\"><strong data-start=\"455\" data-end=\"465\">Puces:<\/strong> NXP UCODE 8\/9, Impinj M4QT, MR6-P (personnalisable)<\/p>\n<\/li>\n<li data-start=\"517\" data-end=\"603\">\n<p data-start=\"519\" data-end=\"603\"><strong data-start=\"519\" data-end=\"538\">Profil de m\u00e9moire :<\/strong> EPC 96\u2013128 bits\u00a0; Utilisateur 0\u2013512 bits\u00a0; TID 96 bits\u00a0; R\u00e9serve 64 bits<\/p>\n<\/li>\n<li data-start=\"604\" data-end=\"652\">\n<p data-start=\"606\" data-end=\"652\"><strong data-start=\"606\" data-end=\"621\">Plage de lecture\u00a0:<\/strong> 0\u20138 m (selon l&#039;\u00e9tiquette\/le lecteur)<\/p>\n<\/li>\n<li data-start=\"653\" data-end=\"721\">\n<p data-start=\"655\" data-end=\"721\"><strong data-start=\"655\" data-end=\"672\">Construction:<\/strong> Tissu en nylon ou face en PET\u00a0; formats d\u2019\u00e9tiquettes \u00e0 coudre<\/p>\n<\/li>\n<li data-start=\"722\" data-end=\"797\">\n<p data-start=\"724\" data-end=\"797\"><strong data-start=\"724\" data-end=\"738\">Endurance:<\/strong> R\u00e9inscriptible jusqu&#039;\u00e0 100\u00a0000 fois\u00a0; dur\u00e9e de conservation des donn\u00e9es &gt;\u00a050\u00a0ans<\/p>\n<\/li>\n<li data-start=\"798\" data-end=\"864\">\n<p data-start=\"800\" data-end=\"864\"><strong data-start=\"800\" data-end=\"816\">Tailles des \u00e9tiquettes :<\/strong> Standard ou sur mesure (ex.\u00a0: 64\u00d721 mm, 81\u00d730 mm)<\/p>\n<\/li>\n<li data-start=\"865\" data-end=\"955\">\n<p data-start=\"867\" data-end=\"955\"><strong data-start=\"867\" data-end=\"891\">Impression et encodage\u00a0:<\/strong> Transfert thermique, s\u00e9rigraphie, autres options avec encodage de donn\u00e9es<\/p>\n<\/li>\n<\/ul>\n<p data-start=\"957\" data-end=\"1084\"><strong data-start=\"957\" data-end=\"973\">Applications<\/strong><br data-start=\"973\" data-end=\"976\" \/>Inventaire des v\u00eatements et des chaussures \u2022 Suivi du linge et des textiles \u2022 Contr\u00f4le de la cha\u00eene d&#039;approvisionnement et de la distribution des v\u00eatements.<\/p>\n<p data-start=\"1086\" data-end=\"1224\"><strong data-start=\"1086\" data-end=\"1111\">Options de personnalisation<\/strong><br data-start=\"1111\" data-end=\"1114\" \/>Type de puce, dimensions de l&#039;\u00e9tiquette, mat\u00e9riau de la face (nylon\/PET), graphisme (logo\/texte\/num\u00e9ro de s\u00e9rie\/QR) et encodage complet des donn\u00e9es.<\/p>\n<h2 data-start=\"1226\" data-end=\"1251\">Tableau (Sp\u00e9cifications)<\/h2>\n<div class=\"_tableContainer_1rjym_1\">\n<div class=\"group _tableWrapper_1rjym_13 flex w-fit flex-col-reverse\" tabindex=\"-1\">\n<table class=\"w-fit min-w-(--thread-content-width)\" data-start=\"1253\" data-end=\"3546\">\n<thead data-start=\"1253\" data-end=\"1381\">\n<tr data-start=\"1253\" data-end=\"1381\">\n<th data-start=\"1253\" data-end=\"1275\" data-col-size=\"sm\">Cat\u00e9gorie<\/th>\n<th data-start=\"1275\" data-end=\"1298\" data-col-size=\"sm\">Param\u00e8tre<\/th>\n<th data-start=\"1298\" data-end=\"1381\" data-col-size=\"md\">Valeur<\/th>\n<\/tr>\n<\/thead>\n<tbody data-start=\"1510\" data-end=\"3546\">\n<tr data-start=\"1510\" data-end=\"1636\">\n<td data-start=\"1510\" data-end=\"1531\" data-col-size=\"sm\">Produit<\/td>\n<td data-start=\"1531\" data-end=\"1554\" data-col-size=\"sm\">Nom<\/td>\n<td data-col-size=\"md\" data-start=\"1554\" data-end=\"1636\">\u00c9tiquette d&#039;entretien de lavage RFID UHF<\/td>\n<\/tr>\n<tr data-start=\"1637\" data-end=\"1763\">\n<td data-start=\"1637\" data-end=\"1658\" data-col-size=\"sm\">RF<\/td>\n<td data-start=\"1658\" data-end=\"1681\" data-col-size=\"sm\">Fr\u00e9quence<\/td>\n<td data-col-size=\"md\" data-start=\"1681\" data-end=\"1763\">860\u2013960 MHz<\/td>\n<\/tr>\n<tr data-start=\"1764\" data-end=\"1890\">\n<td data-start=\"1764\" data-end=\"1785\" data-col-size=\"sm\"><\/td>\n<td data-col-size=\"sm\" data-start=\"1785\" data-end=\"1808\">Protocole<\/td>\n<td data-col-size=\"md\" data-start=\"1808\" data-end=\"1890\">ISO\/IEC 18000-6C, EPC Classe 1 Gen 2<\/td>\n<\/tr>\n<tr data-start=\"1891\" data-end=\"2017\">\n<td data-start=\"1891\" data-end=\"1912\" data-col-size=\"sm\">Options de circuits int\u00e9gr\u00e9s<\/td>\n<td data-col-size=\"sm\" data-start=\"1912\" data-end=\"1935\">Puces<\/td>\n<td data-col-size=\"md\" data-start=\"1935\" data-end=\"2017\">NXPUCODE 8\/UCODE 9\u00a0; Impinj M4QT\u00a0; MR6-P<\/td>\n<\/tr>\n<tr data-start=\"2018\" data-end=\"2144\">\n<td data-start=\"2018\" data-end=\"2039\" data-col-size=\"sm\">M\u00e9moire<\/td>\n<td data-col-size=\"sm\" data-start=\"2039\" data-end=\"2062\">EPC \/ Utilisateur \/ TID<\/td>\n<td data-col-size=\"md\" data-start=\"2062\" data-end=\"2144\">96\u2013128 bits \/ 0\u2013512 bits \/ 96 bits<\/td>\n<\/tr>\n<tr data-start=\"2145\" data-end=\"2272\">\n<td data-start=\"2145\" data-end=\"2166\" data-col-size=\"sm\"><\/td>\n<td data-col-size=\"sm\" data-start=\"2166\" data-end=\"2189\">R\u00e9serve<\/td>\n<td data-col-size=\"md\" data-start=\"2189\" data-end=\"2272\">64 bits<\/td>\n<\/tr>\n<tr data-start=\"2273\" data-end=\"2399\">\n<td data-start=\"2273\" data-end=\"2294\" data-col-size=\"sm\">M\u00e9canique<\/td>\n<td data-col-size=\"sm\" data-start=\"2294\" data-end=\"2317\">Mat\u00e9riau de la face<\/td>\n<td data-col-size=\"md\" data-start=\"2317\" data-end=\"2399\">Tissu en nylon, PET ou sur mesure<\/td>\n<\/tr>\n<tr data-start=\"2400\" data-end=\"2526\">\n<td data-start=\"2400\" data-end=\"2421\" data-col-size=\"sm\">Dimensions<\/td>\n<td data-col-size=\"sm\" data-start=\"2421\" data-end=\"2444\">Taille de l&#039;\u00e9tiquette<\/td>\n<td data-col-size=\"md\" data-start=\"2444\" data-end=\"2526\">Standard ou sur mesure (ex.\u00a0: 64\u00d721 mm, 81\u00d730 mm)<\/td>\n<\/tr>\n<tr data-start=\"2527\" data-end=\"2653\">\n<td data-start=\"2527\" data-end=\"2548\" data-col-size=\"sm\">Performance<\/td>\n<td data-col-size=\"sm\" data-start=\"2548\" data-end=\"2571\">Distance de lecture<\/td>\n<td data-col-size=\"md\" data-start=\"2571\" data-end=\"2653\">0\u20138 m (selon le lecteur, l&#039;environnement et le v\u00eatement)<\/td>\n<\/tr>\n<tr data-start=\"2654\" data-end=\"2780\">\n<td data-start=\"2654\" data-end=\"2675\" data-col-size=\"sm\">Cycle de vie<\/td>\n<td data-col-size=\"sm\" data-start=\"2675\" data-end=\"2698\">R\u00e9inscriptible\/Conservation<\/td>\n<td data-col-size=\"md\" data-start=\"2698\" data-end=\"2780\">Jusqu&#039;\u00e0 100\u00a0000 \u00e9critures\u00a0; conservation des donn\u00e9es sup\u00e9rieure \u00e0 50 ans<\/td>\n<\/tr>\n<tr data-start=\"2781\" data-end=\"2908\">\n<td data-start=\"2781\" data-end=\"2802\" data-col-size=\"sm\">Environnement<\/td>\n<td data-col-size=\"sm\" data-start=\"2802\" data-end=\"2825\">Temp\u00e9rature de fonctionnement\/HR<\/td>\n<td data-col-size=\"md\" data-start=\"2825\" data-end=\"2908\">0\u201360 \u00b0C \/ 20\u201380% HR<\/td>\n<\/tr>\n<tr data-start=\"2909\" data-end=\"3036\">\n<td data-start=\"2909\" data-end=\"2930\" data-col-size=\"sm\"><\/td>\n<td data-col-size=\"sm\" data-start=\"2930\" data-end=\"2953\">Temp\u00e9rature\/humidit\u00e9 relative de stockage<\/td>\n<td data-col-size=\"md\" data-start=\"2953\" data-end=\"3036\">20\u201330 \u00b0C \/ 20\u201360% HR<\/td>\n<\/tr>\n<tr data-start=\"3037\" data-end=\"3163\">\n<td data-start=\"3037\" data-end=\"3058\" data-col-size=\"sm\">Production<\/td>\n<td data-start=\"3058\" data-end=\"3081\" data-col-size=\"sm\">M\u00e9thodes d&#039;impression<\/td>\n<td data-col-size=\"md\" data-start=\"3081\" data-end=\"3163\">Transfert thermique, s\u00e9rigraphie, autres<\/td>\n<\/tr>\n<tr data-start=\"3164\" data-end=\"3291\">\n<td data-start=\"3164\" data-end=\"3185\" data-col-size=\"sm\">Int\u00e9gration<\/td>\n<td data-col-size=\"sm\" data-start=\"3185\" data-end=\"3208\">Pi\u00e8ce jointe<\/td>\n<td data-col-size=\"md\" data-start=\"3208\" data-end=\"3291\">Coudre sur des v\u00eatements<\/td>\n<\/tr>\n<tr data-start=\"3292\" data-end=\"3418\">\n<td data-start=\"3292\" data-end=\"3313\" data-col-size=\"sm\">Avantages<\/td>\n<td data-col-size=\"sm\" data-start=\"3313\" data-end=\"3336\">Points forts<\/td>\n<td data-col-size=\"md\" data-start=\"3336\" data-end=\"3418\">Lecture multiple rapide, lavable et durable, tra\u00e7abilit\u00e9 et gestion des stocks<\/td>\n<\/tr>\n<tr data-start=\"3419\" data-end=\"3546\">\n<td data-start=\"3419\" data-end=\"3440\" data-col-size=\"sm\">Cas d&#039;utilisation<\/td>\n<td data-col-size=\"sm\" data-start=\"3440\" data-end=\"3463\">Applications<\/td>\n<td data-col-size=\"md\" data-start=\"3463\" data-end=\"3546\">Gestion des v\u00eatements et des chaussures ; suivi du linge et des textiles ; contr\u00f4le de la cha\u00eene d&#039;approvisionnement<\/td>\n<\/tr>\n<\/tbody>\n<\/table>\n<\/div>\n<\/div>","protected":false},"excerpt":{"rendered":"<p>\u00c9tiquettes de lavage RFID UHF durables et cousables en nylon ou PET \u2014 EPC Gen2, lectures de 0 \u00e0 8 m, jusqu&#039;\u00e0 100\u00a0000 r\u00e9\u00e9critures et une dur\u00e9e de conservation de plus de 50 ans pour le suivi des v\u00eatements, du linge et de la cha\u00eene d&#039;approvisionnement.<\/p>","protected":false},"featured_media":812,"template":"","meta":{"_gspb_post_css":""},"product_brand":[],"product_cat":[22],"product_tag":[],"class_list":{"0":"post-811","1":"product","2":"type-product","3":"status-publish","4":"has-post-thumbnail","6":"product_cat-rfid-wash-care-labels","8":"first","9":"instock","10":"shipping-taxable","11":"purchasable","12":"product-type-simple"},"_links":{"self":[{"href":"https:\/\/www.cxjsmartcard.com\/fr\/wp-json\/wp\/v2\/product\/811","targetHints":{"allow":["GET"]}}],"collection":[{"href":"https:\/\/www.cxjsmartcard.com\/fr\/wp-json\/wp\/v2\/product"}],"about":[{"href":"https:\/\/www.cxjsmartcard.com\/fr\/wp-json\/wp\/v2\/types\/product"}],"wp:featuredmedia":[{"embeddable":true,"href":"https:\/\/www.cxjsmartcard.com\/fr\/wp-json\/wp\/v2\/media\/812"}],"wp:attachment":[{"href":"https:\/\/www.cxjsmartcard.com\/fr\/wp-json\/wp\/v2\/media?parent=811"}],"wp:term":[{"taxonomy":"product_brand","embeddable":true,"href":"https:\/\/www.cxjsmartcard.com\/fr\/wp-json\/wp\/v2\/product_brand?post=811"},{"taxonomy":"product_cat","embeddable":true,"href":"https:\/\/www.cxjsmartcard.com\/fr\/wp-json\/wp\/v2\/product_cat?post=811"},{"taxonomy":"product_tag","embeddable":true,"href":"https:\/\/www.cxjsmartcard.com\/fr\/wp-json\/wp\/v2\/product_tag?post=811"}],"curies":[{"name":"wp","href":"https:\/\/api.w.org\/{rel}","templated":true}]}}