{"id":806,"date":"2025-11-03T07:59:45","date_gmt":"2025-11-03T07:59:45","guid":{"rendered":"https:\/\/www.cxjsmartcard.com\/?post_type=product&#038;p=806"},"modified":"2025-12-29T01:27:09","modified_gmt":"2025-12-29T01:27:09","slug":"custom-clothing-uhf-wash-care-labels-for-retail-apparel","status":"publish","type":"product","link":"https:\/\/www.cxjsmartcard.com\/fr\/custom-clothing-uhf-wash-care-labels-for-retail-apparel\/","title":{"rendered":"\u00c9tiquettes personnalis\u00e9es d&#039;entretien UHF pour v\u00eatements de d\u00e9tail"},"content":{"rendered":"<p data-start=\"67\" data-end=\"422\">Les \u00e9tiquettes d&#039;entretien UHF ressemblent aux \u00e9tiquettes textiles classiques, mais int\u00e8grent une puce RFID pour un suivi rapide et pr\u00e9cis des v\u00eatements. Souples et confortables \u00e0 porter, elles permettent un scan rapide par lots lors des contr\u00f4les d&#039;inventaire, de la r\u00e9ception du linge et de la distribution, ce qui repr\u00e9sente un gain de temps et une r\u00e9duction des pertes.<\/p>\n<p data-start=\"424\" data-end=\"442\"><strong data-start=\"424\" data-end=\"440\">Pourquoi \u00e7a marche<\/strong><\/p>\n<ul data-start=\"443\" data-end=\"811\">\n<li data-start=\"443\" data-end=\"525\">\n<p data-start=\"445\" data-end=\"525\"><strong data-start=\"445\" data-end=\"465\">Port\u00e9e de lecture longue\u00a0:<\/strong> Jusqu&#039;\u00e0 environ 6 m sur les syst\u00e8mes UHF standard pour des num\u00e9risations par lots rapides.<\/p>\n<\/li>\n<li data-start=\"526\" data-end=\"609\">\n<p data-start=\"528\" data-end=\"609\"><strong data-start=\"528\" data-end=\"557\">Petit, souple et r\u00e9sistant :<\/strong> R\u00e9sister aux lavages industriels et aux hautes temp\u00e9ratures.<\/p>\n<\/li>\n<li data-start=\"610\" data-end=\"710\">\n<p data-start=\"612\" data-end=\"710\"><strong data-start=\"612\" data-end=\"635\">Conforme aux normes :<\/strong> Compatible avec les lecteurs UHF et les intergiciels courants utilis\u00e9s dans le commerce de d\u00e9tail et les blanchisseries.<\/p>\n<\/li>\n<li data-start=\"711\" data-end=\"811\">\n<p data-start=\"713\" data-end=\"811\"><strong data-start=\"713\" data-end=\"736\">Des op\u00e9rations plus intelligentes\u00a0:<\/strong> Am\u00e9liore la visibilit\u00e9 des stocks, r\u00e9duit les pertes et acc\u00e9l\u00e8re les inventaires cycliques.<\/p>\n<\/li>\n<\/ul>\n<p data-start=\"813\" data-end=\"936\"><strong data-start=\"813\" data-end=\"826\">Cas d&#039;utilisation<\/strong><br data-start=\"826\" data-end=\"829\" \/>Audits des stocks de d\u00e9tail \u2022 Suivi des uniformes et du linge \u2022 Blanchisserie pour h\u00f4tels et h\u00f4pitaux \u2022 V\u00eatements et v\u00eatements de travail de location.<\/p>\n<p data-start=\"938\" data-end=\"1113\"><strong data-start=\"938\" data-end=\"961\">Options et finitions<\/strong><br data-start=\"961\" data-end=\"964\" \/>Construction \u00e0 pli central ou \u00e0 pli lat\u00e9ral\u00a0; d\u00e9coupe des bords \u00e0 chaud, au laser ou par ultrasons. Logo, format, couleur et mat\u00e9riau de base personnalis\u00e9s selon les normes de la marque.<\/p>\n<p data-start=\"1115\" data-end=\"1453\"><strong data-start=\"1115\" data-end=\"1123\">FAQ<\/strong><br data-start=\"1123\" data-end=\"1126\" \/><strong data-start=\"1126\" data-end=\"1161\">Q1 : Ces articles sont-ils lavables en machine ?<\/strong> Oui, con\u00e7u pour plus de 200 cycles de lavage\/s\u00e9chage.<br data-start=\"1202\" data-end=\"1205\" \/><strong data-start=\"1205\" data-end=\"1246\">Q2\u00a0: Fonctionneront-ils dans mon syst\u00e8me RFID\u00a0?<\/strong> Oui, compatible avec les principales plateformes UHF.<br data-start=\"1291\" data-end=\"1294\" \/><strong data-start=\"1294\" data-end=\"1323\">Q3 : Proposez-vous des \u00e9chantillons ?<\/strong> Oui \u2014 \u00e9chantillons gratuits, d\u00e9lai de livraison habituel de 7 jours.<br data-start=\"1366\" data-end=\"1369\" \/><strong data-start=\"1369\" data-end=\"1399\">Q4 : Comment sont-ils fix\u00e9s ?<\/strong> Coudre comme une \u00e9tiquette d&#039;entretien normale (pli central ou d&#039;extr\u00e9mit\u00e9).<\/p>\n<h2 data-start=\"1455\" data-end=\"1480\">Tableau (Sp\u00e9cifications)<\/h2>\n<div class=\"_tableContainer_1rjym_1\">\n<div class=\"group _tableWrapper_1rjym_13 flex w-fit flex-col-reverse\" tabindex=\"-1\">\n<table class=\"w-fit min-w-(--thread-content-width)\" data-start=\"1482\" data-end=\"2735\">\n<thead data-start=\"1482\" data-end=\"1564\">\n<tr data-start=\"1482\" data-end=\"1564\">\n<th data-start=\"1482\" data-end=\"1501\" data-col-size=\"sm\">Cat\u00e9gorie<\/th>\n<th data-start=\"1501\" data-end=\"1524\" data-col-size=\"sm\">Param\u00e8tre<\/th>\n<th data-start=\"1524\" data-end=\"1564\" data-col-size=\"md\">Valeur<\/th>\n<\/tr>\n<\/thead>\n<tbody data-start=\"1648\" data-end=\"2735\">\n<tr data-start=\"1648\" data-end=\"1730\">\n<td data-start=\"1648\" data-end=\"1667\" data-col-size=\"sm\">Produit<\/td>\n<td data-col-size=\"sm\" data-start=\"1667\" data-end=\"1690\">Taper<\/td>\n<td data-col-size=\"md\" data-start=\"1690\" data-end=\"1730\">\u00c9tiquette RFID UHF pour l&#039;entretien du lavage<\/td>\n<\/tr>\n<tr data-start=\"1731\" data-end=\"1813\">\n<td data-start=\"1731\" data-end=\"1750\" data-col-size=\"sm\">RF<\/td>\n<td data-col-size=\"sm\" data-start=\"1750\" data-end=\"1773\">Fr\u00e9quence<\/td>\n<td data-col-size=\"md\" data-start=\"1773\" data-end=\"1813\">860\u2013960 MHz<\/td>\n<\/tr>\n<tr data-start=\"1814\" data-end=\"1896\">\n<td data-start=\"1814\" data-end=\"1833\" data-col-size=\"sm\">\u00c9br\u00e9cher<\/td>\n<td data-col-size=\"sm\" data-start=\"1833\" data-end=\"1856\">Options<\/td>\n<td data-col-size=\"md\" data-start=\"1856\" data-end=\"1896\">U8 \/ U9 \/ Personnalis\u00e9<\/td>\n<\/tr>\n<tr data-start=\"1897\" data-end=\"1979\">\n<td data-start=\"1897\" data-end=\"1916\" data-col-size=\"sm\">Performance<\/td>\n<td data-start=\"1916\" data-end=\"1939\" data-col-size=\"sm\">Plage de lecture<\/td>\n<td data-col-size=\"md\" data-start=\"1939\" data-end=\"1979\">Jusqu&#039;\u00e0 6 m\u00e8tres<\/td>\n<\/tr>\n<tr data-start=\"1980\" data-end=\"2062\">\n<td data-start=\"1980\" data-end=\"1999\" data-col-size=\"sm\">Caract\u00e9ristiques sp\u00e9ciales<\/td>\n<td data-col-size=\"sm\" data-start=\"1999\" data-end=\"2022\">Durabilit\u00e9<\/td>\n<td data-col-size=\"md\" data-start=\"2022\" data-end=\"2062\">Lavable ; r\u00e9sistant aux hautes temp\u00e9ratures<\/td>\n<\/tr>\n<tr data-start=\"2063\" data-end=\"2153\">\n<td data-start=\"2063\" data-end=\"2082\" data-col-size=\"sm\">Applications<\/td>\n<td data-col-size=\"sm\" data-start=\"2082\" data-end=\"2105\">Zones<\/td>\n<td data-col-size=\"md\" data-start=\"2105\" data-end=\"2153\">V\u00eatements, uniformes, linge de maison ; vente au d\u00e9tail et blanchisserie<\/td>\n<\/tr>\n<tr data-start=\"2154\" data-end=\"2236\">\n<td data-start=\"2154\" data-end=\"2173\" data-col-size=\"sm\">Fonctions<\/td>\n<td data-col-size=\"sm\" data-start=\"2173\" data-end=\"2196\">But<\/td>\n<td data-col-size=\"md\" data-start=\"2196\" data-end=\"2236\">Gestion des actifs et des stocks<\/td>\n<\/tr>\n<tr data-start=\"2237\" data-end=\"2319\">\n<td data-start=\"2237\" data-end=\"2256\" data-col-size=\"sm\">Construction<\/td>\n<td data-col-size=\"sm\" data-start=\"2256\" data-end=\"2279\">Type de pliage<\/td>\n<td data-col-size=\"md\" data-start=\"2279\" data-end=\"2319\">Pli central \/ Pli d&#039;extr\u00e9mit\u00e9<\/td>\n<\/tr>\n<tr data-start=\"2320\" data-end=\"2403\">\n<td data-start=\"2320\" data-end=\"2339\" data-col-size=\"sm\">Finition<\/td>\n<td data-col-size=\"sm\" data-start=\"2339\" data-end=\"2362\">Finition des bords<\/td>\n<td data-col-size=\"md\" data-start=\"2362\" data-end=\"2403\">D\u00e9coupe \u00e0 chaud \/ D\u00e9coupe laser \/ D\u00e9coupe par ultrasons<\/td>\n<\/tr>\n<tr data-start=\"2404\" data-end=\"2486\">\n<td data-start=\"2404\" data-end=\"2423\" data-col-size=\"sm\">Image de marque<\/td>\n<td data-col-size=\"sm\" data-start=\"2423\" data-end=\"2446\">Personnalisation<\/td>\n<td data-col-size=\"md\" data-start=\"2446\" data-end=\"2486\">Logo, taille, couleur, mati\u00e8re<\/td>\n<\/tr>\n<tr data-start=\"2487\" data-end=\"2569\">\n<td data-start=\"2487\" data-end=\"2506\" data-col-size=\"sm\">Origine<\/td>\n<td data-col-size=\"sm\" data-start=\"2506\" data-end=\"2529\">Emplacement<\/td>\n<td data-col-size=\"md\" data-start=\"2529\" data-end=\"2569\">Guangdong, Chine<\/td>\n<\/tr>\n<tr data-start=\"2570\" data-end=\"2652\">\n<td data-start=\"2570\" data-end=\"2589\" data-col-size=\"sm\">D\u00e9lais de livraison<\/td>\n<td data-start=\"2589\" data-end=\"2612\" data-col-size=\"sm\">D\u00e9lai de livraison<\/td>\n<td data-col-size=\"md\" data-start=\"2612\" data-end=\"2652\">5 \u00e0 8 jours<\/td>\n<\/tr>\n<tr data-start=\"2653\" data-end=\"2735\">\n<td data-start=\"2653\" data-end=\"2672\" data-col-size=\"sm\">\u00c9chantillonnage<\/td>\n<td data-col-size=\"sm\" data-start=\"2672\" data-end=\"2695\">D\u00e9lai d&#039;\u00e9chantillonnage<\/td>\n<td data-col-size=\"md\" data-start=\"2695\" data-end=\"2735\">7 jours\u00a0; \u00e9chantillons gratuits disponibles<\/td>\n<\/tr>\n<\/tbody>\n<\/table>\n<\/div>\n<\/div>","protected":false},"excerpt":{"rendered":"<p>\u00c9tiquettes d&#039;entretien souples UHF avec RFID int\u00e9gr\u00e9e pour une lecture rapide par lots \u2014 lavables, r\u00e9sistantes \u00e0 la chaleur et pr\u00eates \u00e0 \u00eatre personnalis\u00e9es pour les v\u00eatements, les uniformes et le linge de maison.<\/p>","protected":false},"featured_media":810,"template":"","meta":{"_gspb_post_css":""},"product_brand":[],"product_cat":[22],"product_tag":[],"class_list":{"0":"post-806","1":"product","2":"type-product","3":"status-publish","4":"has-post-thumbnail","6":"product_cat-rfid-wash-care-labels","8":"first","9":"instock","10":"shipping-taxable","11":"purchasable","12":"product-type-simple"},"_links":{"self":[{"href":"https:\/\/www.cxjsmartcard.com\/fr\/wp-json\/wp\/v2\/product\/806","targetHints":{"allow":["GET"]}}],"collection":[{"href":"https:\/\/www.cxjsmartcard.com\/fr\/wp-json\/wp\/v2\/product"}],"about":[{"href":"https:\/\/www.cxjsmartcard.com\/fr\/wp-json\/wp\/v2\/types\/product"}],"wp:featuredmedia":[{"embeddable":true,"href":"https:\/\/www.cxjsmartcard.com\/fr\/wp-json\/wp\/v2\/media\/810"}],"wp:attachment":[{"href":"https:\/\/www.cxjsmartcard.com\/fr\/wp-json\/wp\/v2\/media?parent=806"}],"wp:term":[{"taxonomy":"product_brand","embeddable":true,"href":"https:\/\/www.cxjsmartcard.com\/fr\/wp-json\/wp\/v2\/product_brand?post=806"},{"taxonomy":"product_cat","embeddable":true,"href":"https:\/\/www.cxjsmartcard.com\/fr\/wp-json\/wp\/v2\/product_cat?post=806"},{"taxonomy":"product_tag","embeddable":true,"href":"https:\/\/www.cxjsmartcard.com\/fr\/wp-json\/wp\/v2\/product_tag?post=806"}],"curies":[{"name":"wp","href":"https:\/\/api.w.org\/{rel}","templated":true}]}}