{"id":801,"date":"2025-11-03T07:55:36","date_gmt":"2025-11-03T07:55:36","guid":{"rendered":"https:\/\/www.cxjsmartcard.com\/?post_type=product&#038;p=801"},"modified":"2025-12-29T01:27:09","modified_gmt":"2025-12-29T01:27:09","slug":"printable-fabric-ntag213-nfc-elastic-rfid-bracelet","status":"publish","type":"product","link":"https:\/\/www.cxjsmartcard.com\/fr\/printable-fabric-ntag213-nfc-elastic-rfid-bracelet\/","title":{"rendered":"Bracelet RFID \u00e9lastique NFC NTAG213 en tissu imprimable"},"content":{"rendered":"<p data-start=\"63\" data-end=\"246\">Bracelet en tissu \u00e9lastique avec puce NTAG213 (HF 13,56 MHz) pour le contr\u00f4le d&#039;acc\u00e8s et les paiements sans esp\u00e8ces lors d&#039;\u00e9v\u00e9nements. Ce bracelet est \u00e9tanche, r\u00e9utilisable et confortable, m\u00eame en cas de port prolong\u00e9.<\/p>\n<p data-start=\"248\" data-end=\"262\"><strong data-start=\"248\" data-end=\"260\">Caract\u00e9ristiques<\/strong><\/p>\n<ul data-start=\"263\" data-end=\"444\">\n<li data-start=\"263\" data-end=\"289\">\n<p data-start=\"265\" data-end=\"289\">R\u00e9sistant et imperm\u00e9able<\/p>\n<\/li>\n<li data-start=\"290\" data-end=\"343\">\n<p data-start=\"292\" data-end=\"343\">Coupe \u00e9lastique ; ajustable pour diff\u00e9rentes tailles de poignet<\/p>\n<\/li>\n<li data-start=\"344\" data-end=\"396\">\n<p data-start=\"346\" data-end=\"396\">R\u00e9utilisable ; doux et confortable pour les longues s\u00e9ances<\/p>\n<\/li>\n<li data-start=\"397\" data-end=\"444\">\n<p data-start=\"399\" data-end=\"444\">Zone imprimable pour cartes\/\u00e9cussons d&#039;identification ou logos<\/p>\n<\/li>\n<\/ul>\n<p data-start=\"446\" data-end=\"627\"><strong data-start=\"446\" data-end=\"463\">Personnalisation<\/strong><br data-start=\"463\" data-end=\"466\" \/>Couleurs, logos, num\u00e9ros de s\u00e9rie, codes QR et d\u00e9tails de l&#039;\u00e9v\u00e9nement. Techniques prises en charge\u00a0: tissage, impression par transfert thermique, s\u00e9rigraphie\u00a0; gravure laser ou impression UV en option.<\/p>\n<p data-start=\"629\" data-end=\"755\"><strong data-start=\"629\" data-end=\"645\">Applications<\/strong><br data-start=\"645\" data-end=\"648\" \/>Complexes h\u00f4teliers, bars, f\u00eates, expositions, conf\u00e9rences, \u00e9v\u00e9nements sportifs, concerts, lieux de rencontre et bo\u00eetes de nuit.<\/p>\n<h2 data-start=\"757\" data-end=\"782\">Tableau (Sp\u00e9cifications)<\/h2>\n<div class=\"_tableContainer_1rjym_1\">\n<div class=\"group _tableWrapper_1rjym_13 flex w-fit flex-col-reverse\" tabindex=\"-1\">\n<table class=\"w-fit min-w-(--thread-content-width)\" data-start=\"784\" data-end=\"2223\">\n<thead data-start=\"784\" data-end=\"903\">\n<tr data-start=\"784\" data-end=\"903\">\n<th data-start=\"784\" data-end=\"802\" data-col-size=\"sm\">Cat\u00e9gorie<\/th>\n<th data-start=\"802\" data-end=\"830\" data-col-size=\"sm\">Param\u00e8tre<\/th>\n<th data-start=\"830\" data-end=\"903\" data-col-size=\"md\">Valeur<\/th>\n<\/tr>\n<\/thead>\n<tbody data-start=\"1024\" data-end=\"2223\">\n<tr data-start=\"1024\" data-end=\"1143\">\n<td data-start=\"1024\" data-end=\"1042\" data-col-size=\"sm\">Produit<\/td>\n<td data-start=\"1042\" data-end=\"1070\" data-col-size=\"sm\">Nom<\/td>\n<td data-col-size=\"md\" data-start=\"1070\" data-end=\"1143\">Bracelet RFID \u00e9lastique NFC NTAG 213 en tissu imprimable<\/td>\n<\/tr>\n<tr data-start=\"1144\" data-end=\"1263\">\n<td data-start=\"1144\" data-end=\"1162\" data-col-size=\"sm\">Caract\u00e9ristiques<\/td>\n<td data-start=\"1162\" data-end=\"1190\" data-col-size=\"sm\">Attributs<\/td>\n<td data-col-size=\"md\" data-start=\"1190\" data-end=\"1263\">Imperm\u00e9able, r\u00e9utilisable, doux, confortable<\/td>\n<\/tr>\n<tr data-start=\"1264\" data-end=\"1383\">\n<td data-start=\"1264\" data-end=\"1282\" data-col-size=\"sm\">Dimensions<\/td>\n<td data-col-size=\"sm\" data-start=\"1282\" data-end=\"1310\">Options de largeur<\/td>\n<td data-col-size=\"md\" data-start=\"1310\" data-end=\"1383\">15 mm \/ 20 mm \/ 25 mm<\/td>\n<\/tr>\n<tr data-start=\"1384\" data-end=\"1503\">\n<td data-start=\"1384\" data-end=\"1402\" data-col-size=\"sm\"><\/td>\n<td data-col-size=\"sm\" data-start=\"1402\" data-end=\"1430\">Gamme de longueur<\/td>\n<td data-col-size=\"md\" data-start=\"1430\" data-end=\"1503\">145\u2013210 mm (personnalisable)<\/td>\n<\/tr>\n<tr data-start=\"1504\" data-end=\"1623\">\n<td data-start=\"1504\" data-end=\"1522\" data-col-size=\"sm\"><\/td>\n<td data-col-size=\"sm\" data-start=\"1522\" data-end=\"1550\">Tailles recommand\u00e9es<\/td>\n<td data-col-size=\"md\" data-start=\"1550\" data-end=\"1623\">25\u00d7145 mm (enfants) \u2022 25\u00d7160 mm (jeunes) \u2022 25\u00d7180 mm (adultes)<\/td>\n<\/tr>\n<tr data-start=\"1624\" data-end=\"1743\">\n<td data-start=\"1624\" data-end=\"1642\" data-col-size=\"sm\">Personnalisation<\/td>\n<td data-col-size=\"sm\" data-start=\"1642\" data-end=\"1670\">Options personnalis\u00e9es<\/td>\n<td data-col-size=\"md\" data-start=\"1670\" data-end=\"1743\">Logo, impression, taille<\/td>\n<\/tr>\n<tr data-start=\"1744\" data-end=\"1863\">\n<td data-start=\"1744\" data-end=\"1762\" data-col-size=\"sm\">artisanat<\/td>\n<td data-col-size=\"sm\" data-start=\"1762\" data-end=\"1790\">M\u00e9thodes<\/td>\n<td data-col-size=\"md\" data-start=\"1790\" data-end=\"1863\">Tissage, impression par transfert thermique, s\u00e9rigraphie<\/td>\n<\/tr>\n<tr data-start=\"1864\" data-end=\"1983\">\n<td data-start=\"1864\" data-end=\"1882\" data-col-size=\"sm\">RFID<\/td>\n<td data-col-size=\"sm\" data-start=\"1882\" data-end=\"1910\">Puce HF<\/td>\n<td data-col-size=\"md\" data-start=\"1910\" data-end=\"1983\">NTAG213 (NFC 13,56 MHz)<\/td>\n<\/tr>\n<tr data-start=\"1984\" data-end=\"2103\">\n<td data-start=\"1984\" data-end=\"2002\" data-col-size=\"sm\"><\/td>\n<td data-col-size=\"sm\" data-start=\"2002\" data-end=\"2030\">Autres options de puces<\/td>\n<td data-col-size=\"md\" data-start=\"2030\" data-end=\"2103\">LF 125 kHz et options HF suppl\u00e9mentaires sur demande<\/td>\n<\/tr>\n<tr data-start=\"2104\" data-end=\"2223\">\n<td data-start=\"2104\" data-end=\"2122\" data-col-size=\"sm\">Cas d&#039;utilisation<\/td>\n<td data-col-size=\"sm\" data-start=\"2122\" data-end=\"2150\">Applications typiques<\/td>\n<td data-col-size=\"md\" data-start=\"2150\" data-end=\"2223\">Contr\u00f4le d&#039;acc\u00e8s, paiement sans esp\u00e8ces, identification des participants lors des \u00e9v\u00e9nements et dans les lieux de spectacle<\/td>\n<\/tr>\n<\/tbody>\n<\/table>\n<\/div>\n<\/div>","protected":false},"excerpt":{"rendered":"<p>Bracelet NFC \u00e9lastique et imprimable avec NTAG213\u00a0: \u00e9tanche, r\u00e9utilisable et confortable. Largeurs\u00a0: 15\/20\/25\u00a0mm, longueur\u00a0: 145\u2013210\u00a0mm, avec couleurs, logos et codes QR\/num\u00e9ros de s\u00e9rie personnalisables.<\/p>","protected":false},"featured_media":802,"template":"","meta":{"_gspb_post_css":""},"product_brand":[],"product_cat":[21],"product_tag":[],"class_list":{"0":"post-801","1":"product","2":"type-product","3":"status-publish","4":"has-post-thumbnail","6":"product_cat-rfid-nfc-bracelets","8":"first","9":"instock","10":"shipping-taxable","11":"purchasable","12":"product-type-simple"},"_links":{"self":[{"href":"https:\/\/www.cxjsmartcard.com\/fr\/wp-json\/wp\/v2\/product\/801","targetHints":{"allow":["GET"]}}],"collection":[{"href":"https:\/\/www.cxjsmartcard.com\/fr\/wp-json\/wp\/v2\/product"}],"about":[{"href":"https:\/\/www.cxjsmartcard.com\/fr\/wp-json\/wp\/v2\/types\/product"}],"wp:featuredmedia":[{"embeddable":true,"href":"https:\/\/www.cxjsmartcard.com\/fr\/wp-json\/wp\/v2\/media\/802"}],"wp:attachment":[{"href":"https:\/\/www.cxjsmartcard.com\/fr\/wp-json\/wp\/v2\/media?parent=801"}],"wp:term":[{"taxonomy":"product_brand","embeddable":true,"href":"https:\/\/www.cxjsmartcard.com\/fr\/wp-json\/wp\/v2\/product_brand?post=801"},{"taxonomy":"product_cat","embeddable":true,"href":"https:\/\/www.cxjsmartcard.com\/fr\/wp-json\/wp\/v2\/product_cat?post=801"},{"taxonomy":"product_tag","embeddable":true,"href":"https:\/\/www.cxjsmartcard.com\/fr\/wp-json\/wp\/v2\/product_tag?post=801"}],"curies":[{"name":"wp","href":"https:\/\/api.w.org\/{rel}","templated":true}]}}