{"id":796,"date":"2025-11-03T07:51:07","date_gmt":"2025-11-03T07:51:07","guid":{"rendered":"https:\/\/www.cxjsmartcard.com\/?post_type=product&#038;p=796"},"modified":"2025-12-29T01:27:09","modified_gmt":"2025-12-29T01:27:09","slug":"paper-tyvek-rfid-bracelets-nfc-wristband-for-concert-festival","status":"publish","type":"product","link":"https:\/\/www.cxjsmartcard.com\/fr\/paper-tyvek-rfid-bracelets-nfc-wristband-for-concert-festival\/","title":{"rendered":"Bracelets RFID en papier Tyvek NFC pour concerts et festivals"},"content":{"rendered":"<p data-start=\"73\" data-end=\"388\">Les bracelets en papier Tyvek RFID NFC associent le mat\u00e9riau \u00e9cologique Tyvek\u00ae \u00e0 des puces RFID\/NFC int\u00e9gr\u00e9es pour simplifier l&#039;entr\u00e9e, le contr\u00f4le d&#039;acc\u00e8s et les paiements sans esp\u00e8ces lors de concerts, festivals et grands \u00e9v\u00e9nements. L\u00e9gers, r\u00e9sistants et hautement personnalisables, ils permettent un enregistrement rapide et une identification s\u00e9curis\u00e9e.<\/p>\n<p data-start=\"390\" data-end=\"459\"><strong data-start=\"390\" data-end=\"402\">Mat\u00e9riel<\/strong><br data-start=\"402\" data-end=\"405\" \/>Papier Tyvek\u00ae (l\u00e9ger, durable et \u00e9cologique).<\/p>\n<p data-start=\"461\" data-end=\"479\"><strong data-start=\"461\" data-end=\"477\">Caract\u00e9ristiques principales<\/strong><\/p>\n<ul data-start=\"480\" data-end=\"953\">\n<li data-start=\"480\" data-end=\"544\">\n<p data-start=\"482\" data-end=\"544\"><strong data-start=\"482\" data-end=\"492\">Tailles :<\/strong> 250 \u00d7 25 mm ; 250 \u00d7 20 mm (dimensions personnalis\u00e9es disponibles)<\/p>\n<\/li>\n<li data-start=\"545\" data-end=\"588\">\n<p data-start=\"547\" data-end=\"588\"><strong data-start=\"547\" data-end=\"558\">Couleurs:<\/strong> Correspondance des couleurs CMJN\/Pantone<\/p>\n<\/li>\n<li data-start=\"589\" data-end=\"703\">\n<p data-start=\"591\" data-end=\"703\"><strong data-start=\"591\" data-end=\"604\">Impression:<\/strong> Impression en couleur pour logos, images, textes, codes-barres, codes QR, num\u00e9ros de s\u00e9rie ou couleurs unies<\/p>\n<\/li>\n<li data-start=\"704\" data-end=\"744\">\n<p data-start=\"706\" data-end=\"744\"><strong data-start=\"706\" data-end=\"718\">Fermeture:<\/strong> Conception de fermeture r\u00e9utilisable<\/p>\n<\/li>\n<li data-start=\"745\" data-end=\"765\">\n<p data-start=\"747\" data-end=\"765\"><strong data-start=\"747\" data-end=\"755\">MOQ\u00a0:<\/strong> 500 pi\u00e8ces<\/p>\n<\/li>\n<li data-start=\"766\" data-end=\"953\">\n<p data-start=\"768\" data-end=\"790\"><strong data-start=\"768\" data-end=\"788\">Puces disponibles :<\/strong><\/p>\n<ul data-start=\"793\" data-end=\"953\">\n<li data-start=\"793\" data-end=\"824\">\n<p data-start=\"795\" data-end=\"824\">NTAG\u00ae 203 \/ 213 \/ 215 \/ 216<\/p>\n<\/li>\n<li data-start=\"827\" data-end=\"854\">\n<p data-start=\"829\" data-end=\"854\">MIFARE Classic\u00ae 1K \/ 4K<\/p>\n<\/li>\n<li data-start=\"857\" data-end=\"886\">\n<p data-start=\"859\" data-end=\"886\">MIFARE Plus\u00ae 1K \/ 2K \/ 4K<\/p>\n<\/li>\n<li data-start=\"889\" data-end=\"919\">\n<p data-start=\"891\" data-end=\"919\">MIFARE Ultralight\u00ae EV1 \/ C<\/p>\n<\/li>\n<li data-start=\"922\" data-end=\"953\">\n<p data-start=\"924\" data-end=\"953\">MIFARE\u00ae DESFire\u00ae 2K \/ 4K \/ 8K<\/p>\n<\/li>\n<\/ul>\n<\/li>\n<\/ul>\n<p data-start=\"955\" data-end=\"1168\"><strong data-start=\"955\" data-end=\"971\">Applications<\/strong><br data-start=\"971\" data-end=\"974\" \/>\u00c9v\u00e9nements et festivals ; concerts ; expositions ; parcs d&#039;attractions et aquatiques ; sports (marathons et comp\u00e9titions) ; clubs et bars ; h\u00f4pitaux\/soins de sant\u00e9 (identification des patients) ; entrep\u00f4ts frigorifiques ; formation et plus encore.<\/p>\n<p data-start=\"1170\" data-end=\"1202\"><strong data-start=\"1170\" data-end=\"1200\">Emballage et certifications<\/strong><\/p>\n<ul data-start=\"1203\" data-end=\"1372\">\n<li data-start=\"1203\" data-end=\"1285\">\n<p data-start=\"1205\" data-end=\"1285\"><strong data-start=\"1205\" data-end=\"1217\">Emballage:<\/strong> 1\u00a0000 pi\u00e8ces par sachet PP\u00a0; 2\u00a0000 pi\u00e8ces par bo\u00eete int\u00e9rieure\u00a0; 20\u00a0000 pi\u00e8ces par carton<\/p>\n<\/li>\n<li data-start=\"1286\" data-end=\"1326\">\n<p data-start=\"1288\" data-end=\"1326\"><strong data-start=\"1288\" data-end=\"1307\">Certifications :<\/strong> ISO \/ RoHS \/ SGS<\/p>\n<\/li>\n<li data-start=\"1327\" data-end=\"1372\">\n<p data-start=\"1329\" data-end=\"1372\"><strong data-start=\"1329\" data-end=\"1342\">Livraison:<\/strong> Par voie maritime, a\u00e9rienne ou express<\/p>\n<\/li>\n<\/ul>\n<h2 data-start=\"1374\" data-end=\"1399\">Tableau (Sp\u00e9cifications)<\/h2>\n<div class=\"_tableContainer_1rjym_1\">\n<div class=\"group _tableWrapper_1rjym_13 flex w-fit flex-col-reverse\" tabindex=\"-1\">\n<table class=\"w-fit min-w-(--thread-content-width)\" data-start=\"1401\" data-end=\"3139\">\n<thead data-start=\"1401\" data-end=\"1532\">\n<tr data-start=\"1401\" data-end=\"1532\">\n<th data-start=\"1401\" data-end=\"1419\" data-col-size=\"sm\">Cat\u00e9gorie<\/th>\n<th data-start=\"1419\" data-end=\"1442\" data-col-size=\"sm\">Param\u00e8tre<\/th>\n<th data-start=\"1442\" data-end=\"1532\" data-col-size=\"md\">Valeur<\/th>\n<\/tr>\n<\/thead>\n<tbody data-start=\"1665\" data-end=\"3139\">\n<tr data-start=\"1665\" data-end=\"1796\">\n<td data-start=\"1665\" data-end=\"1683\" data-col-size=\"sm\">Mat\u00e9riel<\/td>\n<td data-col-size=\"sm\" data-start=\"1683\" data-end=\"1706\">Corps<\/td>\n<td data-col-size=\"md\" data-start=\"1706\" data-end=\"1796\">Papier Tyvek\u00ae<\/td>\n<\/tr>\n<tr data-start=\"1797\" data-end=\"1928\">\n<td data-start=\"1797\" data-end=\"1815\" data-col-size=\"sm\">Dimensions<\/td>\n<td data-start=\"1815\" data-end=\"1838\" data-col-size=\"sm\">Options de taille<\/td>\n<td data-col-size=\"md\" data-start=\"1838\" data-end=\"1928\">250 \u00d7 25 mm\u00a0; 250 \u00d7 20 mm\u00a0; formats personnalis\u00e9s disponibles<\/td>\n<\/tr>\n<tr data-start=\"1929\" data-end=\"2060\">\n<td data-start=\"1929\" data-end=\"1947\" data-col-size=\"sm\">Couleur<\/td>\n<td data-col-size=\"sm\" data-start=\"1947\" data-end=\"1970\">Options<\/td>\n<td data-col-size=\"md\" data-start=\"1970\" data-end=\"2060\">CMJN \/ Pantone<\/td>\n<\/tr>\n<tr data-start=\"2061\" data-end=\"2192\">\n<td data-start=\"2061\" data-end=\"2079\" data-col-size=\"sm\">Impression<\/td>\n<td data-col-size=\"sm\" data-start=\"2079\" data-end=\"2102\">M\u00e9thodes<\/td>\n<td data-col-size=\"md\" data-start=\"2102\" data-end=\"2192\">Logos, images, textes, codes-barres, codes QR, num\u00e9ros de s\u00e9rie en couleur\u00a0; couleurs unies<\/td>\n<\/tr>\n<tr data-start=\"2193\" data-end=\"2338\">\n<td data-start=\"2193\" data-end=\"2211\" data-col-size=\"sm\">Mat\u00e9riel<\/td>\n<td data-col-size=\"sm\" data-start=\"2211\" data-end=\"2234\">Options de puce<\/td>\n<td data-col-size=\"md\" data-start=\"2234\" data-end=\"2338\">NTAG 203\/213\/215\/216\u00a0; MIFARE Classic 1K\/4K\u00a0; MIFARE Plus 1K\/2K\/4K\u00a0; Ultralight EV1\/C\u00a0; DESFire 2K\/4K\/8K<\/td>\n<\/tr>\n<tr data-start=\"2339\" data-end=\"2470\">\n<td data-start=\"2339\" data-end=\"2357\" data-col-size=\"sm\">Fermeture<\/td>\n<td data-col-size=\"sm\" data-start=\"2357\" data-end=\"2380\">Taper<\/td>\n<td data-col-size=\"md\" data-start=\"2380\" data-end=\"2470\">Fermeture r\u00e9utilisable<\/td>\n<\/tr>\n<tr data-start=\"2471\" data-end=\"2602\">\n<td data-start=\"2471\" data-end=\"2489\" data-col-size=\"sm\">MOQ<\/td>\n<td data-col-size=\"sm\" data-start=\"2489\" data-end=\"2512\">Commande minimale<\/td>\n<td data-col-size=\"md\" data-start=\"2512\" data-end=\"2602\">500 pi\u00e8ces<\/td>\n<\/tr>\n<tr data-start=\"2603\" data-end=\"2734\">\n<td data-start=\"2603\" data-end=\"2621\" data-col-size=\"sm\">Conditionnement<\/td>\n<td data-col-size=\"sm\" data-start=\"2621\" data-end=\"2644\">Packs standard<\/td>\n<td data-col-size=\"md\" data-start=\"2644\" data-end=\"2734\">1000 pi\u00e8ces\/sachet PP ; 2000 pi\u00e8ces\/bo\u00eete int\u00e9rieure ; 20000 pi\u00e8ces\/carton<\/td>\n<\/tr>\n<tr data-start=\"2735\" data-end=\"2866\">\n<td data-start=\"2735\" data-end=\"2753\" data-col-size=\"sm\">Certifications<\/td>\n<td data-col-size=\"sm\" data-start=\"2753\" data-end=\"2776\">Conformit\u00e9<\/td>\n<td data-col-size=\"md\" data-start=\"2776\" data-end=\"2866\">ISO \/ RoHS \/ SGS<\/td>\n<\/tr>\n<tr data-start=\"2867\" data-end=\"2998\">\n<td data-start=\"2867\" data-end=\"2885\" data-col-size=\"sm\">Logistique<\/td>\n<td data-col-size=\"sm\" data-start=\"2885\" data-end=\"2908\">Modes de livraison<\/td>\n<td data-col-size=\"md\" data-start=\"2908\" data-end=\"2998\">Fret maritime, a\u00e9rien, express<\/td>\n<\/tr>\n<tr data-start=\"2999\" data-end=\"3139\">\n<td data-start=\"2999\" data-end=\"3017\" data-col-size=\"sm\">Applications<\/td>\n<td data-col-size=\"sm\" data-start=\"3017\" data-end=\"3040\">Cas d&#039;utilisation<\/td>\n<td data-col-size=\"md\" data-start=\"3040\" data-end=\"3139\">\u00c9v\u00e9nements, festivals, concerts, expositions, parcs d&#039;attractions\/aquatiques, sports, clubs, bars, h\u00f4pitaux<\/td>\n<\/tr>\n<\/tbody>\n<\/table>\n<\/div>\n<\/div>","protected":false},"excerpt":{"rendered":"<p>Bracelets Tyvek\u00ae RFID\/NFC \u00e9cologiques pour \u00e9v\u00e9nements \u2014 l\u00e9gers, durables et enti\u00e8rement personnalisables avec des options de couleurs, d&#039;impression et de puce pour un acc\u00e8s s\u00e9curis\u00e9 et des paiements sans esp\u00e8ces.<\/p>","protected":false},"featured_media":797,"template":"","meta":{"_gspb_post_css":""},"product_brand":[],"product_cat":[21],"product_tag":[],"class_list":{"0":"post-796","1":"product","2":"type-product","3":"status-publish","4":"has-post-thumbnail","6":"product_cat-rfid-nfc-bracelets","8":"first","9":"instock","10":"shipping-taxable","11":"purchasable","12":"product-type-simple"},"_links":{"self":[{"href":"https:\/\/www.cxjsmartcard.com\/fr\/wp-json\/wp\/v2\/product\/796","targetHints":{"allow":["GET"]}}],"collection":[{"href":"https:\/\/www.cxjsmartcard.com\/fr\/wp-json\/wp\/v2\/product"}],"about":[{"href":"https:\/\/www.cxjsmartcard.com\/fr\/wp-json\/wp\/v2\/types\/product"}],"wp:featuredmedia":[{"embeddable":true,"href":"https:\/\/www.cxjsmartcard.com\/fr\/wp-json\/wp\/v2\/media\/797"}],"wp:attachment":[{"href":"https:\/\/www.cxjsmartcard.com\/fr\/wp-json\/wp\/v2\/media?parent=796"}],"wp:term":[{"taxonomy":"product_brand","embeddable":true,"href":"https:\/\/www.cxjsmartcard.com\/fr\/wp-json\/wp\/v2\/product_brand?post=796"},{"taxonomy":"product_cat","embeddable":true,"href":"https:\/\/www.cxjsmartcard.com\/fr\/wp-json\/wp\/v2\/product_cat?post=796"},{"taxonomy":"product_tag","embeddable":true,"href":"https:\/\/www.cxjsmartcard.com\/fr\/wp-json\/wp\/v2\/product_tag?post=796"}],"curies":[{"name":"wp","href":"https:\/\/api.w.org\/{rel}","templated":true}]}}