{"id":791,"date":"2025-11-03T07:42:05","date_gmt":"2025-11-03T07:42:05","guid":{"rendered":"https:\/\/www.cxjsmartcard.com\/?post_type=product&#038;p=791"},"modified":"2025-12-29T01:27:09","modified_gmt":"2025-12-29T01:27:09","slug":"fabric-woven-rfid-bracelet-disposable-nfc-wristband","status":"publish","type":"product","link":"https:\/\/www.cxjsmartcard.com\/fr\/fabric-woven-rfid-bracelet-disposable-nfc-wristband\/","title":{"rendered":"Bracelet RFID tiss\u00e9 en tissu jetable NFC"},"content":{"rendered":"<p data-start=\"63\" data-end=\"390\">Le bracelet RFID NFC jetable tiss\u00e9 en tissu est con\u00e7u pour offrir une exp\u00e9rience fluide aux visiteurs, en simplifiant l&#039;entr\u00e9e, les paiements et le contr\u00f4le d&#039;acc\u00e8s. Que ce soit lors de festivals, d&#039;\u00e9v\u00e9nements ou autres lieux publics, ces bracelets constituent une solution pratique pour \u00e9viter les files d&#039;attente, les billets perdus et la manipulation d&#039;argent liquide\u00a0: un simple contact suffit.<\/p>\n<p data-start=\"392\" data-end=\"410\"><strong data-start=\"392\" data-end=\"408\">Caract\u00e9ristiques principales<\/strong><\/p>\n<ul data-start=\"411\" data-end=\"1069\">\n<li data-start=\"411\" data-end=\"514\">\n<p data-start=\"413\" data-end=\"514\"><strong data-start=\"413\" data-end=\"422\">Taille:<\/strong> 350 \u00d7 15 mm (standard) ; format carte \u00e0 puce : 42 \u00d7 26 mm \/ 36 \u00d7 26 mm (formats personnalis\u00e9s disponibles)<\/p>\n<\/li>\n<li data-start=\"515\" data-end=\"555\">\n<p data-start=\"517\" data-end=\"555\"><strong data-start=\"517\" data-end=\"537\">Endurance de l&#039;\u00e9criture\u00a0:<\/strong> \u2265100 000 cycles<\/p>\n<\/li>\n<li data-start=\"556\" data-end=\"624\">\n<p data-start=\"558\" data-end=\"624\"><strong data-start=\"558\" data-end=\"573\">Plage de lecture\u00a0:<\/strong> 0\u20135 cm (selon le lecteur et l&#039;environnement)<\/p>\n<\/li>\n<li data-start=\"625\" data-end=\"749\">\n<p data-start=\"627\" data-end=\"749\"><strong data-start=\"627\" data-end=\"648\">Options de fabrication\u00a0:<\/strong> Impression personnalis\u00e9e (couleur, logo, texte, code QR, code-barres, num\u00e9ro de s\u00e9rie, donn\u00e9es variables, s\u00e9rialisation)<\/p>\n<\/li>\n<li data-start=\"750\" data-end=\"1069\">\n<p data-start=\"752\" data-end=\"778\"><strong data-start=\"752\" data-end=\"776\">Mat\u00e9riaux disponibles :<\/strong><\/p>\n<ul data-start=\"781\" data-end=\"1069\">\n<li data-start=\"781\" data-end=\"823\">\n<p data-start=\"783\" data-end=\"823\"><strong data-start=\"783\" data-end=\"807\">Bracelets r\u00e9utilisables\u00a0:<\/strong> Silicone, PVC<\/p>\n<\/li>\n<li data-start=\"826\" data-end=\"895\">\n<p data-start=\"828\" data-end=\"895\"><strong data-start=\"828\" data-end=\"854\">Bracelets r\u00e9glables\u00a0:<\/strong> Ruban de satin en polyester tiss\u00e9<\/p>\n<\/li>\n<li data-start=\"898\" data-end=\"967\">\n<p data-start=\"900\" data-end=\"967\"><strong data-start=\"900\" data-end=\"926\">Bracelets jetables :<\/strong> Ruban de satin en polyester tiss\u00e9<\/p>\n<\/li>\n<li data-start=\"970\" data-end=\"1015\">\n<p data-start=\"972\" data-end=\"1015\"><strong data-start=\"972\" data-end=\"1004\">Bracelets phosphorescents\u00a0:<\/strong> Silicone<\/p>\n<\/li>\n<li data-start=\"1018\" data-end=\"1069\">\n<p data-start=\"1020\" data-end=\"1069\"><strong data-start=\"1020\" data-end=\"1048\">Bracelets lumineux \u00e0 LED\u00a0:<\/strong> Silicone, PVC, ABS<\/p>\n<\/li>\n<\/ul>\n<\/li>\n<\/ul>\n<p data-start=\"1071\" data-end=\"1089\"><strong data-start=\"1071\" data-end=\"1087\">Applications<\/strong><\/p>\n<ul data-start=\"1090\" data-end=\"1512\">\n<li data-start=\"1090\" data-end=\"1153\">\n<p data-start=\"1092\" data-end=\"1153\"><strong data-start=\"1092\" data-end=\"1110\">Transfert de donn\u00e9es\u00a0:<\/strong> Partage efficace d&#039;informations pour les \u00e9v\u00e9nements<\/p>\n<\/li>\n<li data-start=\"1154\" data-end=\"1206\">\n<p data-start=\"1156\" data-end=\"1206\"><strong data-start=\"1156\" data-end=\"1175\">Contr\u00f4le d&#039;acc\u00e8s\u00a0:<\/strong> Entr\u00e9e s\u00e9curis\u00e9e et rapide sur le site<\/p>\n<\/li>\n<li data-start=\"1207\" data-end=\"1290\">\n<p data-start=\"1209\" data-end=\"1290\"><strong data-start=\"1209\" data-end=\"1232\">Gestion des paiements\u00a0:<\/strong> Transactions sans esp\u00e8ces pour les festivals et les parcs d&#039;attractions<\/p>\n<\/li>\n<li data-start=\"1291\" data-end=\"1354\">\n<p data-start=\"1293\" data-end=\"1354\"><strong data-start=\"1293\" data-end=\"1320\">Sant\u00e9 et h\u00f4pitaux :<\/strong> Identification fiable du patient<\/p>\n<\/li>\n<li data-start=\"1355\" data-end=\"1434\">\n<p data-start=\"1357\" data-end=\"1434\"><strong data-start=\"1357\" data-end=\"1385\">Piscines et saunas :<\/strong> Conception \u00e9tanche pour les environnements aquatiques<\/p>\n<\/li>\n<li data-start=\"1435\" data-end=\"1512\">\n<p data-start=\"1437\" data-end=\"1512\"><strong data-start=\"1437\" data-end=\"1460\">Unit\u00e9s de stockage frigorifique :<\/strong> Identification facile des produits thermosensibles<\/p>\n<\/li>\n<\/ul>\n<p data-start=\"1514\" data-end=\"1539\"><strong data-start=\"1514\" data-end=\"1537\">Fonctionnalit\u00e9s suppl\u00e9mentaires<\/strong><\/p>\n<ul data-start=\"1540\" data-end=\"1718\">\n<li data-start=\"1540\" data-end=\"1643\">\n<p data-start=\"1542\" data-end=\"1643\">R\u00e9sistant et imperm\u00e9able, id\u00e9al pour les festivals, les concerts, les parcs aquatiques, les \u00e9tablissements de sant\u00e9 et les parcs d&#039;attractions.<\/p>\n<\/li>\n<li data-start=\"1644\" data-end=\"1718\">\n<p data-start=\"1646\" data-end=\"1718\">Enti\u00e8rement personnalisable pour l&#039;image de marque de l&#039;\u00e9v\u00e9nement, les logos des sponsors, les codes QR et plus encore.<\/p>\n<\/li>\n<\/ul>\n<p data-start=\"1720\" data-end=\"1975\"><strong data-start=\"1720\" data-end=\"1750\">Pourquoi choisir ce bracelet ?<\/strong><br data-start=\"1750\" data-end=\"1753\" \/>Les bracelets RFID permettent de r\u00e9duire les temps d&#039;attente et de simplifier le contr\u00f4le d&#039;acc\u00e8s. Enti\u00e8rement compatibles avec les solutions RFID, ils offrent des paiements sans esp\u00e8ces, un contr\u00f4le d&#039;acc\u00e8s efficace et une int\u00e9gration aux r\u00e9seaux sociaux pour les \u00e9v\u00e9nements.<\/p>\n<p data-start=\"1977\" data-end=\"2052\"><strong data-start=\"1977\" data-end=\"1996\">D\u00e9lai de traitement<\/strong><br data-start=\"1996\" data-end=\"1999\" \/>D\u00e9lais de livraison parmi les plus rapides du secteur.<\/p>\n<h2 data-start=\"2054\" data-end=\"2079\">Tableau (Sp\u00e9cifications)<\/h2>\n<div class=\"_tableContainer_1rjym_1\">\n<div class=\"group _tableWrapper_1rjym_13 flex w-fit flex-col-reverse\" tabindex=\"-1\">\n<table class=\"w-fit min-w-(--thread-content-width)\" data-start=\"2081\" data-end=\"3642\">\n<thead data-start=\"2081\" data-end=\"2200\">\n<tr data-start=\"2081\" data-end=\"2200\">\n<th data-start=\"2081\" data-end=\"2101\" data-col-size=\"sm\">Cat\u00e9gorie<\/th>\n<th data-start=\"2101\" data-end=\"2127\" data-col-size=\"sm\">Param\u00e8tre<\/th>\n<th data-start=\"2127\" data-end=\"2200\" data-col-size=\"md\">Valeur<\/th>\n<\/tr>\n<\/thead>\n<tbody data-start=\"2321\" data-end=\"3642\">\n<tr data-start=\"2321\" data-end=\"2439\">\n<td data-start=\"2321\" data-end=\"2341\" data-col-size=\"sm\">Produit<\/td>\n<td data-col-size=\"sm\" data-start=\"2341\" data-end=\"2367\">Taper<\/td>\n<td data-col-size=\"md\" data-start=\"2367\" data-end=\"2439\">Bracelet RFID jetable<\/td>\n<\/tr>\n<tr data-start=\"2440\" data-end=\"2559\">\n<td data-start=\"2440\" data-end=\"2460\" data-col-size=\"sm\">Mat\u00e9riels<\/td>\n<td data-col-size=\"sm\" data-start=\"2460\" data-end=\"2486\">Corps<\/td>\n<td data-col-size=\"md\" data-start=\"2486\" data-end=\"2559\">Polyester, textile tiss\u00e9, ruban de satin, silicone, PVC<\/td>\n<\/tr>\n<tr data-start=\"2560\" data-end=\"2679\">\n<td data-start=\"2560\" data-end=\"2580\" data-col-size=\"sm\">RF<\/td>\n<td data-start=\"2580\" data-end=\"2606\" data-col-size=\"sm\">Fr\u00e9quence<\/td>\n<td data-col-size=\"md\" data-start=\"2606\" data-end=\"2679\">13,56 MHz (HF)<\/td>\n<\/tr>\n<tr data-start=\"2680\" data-end=\"2799\">\n<td data-start=\"2680\" data-end=\"2700\" data-col-size=\"sm\"><\/td>\n<td data-col-size=\"sm\" data-start=\"2700\" data-end=\"2726\">Protocole<\/td>\n<td data-col-size=\"md\" data-start=\"2726\" data-end=\"2799\">ISO 14443A, ISO 15693<\/td>\n<\/tr>\n<tr data-start=\"2800\" data-end=\"2919\">\n<td data-start=\"2800\" data-end=\"2820\" data-col-size=\"sm\"><\/td>\n<td data-col-size=\"sm\" data-start=\"2820\" data-end=\"2846\">\u00c9crire Endurance<\/td>\n<td data-col-size=\"md\" data-start=\"2846\" data-end=\"2919\">\u2265100 000 cycles<\/td>\n<\/tr>\n<tr data-start=\"2920\" data-end=\"3039\">\n<td data-start=\"2920\" data-end=\"2940\" data-col-size=\"sm\">Plage de lecture<\/td>\n<td data-col-size=\"sm\" data-start=\"2940\" data-end=\"2966\">Distance<\/td>\n<td data-col-size=\"md\" data-start=\"2966\" data-end=\"3039\">0\u20135 cm (selon le lecteur)<\/td>\n<\/tr>\n<tr data-start=\"3040\" data-end=\"3161\">\n<td data-start=\"3040\" data-end=\"3060\" data-col-size=\"sm\">Personnalisation<\/td>\n<td data-col-size=\"sm\" data-start=\"3060\" data-end=\"3086\">Artisanat<\/td>\n<td data-col-size=\"md\" data-start=\"3086\" data-end=\"3161\">Impression en couleur, logo, texte, num\u00e9ro de s\u00e9rie, QR code, code-barres, encodage de donn\u00e9es<\/td>\n<\/tr>\n<tr data-start=\"3162\" data-end=\"3280\">\n<td data-start=\"3162\" data-end=\"3182\" data-col-size=\"sm\">Durabilit\u00e9<\/td>\n<td data-col-size=\"sm\" data-start=\"3182\" data-end=\"3208\">\u00c9tanche<\/td>\n<td data-col-size=\"md\" data-start=\"3208\" data-end=\"3280\">Oui, imperm\u00e9able et durable<\/td>\n<\/tr>\n<tr data-start=\"3281\" data-end=\"3403\">\n<td data-start=\"3281\" data-end=\"3301\" data-col-size=\"sm\">Applications<\/td>\n<td data-col-size=\"sm\" data-start=\"3301\" data-end=\"3327\">Cas d&#039;utilisation<\/td>\n<td data-col-size=\"md\" data-start=\"3327\" data-end=\"3403\">Entr\u00e9e \u00e0 l&#039;\u00e9v\u00e9nement, paiements sans esp\u00e8ces, carte d&#039;identit\u00e9 m\u00e9dicale, contr\u00f4le d&#039;acc\u00e8s, billetterie<\/td>\n<\/tr>\n<tr data-start=\"3404\" data-end=\"3522\">\n<td data-start=\"3404\" data-end=\"3424\" data-col-size=\"sm\"><\/td>\n<td data-col-size=\"sm\" data-start=\"3424\" data-end=\"3450\"><\/td>\n<td data-col-size=\"md\" data-start=\"3450\" data-end=\"3522\">Piscines, parcs d&#039;attractions et bien plus encore<\/td>\n<\/tr>\n<tr data-start=\"3523\" data-end=\"3642\">\n<td data-start=\"3523\" data-end=\"3543\" data-col-size=\"sm\">D\u00e9lai de traitement<\/td>\n<td data-col-size=\"sm\" data-start=\"3543\" data-end=\"3569\">D\u00e9lai de livraison<\/td>\n<td data-col-size=\"md\" data-start=\"3569\" data-end=\"3642\">D\u00e9lais d&#039;ex\u00e9cution parmi les plus rapides du secteur<\/td>\n<\/tr>\n<\/tbody>\n<\/table>\n<\/div>\n<\/div>","protected":false},"excerpt":{"rendered":"<p>Bracelet RFID NFC jetable personnalisable pour \u00e9v\u00e9nements, festivals et contr\u00f4le d&#039;acc\u00e8s \u2014 13,56 MHz, \u00e9tanche, durable et enti\u00e8rement personnalisable avec logos, textes et donn\u00e9es.<\/p>","protected":false},"featured_media":792,"template":"","meta":{"_gspb_post_css":""},"product_brand":[],"product_cat":[21],"product_tag":[],"class_list":{"0":"post-791","1":"product","2":"type-product","3":"status-publish","4":"has-post-thumbnail","6":"product_cat-rfid-nfc-bracelets","8":"first","9":"instock","10":"shipping-taxable","11":"purchasable","12":"product-type-simple"},"_links":{"self":[{"href":"https:\/\/www.cxjsmartcard.com\/fr\/wp-json\/wp\/v2\/product\/791","targetHints":{"allow":["GET"]}}],"collection":[{"href":"https:\/\/www.cxjsmartcard.com\/fr\/wp-json\/wp\/v2\/product"}],"about":[{"href":"https:\/\/www.cxjsmartcard.com\/fr\/wp-json\/wp\/v2\/types\/product"}],"wp:featuredmedia":[{"embeddable":true,"href":"https:\/\/www.cxjsmartcard.com\/fr\/wp-json\/wp\/v2\/media\/792"}],"wp:attachment":[{"href":"https:\/\/www.cxjsmartcard.com\/fr\/wp-json\/wp\/v2\/media?parent=791"}],"wp:term":[{"taxonomy":"product_brand","embeddable":true,"href":"https:\/\/www.cxjsmartcard.com\/fr\/wp-json\/wp\/v2\/product_brand?post=791"},{"taxonomy":"product_cat","embeddable":true,"href":"https:\/\/www.cxjsmartcard.com\/fr\/wp-json\/wp\/v2\/product_cat?post=791"},{"taxonomy":"product_tag","embeddable":true,"href":"https:\/\/www.cxjsmartcard.com\/fr\/wp-json\/wp\/v2\/product_tag?post=791"}],"curies":[{"name":"wp","href":"https:\/\/api.w.org\/{rel}","templated":true}]}}