{"id":787,"date":"2025-11-03T07:37:44","date_gmt":"2025-11-03T07:37:44","guid":{"rendered":"https:\/\/www.cxjsmartcard.com\/?post_type=product&#038;p=787"},"modified":"2025-12-29T01:27:09","modified_gmt":"2025-12-29T01:27:09","slug":"fabric-rfid-bracelet-woven-mifare-ultralight-c-wristband","status":"publish","type":"product","link":"https:\/\/www.cxjsmartcard.com\/fr\/fabric-rfid-bracelet-woven-mifare-ultralight-c-wristband\/","title":{"rendered":"Bracelet RFID en tissu tiss\u00e9 MIFARE Ultralight C"},"content":{"rendered":"<p data-start=\"68\" data-end=\"300\">En tant que fabricant leader de bracelets RFID (certifi\u00e9 SGS), nous proposons des bracelets RFID tiss\u00e9s en tissu de haute qualit\u00e9. <strong data-start=\"198\" data-end=\"222\">MIFARE Ultralight\u00ae C<\/strong> Pour un contr\u00f4le d&#039;acc\u00e8s s\u00e9curis\u00e9 et \u00e9l\u00e9gant, ainsi que pour les paiements sans esp\u00e8ces lors d&#039;\u00e9v\u00e9nements et dans les lieux publics.<\/p>\n<p data-start=\"302\" data-end=\"316\"><strong data-start=\"302\" data-end=\"314\">Caract\u00e9ristiques<\/strong><\/p>\n<ul data-start=\"317\" data-end=\"602\">\n<li data-start=\"317\" data-end=\"359\">\n<p data-start=\"319\" data-end=\"359\">HF 13,56 MHz, conforme \u00e0 la norme ISO\/IEC 14443A<\/p>\n<\/li>\n<li data-start=\"360\" data-end=\"412\">\n<p data-start=\"362\" data-end=\"412\">Plage de lecture de 0 \u00e0 5 cm (d\u00e9pendante du lecteur et de l&#039;environnement)<\/p>\n<\/li>\n<li data-start=\"413\" data-end=\"448\">\n<p data-start=\"415\" data-end=\"448\">Inscrire une endurance \u2265 100 000 cycles<\/p>\n<\/li>\n<li data-start=\"449\" data-end=\"507\">\n<p data-start=\"451\" data-end=\"507\">Options de tissus imperm\u00e9ables, r\u00e9sistants \u00e0 la chaleur et extensibles<\/p>\n<\/li>\n<li data-start=\"508\" data-end=\"602\">\n<p data-start=\"510\" data-end=\"602\">Enti\u00e8rement personnalisable\u00a0: taille, couleurs, logo, code QR\/barres, num\u00e9ro de s\u00e9rie\/UID, donn\u00e9es variables, encodage de la puce<\/p>\n<\/li>\n<\/ul>\n<p data-start=\"604\" data-end=\"767\"><strong data-start=\"604\" data-end=\"627\">Mat\u00e9riaux et options<\/strong><br data-start=\"627\" data-end=\"630\" \/>PVC, textile tiss\u00e9 en polyester, ruban de satin, ABS ; versions r\u00e9utilisables, r\u00e9glables, jetables, phosphorescentes et lumineuses \u00e0 LED disponibles.<\/p>\n<p data-start=\"769\" data-end=\"1054\"><strong data-start=\"769\" data-end=\"785\">Applications<\/strong><br data-start=\"785\" data-end=\"788\" \/>Contr\u00f4le d&#039;acc\u00e8s, billetterie, paiements sans esp\u00e8ces, transfert de donn\u00e9es, programmes de fid\u00e9lit\u00e9, identification m\u00e9dicale, gestion des pr\u00e9sences, acc\u00e8s aux chambres et suivi des chambres froides. Id\u00e9al pour les festivals de musique, les \u00e9v\u00e9nements sportifs, les parcs d&#039;attractions et aquatiques, les piscines, les spas, les clubs, les h\u00f4tels et les entreprises.<\/p>\n<p data-start=\"1056\" data-end=\"1274\"><strong data-start=\"1056\" data-end=\"1085\">Pourquoi choisir ce bracelet ?<\/strong><br data-start=\"1085\" data-end=\"1088\" \/>Plus de 10 ans d&#039;exp\u00e9rience dans la fabrication, qualit\u00e9 certifi\u00e9e SGS, personnalisation compl\u00e8te (puce\/taille\/couleur\/encodage), approvisionnement en gros fiable et assistance technique pour le cryptage et la programmation des puces.<\/p>\n<h2 data-start=\"1276\" data-end=\"1301\">Tableau (Sp\u00e9cifications)<\/h2>\n<div class=\"_tableContainer_1rjym_1\">\n<div class=\"group _tableWrapper_1rjym_13 flex w-fit flex-col-reverse\" tabindex=\"-1\">\n<table class=\"w-fit min-w-(--thread-content-width)\" data-start=\"1303\" data-end=\"2977\">\n<thead data-start=\"1303\" data-end=\"1415\">\n<tr data-start=\"1303\" data-end=\"1415\">\n<th data-start=\"1303\" data-end=\"1321\" data-col-size=\"sm\">Cat\u00e9gorie<\/th>\n<th data-start=\"1321\" data-end=\"1342\" data-col-size=\"sm\">Param\u00e8tre<\/th>\n<th data-start=\"1342\" data-end=\"1415\" data-col-size=\"lg\">Valeur<\/th>\n<\/tr>\n<\/thead>\n<tbody data-start=\"1529\" data-end=\"2977\">\n<tr data-start=\"1529\" data-end=\"1640\">\n<td data-start=\"1529\" data-end=\"1547\" data-col-size=\"sm\">Produit<\/td>\n<td data-col-size=\"sm\" data-start=\"1547\" data-end=\"1568\">Taper<\/td>\n<td data-col-size=\"lg\" data-start=\"1568\" data-end=\"1640\">Bracelet RFID en tissu tiss\u00e9 MIFARE Ultralight C<\/td>\n<\/tr>\n<tr data-start=\"1641\" data-end=\"1753\">\n<td data-start=\"1641\" data-end=\"1659\" data-col-size=\"sm\">RF<\/td>\n<td data-start=\"1659\" data-end=\"1680\" data-col-size=\"sm\">Fr\u00e9quence<\/td>\n<td data-col-size=\"lg\" data-start=\"1680\" data-end=\"1753\">13,56 MHz (HF)<\/td>\n<\/tr>\n<tr data-start=\"1754\" data-end=\"1866\">\n<td data-start=\"1754\" data-end=\"1772\" data-col-size=\"sm\"><\/td>\n<td data-col-size=\"sm\" data-start=\"1772\" data-end=\"1793\">Protocole<\/td>\n<td data-col-size=\"lg\" data-start=\"1793\" data-end=\"1866\">ISO\/IEC 14443A<\/td>\n<\/tr>\n<tr data-start=\"1867\" data-end=\"1979\">\n<td data-start=\"1867\" data-end=\"1885\" data-col-size=\"sm\"><\/td>\n<td data-col-size=\"sm\" data-start=\"1885\" data-end=\"1906\">Plage de lecture<\/td>\n<td data-col-size=\"lg\" data-start=\"1906\" data-end=\"1979\">0\u20135 cm (selon le lecteur et l&#039;environnement)<\/td>\n<\/tr>\n<tr data-start=\"1980\" data-end=\"2092\">\n<td data-start=\"1980\" data-end=\"1998\" data-col-size=\"sm\">\u00c9br\u00e9cher<\/td>\n<td data-start=\"1998\" data-end=\"2019\" data-col-size=\"sm\">CI<\/td>\n<td data-col-size=\"lg\" data-start=\"2019\" data-end=\"2092\">MIFARE Ultralight\u00ae C (autres options de puce disponibles)<\/td>\n<\/tr>\n<tr data-start=\"2093\" data-end=\"2205\">\n<td data-start=\"2093\" data-end=\"2111\" data-col-size=\"sm\">M\u00e9moire\/Endurance<\/td>\n<td data-start=\"2111\" data-end=\"2132\" data-col-size=\"sm\">\u00c9crire Endurance<\/td>\n<td data-start=\"2132\" data-end=\"2205\" data-col-size=\"lg\">\u2265100 000 cycles<\/td>\n<\/tr>\n<tr data-start=\"2206\" data-end=\"2319\">\n<td data-start=\"2206\" data-end=\"2224\" data-col-size=\"sm\">Mat\u00e9riels<\/td>\n<td data-start=\"2224\" data-end=\"2245\" data-col-size=\"sm\">Groupe\/Parties<\/td>\n<td data-col-size=\"lg\" data-start=\"2245\" data-end=\"2319\">PVC ; textile tiss\u00e9 en polyester ; ruban de satin ; ABS<\/td>\n<\/tr>\n<tr data-start=\"2320\" data-end=\"2432\">\n<td data-start=\"2320\" data-end=\"2338\" data-col-size=\"sm\">Dimensions<\/td>\n<td data-col-size=\"sm\" data-start=\"2338\" data-end=\"2359\">Taille du bracelet<\/td>\n<td data-col-size=\"lg\" data-start=\"2359\" data-end=\"2432\">350 \u00d7 15 mm (personnalisable)<\/td>\n<\/tr>\n<tr data-start=\"2433\" data-end=\"2545\">\n<td data-start=\"2433\" data-end=\"2451\" data-col-size=\"sm\"><\/td>\n<td data-col-size=\"sm\" data-start=\"2451\" data-end=\"2472\">Dimensions des zones de cartes<\/td>\n<td data-col-size=\"lg\" data-start=\"2472\" data-end=\"2545\">42 \u00d7 26 mm ; 36 \u00d7 26 mm (tailles personnalis\u00e9es prises en charge)<\/td>\n<\/tr>\n<tr data-start=\"2546\" data-end=\"2658\">\n<td data-start=\"2546\" data-end=\"2564\" data-col-size=\"sm\">Durabilit\u00e9<\/td>\n<td data-start=\"2564\" data-end=\"2585\" data-col-size=\"sm\">Environnement<\/td>\n<td data-col-size=\"lg\" data-start=\"2585\" data-end=\"2658\">Imperm\u00e9able ; r\u00e9sistant \u00e0 la chaleur ; options de tissu extensible<\/td>\n<\/tr>\n<tr data-start=\"2659\" data-end=\"2818\">\n<td data-start=\"2659\" data-end=\"2677\" data-col-size=\"sm\">Personnalisation<\/td>\n<td data-col-size=\"sm\" data-start=\"2677\" data-end=\"2698\">Impression\/Marquage<\/td>\n<td data-col-size=\"lg\" data-start=\"2698\" data-end=\"2818\">Impression couleur sur carte et satin (recto verso en option)\u00a0; tissage jusqu\u2019\u00e0 8 couleurs\u00a0; logo\/QR\/code-barres\/num\u00e9ro de s\u00e9rie\/UID\u00a0; encodage de donn\u00e9es<\/td>\n<\/tr>\n<tr data-start=\"2819\" data-end=\"2977\">\n<td data-start=\"2819\" data-end=\"2837\" data-col-size=\"sm\">Applications<\/td>\n<td data-col-size=\"sm\" data-start=\"2837\" data-end=\"2858\">Cas d&#039;utilisation typiques<\/td>\n<td data-col-size=\"lg\" data-start=\"2858\" data-end=\"2977\">Contr\u00f4le d&#039;acc\u00e8s, paiement sans esp\u00e8ces, billetterie, adh\u00e9sion, sant\u00e9, pr\u00e9sence, acc\u00e8s aux chambres, suivi des entrep\u00f4ts frigorifiques<\/td>\n<\/tr>\n<\/tbody>\n<\/table>\n<\/div>\n<\/div>","protected":false},"excerpt":{"rendered":"<p>Bracelet RFID tiss\u00e9 en tissu avec MIFARE Ultralight\u00ae C \u2014 acc\u00e8s s\u00e9curis\u00e9 et paiement sans esp\u00e8ces, 13,56 MHz ISO 14443A, lectures de 0 \u00e0 5 cm, \u00e9tanche\/r\u00e9sistant \u00e0 la chaleur, enti\u00e8rement personnalisable.<\/p>","protected":false},"featured_media":789,"template":"","meta":{"_gspb_post_css":""},"product_brand":[],"product_cat":[21],"product_tag":[],"class_list":{"0":"post-787","1":"product","2":"type-product","3":"status-publish","4":"has-post-thumbnail","6":"product_cat-rfid-nfc-bracelets","8":"first","9":"instock","10":"shipping-taxable","11":"purchasable","12":"product-type-simple"},"_links":{"self":[{"href":"https:\/\/www.cxjsmartcard.com\/fr\/wp-json\/wp\/v2\/product\/787","targetHints":{"allow":["GET"]}}],"collection":[{"href":"https:\/\/www.cxjsmartcard.com\/fr\/wp-json\/wp\/v2\/product"}],"about":[{"href":"https:\/\/www.cxjsmartcard.com\/fr\/wp-json\/wp\/v2\/types\/product"}],"wp:featuredmedia":[{"embeddable":true,"href":"https:\/\/www.cxjsmartcard.com\/fr\/wp-json\/wp\/v2\/media\/789"}],"wp:attachment":[{"href":"https:\/\/www.cxjsmartcard.com\/fr\/wp-json\/wp\/v2\/media?parent=787"}],"wp:term":[{"taxonomy":"product_brand","embeddable":true,"href":"https:\/\/www.cxjsmartcard.com\/fr\/wp-json\/wp\/v2\/product_brand?post=787"},{"taxonomy":"product_cat","embeddable":true,"href":"https:\/\/www.cxjsmartcard.com\/fr\/wp-json\/wp\/v2\/product_cat?post=787"},{"taxonomy":"product_tag","embeddable":true,"href":"https:\/\/www.cxjsmartcard.com\/fr\/wp-json\/wp\/v2\/product_tag?post=787"}],"curies":[{"name":"wp","href":"https:\/\/api.w.org\/{rel}","templated":true}]}}