{"id":782,"date":"2025-11-03T07:34:16","date_gmt":"2025-11-03T07:34:16","guid":{"rendered":"https:\/\/www.cxjsmartcard.com\/?post_type=product&#038;p=782"},"modified":"2025-12-29T01:27:09","modified_gmt":"2025-12-29T01:27:09","slug":"customized-rfid-silicone-nfc-bracelets","status":"publish","type":"product","link":"https:\/\/www.cxjsmartcard.com\/fr\/customized-rfid-silicone-nfc-bracelets\/","title":{"rendered":"Bracelets RFID NFC en silicone personnalis\u00e9s"},"content":{"rendered":"<p data-start=\"50\" data-end=\"327\">Ces bracelets RFID\/NFC en silicone personnalis\u00e9s allient un design \u00e9l\u00e9gant \u00e0 la s\u00e9curit\u00e9 de la technologie RFID\/NFC pour le contr\u00f4le d&#039;acc\u00e8s, les paiements sans esp\u00e8ces, la gestion d&#039;\u00e9v\u00e9nements et le suivi du personnel. Fabriqu\u00e9s en silicone \u00e9cologique, ils sont \u00e9tanches, r\u00e9sistants, confortables et r\u00e9utilisables.<\/p>\n<p data-start=\"329\" data-end=\"343\"><strong data-start=\"329\" data-end=\"341\">Caract\u00e9ristiques<\/strong><\/p>\n<ul data-start=\"344\" data-end=\"594\">\n<li data-start=\"344\" data-end=\"384\">\n<p data-start=\"346\" data-end=\"384\">Tailles personnalis\u00e9es et couleurs Pantone\/CMJN<\/p>\n<\/li>\n<li data-start=\"385\" data-end=\"435\">\n<p data-start=\"387\" data-end=\"435\">Fr\u00e9quences multiples (BF\/HF\/UHF) et protocoles<\/p>\n<\/li>\n<li data-start=\"436\" data-end=\"485\">\n<p data-start=\"438\" data-end=\"485\">Options d&#039;impression\/gravure avec encodage de puce<\/p>\n<\/li>\n<li data-start=\"486\" data-end=\"545\">\n<p data-start=\"488\" data-end=\"545\">Adapt\u00e9 aux environnements humides (parcs aquatiques, salles de sport, piscines)<\/p>\n<\/li>\n<li data-start=\"546\" data-end=\"594\">\n<p data-start=\"548\" data-end=\"594\">\u00c9chantillons gratuits disponibles\u00a0; modalit\u00e9s de paiement flexibles<\/p>\n<\/li>\n<\/ul>\n<p data-start=\"596\" data-end=\"944\"><strong data-start=\"596\" data-end=\"612\">Applications<\/strong><br data-start=\"612\" data-end=\"615\" \/>Centres de remise en forme et spas (acc\u00e8s \u00e0 la salle de sport, casiers, paiement sans esp\u00e8ces) \u2022 Concerts et \u00e9v\u00e9nements (billetterie, acc\u00e8s VIP, gestion des foules) \u2022 H\u00f4tels et complexes h\u00f4teliers (acc\u00e8s aux chambres\/casiers sans cl\u00e9) \u2022 Parcs aquatiques et piscines (carte d&#039;identit\u00e9 \u00e9tanche et paiement) \u2022 Sant\u00e9 (carte d&#039;identit\u00e9 du patient, gestion des visiteurs) \u2022 Parcs d&#039;attractions\/\u00e0 th\u00e8me \u2022 \u00c9coles et zoos \u2022 S\u00e9curit\u00e9 et gestion du personnel.<\/p>\n<h2 data-start=\"946\" data-end=\"971\">Tableau (Sp\u00e9cifications)<\/h2>\n<div class=\"_tableContainer_1rjym_1\">\n<div class=\"group _tableWrapper_1rjym_13 flex w-fit flex-col-reverse\" tabindex=\"-1\">\n<table class=\"w-fit min-w-(--thread-content-width)\" data-start=\"972\" data-end=\"2511\">\n<thead data-start=\"972\" data-end=\"1086\">\n<tr data-start=\"972\" data-end=\"1086\">\n<th data-start=\"972\" data-end=\"990\" data-col-size=\"sm\">Cat\u00e9gorie<\/th>\n<th data-start=\"990\" data-end=\"1013\" data-col-size=\"sm\">Param\u00e8tre<\/th>\n<th data-start=\"1013\" data-end=\"1086\" data-col-size=\"lg\">Valeur<\/th>\n<\/tr>\n<\/thead>\n<tbody data-start=\"1202\" data-end=\"2511\">\n<tr data-start=\"1202\" data-end=\"1316\">\n<td data-start=\"1202\" data-end=\"1220\" data-col-size=\"sm\">Produit<\/td>\n<td data-col-size=\"sm\" data-start=\"1220\" data-end=\"1243\">Taper<\/td>\n<td data-col-size=\"lg\" data-start=\"1243\" data-end=\"1316\">Bracelet RFID en silicone NFC<\/td>\n<\/tr>\n<tr data-start=\"1317\" data-end=\"1431\">\n<td data-start=\"1317\" data-end=\"1335\" data-col-size=\"sm\">Mat\u00e9riels<\/td>\n<td data-col-size=\"sm\" data-start=\"1335\" data-end=\"1358\">Corps<\/td>\n<td data-col-size=\"lg\" data-start=\"1358\" data-end=\"1431\">silicone \u00e9cologique<\/td>\n<\/tr>\n<tr data-start=\"1432\" data-end=\"1546\">\n<td data-start=\"1432\" data-end=\"1450\" data-col-size=\"sm\">Dimensions<\/td>\n<td data-col-size=\"sm\" data-start=\"1450\" data-end=\"1473\">Options de taille<\/td>\n<td data-col-size=\"lg\" data-start=\"1473\" data-end=\"1546\">Personnalis\u00e9<\/td>\n<\/tr>\n<tr data-start=\"1547\" data-end=\"1661\">\n<td data-start=\"1547\" data-end=\"1565\" data-col-size=\"sm\">RF<\/td>\n<td data-col-size=\"sm\" data-start=\"1565\" data-end=\"1588\">Protocoles<\/td>\n<td data-col-size=\"lg\" data-start=\"1588\" data-end=\"1661\">ISO 14443A ; ISO 15693 ; ISO 18000-6C<\/td>\n<\/tr>\n<tr data-start=\"1662\" data-end=\"1776\">\n<td data-start=\"1662\" data-end=\"1680\" data-col-size=\"sm\"><\/td>\n<td data-col-size=\"sm\" data-start=\"1680\" data-end=\"1703\">Fr\u00e9quences<\/td>\n<td data-col-size=\"lg\" data-start=\"1703\" data-end=\"1776\">BF 125 kHz ; HF 13,56 MHz ; UHF 860\u2013960 MHz<\/td>\n<\/tr>\n<tr data-start=\"1777\" data-end=\"1891\">\n<td data-start=\"1777\" data-end=\"1795\" data-col-size=\"sm\">Personnalisation<\/td>\n<td data-col-size=\"sm\" data-start=\"1795\" data-end=\"1818\">Couleur<\/td>\n<td data-col-size=\"lg\" data-start=\"1818\" data-end=\"1891\">Pantone ou CMJN<\/td>\n<\/tr>\n<tr data-start=\"1892\" data-end=\"2006\">\n<td data-start=\"1892\" data-end=\"1910\" data-col-size=\"sm\">artisanat<\/td>\n<td data-col-size=\"sm\" data-start=\"1910\" data-end=\"1933\">Impression\/Marquage<\/td>\n<td data-col-size=\"lg\" data-start=\"1933\" data-end=\"2006\">S\u00e9rigraphie, gravure laser, impression par transfert thermique<\/td>\n<\/tr>\n<tr data-start=\"2007\" data-end=\"2120\">\n<td data-start=\"2007\" data-end=\"2025\" data-col-size=\"sm\">Codage<\/td>\n<td data-col-size=\"sm\" data-start=\"2025\" data-end=\"2048\">Services de donn\u00e9es<\/td>\n<td data-col-size=\"lg\" data-start=\"2048\" data-end=\"2120\">Num\u00e9ro de s\u00e9rie\/UID, QR, num\u00e9ro\u00a0; programmation\/encodage\/verrouillage\/cryptage de la puce<\/td>\n<\/tr>\n<tr data-start=\"2121\" data-end=\"2281\">\n<td data-start=\"2121\" data-end=\"2139\" data-col-size=\"sm\">Applications<\/td>\n<td data-col-size=\"sm\" data-start=\"2139\" data-end=\"2162\">Cas d&#039;utilisation typiques<\/td>\n<td data-col-size=\"lg\" data-start=\"2162\" data-end=\"2281\">Salles de sport et spas\u00a0; concerts et \u00e9v\u00e9nements\u00a0; h\u00f4tels et complexes h\u00f4teliers\u00a0; parcs aquatiques\u00a0; h\u00f4pitaux\u00a0; parcs d&#039;attractions\u00a0; \u00e9coles\u00a0; zoos\u00a0; s\u00e9curit\u00e9 et personnel<\/td>\n<\/tr>\n<tr data-start=\"2282\" data-end=\"2396\">\n<td data-start=\"2282\" data-end=\"2300\" data-col-size=\"sm\">\u00c9chantillonnage<\/td>\n<td data-col-size=\"sm\" data-start=\"2300\" data-end=\"2323\">\u00c9chantillons gratuits<\/td>\n<td data-col-size=\"lg\" data-start=\"2323\" data-end=\"2396\">Disponible<\/td>\n<\/tr>\n<tr data-start=\"2397\" data-end=\"2511\">\n<td data-start=\"2397\" data-end=\"2415\" data-col-size=\"sm\">Paiements<\/td>\n<td data-col-size=\"sm\" data-start=\"2415\" data-end=\"2438\">Conditions de paiement<\/td>\n<td data-col-size=\"lg\" data-start=\"2438\" data-end=\"2511\">Virement bancaire (T\/T), PayPal, Western Union, Ali<\/td>\n<\/tr>\n<\/tbody>\n<\/table>\n<\/div>\n<\/div>","protected":false},"excerpt":{"rendered":"<p>Bracelets RFID\/NFC en silicone personnalis\u00e9s \u2014 \u00e9tanches, durables et r\u00e9utilisables ; compatibles LF\/HF\/UHF, tailles\/couleurs personnalis\u00e9es, impression\/gravure et encodage de puces pour les \u00e9v\u00e9nements et le contr\u00f4le d&#039;acc\u00e8s.<\/p>","protected":false},"featured_media":786,"template":"","meta":{"_gspb_post_css":""},"product_brand":[],"product_cat":[21],"product_tag":[],"class_list":{"0":"post-782","1":"product","2":"type-product","3":"status-publish","4":"has-post-thumbnail","6":"product_cat-rfid-nfc-bracelets","8":"first","9":"instock","10":"shipping-taxable","11":"purchasable","12":"product-type-simple"},"_links":{"self":[{"href":"https:\/\/www.cxjsmartcard.com\/fr\/wp-json\/wp\/v2\/product\/782","targetHints":{"allow":["GET"]}}],"collection":[{"href":"https:\/\/www.cxjsmartcard.com\/fr\/wp-json\/wp\/v2\/product"}],"about":[{"href":"https:\/\/www.cxjsmartcard.com\/fr\/wp-json\/wp\/v2\/types\/product"}],"wp:featuredmedia":[{"embeddable":true,"href":"https:\/\/www.cxjsmartcard.com\/fr\/wp-json\/wp\/v2\/media\/786"}],"wp:attachment":[{"href":"https:\/\/www.cxjsmartcard.com\/fr\/wp-json\/wp\/v2\/media?parent=782"}],"wp:term":[{"taxonomy":"product_brand","embeddable":true,"href":"https:\/\/www.cxjsmartcard.com\/fr\/wp-json\/wp\/v2\/product_brand?post=782"},{"taxonomy":"product_cat","embeddable":true,"href":"https:\/\/www.cxjsmartcard.com\/fr\/wp-json\/wp\/v2\/product_cat?post=782"},{"taxonomy":"product_tag","embeddable":true,"href":"https:\/\/www.cxjsmartcard.com\/fr\/wp-json\/wp\/v2\/product_tag?post=782"}],"curies":[{"name":"wp","href":"https:\/\/api.w.org\/{rel}","templated":true}]}}