{"id":777,"date":"2025-11-03T07:31:45","date_gmt":"2025-11-03T07:31:45","guid":{"rendered":"https:\/\/www.cxjsmartcard.com\/?post_type=product&#038;p=777"},"modified":"2025-12-29T01:27:10","modified_gmt":"2025-12-29T01:27:10","slug":"customized-elastic-rfid-nfc-wristband-bracelet","status":"publish","type":"product","link":"https:\/\/www.cxjsmartcard.com\/fr\/customized-elastic-rfid-nfc-wristband-bracelet\/","title":{"rendered":"Bracelet \u00e9lastique RFID NFC personnalis\u00e9"},"content":{"rendered":"<p data-start=\"58\" data-end=\"331\">Bracelet \u00e9lastique RFID\/NFC alliant technologie intelligente et design \u00e9l\u00e9gant\u00a0: id\u00e9al pour les festivals, les concerts, la billetterie et le contr\u00f4le d\u2019acc\u00e8s s\u00e9curis\u00e9. Outre l\u2019acc\u00e8s, il permet le paiement sans esp\u00e8ces, l\u2019identification, l\u2019adh\u00e9sion \u00e0 un club et les activit\u00e9s de groupe en entreprise.<\/p>\n<p data-start=\"333\" data-end=\"375\"><strong data-start=\"333\" data-end=\"373\">Bracelet \u00e9lastique tiss\u00e9 RFID<\/strong><\/p>\n<ul data-start=\"376\" data-end=\"1218\">\n<li data-start=\"376\" data-end=\"422\">\n<p data-start=\"378\" data-end=\"422\"><strong data-start=\"378\" data-end=\"395\">Nom du produit :<\/strong> Bracelet RFID NFCC Happy<\/p>\n<\/li>\n<li data-start=\"423\" data-end=\"460\">\n<p data-start=\"425\" data-end=\"460\"><strong data-start=\"425\" data-end=\"438\">Mat\u00e9riel:<\/strong> Polyester et nylon<\/p>\n<\/li>\n<li data-start=\"461\" data-end=\"581\">\n<p data-start=\"463\" data-end=\"581\"><strong data-start=\"463\" data-end=\"473\">Tailles :<\/strong> 185 \u00d7 13 mm (grand adulte), 160 \u00d7 13 mm (jeune\/petit adulte) ; hauteur 13 mm ; longueur personnalisable de 140 \u00e0 210 mm<\/p>\n<\/li>\n<li data-start=\"582\" data-end=\"612\">\n<p data-start=\"584\" data-end=\"612\"><strong data-start=\"584\" data-end=\"597\">Puce NFC :<\/strong> HF 13,56 MHz<\/p>\n<\/li>\n<li data-start=\"613\" data-end=\"682\">\n<p data-start=\"615\" data-end=\"682\"><strong data-start=\"615\" data-end=\"629\">Protocoles\u00a0:<\/strong> ISO 14443A, ISO 15693, ISO 7814, ISO 7815, ISO 18000-6C<\/p>\n<\/li>\n<li data-start=\"683\" data-end=\"726\">\n<p data-start=\"685\" data-end=\"726\"><strong data-start=\"685\" data-end=\"705\">Couleur du bracelet :<\/strong> Personnalis\u00e9 par PMS<\/p>\n<\/li>\n<li data-start=\"727\" data-end=\"797\">\n<p data-start=\"729\" data-end=\"797\"><strong data-start=\"729\" data-end=\"742\">Impression:<\/strong> Impression par sublimation thermique en couleur (surfaces int\u00e9rieures\/ext\u00e9rieures)<\/p>\n<\/li>\n<li data-start=\"798\" data-end=\"926\">\n<p data-start=\"800\" data-end=\"926\"><strong data-start=\"800\" data-end=\"811\">Artisanat :<\/strong> Impression de num\u00e9ros de s\u00e9rie\/UID, QR, code-barres\u00a0; programmation\/encodage\/verrouillage\/cryptage de puces (URL, texte, num\u00e9ro, vCard)<\/p>\n<\/li>\n<li data-start=\"927\" data-end=\"960\">\n<p data-start=\"929\" data-end=\"960\"><strong data-start=\"929\" data-end=\"942\">Caract\u00e9ristiques:<\/strong> 100% \u00e9tanche<\/p>\n<\/li>\n<li data-start=\"961\" data-end=\"1130\">\n<p data-start=\"963\" data-end=\"1130\"><strong data-start=\"963\" data-end=\"980\">Applications :<\/strong> Billetterie, sant\u00e9, voyages, contr\u00f4le d&#039;acc\u00e8s et s\u00e9curit\u00e9, gestion du temps de pr\u00e9sence, stationnement et paiement, gestion des adh\u00e9sions aux clubs\/spas, programmes de fid\u00e9lit\u00e9 et promotions<\/p>\n<\/li>\n<li data-start=\"1131\" data-end=\"1151\">\n<p data-start=\"1133\" data-end=\"1151\"><strong data-start=\"1133\" data-end=\"1141\">MOQ\u00a0:<\/strong> 500 pi\u00e8ces<\/p>\n<\/li>\n<li data-start=\"1152\" data-end=\"1218\">\n<p data-start=\"1154\" data-end=\"1218\"><strong data-start=\"1154\" data-end=\"1172\">Exemple de politique :<\/strong> \u00c9chantillon gratuit pour test de stock\u00a0; frais de port \u00e0 la charge de l&#039;acheteur.<\/p>\n<\/li>\n<\/ul>\n<p data-start=\"1220\" data-end=\"1603\"><strong data-start=\"1220\" data-end=\"1260\">Variante extensible tiss\u00e9e (Principaux avantages)<\/strong><br data-start=\"1260\" data-end=\"1263\" \/>Polyester \u00e9lastique ultra-confortable ; s&#039;adapte \u00e0 la taille du poignet ; amovible, r\u00e9utilisable et imperm\u00e9able \u2014 id\u00e9al pour une utilisation sur plusieurs jours ou pour les abonnements saisonniers.<br data-start=\"1407\" data-end=\"1410\" \/><strong data-start=\"1410\" data-end=\"1423\">Avantages:<\/strong> Confort et flexibilit\u00e9 \u2022 R\u00e9utilisable et durable \u2022 \u00c9tanche 100% \u2022 Pr\u00eat pour la personnalisation (impression en couleur, logo, codage d&#039;identification unique) \u2022 Fonctionne avec la plupart des appareils compatibles NFC et des lecteurs RFID.<\/p>\n<h2 data-start=\"1605\" data-end=\"1630\">Tableau (Sp\u00e9cifications)<\/h2>\n<div class=\"_tableContainer_1rjym_1\">\n<div class=\"group _tableWrapper_1rjym_13 flex w-fit flex-col-reverse\" tabindex=\"-1\">\n<table class=\"w-fit min-w-(--thread-content-width)\" data-start=\"1632\" data-end=\"3623\">\n<thead data-start=\"1632\" data-end=\"1754\">\n<tr data-start=\"1632\" data-end=\"1754\">\n<th data-start=\"1632\" data-end=\"1653\" data-col-size=\"sm\">Cat\u00e9gorie<\/th>\n<th data-start=\"1653\" data-end=\"1681\" data-col-size=\"sm\">Param\u00e8tre<\/th>\n<th data-start=\"1681\" data-end=\"1754\" data-col-size=\"lg\">Valeur<\/th>\n<\/tr>\n<\/thead>\n<tbody data-start=\"1877\" data-end=\"3623\">\n<tr data-start=\"1877\" data-end=\"1998\">\n<td data-start=\"1877\" data-end=\"1897\" data-col-size=\"sm\">Produit<\/td>\n<td data-col-size=\"sm\" data-start=\"1897\" data-end=\"1925\">Taper<\/td>\n<td data-col-size=\"lg\" data-start=\"1925\" data-end=\"1998\">Bracelet \u00e9lastique RFID\/NFC personnalis\u00e9<\/td>\n<\/tr>\n<tr data-start=\"1999\" data-end=\"2120\">\n<td data-start=\"1999\" data-end=\"2019\" data-col-size=\"sm\">Mat\u00e9riels<\/td>\n<td data-col-size=\"sm\" data-start=\"2019\" data-end=\"2047\">Groupe<\/td>\n<td data-col-size=\"lg\" data-start=\"2047\" data-end=\"2120\">Polyester et nylon<\/td>\n<\/tr>\n<tr data-start=\"2121\" data-end=\"2242\">\n<td data-start=\"2121\" data-end=\"2141\" data-col-size=\"sm\">Dimensions<\/td>\n<td data-col-size=\"sm\" data-start=\"2141\" data-end=\"2169\">Tailles standard<\/td>\n<td data-col-size=\"lg\" data-start=\"2169\" data-end=\"2242\">185\u00d713 mm (grand adulte) ; 160\u00d713 mm (jeune\/petit adulte)<\/td>\n<\/tr>\n<tr data-start=\"2243\" data-end=\"2364\">\n<td data-start=\"2243\" data-end=\"2263\" data-col-size=\"sm\"><\/td>\n<td data-col-size=\"sm\" data-start=\"2263\" data-end=\"2291\">Gamme personnalis\u00e9e<\/td>\n<td data-col-size=\"lg\" data-start=\"2291\" data-end=\"2364\">Longueur 140\u2013210 mm ; hauteur 13 mm<\/td>\n<\/tr>\n<tr data-start=\"2365\" data-end=\"2486\">\n<td data-start=\"2365\" data-end=\"2385\" data-col-size=\"sm\">RF<\/td>\n<td data-col-size=\"sm\" data-start=\"2385\" data-end=\"2413\">Fr\u00e9quence<\/td>\n<td data-col-size=\"lg\" data-start=\"2413\" data-end=\"2486\">HF 13,56 MHz<\/td>\n<\/tr>\n<tr data-start=\"2487\" data-end=\"2608\">\n<td data-start=\"2487\" data-end=\"2507\" data-col-size=\"sm\"><\/td>\n<td data-col-size=\"sm\" data-start=\"2507\" data-end=\"2535\">Protocoles<\/td>\n<td data-col-size=\"lg\" data-start=\"2535\" data-end=\"2608\">ISO 14443A ; ISO 15693 ; ISO 7814 ; ISO 7815 ; ISO 18000-6C<\/td>\n<\/tr>\n<tr data-start=\"2609\" data-end=\"2730\">\n<td data-start=\"2609\" data-end=\"2629\" data-col-size=\"sm\">Personnalisation<\/td>\n<td data-col-size=\"sm\" data-start=\"2629\" data-end=\"2657\">Couleur<\/td>\n<td data-col-size=\"lg\" data-start=\"2657\" data-end=\"2730\">Couleurs PMS personnalis\u00e9es<\/td>\n<\/tr>\n<tr data-start=\"2731\" data-end=\"2852\">\n<td data-start=\"2731\" data-end=\"2751\" data-col-size=\"sm\"><\/td>\n<td data-col-size=\"sm\" data-start=\"2751\" data-end=\"2779\">Impression<\/td>\n<td data-col-size=\"lg\" data-start=\"2779\" data-end=\"2852\">Impression par sublimation en couleur (int\u00e9rieur\/ext\u00e9rieur)<\/td>\n<\/tr>\n<tr data-start=\"2853\" data-end=\"2978\">\n<td data-start=\"2853\" data-end=\"2873\" data-col-size=\"sm\">artisanat<\/td>\n<td data-col-size=\"sm\" data-start=\"2873\" data-end=\"2901\">Codage\/Marquage<\/td>\n<td data-col-size=\"lg\" data-start=\"2901\" data-end=\"2978\">Num\u00e9ro de s\u00e9rie\/UID, QR, code-barres\u00a0; encodage\/verrouillage\/cryptage de puce (URL\/texte\/nombre\/vCard)<\/td>\n<\/tr>\n<tr data-start=\"2979\" data-end=\"3100\">\n<td data-start=\"2979\" data-end=\"2999\" data-col-size=\"sm\">Performance<\/td>\n<td data-col-size=\"sm\" data-start=\"2999\" data-end=\"3027\">Fonctionnalit\u00e9<\/td>\n<td data-col-size=\"lg\" data-start=\"3027\" data-end=\"3100\">100% \u00e9tanche<\/td>\n<\/tr>\n<tr data-start=\"3101\" data-end=\"3257\">\n<td data-start=\"3101\" data-end=\"3121\" data-col-size=\"sm\">Applications<\/td>\n<td data-col-size=\"sm\" data-start=\"3121\" data-end=\"3149\">Cas d&#039;utilisation<\/td>\n<td data-col-size=\"lg\" data-start=\"3149\" data-end=\"3257\">Billetterie, contr\u00f4le d&#039;acc\u00e8s, paiement sans esp\u00e8ces, sant\u00e9, gestion du temps et des pr\u00e9sences, stationnement, adh\u00e9sion, programmes de fid\u00e9lit\u00e9<\/td>\n<\/tr>\n<tr data-start=\"3258\" data-end=\"3379\">\n<td data-start=\"3258\" data-end=\"3278\" data-col-size=\"sm\">Logistique<\/td>\n<td data-col-size=\"sm\" data-start=\"3278\" data-end=\"3306\">MOQ<\/td>\n<td data-col-size=\"lg\" data-start=\"3306\" data-end=\"3379\">500 pi\u00e8ces<\/td>\n<\/tr>\n<tr data-start=\"3380\" data-end=\"3501\">\n<td data-start=\"3380\" data-end=\"3400\" data-col-size=\"sm\">\u00c9chantillonnage<\/td>\n<td data-col-size=\"sm\" data-start=\"3400\" data-end=\"3428\">Politique<\/td>\n<td data-col-size=\"lg\" data-start=\"3428\" data-end=\"3501\">\u00c9chantillon gratuit ; frais de port \u00e0 la charge de l&#039;acheteur.<\/td>\n<\/tr>\n<tr data-start=\"3502\" data-end=\"3623\">\n<td data-start=\"3502\" data-end=\"3522\" data-col-size=\"sm\">Avantages<\/td>\n<td data-col-size=\"sm\" data-start=\"3522\" data-end=\"3550\">Points forts<\/td>\n<td data-col-size=\"lg\" data-start=\"3550\" data-end=\"3623\">Ajustement \u00e9lastique, r\u00e9utilisable, personnalisable, compatible avec les lecteurs NFC\/RFID<\/td>\n<\/tr>\n<\/tbody>\n<\/table>\n<\/div>\n<\/div>","protected":false},"excerpt":{"rendered":"<p>Bracelet \u00e9lastique tiss\u00e9 RFID\/NFC pour \u00e9v\u00e9nements et contr\u00f4le d&#039;acc\u00e8s - tailles\/couleurs personnalis\u00e9es, \u00e9tanche 100%, r\u00e9utilisable et pr\u00eat \u00e0 \u00eatre marqu\u00e9 avec impression en couleur et encodage de puce.<\/p>","protected":false},"featured_media":778,"template":"","meta":{"_gspb_post_css":""},"product_brand":[],"product_cat":[21],"product_tag":[],"class_list":{"0":"post-777","1":"product","2":"type-product","3":"status-publish","4":"has-post-thumbnail","6":"product_cat-rfid-nfc-bracelets","8":"first","9":"instock","10":"shipping-taxable","11":"purchasable","12":"product-type-simple"},"_links":{"self":[{"href":"https:\/\/www.cxjsmartcard.com\/fr\/wp-json\/wp\/v2\/product\/777","targetHints":{"allow":["GET"]}}],"collection":[{"href":"https:\/\/www.cxjsmartcard.com\/fr\/wp-json\/wp\/v2\/product"}],"about":[{"href":"https:\/\/www.cxjsmartcard.com\/fr\/wp-json\/wp\/v2\/types\/product"}],"wp:featuredmedia":[{"embeddable":true,"href":"https:\/\/www.cxjsmartcard.com\/fr\/wp-json\/wp\/v2\/media\/778"}],"wp:attachment":[{"href":"https:\/\/www.cxjsmartcard.com\/fr\/wp-json\/wp\/v2\/media?parent=777"}],"wp:term":[{"taxonomy":"product_brand","embeddable":true,"href":"https:\/\/www.cxjsmartcard.com\/fr\/wp-json\/wp\/v2\/product_brand?post=777"},{"taxonomy":"product_cat","embeddable":true,"href":"https:\/\/www.cxjsmartcard.com\/fr\/wp-json\/wp\/v2\/product_cat?post=777"},{"taxonomy":"product_tag","embeddable":true,"href":"https:\/\/www.cxjsmartcard.com\/fr\/wp-json\/wp\/v2\/product_tag?post=777"}],"curies":[{"name":"wp","href":"https:\/\/api.w.org\/{rel}","templated":true}]}}