{"id":772,"date":"2025-11-03T07:28:48","date_gmt":"2025-11-03T07:28:48","guid":{"rendered":"https:\/\/www.cxjsmartcard.com\/?post_type=product&#038;p=772"},"modified":"2025-12-29T01:27:10","modified_gmt":"2025-12-29T01:27:10","slug":"custom-nfc-fabric-woven-bracelet-rfid-wristband-for-festival","status":"publish","type":"product","link":"https:\/\/www.cxjsmartcard.com\/fr\/custom-nfc-fabric-woven-bracelet-rfid-wristband-for-festival\/","title":{"rendered":"Bracelet NFC tiss\u00e9 personnalis\u00e9 en tissu RFID pour festival"},"content":{"rendered":"<p data-start=\"72\" data-end=\"240\">Le bracelet NFC tiss\u00e9 en tissu personnalis\u00e9 avec puce RFID est une solution durable, \u00e9tanche et s\u00e9curis\u00e9e pour le contr\u00f4le d&#039;acc\u00e8s, le paiement sans esp\u00e8ces et la gestion d&#039;\u00e9v\u00e9nements.<\/p>\n<p data-start=\"242\" data-end=\"277\"><strong data-start=\"242\" data-end=\"255\">Mat\u00e9riels<\/strong><br data-start=\"255\" data-end=\"258\" \/>PVC + tissu tiss\u00e9.<\/p>\n<p data-start=\"279\" data-end=\"342\"><strong data-start=\"279\" data-end=\"292\">Protocoles<\/strong><br data-start=\"292\" data-end=\"295\" \/>OIN 11785, OIN 15693, OIN 14443A, OIN 18000-6C.<\/p>\n<p data-start=\"344\" data-end=\"443\"><strong data-start=\"344\" data-end=\"368\">Tailles (personnalisables)<\/strong><br data-start=\"368\" data-end=\"371\" \/>47\u00d747\u00d70,8 mm; 55,21\u00d756\u00d70,8 mm; 45\u00d740\u00d70,8 mm; 30\u00d747\u00d70,8 mm; 41\u00d726\u00d70,8 mm.<\/p>\n<p data-start=\"445\" data-end=\"519\"><strong data-start=\"445\" data-end=\"479\">Distance de lecture (d\u00e9pendante de la puce)<\/strong><br data-start=\"479\" data-end=\"482\" \/>BF : 1\u20134 cm \u2022 HF : 1\u20136 cm \u2022 UHF : 1\u20136 m.<\/p>\n<p data-start=\"521\" data-end=\"644\"><strong data-start=\"521\" data-end=\"541\">Artisanat disponible<\/strong><br data-start=\"541\" data-end=\"544\" \/>S\u00e9rigraphie ou impression multicolore\u00a0; logo\/laser, code UID\u00a0; num\u00e9ro de s\u00e9rie\u00a0; code QR\u00a0; encodage de donn\u00e9es.<\/p>\n<p data-start=\"646\" data-end=\"752\"><strong data-start=\"646\" data-end=\"662\">Applications<\/strong><br data-start=\"662\" data-end=\"665\" \/>\u00c9v\u00e9nements, festivals, \u00e9coles, parcs d&#039;attractions, centres musicaux et contr\u00f4le d&#039;acc\u00e8s g\u00e9n\u00e9ral.<\/p>\n<p data-start=\"754\" data-end=\"844\"><strong data-start=\"754\" data-end=\"778\">Options d&#039;installation<\/strong><br data-start=\"778\" data-end=\"781\" \/>Bracelet jetable \u00e0 fermeture coulissante\u00a0; bracelet r\u00e9utilisable ajustable.<\/p>\n<p data-start=\"846\" data-end=\"1312\"><strong data-start=\"846\" data-end=\"877\">Avantages des bracelets RFID<\/strong><br data-start=\"877\" data-end=\"880\" \/>Augmenter les revenus ; maximiser la rentabilit\u00e9 ; acc\u00e9l\u00e9rer le service ; am\u00e9liorer l&#039;efficacit\u00e9 op\u00e9rationnelle ; \u00e9liminer les probl\u00e8mes de gestion des esp\u00e8ces ; rationaliser les processus et les proc\u00e9dures ; pr\u00e9venir les admissions frauduleuses ou contrefaites.<br data-start=\"1093\" data-end=\"1096\" \/>Les puces RFID int\u00e9gr\u00e9es aux bracelets permettent le contr\u00f4le d&#039;acc\u00e8s, les paiements sans esp\u00e8ces, la collecte de donn\u00e9es, les interactions sociales et bien plus encore, prenant en charge les fr\u00e9quences LF (125\u2013134 kHz), HF (13,56 MHz) et UHF (860\u2013960 MHz) pour s&#039;adapter \u00e0 diff\u00e9rents d\u00e9ploiements.<\/p>\n<h2 data-start=\"1314\" data-end=\"1339\">Tableau (Sp\u00e9cifications)<\/h2>\n<div class=\"_tableContainer_1rjym_1\">\n<div class=\"group _tableWrapper_1rjym_13 flex w-fit flex-col-reverse\" tabindex=\"-1\">\n<table class=\"w-fit min-w-(--thread-content-width)\" data-start=\"1341\" data-end=\"2618\">\n<thead data-start=\"1341\" data-end=\"1455\">\n<tr data-start=\"1341\" data-end=\"1455\">\n<th data-start=\"1341\" data-end=\"1359\" data-col-size=\"sm\">Cat\u00e9gorie<\/th>\n<th data-start=\"1359\" data-end=\"1382\" data-col-size=\"sm\">Param\u00e8tre<\/th>\n<th data-start=\"1382\" data-end=\"1455\" data-col-size=\"md\">Valeur<\/th>\n<\/tr>\n<\/thead>\n<tbody data-start=\"1571\" data-end=\"2618\">\n<tr data-start=\"1571\" data-end=\"1685\">\n<td data-start=\"1571\" data-end=\"1589\" data-col-size=\"sm\">Produit<\/td>\n<td data-col-size=\"sm\" data-start=\"1589\" data-end=\"1612\">Taper<\/td>\n<td data-col-size=\"md\" data-start=\"1612\" data-end=\"1685\">Bracelet NFC en tissu tiss\u00e9 personnalis\u00e9 avec RFID<\/td>\n<\/tr>\n<tr data-start=\"1686\" data-end=\"1800\">\n<td data-start=\"1686\" data-end=\"1704\" data-col-size=\"sm\">Mat\u00e9riels<\/td>\n<td data-col-size=\"sm\" data-start=\"1704\" data-end=\"1727\">Corps<\/td>\n<td data-col-size=\"md\" data-start=\"1727\" data-end=\"1800\">PVC + Tiss\u00e9<\/td>\n<\/tr>\n<tr data-start=\"1801\" data-end=\"1915\">\n<td data-start=\"1801\" data-end=\"1819\" data-col-size=\"sm\">RF<\/td>\n<td data-col-size=\"sm\" data-start=\"1819\" data-end=\"1842\">Protocoles<\/td>\n<td data-col-size=\"md\" data-start=\"1842\" data-end=\"1915\">OIN 11785\u00a0; OIN 15693\u00a0; OIN 14443A\u00a0; OIN 18000-6C<\/td>\n<\/tr>\n<tr data-start=\"1916\" data-end=\"2030\">\n<td data-start=\"1916\" data-end=\"1934\" data-col-size=\"sm\"><\/td>\n<td data-col-size=\"sm\" data-start=\"1934\" data-end=\"1957\">Fr\u00e9quences<\/td>\n<td data-col-size=\"md\" data-start=\"1957\" data-end=\"2030\">BF 125\u2013134 kHz ; HF 13,56 MHz ; UHF 860\u2013960 MHz<\/td>\n<\/tr>\n<tr data-start=\"2031\" data-end=\"2145\">\n<td data-start=\"2031\" data-end=\"2049\" data-col-size=\"sm\">Performance<\/td>\n<td data-col-size=\"sm\" data-start=\"2049\" data-end=\"2072\">Distance de lecture<\/td>\n<td data-col-size=\"md\" data-start=\"2072\" data-end=\"2145\">BF 1\u20134 cm ; HF 1\u20136 cm ; UHF 1\u20136 m (selon la puce\/le lecteur)<\/td>\n<\/tr>\n<tr data-start=\"2146\" data-end=\"2262\">\n<td data-start=\"2146\" data-end=\"2164\" data-col-size=\"sm\">Dimensions<\/td>\n<td data-col-size=\"sm\" data-start=\"2164\" data-end=\"2187\">Options de taille<\/td>\n<td data-col-size=\"md\" data-start=\"2187\" data-end=\"2262\">47\u00d747\u00d70,8 mm ; 55,21\u00d756\u00d70,8 mm ; 45\u00d740\u00d70,8 mm ; 30\u00d747\u00d70,8 mm ; 41\u00d726\u00d70,8 mm<\/td>\n<\/tr>\n<tr data-start=\"2263\" data-end=\"2385\">\n<td data-start=\"2263\" data-end=\"2281\" data-col-size=\"sm\">Personnalisation<\/td>\n<td data-col-size=\"sm\" data-start=\"2281\" data-end=\"2304\">Impression\/encodage<\/td>\n<td data-col-size=\"md\" data-start=\"2304\" data-end=\"2385\">Impression s\u00e9rigraphique ou multicolore\u00a0; logo\/identifiant laser\u00a0; num\u00e9ro de s\u00e9rie\u00a0; code QR\u00a0; encodage de donn\u00e9es<\/td>\n<\/tr>\n<tr data-start=\"2386\" data-end=\"2503\">\n<td data-start=\"2386\" data-end=\"2404\" data-col-size=\"sm\">Applications<\/td>\n<td data-col-size=\"sm\" data-start=\"2404\" data-end=\"2427\">Cas d&#039;utilisation typiques<\/td>\n<td data-col-size=\"md\" data-start=\"2427\" data-end=\"2503\">Gestion des inscriptions aux \u00e9v\u00e9nements\/festivals, des \u00e9coles et des centres musicaux, contr\u00f4le d&#039;acc\u00e8s<\/td>\n<\/tr>\n<tr data-start=\"2504\" data-end=\"2618\">\n<td data-start=\"2504\" data-end=\"2522\" data-col-size=\"sm\">Installation<\/td>\n<td data-col-size=\"sm\" data-start=\"2522\" data-end=\"2545\">Types de bracelets<\/td>\n<td data-col-size=\"md\" data-start=\"2545\" data-end=\"2618\">Verrouillage coulissant jetable ; r\u00e9glable et r\u00e9utilisable<\/td>\n<\/tr>\n<\/tbody>\n<\/table>\n<\/div>\n<\/div>","protected":false},"excerpt":{"rendered":"<p>Bracelet RFID tiss\u00e9 en tissu pour \u00e9v\u00e9nements et contr\u00f4le d&#039;acc\u00e8s \u2014 durable, imperm\u00e9able et personnalisable ; compatible LF\/HF\/UHF, plusieurs tailles et bracelets jetables ou r\u00e9utilisables.<\/p>","protected":false},"featured_media":773,"template":"","meta":{"_gspb_post_css":""},"product_brand":[],"product_cat":[21],"product_tag":[],"class_list":{"0":"post-772","1":"product","2":"type-product","3":"status-publish","4":"has-post-thumbnail","6":"product_cat-rfid-nfc-bracelets","8":"first","9":"instock","10":"shipping-taxable","11":"purchasable","12":"product-type-simple"},"_links":{"self":[{"href":"https:\/\/www.cxjsmartcard.com\/fr\/wp-json\/wp\/v2\/product\/772","targetHints":{"allow":["GET"]}}],"collection":[{"href":"https:\/\/www.cxjsmartcard.com\/fr\/wp-json\/wp\/v2\/product"}],"about":[{"href":"https:\/\/www.cxjsmartcard.com\/fr\/wp-json\/wp\/v2\/types\/product"}],"wp:featuredmedia":[{"embeddable":true,"href":"https:\/\/www.cxjsmartcard.com\/fr\/wp-json\/wp\/v2\/media\/773"}],"wp:attachment":[{"href":"https:\/\/www.cxjsmartcard.com\/fr\/wp-json\/wp\/v2\/media?parent=772"}],"wp:term":[{"taxonomy":"product_brand","embeddable":true,"href":"https:\/\/www.cxjsmartcard.com\/fr\/wp-json\/wp\/v2\/product_brand?post=772"},{"taxonomy":"product_cat","embeddable":true,"href":"https:\/\/www.cxjsmartcard.com\/fr\/wp-json\/wp\/v2\/product_cat?post=772"},{"taxonomy":"product_tag","embeddable":true,"href":"https:\/\/www.cxjsmartcard.com\/fr\/wp-json\/wp\/v2\/product_tag?post=772"}],"curies":[{"name":"wp","href":"https:\/\/api.w.org\/{rel}","templated":true}]}}