{"id":767,"date":"2025-11-03T07:23:32","date_gmt":"2025-11-03T07:23:32","guid":{"rendered":"https:\/\/www.cxjsmartcard.com\/?post_type=product&#038;p=767"},"modified":"2025-12-29T01:27:10","modified_gmt":"2025-12-29T01:27:10","slug":"waterproof-uhf-industrial-rfid-flexible-silicone-laundry-tag","status":"publish","type":"product","link":"https:\/\/www.cxjsmartcard.com\/fr\/waterproof-uhf-industrial-rfid-flexible-silicone-laundry-tag\/","title":{"rendered":"\u00c9tiquette de linge flexible en silicone \u00e9tanche UHF RFID industrielle"},"content":{"rendered":"<p data-start=\"72\" data-end=\"463\">\u00c9tiquette de lavage UHF en silicone souple, con\u00e7ue pour le lavage industriel et la gestion des textiles. \u00c9tanche, r\u00e9sistante \u00e0 la chaleur et aux intemp\u00e9ries, elle fonctionne dans la bande 860\u2013960 MHz et est conforme \u00e0 la norme ISO\/IEC 18000-6C (EPC Gen2). Particuli\u00e8rement adapt\u00e9e au lavage industriel des v\u00eatements et du linge de maison, elle supporte le repassage \u00e0 haute temp\u00e9rature, la haute pression et plus de 200 cycles de lavage industriels.<\/p>\n<p data-start=\"465\" data-end=\"488\"><strong data-start=\"465\" data-end=\"486\">Assurance qualit\u00e9<\/strong><\/p>\n<ul data-start=\"489\" data-end=\"581\">\n<li data-start=\"489\" data-end=\"545\">\n<p data-start=\"491\" data-end=\"545\">Fonction 100% test\u00e9e par le testeur de performance Voyantic.<\/p>\n<\/li>\n<li data-start=\"546\" data-end=\"581\">\n<p data-start=\"548\" data-end=\"581\">100% EPC et m\u00e9moire utilisateur v\u00e9rifi\u00e9s.<\/p>\n<\/li>\n<\/ul>\n<p data-start=\"583\" data-end=\"614\"><strong data-start=\"583\" data-end=\"612\">Sp\u00e9cifications \u00e9lectriques<\/strong><\/p>\n<ul data-start=\"615\" data-end=\"886\">\n<li data-start=\"615\" data-end=\"664\">\n<p data-start=\"617\" data-end=\"664\">Interface air : EPC Classe 1 Gen2, ISO 18000-6C<\/p>\n<\/li>\n<li data-start=\"665\" data-end=\"705\">\n<p data-start=\"667\" data-end=\"705\">Type d&#039;appareil\u00a0: transpondeur UHF passif<\/p>\n<\/li>\n<li data-start=\"706\" data-end=\"744\">\n<p data-start=\"708\" data-end=\"744\">Fr\u00e9quence de fonctionnement : 865\u2013928 MHz<\/p>\n<\/li>\n<li data-start=\"745\" data-end=\"834\">\n<p data-start=\"747\" data-end=\"834\">M\u00e9moire (configuration typique du circuit int\u00e9gr\u00e9)\u00a0: EPC 128\u00a0bits\u00a0; utilisateur 32\u00a0bits\u00a0; mot de passe 32\u00a0bits\u00a0; TID 96\u00a0bits<\/p>\n<\/li>\n<li data-start=\"835\" data-end=\"859\">\n<p data-start=\"837\" data-end=\"859\">Polarisation : Lin\u00e9aire<\/p>\n<\/li>\n<li data-start=\"860\" data-end=\"886\">\n<p data-start=\"862\" data-end=\"886\">Conservation des donn\u00e9es : 10 ans<\/p>\n<\/li>\n<\/ul>\n<p data-start=\"888\" data-end=\"916\"><strong data-start=\"888\" data-end=\"914\">M\u00e9canique et mat\u00e9riaux<\/strong><\/p>\n<ul data-start=\"917\" data-end=\"1077\">\n<li data-start=\"917\" data-end=\"960\">\n<p data-start=\"919\" data-end=\"960\">Dimensions (\u00e9tiquette en tissu) : 60 \u00d7 20 \u00d7 1 mm<\/p>\n<\/li>\n<li data-start=\"961\" data-end=\"1043\">\n<p data-start=\"963\" data-end=\"1043\">Dimensions (\u00e9tiquette en silicone)\u00a0: 85 \u00d7 27 \u00d7 4 mm\u00a0; 55 \u00d7 12 \u00d7 2,5 mm (autres dimensions disponibles)<\/p>\n<\/li>\n<li data-start=\"1044\" data-end=\"1077\">\n<p data-start=\"1046\" data-end=\"1077\">Mat\u00e9riaux de l&#039;\u00e9tiquette\u00a0: tissu, silicone<\/p>\n<\/li>\n<\/ul>\n<p data-start=\"1079\" data-end=\"1118\"><strong data-start=\"1079\" data-end=\"1116\">Endurance environnementale et des proc\u00e9d\u00e9s<\/strong><\/p>\n<ul data-start=\"1119\" data-end=\"1352\">\n<li data-start=\"1119\" data-end=\"1181\">\n<p data-start=\"1121\" data-end=\"1181\">Temp\u00e9rature de stockage : \u221240 \u00b0C \u00e0 +120 \u00b0C (\u221240 \u00b0F \u00e0 +248 \u00b0F)<\/p>\n<\/li>\n<li data-start=\"1182\" data-end=\"1219\">\n<p data-start=\"1184\" data-end=\"1219\">Repasseur : 180 \u00b0C \u00d7 15 s, 200 cycles<\/p>\n<\/li>\n<li data-start=\"1220\" data-end=\"1316\">\n<p data-start=\"1222\" data-end=\"1316\">S\u00e9choir\u00a0: 85\u00a0\u00b0C \u00d7 120\u00a0min, 200\u00a0cycles\u00a0; 120\u00a0\u00b0C \u00d7 60\u00a0min, 200\u00a0cycles\u00a0; 150\u00a0\u00b0C \u00d7 20\u00a0min, 200\u00a0cycles<\/p>\n<\/li>\n<li data-start=\"1317\" data-end=\"1352\">\n<p data-start=\"1319\" data-end=\"1352\">R\u00e9sistance \u00e0 la pression : jusqu&#039;\u00e0 56 bar<\/p>\n<\/li>\n<\/ul>\n<p data-start=\"1354\" data-end=\"1372\"><strong data-start=\"1354\" data-end=\"1370\">Applications<\/strong><\/p>\n<ul data-start=\"1373\" data-end=\"1510\">\n<li data-start=\"1373\" data-end=\"1394\">\n<p data-start=\"1375\" data-end=\"1394\">Gestion du linge<\/p>\n<\/li>\n<li data-start=\"1395\" data-end=\"1417\">\n<p data-start=\"1397\" data-end=\"1417\">Gestion uniforme<\/p>\n<\/li>\n<li data-start=\"1418\" data-end=\"1449\">\n<p data-start=\"1420\" data-end=\"1449\">Gestion de la blanchisserie hospitali\u00e8re<\/p>\n<\/li>\n<li data-start=\"1450\" data-end=\"1478\">\n<p data-start=\"1452\" data-end=\"1478\">Gestion de la blanchisserie h\u00f4teli\u00e8re<\/p>\n<\/li>\n<li data-start=\"1479\" data-end=\"1510\">\n<p data-start=\"1481\" data-end=\"1510\">Gestion industrielle des textiles<\/p>\n<\/li>\n<\/ul>\n<p data-start=\"1512\" data-end=\"1666\"><strong data-start=\"1512\" data-end=\"1520\">FAQ<\/strong><br data-start=\"1520\" data-end=\"1523\" \/><strong data-start=\"1523\" data-end=\"1530\">Q1 :<\/strong> Ces \u00e9tiquettes RFID peuvent-elles \u00eatre cousues dans des uniformes ou des v\u00eatements\u00a0?<br data-start=\"1585\" data-end=\"1588\" \/><strong data-start=\"1588\" data-end=\"1594\">UN:<\/strong> Oui. L&#039;\u00e9tiquette en silicone souple peut \u00eatre cousue, thermoscell\u00e9e ou int\u00e9gr\u00e9e.<\/p>\n<p data-start=\"1668\" data-end=\"1791\"><strong data-start=\"1668\" data-end=\"1675\">Q2 :<\/strong> Combien de cycles de lavage cette \u00e9tiquette peut-elle supporter\u00a0?<br data-start=\"1717\" data-end=\"1720\" \/><strong data-start=\"1720\" data-end=\"1726\">UN:<\/strong> Jusqu&#039;\u00e0 200 cycles de lavage, selon la lessive et la temp\u00e9rature.<\/p>\n<p data-start=\"1793\" data-end=\"1916\"><strong data-start=\"1793\" data-end=\"1800\">Q3\u00a0:<\/strong> La personnalisation est-elle possible\u00a0?<br data-start=\"1828\" data-end=\"1831\" \/><strong data-start=\"1831\" data-end=\"1837\">UN:<\/strong> Oui. Les tailles, les couleurs et le marquage (impression de logo ou codes QR) sont personnalisables.<\/p>\n<h2 data-start=\"1918\" data-end=\"1943\">Tableau (Sp\u00e9cifications)<\/h2>\n<div class=\"_tableContainer_1rjym_1\">\n<div class=\"group _tableWrapper_1rjym_13 flex w-fit flex-col-reverse\" tabindex=\"-1\">\n<table class=\"w-fit min-w-(--thread-content-width)\" data-start=\"1945\" data-end=\"4087\">\n<thead data-start=\"1945\" data-end=\"2071\">\n<tr data-start=\"1945\" data-end=\"2071\">\n<th data-start=\"1945\" data-end=\"1970\" data-col-size=\"sm\">Cat\u00e9gorie<\/th>\n<th data-start=\"1970\" data-end=\"1998\" data-col-size=\"sm\">Param\u00e8tre<\/th>\n<th data-start=\"1998\" data-end=\"2071\" data-col-size=\"md\">Valeur<\/th>\n<\/tr>\n<\/thead>\n<tbody data-start=\"2198\" data-end=\"4087\">\n<tr data-start=\"2198\" data-end=\"2323\">\n<td data-start=\"2198\" data-end=\"2222\" data-col-size=\"sm\">Interface RF<\/td>\n<td data-col-size=\"sm\" data-start=\"2222\" data-end=\"2250\">Protocole<\/td>\n<td data-col-size=\"md\" data-start=\"2250\" data-end=\"2323\">Classe \u00e9nerg\u00e9tique 1 Gen2 \/ ISO 18000-6C<\/td>\n<\/tr>\n<tr data-start=\"2324\" data-end=\"2449\">\n<td data-start=\"2324\" data-end=\"2348\" data-col-size=\"sm\"><\/td>\n<td data-col-size=\"sm\" data-start=\"2348\" data-end=\"2376\">Type d&#039;appareil<\/td>\n<td data-col-size=\"md\" data-start=\"2376\" data-end=\"2449\">Transpondeur UHF passif<\/td>\n<\/tr>\n<tr data-start=\"2450\" data-end=\"2575\">\n<td data-start=\"2450\" data-end=\"2474\" data-col-size=\"sm\"><\/td>\n<td data-col-size=\"sm\" data-start=\"2474\" data-end=\"2502\">Fr\u00e9quence<\/td>\n<td data-col-size=\"md\" data-start=\"2502\" data-end=\"2575\">865\u2013928 MHz (op\u00e9rationnel) ; 860\u2013960 MHz pris en charge<\/td>\n<\/tr>\n<tr data-start=\"2576\" data-end=\"2701\">\n<td data-start=\"2576\" data-end=\"2600\" data-col-size=\"sm\">M\u00e9moire<\/td>\n<td data-col-size=\"sm\" data-start=\"2600\" data-end=\"2628\">EPC \/ Utilisateur \/ Mot de passe \/ TID<\/td>\n<td data-col-size=\"md\" data-start=\"2628\" data-end=\"2701\">128 bits \/ 32 bits \/ 32 bits \/ 96 bits<\/td>\n<\/tr>\n<tr data-start=\"2702\" data-end=\"2827\">\n<td data-start=\"2702\" data-end=\"2726\" data-col-size=\"sm\">Donn\u00e9es<\/td>\n<td data-col-size=\"sm\" data-start=\"2726\" data-end=\"2754\">R\u00e9tention<\/td>\n<td data-col-size=\"md\" data-start=\"2754\" data-end=\"2827\">10 ans<\/td>\n<\/tr>\n<tr data-start=\"2828\" data-end=\"2953\">\n<td data-start=\"2828\" data-end=\"2852\" data-col-size=\"sm\">Antenne<\/td>\n<td data-col-size=\"sm\" data-start=\"2852\" data-end=\"2880\">Polarisation<\/td>\n<td data-col-size=\"md\" data-start=\"2880\" data-end=\"2953\">Lin\u00e9aire<\/td>\n<\/tr>\n<tr data-start=\"2954\" data-end=\"3079\">\n<td data-start=\"2954\" data-end=\"2978\" data-col-size=\"sm\">Mat\u00e9riels<\/td>\n<td data-col-size=\"sm\" data-start=\"2978\" data-end=\"3006\">Mati\u00e8re d&#039;\u00e9tiquette<\/td>\n<td data-col-size=\"md\" data-start=\"3006\" data-end=\"3079\">Tissu, silicone<\/td>\n<\/tr>\n<tr data-start=\"3080\" data-end=\"3205\">\n<td data-start=\"3080\" data-end=\"3104\" data-col-size=\"sm\">Dimensions (Tissu)<\/td>\n<td data-col-size=\"sm\" data-start=\"3104\" data-end=\"3132\">Taille<\/td>\n<td data-col-size=\"md\" data-start=\"3132\" data-end=\"3205\">60 \u00d7 20 \u00d7 1 mm<\/td>\n<\/tr>\n<tr data-start=\"3206\" data-end=\"3331\">\n<td data-start=\"3206\" data-end=\"3230\" data-col-size=\"sm\">Dimensions (Silicone)<\/td>\n<td data-col-size=\"sm\" data-start=\"3230\" data-end=\"3258\">Options de taille<\/td>\n<td data-col-size=\"md\" data-start=\"3258\" data-end=\"3331\">85 \u00d7 27 \u00d7 4 mm ; 55 \u00d7 12 \u00d7 2,5 mm<\/td>\n<\/tr>\n<tr data-start=\"3332\" data-end=\"3457\">\n<td data-start=\"3332\" data-end=\"3356\" data-col-size=\"sm\">Environnement<\/td>\n<td data-col-size=\"sm\" data-start=\"3356\" data-end=\"3384\">Temp\u00e9rature de stockage<\/td>\n<td data-col-size=\"md\" data-start=\"3384\" data-end=\"3457\">\u221240 \u00b0C \u00e0 +120 \u00b0C<\/td>\n<\/tr>\n<tr data-start=\"3458\" data-end=\"3583\">\n<td data-start=\"3458\" data-end=\"3482\" data-col-size=\"sm\">Endurance du processus<\/td>\n<td data-col-size=\"sm\" data-start=\"3482\" data-end=\"3510\">Fer \u00e0 repasser<\/td>\n<td data-col-size=\"md\" data-start=\"3510\" data-end=\"3583\">180 \u00b0C \u00d7 15 s, 200 cycles<\/td>\n<\/tr>\n<tr data-start=\"3584\" data-end=\"3709\">\n<td data-start=\"3584\" data-end=\"3608\" data-col-size=\"sm\"><\/td>\n<td data-col-size=\"sm\" data-start=\"3608\" data-end=\"3636\">S\u00e9choir<\/td>\n<td data-col-size=\"md\" data-start=\"3636\" data-end=\"3709\">85 \u00b0C \u00d7 120 min ; 120 \u00b0C \u00d7 60 min ; 150 \u00b0C \u00d7 20 min (200 cycles au total)<\/td>\n<\/tr>\n<tr data-start=\"3710\" data-end=\"3835\">\n<td data-start=\"3710\" data-end=\"3734\" data-col-size=\"sm\">M\u00e9canique<\/td>\n<td data-col-size=\"sm\" data-start=\"3734\" data-end=\"3762\">R\u00e9sistance \u00e0 la pression<\/td>\n<td data-col-size=\"md\" data-start=\"3762\" data-end=\"3835\">Jusqu&#039;\u00e0 56 bars<\/td>\n<\/tr>\n<tr data-start=\"3836\" data-end=\"3961\">\n<td data-start=\"3836\" data-end=\"3860\" data-col-size=\"sm\">Applications<\/td>\n<td data-col-size=\"sm\" data-start=\"3860\" data-end=\"3888\">Cas d&#039;utilisation typiques<\/td>\n<td data-col-size=\"md\" data-start=\"3888\" data-end=\"3961\">Linge de maison, uniformes, blanchisserie hospitali\u00e8re et h\u00f4teli\u00e8re, textiles industriels<\/td>\n<\/tr>\n<tr data-start=\"3962\" data-end=\"4087\">\n<td data-start=\"3962\" data-end=\"3986\" data-col-size=\"sm\">Assurance qualit\u00e9<\/td>\n<td data-col-size=\"sm\" data-start=\"3986\" data-end=\"4014\">Essai<\/td>\n<td data-col-size=\"md\" data-start=\"4014\" data-end=\"4087\">Performances Voyantic test\u00e9es ; EPC 100% et m\u00e9moire utilisateur v\u00e9rifi\u00e9es<\/td>\n<\/tr>\n<\/tbody>\n<\/table>\n<\/div>\n<\/div>","protected":false},"excerpt":{"rendered":"<p>\u00c9tiquette de linge en silicone RFID UHF flexible et \u00e9tanche pour textiles industriels \u2014 EPC Gen2, 865\u2013928 MHz, jusqu&#039;\u00e0 200 cycles, r\u00e9sistance \u00e0 la pression de 56 bars ; \u00e0 coudre, \u00e0 thermosceller ou \u00e0 int\u00e9grer.<\/p>","protected":false},"featured_media":768,"template":"","meta":{"_gspb_post_css":""},"product_brand":[],"product_cat":[17,20],"product_tag":[],"class_list":{"0":"post-767","1":"product","2":"type-product","3":"status-publish","4":"has-post-thumbnail","6":"product_cat-rfid-laundry-tags","7":"product_cat-silicone-rfid-laundry-tags","9":"first","10":"instock","11":"shipping-taxable","12":"purchasable","13":"product-type-simple"},"_links":{"self":[{"href":"https:\/\/www.cxjsmartcard.com\/fr\/wp-json\/wp\/v2\/product\/767","targetHints":{"allow":["GET"]}}],"collection":[{"href":"https:\/\/www.cxjsmartcard.com\/fr\/wp-json\/wp\/v2\/product"}],"about":[{"href":"https:\/\/www.cxjsmartcard.com\/fr\/wp-json\/wp\/v2\/types\/product"}],"wp:featuredmedia":[{"embeddable":true,"href":"https:\/\/www.cxjsmartcard.com\/fr\/wp-json\/wp\/v2\/media\/768"}],"wp:attachment":[{"href":"https:\/\/www.cxjsmartcard.com\/fr\/wp-json\/wp\/v2\/media?parent=767"}],"wp:term":[{"taxonomy":"product_brand","embeddable":true,"href":"https:\/\/www.cxjsmartcard.com\/fr\/wp-json\/wp\/v2\/product_brand?post=767"},{"taxonomy":"product_cat","embeddable":true,"href":"https:\/\/www.cxjsmartcard.com\/fr\/wp-json\/wp\/v2\/product_cat?post=767"},{"taxonomy":"product_tag","embeddable":true,"href":"https:\/\/www.cxjsmartcard.com\/fr\/wp-json\/wp\/v2\/product_tag?post=767"}],"curies":[{"name":"wp","href":"https:\/\/api.w.org\/{rel}","templated":true}]}}