{"id":762,"date":"2025-11-03T07:20:27","date_gmt":"2025-11-03T07:20:27","guid":{"rendered":"https:\/\/www.cxjsmartcard.com\/?post_type=product&#038;p=762"},"modified":"2025-12-29T01:27:10","modified_gmt":"2025-12-29T01:27:10","slug":"passive-silicone-washable-uhf-rfid-laundry-label-for-washing-management","status":"publish","type":"product","link":"https:\/\/www.cxjsmartcard.com\/fr\/passive-silicone-washable-uhf-rfid-laundry-label-for-washing-management\/","title":{"rendered":"\u00c9tiquette de linge RFID UHF lavable en silicone passif pour la gestion du lavage"},"content":{"rendered":"<p data-start=\"83\" data-end=\"330\">L&#039;\u00e9tiquette RFID UHF lavable en silicone passif est con\u00e7ue pour les conditions de lavage les plus exigeantes. Que vous manipuliez du linge d&#039;h\u00f4pital, des serviettes d&#039;h\u00f4tel ou des uniformes de travail, cette \u00e9tiquette simplifie et fiabilise la gestion du lavage.<\/p>\n<p data-start=\"332\" data-end=\"538\"><strong data-start=\"332\" data-end=\"378\">Silicone flexible pour une int\u00e9gration parfaite<\/strong><br data-start=\"378\" data-end=\"381\" \/>Fabriqu\u00e9 en silicone souple, la taille <strong data-start=\"415\" data-end=\"435\">55 \u00d7 12 \u00d7 2,5 mm<\/strong> Elle est suffisamment fine pour se cacher \u00e0 l&#039;int\u00e9rieur des cols ou des ourlets \u2013 id\u00e9ale pour les uniformes, les blouses m\u00e9dicales et m\u00eame les tissus d\u00e9licats.<\/p>\n<p data-start=\"540\" data-end=\"746\"><strong data-start=\"540\" data-end=\"575\">\u00c9cologique et \u00e9conomique<\/strong><br data-start=\"575\" data-end=\"578\" \/>R\u00e9utilisable pour <strong data-start=\"591\" data-end=\"602\">100\u2013200<\/strong> Des cycles de suivi permettent de r\u00e9duire le gaspillage et les pertes dues aux articles manquants. Un meilleur suivi signifie \u00e9galement moins de surstockage, ce qui est b\u00e9n\u00e9fique pour les budgets et l&#039;environnement.<\/p>\n<p data-start=\"748\" data-end=\"901\"><strong data-start=\"748\" data-end=\"756\">FAQ<\/strong><br data-start=\"756\" data-end=\"759\" \/><strong data-start=\"759\" data-end=\"765\">Q :<\/strong> Puis-je coudre l&#039;\u00e9tiquette sur le v\u00eatement\u00a0?<br data-start=\"798\" data-end=\"801\" \/><strong data-start=\"801\" data-end=\"807\">UN:<\/strong> Oui, sa conception flexible permet la couture, le thermoscellage ou l&#039;insertion dans les coutures et les cols.<\/p>\n<p data-start=\"903\" data-end=\"1071\"><strong data-start=\"903\" data-end=\"909\">Q :<\/strong> L&#039;\u00e9tiquette r\u00e9sistera-t-elle aux laveuses et s\u00e9cheuses industrielles\u00a0?<br data-start=\"961\" data-end=\"964\" \/><strong data-start=\"964\" data-end=\"970\">UN:<\/strong> Absolument. C&#039;est test\u00e9 pour <strong data-start=\"999\" data-end=\"1010\">100\u2013200<\/strong> cycles de lavage industriels, y compris le s\u00e9chage \u00e0 haute temp\u00e9rature.<\/p>\n<p data-start=\"1073\" data-end=\"1158\"><strong data-start=\"1073\" data-end=\"1079\">Q :<\/strong> Puis-je avoir un \u00e9chantillon ?<br data-start=\"1099\" data-end=\"1102\" \/><strong data-start=\"1102\" data-end=\"1108\">UN:<\/strong> Oui, des \u00e9chantillons sont disponibles pour des tests sur demande.<\/p>\n<h2 data-start=\"1213\" data-end=\"1238\">Tableau (Sp\u00e9cifications)<\/h2>\n<div class=\"_tableContainer_1rjym_1\">\n<div class=\"group _tableWrapper_1rjym_13 flex w-fit flex-col-reverse\" tabindex=\"-1\">\n<table class=\"w-fit min-w-(--thread-content-width)\" data-start=\"1240\" data-end=\"2206\">\n<thead data-start=\"1240\" data-end=\"1319\">\n<tr data-start=\"1240\" data-end=\"1319\">\n<th data-start=\"1240\" data-end=\"1258\" data-col-size=\"sm\">Cat\u00e9gorie<\/th>\n<th data-start=\"1258\" data-end=\"1280\" data-col-size=\"sm\">Param\u00e8tre<\/th>\n<th data-start=\"1280\" data-end=\"1319\" data-col-size=\"md\">Valeur<\/th>\n<\/tr>\n<\/thead>\n<tbody data-start=\"1400\" data-end=\"2206\">\n<tr data-start=\"1400\" data-end=\"1479\">\n<td data-start=\"1400\" data-end=\"1418\" data-col-size=\"sm\">RF<\/td>\n<td data-col-size=\"sm\" data-start=\"1418\" data-end=\"1440\">Fr\u00e9quence<\/td>\n<td data-col-size=\"md\" data-start=\"1440\" data-end=\"1479\">860\u2013960 MHz (UHF)<\/td>\n<\/tr>\n<tr data-start=\"1480\" data-end=\"1559\">\n<td data-start=\"1480\" data-end=\"1498\" data-col-size=\"sm\"><\/td>\n<td data-start=\"1498\" data-end=\"1520\" data-col-size=\"sm\">Protocole<\/td>\n<td data-col-size=\"md\" data-start=\"1520\" data-end=\"1559\">ISO\/IEC 18000-6C (EPC Gen2)<\/td>\n<\/tr>\n<tr data-start=\"1560\" data-end=\"1639\">\n<td data-start=\"1560\" data-end=\"1578\" data-col-size=\"sm\">Options de puce<\/td>\n<td data-col-size=\"sm\" data-start=\"1578\" data-end=\"1600\">CI<\/td>\n<td data-col-size=\"md\" data-start=\"1600\" data-end=\"1639\">U8 \/ U9<\/td>\n<\/tr>\n<tr data-start=\"1640\" data-end=\"1719\">\n<td data-start=\"1640\" data-end=\"1658\" data-col-size=\"sm\">Performance<\/td>\n<td data-start=\"1658\" data-end=\"1680\" data-col-size=\"sm\">Plage de lecture<\/td>\n<td data-col-size=\"md\" data-start=\"1680\" data-end=\"1719\">Jusqu&#039;\u00e0 3 m<\/td>\n<\/tr>\n<tr data-start=\"1720\" data-end=\"1799\">\n<td data-start=\"1720\" data-end=\"1738\" data-col-size=\"sm\"><\/td>\n<td data-col-size=\"sm\" data-start=\"1738\" data-end=\"1760\">Cycles de programmation<\/td>\n<td data-col-size=\"md\" data-start=\"1760\" data-end=\"1799\">100,000+<\/td>\n<\/tr>\n<tr data-start=\"1800\" data-end=\"1879\">\n<td data-start=\"1800\" data-end=\"1818\" data-col-size=\"sm\">Durabilit\u00e9<\/td>\n<td data-col-size=\"sm\" data-start=\"1818\" data-end=\"1840\">Cycles de lavage<\/td>\n<td data-col-size=\"md\" data-start=\"1840\" data-end=\"1879\">100\u2013200<\/td>\n<\/tr>\n<tr data-start=\"1880\" data-end=\"1959\">\n<td data-start=\"1880\" data-end=\"1898\" data-col-size=\"sm\">Environnement<\/td>\n<td data-col-size=\"sm\" data-start=\"1898\" data-end=\"1920\">Plage de temp\u00e9rature<\/td>\n<td data-col-size=\"md\" data-start=\"1920\" data-end=\"1959\">\u221220 \u2103 \u00e0 +100 \u2103<\/td>\n<\/tr>\n<tr data-start=\"1960\" data-end=\"2039\">\n<td data-start=\"1960\" data-end=\"1978\" data-col-size=\"sm\">Physique<\/td>\n<td data-col-size=\"sm\" data-start=\"1978\" data-end=\"2000\">Mat\u00e9riel<\/td>\n<td data-col-size=\"md\" data-start=\"2000\" data-end=\"2039\">Silicone<\/td>\n<\/tr>\n<tr data-start=\"2040\" data-end=\"2119\">\n<td data-start=\"2040\" data-end=\"2058\" data-col-size=\"sm\"><\/td>\n<td data-start=\"2058\" data-end=\"2080\" data-col-size=\"sm\">Taille<\/td>\n<td data-col-size=\"md\" data-start=\"2080\" data-end=\"2119\">55 \u00d7 12 \u00d7 2,5 mm<\/td>\n<\/tr>\n<tr data-start=\"2120\" data-end=\"2206\">\n<td data-start=\"2120\" data-end=\"2138\" data-col-size=\"sm\">Applications<\/td>\n<td data-col-size=\"sm\" data-start=\"2138\" data-end=\"2160\">Cas d&#039;utilisation typiques<\/td>\n<td data-col-size=\"md\" data-start=\"2160\" data-end=\"2206\">Blanchisserie, v\u00eatements, linge de maison, suivi des textiles<\/td>\n<\/tr>\n<\/tbody>\n<\/table>\n<\/div>\n<\/div>","protected":false},"excerpt":{"rendered":"<p>\u00c9tiquette de linge flexible en silicone UHF \u2014 55\u00d712\u00d72,5 mm, EPC Gen2 (U8\/U9), jusqu&#039;\u00e0 3 m de lecture et une durabilit\u00e9 de 100 \u00e0 200 cycles de lavage pour v\u00eatements, linge de maison et uniformes.<\/p>","protected":false},"featured_media":763,"template":"","meta":{"_gspb_post_css":""},"product_brand":[],"product_cat":[17,20],"product_tag":[],"class_list":{"0":"post-762","1":"product","2":"type-product","3":"status-publish","4":"has-post-thumbnail","6":"product_cat-rfid-laundry-tags","7":"product_cat-silicone-rfid-laundry-tags","9":"first","10":"instock","11":"shipping-taxable","12":"purchasable","13":"product-type-simple"},"_links":{"self":[{"href":"https:\/\/www.cxjsmartcard.com\/fr\/wp-json\/wp\/v2\/product\/762","targetHints":{"allow":["GET"]}}],"collection":[{"href":"https:\/\/www.cxjsmartcard.com\/fr\/wp-json\/wp\/v2\/product"}],"about":[{"href":"https:\/\/www.cxjsmartcard.com\/fr\/wp-json\/wp\/v2\/types\/product"}],"wp:featuredmedia":[{"embeddable":true,"href":"https:\/\/www.cxjsmartcard.com\/fr\/wp-json\/wp\/v2\/media\/763"}],"wp:attachment":[{"href":"https:\/\/www.cxjsmartcard.com\/fr\/wp-json\/wp\/v2\/media?parent=762"}],"wp:term":[{"taxonomy":"product_brand","embeddable":true,"href":"https:\/\/www.cxjsmartcard.com\/fr\/wp-json\/wp\/v2\/product_brand?post=762"},{"taxonomy":"product_cat","embeddable":true,"href":"https:\/\/www.cxjsmartcard.com\/fr\/wp-json\/wp\/v2\/product_cat?post=762"},{"taxonomy":"product_tag","embeddable":true,"href":"https:\/\/www.cxjsmartcard.com\/fr\/wp-json\/wp\/v2\/product_tag?post=762"}],"curies":[{"name":"wp","href":"https:\/\/api.w.org\/{rel}","templated":true}]}}