{"id":756,"date":"2025-11-03T07:16:39","date_gmt":"2025-11-03T07:16:39","guid":{"rendered":"https:\/\/www.cxjsmartcard.com\/?post_type=product&#038;p=756"},"modified":"2025-12-29T01:27:10","modified_gmt":"2025-12-29T01:27:10","slug":"860-960mhz-washable-uhf-rfid-silicone-tag","status":"publish","type":"product","link":"https:\/\/www.cxjsmartcard.com\/fr\/860-960mhz-washable-uhf-rfid-silicone-tag\/","title":{"rendered":"\u00c9tiquette RFID UHF lavable en silicone 860\u2013960 MHz"},"content":{"rendered":"<p data-start=\"53\" data-end=\"360\">Cette \u00e9tiquette RFID UHF lavable en silicone est con\u00e7ue pour la gestion industrielle du linge et des uniformes dans les h\u00f4tels, les h\u00f4pitaux et autres environnements \u00e0 forte activit\u00e9. Elle peut \u00eatre cousue sur le bord des textiles ou int\u00e9gr\u00e9e \u00e0 l&#039;article et r\u00e9siste au lavage, au nettoyage \u00e0 sec et \u00e0 la st\u00e9rilisation \u00e0 haute temp\u00e9rature.<\/p>\n<p data-start=\"362\" data-end=\"376\"><strong data-start=\"362\" data-end=\"374\">Caract\u00e9ristiques<\/strong><\/p>\n<ul data-start=\"377\" data-end=\"599\">\n<li data-start=\"377\" data-end=\"408\">\n<p data-start=\"379\" data-end=\"408\">r\u00e9sistance aux hautes temp\u00e9ratures<\/p>\n<\/li>\n<li data-start=\"409\" data-end=\"443\">\n<p data-start=\"411\" data-end=\"443\">Imperm\u00e9able, r\u00e9sistant \u00e0 la poussi\u00e8re, durable<\/p>\n<\/li>\n<li data-start=\"444\" data-end=\"498\">\n<p data-start=\"446\" data-end=\"498\">Anti-collision ; stabilit\u00e9 de lecture haute performance<\/p>\n<\/li>\n<li data-start=\"499\" data-end=\"550\">\n<p data-start=\"501\" data-end=\"550\">Indice de protection IP68\u00a0; r\u00e9sistance \u00e0 la pression et aux alcalis<\/p>\n<\/li>\n<li data-start=\"551\" data-end=\"599\">\n<p data-start=\"553\" data-end=\"599\">Disponible en production stable \u00e0 grand volume<\/p>\n<\/li>\n<\/ul>\n<p data-start=\"601\" data-end=\"809\"><strong data-start=\"601\" data-end=\"617\">Applications<\/strong><br data-start=\"617\" data-end=\"620\" \/>Suivi du linge et des v\u00eatements d&#039;h\u00f4tels\/h\u00f4pitaux\u00a0; \u00e9tiquettes d&#039;entretien sur les moteurs automobiles\u00a0; gestion de la production de v\u00eatements\u00a0; inventaire des entrep\u00f4ts\u00a0; uniformes scolaires et v\u00eatements sp\u00e9ciaux.<\/p>\n<p data-start=\"811\" data-end=\"972\"><strong data-start=\"811\" data-end=\"819\">FAQ<\/strong><br data-start=\"819\" data-end=\"822\" \/><strong data-start=\"822\" data-end=\"829\">Q1 :<\/strong> Ces \u00e9tiquettes peuvent-elles r\u00e9sister aux machines \u00e0 laver industrielles\u00a0?<br data-start=\"881\" data-end=\"884\" \/><strong data-start=\"884\" data-end=\"890\">UN:<\/strong> Oui, con\u00e7u sp\u00e9cifiquement pour r\u00e9sister \u00e0 la chaleur, \u00e0 l&#039;eau et aux produits chimiques utilis\u00e9s dans le lavage industriel des blanchisseries.<\/p>\n<p data-start=\"974\" data-end=\"1065\"><strong data-start=\"974\" data-end=\"981\">Q2 :<\/strong> Les \u00e9tiquettes ont-elles besoin de piles\u00a0?<br data-start=\"1009\" data-end=\"1012\" \/><strong data-start=\"1012\" data-end=\"1018\">UN:<\/strong> Non, les \u00e9tiquettes UHF passives ne n\u00e9cessitent aucune source d&#039;alimentation.<\/p>\n<p data-start=\"1067\" data-end=\"1140\"><strong data-start=\"1067\" data-end=\"1074\">Q3\u00a0:<\/strong> Puis-je obtenir des \u00e9chantillons ?<br data-start=\"1093\" data-end=\"1096\" \/><strong data-start=\"1096\" data-end=\"1102\">UN:<\/strong> Oui, des \u00e9chantillons sont disponibles sur demande.<\/p>\n<h2 data-start=\"1142\" data-end=\"1167\">Tableau (Sp\u00e9cifications)<\/h2>\n<div class=\"_tableContainer_1rjym_1\">\n<div class=\"group _tableWrapper_1rjym_13 flex w-fit flex-col-reverse\" tabindex=\"-1\">\n<table class=\"w-fit min-w-(--thread-content-width)\" data-start=\"1168\" data-end=\"2660\">\n<thead data-start=\"1168\" data-end=\"1272\">\n<tr data-start=\"1168\" data-end=\"1272\">\n<th data-start=\"1168\" data-end=\"1189\" data-col-size=\"sm\">Cat\u00e9gorie<\/th>\n<th data-start=\"1189\" data-end=\"1216\" data-col-size=\"sm\">Param\u00e8tre<\/th>\n<th data-start=\"1216\" data-end=\"1272\" data-col-size=\"md\">Valeur<\/th>\n<\/tr>\n<\/thead>\n<tbody data-start=\"1377\" data-end=\"2660\">\n<tr data-start=\"1377\" data-end=\"1480\">\n<td data-start=\"1377\" data-end=\"1397\" data-col-size=\"sm\">Physique<\/td>\n<td data-col-size=\"sm\" data-start=\"1397\" data-end=\"1424\">Taille<\/td>\n<td data-col-size=\"md\" data-start=\"1424\" data-end=\"1480\">85 \u00d7 27 \u00d7 4 mm<\/td>\n<\/tr>\n<tr data-start=\"1481\" data-end=\"1584\">\n<td data-start=\"1481\" data-end=\"1501\" data-col-size=\"sm\"><\/td>\n<td data-col-size=\"sm\" data-start=\"1501\" data-end=\"1528\">Mat\u00e9riel<\/td>\n<td data-col-size=\"md\" data-start=\"1528\" data-end=\"1584\">Silicone en caoutchouc<\/td>\n<\/tr>\n<tr data-start=\"1585\" data-end=\"1688\">\n<td data-start=\"1585\" data-end=\"1605\" data-col-size=\"sm\">Protection<\/td>\n<td data-col-size=\"sm\" data-start=\"1605\" data-end=\"1632\">Note d&#039;entr\u00e9e<\/td>\n<td data-col-size=\"md\" data-start=\"1632\" data-end=\"1688\">IP68<\/td>\n<\/tr>\n<tr data-start=\"1689\" data-end=\"1792\">\n<td data-start=\"1689\" data-end=\"1709\" data-col-size=\"sm\">RF<\/td>\n<td data-col-size=\"sm\" data-start=\"1709\" data-end=\"1736\">Fr\u00e9quence<\/td>\n<td data-col-size=\"md\" data-start=\"1736\" data-end=\"1792\">860\u2013960 MHz (UHF) ; options 13,56 MHz \u00e9galement disponibles<\/td>\n<\/tr>\n<tr data-start=\"1793\" data-end=\"1896\">\n<td data-start=\"1793\" data-end=\"1813\" data-col-size=\"sm\"><\/td>\n<td data-col-size=\"sm\" data-start=\"1813\" data-end=\"1840\">Protocole<\/td>\n<td data-col-size=\"md\" data-start=\"1840\" data-end=\"1896\">ISO 18000-6C \/ 6B ; ISO 15693<\/td>\n<\/tr>\n<tr data-start=\"1897\" data-end=\"2000\">\n<td data-start=\"1897\" data-end=\"1917\" data-col-size=\"sm\">Options de puce<\/td>\n<td data-col-size=\"sm\" data-start=\"1917\" data-end=\"1944\">UHF IC<\/td>\n<td data-col-size=\"md\" data-start=\"1944\" data-end=\"2000\">R6 \/ U8 \/ U9<\/td>\n<\/tr>\n<tr data-start=\"2001\" data-end=\"2104\">\n<td data-start=\"2001\" data-end=\"2021\" data-col-size=\"sm\">Environnement<\/td>\n<td data-start=\"2021\" data-end=\"2048\" data-col-size=\"sm\">Plage de temp\u00e9rature<\/td>\n<td data-col-size=\"md\" data-start=\"2048\" data-end=\"2104\">\u221230 \u2103 \u00e0 +220 \u2103<\/td>\n<\/tr>\n<tr data-start=\"2105\" data-end=\"2208\">\n<td data-start=\"2105\" data-end=\"2125\" data-col-size=\"sm\">Durabilit\u00e9<\/td>\n<td data-col-size=\"sm\" data-start=\"2125\" data-end=\"2152\">Lavez la vie<\/td>\n<td data-col-size=\"md\" data-start=\"2152\" data-end=\"2208\">200 cycles de lavage ou 3 ans \u00e0 compter de la date d&#039;exp\u00e9dition<\/td>\n<\/tr>\n<tr data-start=\"2209\" data-end=\"2312\">\n<td data-start=\"2209\" data-end=\"2229\" data-col-size=\"sm\">Limites du processus<\/td>\n<td data-col-size=\"sm\" data-start=\"2229\" data-end=\"2256\">Lavage<\/td>\n<td data-col-size=\"md\" data-start=\"2256\" data-end=\"2312\">90 \u00b0C pendant 15 minutes<\/td>\n<\/tr>\n<tr data-start=\"2313\" data-end=\"2416\">\n<td data-start=\"2313\" data-end=\"2333\" data-col-size=\"sm\">Installation<\/td>\n<td data-col-size=\"sm\" data-start=\"2333\" data-end=\"2360\">Pi\u00e8ce jointe<\/td>\n<td data-col-size=\"md\" data-start=\"2360\" data-end=\"2416\">Coudre le long du bord ou int\u00e9grer dans le textile<\/td>\n<\/tr>\n<tr data-start=\"2417\" data-end=\"2520\">\n<td data-start=\"2417\" data-end=\"2437\" data-col-size=\"sm\">Attributs<\/td>\n<td data-col-size=\"sm\" data-start=\"2437\" data-end=\"2464\">Caract\u00e9ristiques principales<\/td>\n<td data-col-size=\"md\" data-start=\"2464\" data-end=\"2520\">Imperm\u00e9able, r\u00e9sistant \u00e0 la poussi\u00e8re, anti-choc, durable<\/td>\n<\/tr>\n<tr data-start=\"2521\" data-end=\"2660\">\n<td data-start=\"2521\" data-end=\"2541\" data-col-size=\"sm\">Cas d&#039;utilisation<\/td>\n<td data-col-size=\"sm\" data-start=\"2541\" data-end=\"2568\">Applications typiques<\/td>\n<td data-col-size=\"md\" data-start=\"2568\" data-end=\"2660\">Blanchisserie, linge d&#039;h\u00f4tel\/d&#039;h\u00f4pital, \u00e9tiquettes d&#039;entretien moteur, inventaire d&#039;entrep\u00f4t, uniformes<\/td>\n<\/tr>\n<\/tbody>\n<\/table>\n<\/div>\n<\/div>","protected":false},"excerpt":{"rendered":"<p>\u00c9tiquette en silicone RFID UHF lavable IP68 pour le linge et les textiles - durable jusqu&#039;\u00e0 200 cycles, tol\u00e9rante \u00e0 \u221230\u2013220 \u2103, \u00e0 coudre ou \u00e0 int\u00e9grer, avec options de puce R6\/U8\/U9.<\/p>","protected":false},"featured_media":757,"template":"","meta":{"_gspb_post_css":""},"product_brand":[],"product_cat":[17,20],"product_tag":[],"class_list":{"0":"post-756","1":"product","2":"type-product","3":"status-publish","4":"has-post-thumbnail","6":"product_cat-rfid-laundry-tags","7":"product_cat-silicone-rfid-laundry-tags","9":"first","10":"instock","11":"shipping-taxable","12":"purchasable","13":"product-type-simple"},"_links":{"self":[{"href":"https:\/\/www.cxjsmartcard.com\/fr\/wp-json\/wp\/v2\/product\/756","targetHints":{"allow":["GET"]}}],"collection":[{"href":"https:\/\/www.cxjsmartcard.com\/fr\/wp-json\/wp\/v2\/product"}],"about":[{"href":"https:\/\/www.cxjsmartcard.com\/fr\/wp-json\/wp\/v2\/types\/product"}],"wp:featuredmedia":[{"embeddable":true,"href":"https:\/\/www.cxjsmartcard.com\/fr\/wp-json\/wp\/v2\/media\/757"}],"wp:attachment":[{"href":"https:\/\/www.cxjsmartcard.com\/fr\/wp-json\/wp\/v2\/media?parent=756"}],"wp:term":[{"taxonomy":"product_brand","embeddable":true,"href":"https:\/\/www.cxjsmartcard.com\/fr\/wp-json\/wp\/v2\/product_brand?post=756"},{"taxonomy":"product_cat","embeddable":true,"href":"https:\/\/www.cxjsmartcard.com\/fr\/wp-json\/wp\/v2\/product_cat?post=756"},{"taxonomy":"product_tag","embeddable":true,"href":"https:\/\/www.cxjsmartcard.com\/fr\/wp-json\/wp\/v2\/product_tag?post=756"}],"curies":[{"name":"wp","href":"https:\/\/api.w.org\/{rel}","templated":true}]}}