{"id":751,"date":"2025-11-03T07:09:04","date_gmt":"2025-11-03T07:09:04","guid":{"rendered":"https:\/\/www.cxjsmartcard.com\/?post_type=product&#038;p=751"},"modified":"2025-12-29T01:27:10","modified_gmt":"2025-12-29T01:27:10","slug":"writable-heat-resist-washable-nfc-pps-laundry-tag","status":"publish","type":"product","link":"https:\/\/www.cxjsmartcard.com\/fr\/writable-heat-resist-washable-nfc-pps-laundry-tag\/","title":{"rendered":"\u00c9tiquette de lavage NFC PPS inscriptible, r\u00e9sistante \u00e0 la chaleur et lavable"},"content":{"rendered":"<p data-start=\"61\" data-end=\"498\">L&#039;\u00e9tiquette de lavage NFC en PPS, r\u00e9sistante \u00e0 la chaleur et lavable, est un dispositif durable g\u00e9n\u00e9ralement utilis\u00e9 pour l&#039;int\u00e9gration de produits et de v\u00eatements\/accessoires. Con\u00e7ue en PPS r\u00e9sistant \u00e0 la chaleur, elle supporte l&#039;immersion dans l&#039;eau, la chaleur, la pression et les produits chimiques. Elle sert \u00e0 r\u00e9aliser et \u00e0 v\u00e9rifier les inventaires dans les h\u00f4tels, les h\u00f4pitaux, les \u00e9coles et autres \u00e9tablissements. Elle se coud facilement sur les draps, les serviettes, les nappes et autres articles textiles.<\/p>\n<p data-start=\"500\" data-end=\"638\"><strong data-start=\"500\" data-end=\"527\">Performances en temp\u00e9rature<\/strong><br data-start=\"527\" data-end=\"530\" \/>Enti\u00e8rement \u00e9tanche ; fonctionne \u00e0 partir de <strong data-start=\"562\" data-end=\"580\">\u221225 \u2103 \u00e0 +85 \u2103<\/strong> et r\u00e9siste \u00e0 une exposition prolong\u00e9e \u00e0 <strong data-start=\"618\" data-end=\"637\">\u221230 \u2103 \u00e0 +120 \u2103<\/strong>.<\/p>\n<p data-start=\"640\" data-end=\"760\"><strong data-start=\"640\" data-end=\"660\">Caract\u00e9ristiques du produit<\/strong><br data-start=\"660\" data-end=\"663\" \/>Souple, facile \u00e0 porter, facile \u00e0 utiliser ; imperm\u00e9able, r\u00e9sistant \u00e0 l&#039;humidit\u00e9, aux chocs et \u00e0 la chaleur.<\/p>\n<p data-start=\"762\" data-end=\"934\"><strong data-start=\"762\" data-end=\"792\">FAQ \u2014 \u00c0 savoir avant d&#039;acheter<\/strong><br data-start=\"792\" data-end=\"795\" \/><strong data-start=\"795\" data-end=\"801\">Q :<\/strong> Cette \u00e9tiquette peut-elle r\u00e9sister aux s\u00e9choirs industriels et au pressage \u00e0 la vapeur\u00a0?<br data-start=\"860\" data-end=\"863\" \/><strong data-start=\"863\" data-end=\"869\">UN:<\/strong> Oui. Il est test\u00e9 pour <strong data-start=\"891\" data-end=\"911\">Plus de 200 cycles de lavage<\/strong> \u00e0 haute temp\u00e9rature.<\/p>\n<p data-start=\"936\" data-end=\"1082\"><strong data-start=\"936\" data-end=\"942\">Q :<\/strong> Peut-on personnaliser la capacit\u00e9 de m\u00e9moire ou imprimer notre logo\u00a0?<br data-start=\"994\" data-end=\"997\" \/><strong data-start=\"997\" data-end=\"1003\">UN:<\/strong> Oui. Les options RFID personnalis\u00e9es incluent l&#039;impression de logo, l&#039;encodage et diff\u00e9rentes tailles.<\/p>\n<p data-start=\"1084\" data-end=\"1211\"><strong data-start=\"1084\" data-end=\"1090\">Q :<\/strong> Quelles sont les couleurs disponibles ?<br data-start=\"1117\" data-end=\"1120\" \/><strong data-start=\"1120\" data-end=\"1126\">UN:<\/strong> <strong data-start=\"1127\" data-end=\"1163\">Noir, blanc, rouge, vert, jaune<\/strong>, etc., pour faciliter le tri par lots et le codage couleur.<\/p>\n<h2 data-start=\"1213\" data-end=\"1238\">Tableau (Sp\u00e9cifications)<\/h2>\n<div class=\"_tableContainer_1rjym_1\">\n<div class=\"group _tableWrapper_1rjym_13 flex w-fit flex-col-reverse\" tabindex=\"-1\">\n<table class=\"w-fit min-w-(--thread-content-width)\" data-start=\"1239\" data-end=\"2513\">\n<thead data-start=\"1239\" data-end=\"1330\">\n<tr data-start=\"1239\" data-end=\"1330\">\n<th data-start=\"1239\" data-end=\"1260\" data-col-size=\"sm\">Cat\u00e9gorie<\/th>\n<th data-start=\"1260\" data-end=\"1281\" data-col-size=\"sm\">Param\u00e8tre<\/th>\n<th data-start=\"1281\" data-end=\"1330\" data-col-size=\"sm\">Valeur<\/th>\n<\/tr>\n<\/thead>\n<tbody data-start=\"1422\" data-end=\"2513\">\n<tr data-start=\"1422\" data-end=\"1512\">\n<td data-start=\"1422\" data-end=\"1442\" data-col-size=\"sm\">RF<\/td>\n<td data-col-size=\"sm\" data-start=\"1442\" data-end=\"1463\">Fr\u00e9quence<\/td>\n<td data-col-size=\"sm\" data-start=\"1463\" data-end=\"1512\">13,56 MHz<\/td>\n<\/tr>\n<tr data-start=\"1513\" data-end=\"1603\">\n<td data-start=\"1513\" data-end=\"1533\" data-col-size=\"sm\"><\/td>\n<td data-start=\"1533\" data-end=\"1554\" data-col-size=\"sm\">Protocole<\/td>\n<td data-col-size=\"sm\" data-start=\"1554\" data-end=\"1603\">ISO 14443A \/ ISO 15693<\/td>\n<\/tr>\n<tr data-start=\"1604\" data-end=\"1694\">\n<td data-start=\"1604\" data-end=\"1624\" data-col-size=\"sm\">\u00c9br\u00e9cher<\/td>\n<td data-start=\"1624\" data-end=\"1645\" data-col-size=\"sm\">Type de puce<\/td>\n<td data-col-size=\"sm\" data-start=\"1645\" data-end=\"1694\">ICODE SLIX, NTAG213, MIFARE 1K, etc.<\/td>\n<\/tr>\n<tr data-start=\"1695\" data-end=\"1785\">\n<td data-start=\"1695\" data-end=\"1715\" data-col-size=\"sm\">Mat\u00e9riels<\/td>\n<td data-start=\"1715\" data-end=\"1736\" data-col-size=\"sm\">Corps<\/td>\n<td data-col-size=\"sm\" data-start=\"1736\" data-end=\"1785\">PPS (r\u00e9sistant \u00e0 la chaleur)<\/td>\n<\/tr>\n<tr data-start=\"1786\" data-end=\"1876\">\n<td data-start=\"1786\" data-end=\"1806\" data-col-size=\"sm\">Dimensions<\/td>\n<td data-col-size=\"sm\" data-start=\"1806\" data-end=\"1827\">Options de taille<\/td>\n<td data-col-size=\"sm\" data-start=\"1827\" data-end=\"1876\">14 mm, 18 mm, 20 mm, etc.<\/td>\n<\/tr>\n<tr data-start=\"1877\" data-end=\"1967\">\n<td data-start=\"1877\" data-end=\"1897\" data-col-size=\"sm\">Apparence<\/td>\n<td data-col-size=\"sm\" data-start=\"1897\" data-end=\"1918\">Options de couleur<\/td>\n<td data-col-size=\"sm\" data-start=\"1918\" data-end=\"1967\">Noir, blanc, rouge, vert, jaune<\/td>\n<\/tr>\n<tr data-start=\"1968\" data-end=\"2058\">\n<td data-start=\"1968\" data-end=\"1988\" data-col-size=\"sm\">Protection<\/td>\n<td data-col-size=\"sm\" data-start=\"1988\" data-end=\"2009\">Niveau d&#039;\u00e9tanch\u00e9it\u00e9<\/td>\n<td data-col-size=\"sm\" data-start=\"2009\" data-end=\"2058\">Imperm\u00e9able \/ R\u00e9sistant aux intemp\u00e9ries<\/td>\n<\/tr>\n<tr data-start=\"2059\" data-end=\"2149\">\n<td data-start=\"2059\" data-end=\"2079\" data-col-size=\"sm\">Durabilit\u00e9<\/td>\n<td data-col-size=\"sm\" data-start=\"2079\" data-end=\"2100\">Lavez la vie<\/td>\n<td data-col-size=\"sm\" data-start=\"2100\" data-end=\"2149\">&gt;200 cycles de lavage<\/td>\n<\/tr>\n<tr data-start=\"2150\" data-end=\"2240\">\n<td data-start=\"2150\" data-end=\"2170\" data-col-size=\"sm\">Environnement<\/td>\n<td data-col-size=\"sm\" data-start=\"2170\" data-end=\"2191\">Temp\u00e9rature de fonctionnement<\/td>\n<td data-col-size=\"sm\" data-start=\"2191\" data-end=\"2240\">\u221225 \u2103 \u00e0 +85 \u2103<\/td>\n<\/tr>\n<tr data-start=\"2241\" data-end=\"2331\">\n<td data-start=\"2241\" data-end=\"2261\" data-col-size=\"sm\"><\/td>\n<td data-col-size=\"sm\" data-start=\"2261\" data-end=\"2282\">Exposition \u00e0 long terme<\/td>\n<td data-col-size=\"sm\" data-start=\"2282\" data-end=\"2331\">\u221230 \u2103 \u00e0 +120 \u2103<\/td>\n<\/tr>\n<tr data-start=\"2332\" data-end=\"2422\">\n<td data-start=\"2332\" data-end=\"2352\" data-col-size=\"sm\">Applications<\/td>\n<td data-col-size=\"sm\" data-start=\"2352\" data-end=\"2373\">Domaines d&#039;application<\/td>\n<td data-col-size=\"sm\" data-start=\"2373\" data-end=\"2422\">Blanchisserie, v\u00eatements, linge de maison, utilisation UHF<\/td>\n<\/tr>\n<tr data-start=\"2423\" data-end=\"2513\">\n<td data-start=\"2423\" data-end=\"2443\" data-col-size=\"sm\">Origine<\/td>\n<td data-col-size=\"sm\" data-start=\"2443\" data-end=\"2464\">Lieu d&#039;origine<\/td>\n<td data-col-size=\"sm\" data-start=\"2464\" data-end=\"2513\">Guangdong, Chine<\/td>\n<\/tr>\n<\/tbody>\n<\/table>\n<\/div>\n<\/div>","protected":false},"excerpt":{"rendered":"<p>\u00c9tiquette de lavage NFC r\u00e9sistante \u00e0 la chaleur et lavable, fabriqu\u00e9e en PPS \u2014 \u00e9tanche et r\u00e9sistante aux produits chimiques, &gt; 200 cycles de lavage, installation facile \u00e0 coudre et plusieurs options de puce\/couleur.<\/p>","protected":false},"featured_media":752,"template":"","meta":{"_gspb_post_css":""},"product_brand":[],"product_cat":[17,19],"product_tag":[],"class_list":{"0":"post-751","1":"product","2":"type-product","3":"status-publish","4":"has-post-thumbnail","6":"product_cat-rfid-laundry-tags","7":"product_cat-pps-rfid-laundry-tags","9":"first","10":"instock","11":"shipping-taxable","12":"purchasable","13":"product-type-simple"},"_links":{"self":[{"href":"https:\/\/www.cxjsmartcard.com\/fr\/wp-json\/wp\/v2\/product\/751","targetHints":{"allow":["GET"]}}],"collection":[{"href":"https:\/\/www.cxjsmartcard.com\/fr\/wp-json\/wp\/v2\/product"}],"about":[{"href":"https:\/\/www.cxjsmartcard.com\/fr\/wp-json\/wp\/v2\/types\/product"}],"wp:featuredmedia":[{"embeddable":true,"href":"https:\/\/www.cxjsmartcard.com\/fr\/wp-json\/wp\/v2\/media\/752"}],"wp:attachment":[{"href":"https:\/\/www.cxjsmartcard.com\/fr\/wp-json\/wp\/v2\/media?parent=751"}],"wp:term":[{"taxonomy":"product_brand","embeddable":true,"href":"https:\/\/www.cxjsmartcard.com\/fr\/wp-json\/wp\/v2\/product_brand?post=751"},{"taxonomy":"product_cat","embeddable":true,"href":"https:\/\/www.cxjsmartcard.com\/fr\/wp-json\/wp\/v2\/product_cat?post=751"},{"taxonomy":"product_tag","embeddable":true,"href":"https:\/\/www.cxjsmartcard.com\/fr\/wp-json\/wp\/v2\/product_tag?post=751"}],"curies":[{"name":"wp","href":"https:\/\/api.w.org\/{rel}","templated":true}]}}