{"id":741,"date":"2025-11-03T07:04:00","date_gmt":"2025-11-03T07:04:00","guid":{"rendered":"https:\/\/www.cxjsmartcard.com\/?post_type=product&#038;p=741"},"modified":"2025-12-29T01:27:10","modified_gmt":"2025-12-29T01:27:10","slug":"pps-uhf-rfid-washable-tag-disc-button-for-laundry","status":"publish","type":"product","link":"https:\/\/www.cxjsmartcard.com\/fr\/pps-uhf-rfid-washable-tag-disc-button-for-laundry\/","title":{"rendered":"Bouton-disque RFID UHF lavable PPS pour le linge"},"content":{"rendered":"<p data-start=\"61\" data-end=\"888\">Le bouton-\u00e9tiquette RFID UHF lavable PPS adopte un emballage en plastique PPS pour l&#039;\u00e9tiquette \u00e9lectronique, offrant <strong data-start=\"179\" data-end=\"280\">r\u00e9sistance aux hautes temp\u00e9ratures, ignifugation, r\u00e9sistance \u00e0 la corrosion chimique et r\u00e9sistance \u00e0 l&#039;usure<\/strong>. L&#039;\u00e9tiquette est extr\u00eamement fine et peut \u00eatre cousue sur un petit sac en tissu ou directement sur le textile \u00e0 g\u00e9rer\u00a0; son emplacement est facile \u00e0 rep\u00e9rer. Elle est largement utilis\u00e9e dans <strong data-start=\"455\" data-end=\"466\">lessive<\/strong>, <strong data-start=\"468\" data-end=\"491\">v\u00eatements haut de gamme<\/strong>, <strong data-start=\"493\" data-end=\"512\">uniformes scolaires<\/strong>, <strong data-start=\"514\" data-end=\"534\">v\u00eatements sp\u00e9ciaux<\/strong>, <strong data-start=\"536\" data-end=\"570\">gestion de la production de v\u00eatements<\/strong>, <strong data-start=\"572\" data-end=\"592\">suivi des produits<\/strong>, <strong data-start=\"594\" data-end=\"617\">inventaire de l&#039;entrep\u00f4t<\/strong>, <strong data-start=\"619\" data-end=\"658\">panneaux d&#039;entretien du moteur automobile<\/strong>, <strong data-start=\"660\" data-end=\"696\">gestion des mati\u00e8res premi\u00e8res chimiques<\/strong>, et d&#039;autres environnements difficiles.<br data-start=\"727\" data-end=\"730\" \/>Pour les situations de blanchisserie (h\u00f4tels, h\u00f4pitaux, pressings, gestion des couvertures des compagnies a\u00e9riennes), les \u00e9tiquettes sont g\u00e9n\u00e9ralement disponibles en <strong data-start=\"843\" data-end=\"873\">PPS, silicone et textile<\/strong> constructions.<\/p>\n<p data-start=\"890\" data-end=\"904\"><strong data-start=\"890\" data-end=\"902\">Caract\u00e9ristiques<\/strong><\/p>\n<ol data-start=\"905\" data-end=\"1050\">\n<li data-start=\"905\" data-end=\"938\">\n<p data-start=\"908\" data-end=\"938\">R\u00e9sistance aux hautes temp\u00e9ratures.<\/p>\n<\/li>\n<li data-start=\"939\" data-end=\"964\">\n<p data-start=\"942\" data-end=\"964\">R\u00e9sistance \u00e0 la pression.<\/p>\n<\/li>\n<li data-start=\"965\" data-end=\"991\">\n<p data-start=\"968\" data-end=\"991\">R\u00e9sistance \u00e0 la corrosion.<\/p>\n<\/li>\n<li data-start=\"992\" data-end=\"1020\">\n<p data-start=\"995\" data-end=\"1020\">Imperm\u00e9able et durable.<\/p>\n<\/li>\n<li data-start=\"1021\" data-end=\"1050\">\n<p data-start=\"1024\" data-end=\"1050\">Options de conception personnalis\u00e9es.<\/p>\n<\/li>\n<\/ol>\n<p data-start=\"1052\" data-end=\"1165\"><strong data-start=\"1052\" data-end=\"1065\">Fonctions<\/strong><br data-start=\"1065\" data-end=\"1068\" \/>Contr\u00f4le d&#039;acc\u00e8s, identit\u00e9 et collecte d&#039;informations dans les flux de travail industriels de blanchisserie et de textile.<\/p>\n<h2 data-start=\"1167\" data-end=\"1192\">Tableau (Sp\u00e9cifications)<\/h2>\n<div class=\"_tableContainer_1rjym_1\">\n<div class=\"group _tableWrapper_1rjym_13 flex w-fit flex-col-reverse\" tabindex=\"-1\">\n<table class=\"w-fit min-w-(--thread-content-width)\" data-start=\"1193\" data-end=\"3418\">\n<thead data-start=\"1193\" data-end=\"1338\">\n<tr data-start=\"1193\" data-end=\"1338\">\n<th data-start=\"1193\" data-end=\"1218\" data-col-size=\"sm\">Cat\u00e9gorie<\/th>\n<th data-start=\"1218\" data-end=\"1249\" data-col-size=\"sm\">Param\u00e8tre<\/th>\n<th data-start=\"1249\" data-end=\"1338\" data-col-size=\"lg\">Valeur<\/th>\n<\/tr>\n<\/thead>\n<tbody data-start=\"1484\" data-end=\"3418\">\n<tr data-start=\"1484\" data-end=\"1629\">\n<td data-start=\"1484\" data-end=\"1508\" data-col-size=\"sm\">Physique<\/td>\n<td data-col-size=\"sm\" data-start=\"1508\" data-end=\"1540\">Mat\u00e9riel<\/td>\n<td data-col-size=\"lg\" data-start=\"1540\" data-end=\"1629\">PPS (sulfure de polyph\u00e9nyl\u00e8ne)<\/td>\n<\/tr>\n<tr data-start=\"1630\" data-end=\"1775\">\n<td data-start=\"1630\" data-end=\"1654\" data-col-size=\"sm\"><\/td>\n<td data-start=\"1654\" data-end=\"1686\" data-col-size=\"sm\">facteur de forme<\/td>\n<td data-col-size=\"lg\" data-start=\"1686\" data-end=\"1775\">Disque \/ bouton<\/td>\n<\/tr>\n<tr data-start=\"1776\" data-end=\"1921\">\n<td data-start=\"1776\" data-end=\"1800\" data-col-size=\"sm\"><\/td>\n<td data-col-size=\"sm\" data-start=\"1800\" data-end=\"1832\">Dimensions<\/td>\n<td data-col-size=\"lg\" data-start=\"1832\" data-end=\"1921\">\u00d818 mm \/ \u00d820 mm \/ \u00d825,5 mm ; \u00e9paisseur 2,75 mm ; <strong data-start=\"1881\" data-end=\"1898\">trou \u00d8 1,5 mm<\/strong><\/td>\n<\/tr>\n<tr data-start=\"1922\" data-end=\"2067\">\n<td data-start=\"1922\" data-end=\"1946\" data-col-size=\"sm\"><\/td>\n<td data-col-size=\"sm\" data-start=\"1946\" data-end=\"1978\">Pi\u00e8ce jointe<\/td>\n<td data-col-size=\"lg\" data-start=\"1978\" data-end=\"2067\">Coudre dans un petit sac en tissu ou directement sur le textile<\/td>\n<\/tr>\n<tr data-start=\"2068\" data-end=\"2213\">\n<td data-start=\"2068\" data-end=\"2092\" data-col-size=\"sm\">Environnement<\/td>\n<td data-col-size=\"sm\" data-start=\"2092\" data-end=\"2124\">Plage de temp\u00e9rature<\/td>\n<td data-col-size=\"lg\" data-start=\"2124\" data-end=\"2213\">\u221230 \u2103 \u00e0 +220 \u2103<\/td>\n<\/tr>\n<tr data-start=\"2214\" data-end=\"2359\">\n<td data-start=\"2214\" data-end=\"2238\" data-col-size=\"sm\">Personnalisation<\/td>\n<td data-col-size=\"sm\" data-start=\"2238\" data-end=\"2270\">Personnalisation<\/td>\n<td data-col-size=\"lg\" data-start=\"2270\" data-end=\"2359\">Impression de logo personnalis\u00e9e\u00a0; donn\u00e9es inscriptibles sur puce (ex.\u00a0: URL\/site web, num\u00e9ros de s\u00e9rie)<\/td>\n<\/tr>\n<tr data-start=\"2360\" data-end=\"2505\">\n<td data-start=\"2360\" data-end=\"2384\" data-col-size=\"sm\">Attributs<\/td>\n<td data-col-size=\"sm\" data-start=\"2384\" data-end=\"2416\">caract\u00e9ristiques de protection<\/td>\n<td data-col-size=\"lg\" data-start=\"2416\" data-end=\"2505\">R\u00e9sistance aux hautes temp\u00e9ratures, \u00e0 la pression et \u00e0 la corrosion\u00a0; \u00e9tanche\u00a0; durable<\/td>\n<\/tr>\n<tr data-start=\"2506\" data-end=\"2651\">\n<td data-start=\"2506\" data-end=\"2530\" data-col-size=\"sm\">RFID<\/td>\n<td data-col-size=\"sm\" data-start=\"2530\" data-end=\"2562\">Fr\u00e9quence<\/td>\n<td data-col-size=\"lg\" data-start=\"2562\" data-end=\"2651\">860\u2013960 MHz (UHF)<\/td>\n<\/tr>\n<tr data-start=\"2652\" data-end=\"2797\">\n<td data-start=\"2652\" data-end=\"2676\" data-col-size=\"sm\"><\/td>\n<td data-col-size=\"sm\" data-start=\"2676\" data-end=\"2708\">Protocole<\/td>\n<td data-col-size=\"lg\" data-start=\"2708\" data-end=\"2797\">ISO 18000-6C<\/td>\n<\/tr>\n<tr data-start=\"2798\" data-end=\"2943\">\n<td data-start=\"2798\" data-end=\"2822\" data-col-size=\"sm\"><\/td>\n<td data-start=\"2822\" data-end=\"2854\" data-col-size=\"sm\">Options de puces<\/td>\n<td data-col-size=\"lg\" data-start=\"2854\" data-end=\"2943\">H9, H10, U9, U10, M4\/5\/6<\/td>\n<\/tr>\n<tr data-start=\"2944\" data-end=\"3089\">\n<td data-start=\"2944\" data-end=\"2968\" data-col-size=\"sm\">Performance<\/td>\n<td data-col-size=\"sm\" data-start=\"2968\" data-end=\"3000\">Distance de lecture<\/td>\n<td data-col-size=\"lg\" data-start=\"3000\" data-end=\"3089\">1 \u00e0 8 m (selon le lecteur et l&#039;environnement)<\/td>\n<\/tr>\n<tr data-start=\"3090\" data-end=\"3272\">\n<td data-start=\"3090\" data-end=\"3114\" data-col-size=\"sm\">Cas d&#039;utilisation<\/td>\n<td data-col-size=\"sm\" data-start=\"3114\" data-end=\"3146\">Applications typiques<\/td>\n<td data-col-size=\"lg\" data-start=\"3146\" data-end=\"3272\">Blanchisserie, v\u00eatements haut de gamme, uniformes scolaires, v\u00eatements sp\u00e9ciaux, gestion de la production, suivi des produits, inventaire d&#039;entrep\u00f4t<\/td>\n<\/tr>\n<tr data-start=\"3273\" data-end=\"3418\">\n<td data-start=\"3273\" data-end=\"3297\" data-col-size=\"sm\">Exemples industriels<\/td>\n<td data-col-size=\"sm\" data-start=\"3297\" data-end=\"3329\">Les verticales de blanchisserie<\/td>\n<td data-col-size=\"lg\" data-start=\"3329\" data-end=\"3418\">H\u00f4tel, h\u00f4pital, pressing, gestion des couvertures de compagnies a\u00e9riennes<\/td>\n<\/tr>\n<\/tbody>\n<\/table>\n<\/div>\n<\/div>","protected":false},"excerpt":{"rendered":"<p>\u00c9tiquette disque\/bouton RFID UHF PPS lavable pour le linge\u00a0\u2014 \u00e9tanche, ignifug\u00e9, r\u00e9sistant \u00e0 la corrosion, \u221230\u2013220\u00a0\u2103, lectures de 1 \u00e0 8\u00a0m\u00a0; \u00e0 coudre ou \u00e0 ins\u00e9rer dans une pochette\u00a0; logo\/donn\u00e9es personnalis\u00e9s pris en charge.<\/p>","protected":false},"featured_media":743,"template":"","meta":{"_gspb_post_css":""},"product_brand":[],"product_cat":[17,19],"product_tag":[],"class_list":{"0":"post-741","1":"product","2":"type-product","3":"status-publish","4":"has-post-thumbnail","6":"product_cat-rfid-laundry-tags","7":"product_cat-pps-rfid-laundry-tags","9":"first","10":"instock","11":"shipping-taxable","12":"purchasable","13":"product-type-simple"},"_links":{"self":[{"href":"https:\/\/www.cxjsmartcard.com\/fr\/wp-json\/wp\/v2\/product\/741","targetHints":{"allow":["GET"]}}],"collection":[{"href":"https:\/\/www.cxjsmartcard.com\/fr\/wp-json\/wp\/v2\/product"}],"about":[{"href":"https:\/\/www.cxjsmartcard.com\/fr\/wp-json\/wp\/v2\/types\/product"}],"wp:featuredmedia":[{"embeddable":true,"href":"https:\/\/www.cxjsmartcard.com\/fr\/wp-json\/wp\/v2\/media\/743"}],"wp:attachment":[{"href":"https:\/\/www.cxjsmartcard.com\/fr\/wp-json\/wp\/v2\/media?parent=741"}],"wp:term":[{"taxonomy":"product_brand","embeddable":true,"href":"https:\/\/www.cxjsmartcard.com\/fr\/wp-json\/wp\/v2\/product_brand?post=741"},{"taxonomy":"product_cat","embeddable":true,"href":"https:\/\/www.cxjsmartcard.com\/fr\/wp-json\/wp\/v2\/product_cat?post=741"},{"taxonomy":"product_tag","embeddable":true,"href":"https:\/\/www.cxjsmartcard.com\/fr\/wp-json\/wp\/v2\/product_tag?post=741"}],"curies":[{"name":"wp","href":"https:\/\/api.w.org\/{rel}","templated":true}]}}