{"id":736,"date":"2025-11-03T07:01:57","date_gmt":"2025-11-03T07:01:57","guid":{"rendered":"https:\/\/www.cxjsmartcard.com\/?post_type=product&#038;p=736"},"modified":"2025-12-29T01:27:10","modified_gmt":"2025-12-29T01:27:10","slug":"durable-pps-commercial-reusable-washable-rfid-tags-for-laundry-industry","status":"publish","type":"product","link":"https:\/\/www.cxjsmartcard.com\/fr\/durable-pps-commercial-reusable-washable-rfid-tags-for-laundry-industry\/","title":{"rendered":"\u00c9tiquettes RFID lavables, r\u00e9utilisables et durables en PPS pour usage commercial dans le secteur de la blanchisserie"},"content":{"rendered":"<p data-start=\"83\" data-end=\"381\">Les \u00e9tiquettes RFID lavables et r\u00e9utilisables en PPS durable sont con\u00e7ues pour r\u00e9sister aux conditions difficiles du lavage industriel. Fonctionnant \u00e0 <strong data-start=\"214\" data-end=\"233\">13,56 MHz (NFC)<\/strong>, chaque \u00e9tiquette \u00e9tanche utilise une <strong data-start=\"262\" data-end=\"301\">Noyau en r\u00e9sine et \u00e9poxy avec une coque en PPS<\/strong> r\u00e9sister aux hautes temp\u00e9ratures, \u00e0 l&#039;immersion dans l&#039;eau, aux produits chimiques et \u00e0 une r\u00e9utilisation constante.<\/p>\n<p data-start=\"383\" data-end=\"721\"><strong data-start=\"383\" data-end=\"426\">Con\u00e7u pour une durabilit\u00e9 industrielle en blanchisserie<\/strong><br data-start=\"426\" data-end=\"429\" \/>Ces \u00e9tiquettes sont sp\u00e9cialement con\u00e7ues pour les blanchisseries et peuvent supporter <strong data-start=\"496\" data-end=\"516\">Plus de 200 cycles de lavage<\/strong>, une forte humidit\u00e9 et <strong data-start=\"537\" data-end=\"556\">\u221225 \u2103 \u00e0 +120 \u2103<\/strong> Fonctionnement. Le PPS (un thermoplastique haute performance) offre une excellente r\u00e9sistance chimique et m\u00e9canique pour des performances constantes lors du lavage, du s\u00e9chage et du repassage.<\/p>\n<p data-start=\"723\" data-end=\"927\"><strong data-start=\"723\" data-end=\"757\">R\u00e9utilisable pour des \u00e9conomies \u00e0 long terme<\/strong><br data-start=\"757\" data-end=\"760\" \/>L&#039;encapsulation prot\u00e8ge les donn\u00e9es gr\u00e2ce au pressage \u00e0 la vapeur et au repassage industriel. La r\u00e9utilisation sur de nombreux cycles r\u00e9duit les co\u00fbts de suivi par article et contribue aux objectifs de d\u00e9veloppement durable.<\/p>\n<p data-start=\"929\" data-end=\"943\"><strong data-start=\"929\" data-end=\"941\">Caract\u00e9ristiques<\/strong><\/p>\n<ul data-start=\"944\" data-end=\"1206\">\n<li data-start=\"944\" data-end=\"989\">\n<p data-start=\"946\" data-end=\"989\">NFC 13,56 MHz\u00a0; <strong data-start=\"961\" data-end=\"987\">ISO 15693 \/ ISO 14443A<\/strong><\/p>\n<\/li>\n<li data-start=\"990\" data-end=\"1045\">\n<p data-start=\"992\" data-end=\"1045\"><strong data-start=\"992\" data-end=\"1030\">Imperm\u00e9able, r\u00e9sistant aux intemp\u00e9ries, r\u00e9utilisable<\/strong> construction<\/p>\n<\/li>\n<li data-start=\"1046\" data-end=\"1094\">\n<p data-start=\"1048\" data-end=\"1094\">Plage de lecture jusqu&#039;\u00e0 <strong data-start=\"1065\" data-end=\"1074\">0\u20131 m<\/strong> (d\u00e9pendant de la configuration)<\/p>\n<\/li>\n<li data-start=\"1095\" data-end=\"1150\">\n<p data-start=\"1097\" data-end=\"1150\"><strong data-start=\"1097\" data-end=\"1111\">R21 \u00d7 2 mm<\/strong> format (autres tailles sur demande)<\/p>\n<\/li>\n<li data-start=\"1151\" data-end=\"1206\">\n<p data-start=\"1153\" data-end=\"1206\">Services personnalis\u00e9s disponibles (encodage, mise en forme, image de marque)<\/p>\n<\/li>\n<\/ul>\n<p data-start=\"1208\" data-end=\"1307\"><strong data-start=\"1208\" data-end=\"1224\">Applications<\/strong><br data-start=\"1224\" data-end=\"1227\" \/>Blanchisseries industrielles, services de linge, usines de confection, textiles pour l&#039;h\u00f4tellerie et la restauration.<\/p>\n<p data-start=\"1309\" data-end=\"1652\"><strong data-start=\"1309\" data-end=\"1317\">FAQ<\/strong><br data-start=\"1317\" data-end=\"1320\" \/><strong data-start=\"1320\" data-end=\"1326\">Q :<\/strong> Ces \u00e9tiquettes peuvent-elles r\u00e9sister aux lavages et s\u00e9chages industriels\u00a0?<br data-start=\"1380\" data-end=\"1383\" \/><strong data-start=\"1383\" data-end=\"1389\">UN:<\/strong> Oui, con\u00e7u pour plus de 200 cycles, des temp\u00e9ratures et des pressions \u00e9lev\u00e9es.<br data-start=\"1448\" data-end=\"1451\" \/><strong data-start=\"1451\" data-end=\"1457\">Q :<\/strong> Quelle est la plage de lecture typique\u00a0?<br data-start=\"1488\" data-end=\"1491\" \/><strong data-start=\"1491\" data-end=\"1497\">UN:<\/strong> Jusqu&#039;\u00e0 1 m selon le lecteur et l&#039;environnement.<br data-start=\"1544\" data-end=\"1547\" \/><strong data-start=\"1547\" data-end=\"1553\">Q :<\/strong> Puis-je obtenir un encodage ou des tailles personnalis\u00e9es\u00a0?<br data-start=\"1589\" data-end=\"1592\" \/><strong data-start=\"1592\" data-end=\"1598\">UN:<\/strong> Oui, des puces, des formes et un marquage personnalis\u00e9s sont disponibles.<\/p>\n<h2 data-start=\"1654\" data-end=\"1679\">Tableau (Sp\u00e9cifications)<\/h2>\n<div class=\"_tableContainer_1rjym_1\">\n<div class=\"group _tableWrapper_1rjym_13 flex w-fit flex-col-reverse\" tabindex=\"-1\">\n<table class=\"w-fit min-w-(--thread-content-width)\" data-start=\"1680\" data-end=\"2927\">\n<thead data-start=\"1680\" data-end=\"1769\">\n<tr data-start=\"1680\" data-end=\"1769\">\n<th data-start=\"1680\" data-end=\"1703\" data-col-size=\"sm\">Cat\u00e9gorie<\/th>\n<th data-start=\"1703\" data-end=\"1727\" data-col-size=\"sm\">Param\u00e8tre<\/th>\n<th data-start=\"1727\" data-end=\"1769\" data-col-size=\"sm\">Valeur<\/th>\n<\/tr>\n<\/thead>\n<tbody data-start=\"1859\" data-end=\"2927\">\n<tr data-start=\"1859\" data-end=\"1947\">\n<td data-start=\"1859\" data-end=\"1881\" data-col-size=\"sm\">Produit<\/td>\n<td data-col-size=\"sm\" data-start=\"1881\" data-end=\"1905\">Nom de l&#039;article<\/td>\n<td data-col-size=\"sm\" data-start=\"1905\" data-end=\"1947\">\u00c9tiquettes RFID \u00e9tanches<\/td>\n<\/tr>\n<tr data-start=\"1948\" data-end=\"2036\">\n<td data-start=\"1948\" data-end=\"1970\" data-col-size=\"sm\">RF<\/td>\n<td data-col-size=\"sm\" data-start=\"1970\" data-end=\"1994\">Fr\u00e9quence<\/td>\n<td data-col-size=\"sm\" data-start=\"1994\" data-end=\"2036\">13,56 MHz (NFC)<\/td>\n<\/tr>\n<tr data-start=\"2037\" data-end=\"2125\">\n<td data-start=\"2037\" data-end=\"2059\" data-col-size=\"sm\"><\/td>\n<td data-col-size=\"sm\" data-start=\"2059\" data-end=\"2083\">Protocole<\/td>\n<td data-col-size=\"sm\" data-start=\"2083\" data-end=\"2125\">ISO 15693 \/ ISO 14443A<\/td>\n<\/tr>\n<tr data-start=\"2126\" data-end=\"2214\">\n<td data-start=\"2126\" data-end=\"2148\" data-col-size=\"sm\">M\u00e9moire<\/td>\n<td data-col-size=\"sm\" data-start=\"2148\" data-end=\"2172\">Capacit\u00e9<\/td>\n<td data-col-size=\"sm\" data-start=\"2172\" data-end=\"2214\">1024 bits (options disponibles)<\/td>\n<\/tr>\n<tr data-start=\"2215\" data-end=\"2303\">\n<td data-start=\"2215\" data-end=\"2237\" data-col-size=\"sm\">Mat\u00e9riels<\/td>\n<td data-col-size=\"sm\" data-start=\"2237\" data-end=\"2261\">Construction<\/td>\n<td data-col-size=\"sm\" data-start=\"2261\" data-end=\"2303\">Noyau en r\u00e9sine + \u00e9poxy, <strong data-start=\"2283\" data-end=\"2297\">Bo\u00eetier PPS<\/strong><\/td>\n<\/tr>\n<tr data-start=\"2304\" data-end=\"2392\">\n<td data-start=\"2304\" data-end=\"2326\" data-col-size=\"sm\">Dimensions<\/td>\n<td data-col-size=\"sm\" data-start=\"2326\" data-end=\"2350\">Taille<\/td>\n<td data-col-size=\"sm\" data-start=\"2350\" data-end=\"2392\"><strong data-start=\"2352\" data-end=\"2366\">R21 \u00d7 2 mm<\/strong><\/td>\n<\/tr>\n<tr data-start=\"2393\" data-end=\"2482\">\n<td data-start=\"2393\" data-end=\"2415\" data-col-size=\"sm\">Performance<\/td>\n<td data-col-size=\"sm\" data-start=\"2415\" data-end=\"2439\">Plage de lecture<\/td>\n<td data-col-size=\"sm\" data-start=\"2439\" data-end=\"2482\"><strong data-start=\"2441\" data-end=\"2450\">0\u20131 m<\/strong> (d\u00e9pendant du lecteur et de l&#039;environnement)<\/td>\n<\/tr>\n<tr data-start=\"2483\" data-end=\"2571\">\n<td data-start=\"2483\" data-end=\"2505\" data-col-size=\"sm\">Environnement<\/td>\n<td data-col-size=\"sm\" data-start=\"2505\" data-end=\"2529\">Temp\u00e9rature de fonctionnement<\/td>\n<td data-col-size=\"sm\" data-start=\"2529\" data-end=\"2571\"><strong data-start=\"2531\" data-end=\"2550\">\u221225 \u2103 \u00e0 +120 \u2103<\/strong><\/td>\n<\/tr>\n<tr data-start=\"2572\" data-end=\"2660\">\n<td data-start=\"2572\" data-end=\"2594\" data-col-size=\"sm\">Durabilit\u00e9<\/td>\n<td data-col-size=\"sm\" data-start=\"2594\" data-end=\"2618\">cycles de lavage<\/td>\n<td data-col-size=\"sm\" data-start=\"2618\" data-end=\"2660\"><strong data-start=\"2620\" data-end=\"2628\">200+<\/strong> (proc\u00e9d\u00e9s industriels)<\/td>\n<\/tr>\n<tr data-start=\"2661\" data-end=\"2749\">\n<td data-start=\"2661\" data-end=\"2683\" data-col-size=\"sm\">Applications<\/td>\n<td data-col-size=\"sm\" data-start=\"2683\" data-end=\"2707\">Zones<\/td>\n<td data-col-size=\"sm\" data-start=\"2707\" data-end=\"2749\">Blanchisseries, linge de maison, usines de confection<\/td>\n<\/tr>\n<tr data-start=\"2750\" data-end=\"2838\">\n<td data-start=\"2750\" data-end=\"2772\" data-col-size=\"sm\">Caract\u00e9ristiques sp\u00e9ciales<\/td>\n<td data-col-size=\"sm\" data-start=\"2772\" data-end=\"2796\">Attributs<\/td>\n<td data-col-size=\"sm\" data-start=\"2796\" data-end=\"2838\">Imperm\u00e9able \/ R\u00e9sistant aux intemp\u00e9ries \/ R\u00e9utilisable<\/td>\n<\/tr>\n<tr data-start=\"2839\" data-end=\"2927\">\n<td data-start=\"2839\" data-end=\"2861\" data-col-size=\"sm\">Origine<\/td>\n<td data-col-size=\"sm\" data-start=\"2861\" data-end=\"2885\">Lieu d&#039;origine<\/td>\n<td data-col-size=\"sm\" data-start=\"2885\" data-end=\"2927\">Shenzhen, Chine<\/td>\n<\/tr>\n<\/tbody>\n<\/table>\n<\/div>\n<\/div>","protected":false},"excerpt":{"rendered":"<p>\u00c9tiquettes RFID PPS 13,56 MHz durables pour le linge \u2014 \u00e9tanches, r\u00e9utilisables et r\u00e9sistantes aux produits chimiques, avec une port\u00e9e de lecture de 0 \u00e0 1 m et une durabilit\u00e9 de plus de 200 cycles de lavage pour le suivi des textiles industriels.<\/p>","protected":false},"featured_media":737,"template":"","meta":{"_gspb_post_css":""},"product_brand":[],"product_cat":[17,19],"product_tag":[],"class_list":{"0":"post-736","1":"product","2":"type-product","3":"status-publish","4":"has-post-thumbnail","6":"product_cat-rfid-laundry-tags","7":"product_cat-pps-rfid-laundry-tags","9":"first","10":"instock","11":"shipping-taxable","12":"purchasable","13":"product-type-simple"},"_links":{"self":[{"href":"https:\/\/www.cxjsmartcard.com\/fr\/wp-json\/wp\/v2\/product\/736","targetHints":{"allow":["GET"]}}],"collection":[{"href":"https:\/\/www.cxjsmartcard.com\/fr\/wp-json\/wp\/v2\/product"}],"about":[{"href":"https:\/\/www.cxjsmartcard.com\/fr\/wp-json\/wp\/v2\/types\/product"}],"wp:featuredmedia":[{"embeddable":true,"href":"https:\/\/www.cxjsmartcard.com\/fr\/wp-json\/wp\/v2\/media\/737"}],"wp:attachment":[{"href":"https:\/\/www.cxjsmartcard.com\/fr\/wp-json\/wp\/v2\/media?parent=736"}],"wp:term":[{"taxonomy":"product_brand","embeddable":true,"href":"https:\/\/www.cxjsmartcard.com\/fr\/wp-json\/wp\/v2\/product_brand?post=736"},{"taxonomy":"product_cat","embeddable":true,"href":"https:\/\/www.cxjsmartcard.com\/fr\/wp-json\/wp\/v2\/product_cat?post=736"},{"taxonomy":"product_tag","embeddable":true,"href":"https:\/\/www.cxjsmartcard.com\/fr\/wp-json\/wp\/v2\/product_tag?post=736"}],"curies":[{"name":"wp","href":"https:\/\/api.w.org\/{rel}","templated":true}]}}