{"id":731,"date":"2025-11-03T06:59:28","date_gmt":"2025-11-03T06:59:28","guid":{"rendered":"https:\/\/www.cxjsmartcard.com\/?post_type=product&#038;p=731"},"modified":"2025-12-29T01:27:10","modified_gmt":"2025-12-29T01:27:10","slug":"125khz-heat-resistant-washable-pps-rfid-laundry-tag-button-token","status":"publish","type":"product","link":"https:\/\/www.cxjsmartcard.com\/fr\/125khz-heat-resistant-washable-pps-rfid-laundry-tag-button-token\/","title":{"rendered":"\u00c9tiquette de linge RFID PPS lavable et r\u00e9sistante \u00e0 la chaleur 125 kHz (jeton bouton)"},"content":{"rendered":"<p data-start=\"78\" data-end=\"810\">Les \u00e9tiquettes RFID PPS pour le linge sont id\u00e9ales pour le suivi du linge de maison, des uniformes et autres v\u00eatements. Nous mettons r\u00e9guli\u00e8rement \u00e0 jour notre catalogue en ligne avec de nouveaux produits RFID. Si vous recherchez une \u00e9tiquette en particulier et que vous ne la trouvez pas, n&#039;h\u00e9sitez pas \u00e0 nous contacter\u00a0: nous pourrons probablement vous la fournir.<br data-start=\"396\" data-end=\"399\" \/>L&#039;\u00e9tiquette RFID PPS est fabriqu\u00e9e en plastique technique par moulage par injection et int\u00e8gre une puce RFID. Elle est largement utilis\u00e9e pour le blanchiment et la teinture des textiles et des pulls, le lavage avec des d\u00e9tergents agressifs, la production de mat\u00e9riaux chimiques et certains environnements m\u00e9dicaux. R\u00e9sistante \u00e0 l&#039;usure, aux hautes temp\u00e9ratures, aux acides et aux bases, elle est \u00e9galement \u00e9cologique et con\u00e7ue pour un suivi du linge \u00e0 long terme.<\/p>\n<p data-start=\"812\" data-end=\"826\"><strong data-start=\"812\" data-end=\"824\">Caract\u00e9ristiques<\/strong><\/p>\n<ol data-start=\"827\" data-end=\"972\">\n<li data-start=\"827\" data-end=\"860\">\n<p data-start=\"830\" data-end=\"860\">R\u00e9sistance aux hautes temp\u00e9ratures.<\/p>\n<\/li>\n<li data-start=\"861\" data-end=\"886\">\n<p data-start=\"864\" data-end=\"886\">R\u00e9sistance \u00e0 la pression.<\/p>\n<\/li>\n<li data-start=\"887\" data-end=\"913\">\n<p data-start=\"890\" data-end=\"913\">R\u00e9sistance \u00e0 la corrosion.<\/p>\n<\/li>\n<li data-start=\"914\" data-end=\"942\">\n<p data-start=\"917\" data-end=\"942\">Imperm\u00e9able et durable.<\/p>\n<\/li>\n<li data-start=\"943\" data-end=\"972\">\n<p data-start=\"946\" data-end=\"972\">Options de conception personnalis\u00e9es.<\/p>\n<\/li>\n<\/ol>\n<p data-start=\"974\" data-end=\"992\"><strong data-start=\"974\" data-end=\"990\">Applications<\/strong><\/p>\n<ul data-start=\"993\" data-end=\"1179\">\n<li data-start=\"993\" data-end=\"1051\">\n<p data-start=\"995\" data-end=\"1051\">Suivi des actifs de blanchisserie pour le linge, les uniformes et les v\u00eatements.<\/p>\n<\/li>\n<li data-start=\"1052\" data-end=\"1116\">\n<p data-start=\"1054\" data-end=\"1116\">Proc\u00e9d\u00e9s industriels : blanchiment\/teinture, production chimique.<\/p>\n<\/li>\n<li data-start=\"1117\" data-end=\"1179\">\n<p data-start=\"1119\" data-end=\"1179\">Environnements m\u00e9dicaux et autres environnements difficiles n\u00e9cessitant des \u00e9tiquettes r\u00e9sistantes.<\/p>\n<\/li>\n<\/ul>\n<h2 data-start=\"1181\" data-end=\"1206\">Tableau (Sp\u00e9cifications)<\/h2>\n<div class=\"_tableContainer_1rjym_1\">\n<div class=\"group _tableWrapper_1rjym_13 flex w-fit flex-col-reverse\" tabindex=\"-1\">\n<table class=\"w-fit min-w-(--thread-content-width)\" data-start=\"1207\" data-end=\"2835\">\n<thead data-start=\"1207\" data-end=\"1341\">\n<tr data-start=\"1207\" data-end=\"1341\">\n<th data-start=\"1207\" data-end=\"1225\" data-col-size=\"sm\">Cat\u00e9gorie<\/th>\n<th data-start=\"1225\" data-end=\"1248\" data-col-size=\"sm\">Param\u00e8tre<\/th>\n<th data-start=\"1248\" data-end=\"1341\" data-col-size=\"md\">Valeur<\/th>\n<\/tr>\n<\/thead>\n<tbody data-start=\"1477\" data-end=\"2835\">\n<tr data-start=\"1477\" data-end=\"1612\">\n<td data-start=\"1477\" data-end=\"1495\" data-col-size=\"sm\">Produit<\/td>\n<td data-col-size=\"sm\" data-start=\"1495\" data-end=\"1519\">Taper<\/td>\n<td data-col-size=\"md\" data-start=\"1519\" data-end=\"1612\">\u00c9tiquette\/bouton RFID PPS pour le lavage du linge<\/td>\n<\/tr>\n<tr data-start=\"1613\" data-end=\"1748\">\n<td data-start=\"1613\" data-end=\"1631\" data-col-size=\"sm\">Mat\u00e9riels<\/td>\n<td data-col-size=\"sm\" data-start=\"1631\" data-end=\"1655\">Corps<\/td>\n<td data-col-size=\"md\" data-start=\"1655\" data-end=\"1748\">PPS (polyph\u00e9nyl\u00e8ne sulfure) plastique technique<\/td>\n<\/tr>\n<tr data-start=\"1749\" data-end=\"1884\">\n<td data-start=\"1749\" data-end=\"1767\" data-col-size=\"sm\">RF<\/td>\n<td data-col-size=\"sm\" data-start=\"1767\" data-end=\"1791\">Fr\u00e9quence<\/td>\n<td data-col-size=\"md\" data-start=\"1791\" data-end=\"1884\">LF : 125 kHz<\/td>\n<\/tr>\n<tr data-start=\"1885\" data-end=\"2020\">\n<td data-start=\"1885\" data-end=\"1903\" data-col-size=\"sm\"><\/td>\n<td data-col-size=\"sm\" data-start=\"1903\" data-end=\"1927\">Options de puce<\/td>\n<td data-col-size=\"md\" data-start=\"1927\" data-end=\"2020\">TK4100, EM4200, EM4305, T5577<\/td>\n<\/tr>\n<tr data-start=\"2021\" data-end=\"2155\">\n<td data-start=\"2021\" data-end=\"2039\" data-col-size=\"sm\">Durabilit\u00e9<\/td>\n<td data-col-size=\"sm\" data-start=\"2039\" data-end=\"2063\">Dur\u00e9e de vie<\/td>\n<td data-col-size=\"md\" data-start=\"2063\" data-end=\"2155\">200 cycles de lavage <strong data-start=\"2081\" data-end=\"2087\">ou<\/strong> 2 ans \u00e0 compter de la date d&#039;exp\u00e9dition (la premi\u00e8re \u00e9ch\u00e9ance pr\u00e9valant)<\/td>\n<\/tr>\n<tr data-start=\"2156\" data-end=\"2291\">\n<td data-start=\"2156\" data-end=\"2174\" data-col-size=\"sm\">Environnement<\/td>\n<td data-col-size=\"sm\" data-start=\"2174\" data-end=\"2198\">Pr\u00e9-s\u00e9chage (tumbler)<\/td>\n<td data-col-size=\"md\" data-start=\"2198\" data-end=\"2291\">180 \u00b0C (320 \u00b0F), 30 minutes<\/td>\n<\/tr>\n<tr data-start=\"2292\" data-end=\"2427\">\n<td data-start=\"2292\" data-end=\"2310\" data-col-size=\"sm\"><\/td>\n<td data-col-size=\"sm\" data-start=\"2310\" data-end=\"2334\">Repassage<\/td>\n<td data-col-size=\"md\" data-start=\"2334\" data-end=\"2427\">180 \u00b0C (356 \u00b0F), 10 secondes, 200 cycles<\/td>\n<\/tr>\n<tr data-start=\"2428\" data-end=\"2563\">\n<td data-start=\"2428\" data-end=\"2446\" data-col-size=\"sm\"><\/td>\n<td data-start=\"2446\" data-end=\"2470\" data-col-size=\"sm\">St\u00e9rilisation<\/td>\n<td data-col-size=\"md\" data-start=\"2470\" data-end=\"2563\">135 \u00b0C (275 \u00b0F), 20 minutes<\/td>\n<\/tr>\n<tr data-start=\"2564\" data-end=\"2699\">\n<td data-start=\"2564\" data-end=\"2582\" data-col-size=\"sm\">Performance<\/td>\n<td data-col-size=\"sm\" data-start=\"2582\" data-end=\"2606\">M\u00e9canique<\/td>\n<td data-col-size=\"md\" data-start=\"2606\" data-end=\"2699\">R\u00e9sistant \u00e0 la pression ; r\u00e9sistant \u00e0 la corrosion ; \u00e9tanche ; r\u00e9sistant \u00e0 l&#039;usure<\/td>\n<\/tr>\n<tr data-start=\"2700\" data-end=\"2835\">\n<td data-start=\"2700\" data-end=\"2718\" data-col-size=\"sm\">Personnalisation<\/td>\n<td data-col-size=\"sm\" data-start=\"2718\" data-end=\"2742\">Options<\/td>\n<td data-col-size=\"md\" data-start=\"2742\" data-end=\"2835\">Mod\u00e8les personnalis\u00e9s disponibles<\/td>\n<\/tr>\n<\/tbody>\n<\/table>\n<\/div>\n<\/div>","protected":false},"excerpt":{"rendered":"<p>\u00c9tiquette bouton de lavage RFID en PPS r\u00e9sistant \u00e0 la chaleur et lavable pour le linge et les uniformes \u2014 \u00e9tanche, r\u00e9sistant \u00e0 la pression et \u00e0 la corrosion, durabilit\u00e9 de 200 cycles avec plusieurs options de puce LF.<\/p>","protected":false},"featured_media":734,"template":"","meta":{"_gspb_post_css":""},"product_brand":[],"product_cat":[17,19],"product_tag":[],"class_list":{"0":"post-731","1":"product","2":"type-product","3":"status-publish","4":"has-post-thumbnail","6":"product_cat-rfid-laundry-tags","7":"product_cat-pps-rfid-laundry-tags","9":"first","10":"instock","11":"shipping-taxable","12":"purchasable","13":"product-type-simple"},"_links":{"self":[{"href":"https:\/\/www.cxjsmartcard.com\/fr\/wp-json\/wp\/v2\/product\/731","targetHints":{"allow":["GET"]}}],"collection":[{"href":"https:\/\/www.cxjsmartcard.com\/fr\/wp-json\/wp\/v2\/product"}],"about":[{"href":"https:\/\/www.cxjsmartcard.com\/fr\/wp-json\/wp\/v2\/types\/product"}],"wp:featuredmedia":[{"embeddable":true,"href":"https:\/\/www.cxjsmartcard.com\/fr\/wp-json\/wp\/v2\/media\/734"}],"wp:attachment":[{"href":"https:\/\/www.cxjsmartcard.com\/fr\/wp-json\/wp\/v2\/media?parent=731"}],"wp:term":[{"taxonomy":"product_brand","embeddable":true,"href":"https:\/\/www.cxjsmartcard.com\/fr\/wp-json\/wp\/v2\/product_brand?post=731"},{"taxonomy":"product_cat","embeddable":true,"href":"https:\/\/www.cxjsmartcard.com\/fr\/wp-json\/wp\/v2\/product_cat?post=731"},{"taxonomy":"product_tag","embeddable":true,"href":"https:\/\/www.cxjsmartcard.com\/fr\/wp-json\/wp\/v2\/product_tag?post=731"}],"curies":[{"name":"wp","href":"https:\/\/api.w.org\/{rel}","templated":true}]}}