{"id":726,"date":"2025-11-03T06:55:07","date_gmt":"2025-11-03T06:55:07","guid":{"rendered":"https:\/\/www.cxjsmartcard.com\/?post_type=product&#038;p=726"},"modified":"2025-12-29T01:27:10","modified_gmt":"2025-12-29T01:27:10","slug":"13-56mhz-rewritable-washable-waterproof-coin-nfc-pps-laundry-tags","status":"publish","type":"product","link":"https:\/\/www.cxjsmartcard.com\/fr\/13-56mhz-rewritable-washable-waterproof-coin-nfc-pps-laundry-tags\/","title":{"rendered":"\u00c9tiquettes de lavage NFC PPS r\u00e9inscriptibles, lavables et \u00e9tanches, 13,56 MHz"},"content":{"rendered":"<p data-start=\"77\" data-end=\"334\">L&#039;\u00e9tiquette NFC PPS r\u00e9inscriptible, lavable et \u00e9tanche de 13,56 MHz est con\u00e7ue pour la gestion du linge, le suivi du linge et l&#039;identification des v\u00eatements. Son bo\u00eetier robuste en PPS r\u00e9siste aux hautes temp\u00e9ratures, aux produits chimiques et \u00e0 l&#039;eau, m\u00eame apr\u00e8s de nombreux lavages.<\/p>\n<p data-start=\"336\" data-end=\"644\"><strong data-start=\"336\" data-end=\"382\">Fonction NFC r\u00e9inscriptible pour le suivi intelligent<\/strong><br data-start=\"382\" data-end=\"385\" \/>Aliment\u00e9 par des puces NFC telles que <strong data-start=\"414\" data-end=\"425\">NTAG213<\/strong>, <strong data-start=\"427\" data-end=\"438\">NTAG216<\/strong>, et <strong data-start=\"444\" data-end=\"458\">ICODE SLIX<\/strong>, Cette \u00e9tiquette prend en charge la m\u00e9moire r\u00e9inscriptible pour les donn\u00e9es d&#039;inventaire, l&#039;\u00e9tat des v\u00eatements et l&#039;historique des lavages. Le personnel peut la scanner avec des lecteurs RFID standard, voire des smartphones, pour un suivi pr\u00e9cis en temps r\u00e9el.<\/p>\n<p data-start=\"646\" data-end=\"660\"><strong data-start=\"646\" data-end=\"658\">Caract\u00e9ristiques<\/strong><\/p>\n<ul data-start=\"661\" data-end=\"962\">\n<li data-start=\"661\" data-end=\"710\">\n<p data-start=\"663\" data-end=\"710\">Fonctionnement NFC 13,56 MHz avec m\u00e9moire r\u00e9inscriptible<\/p>\n<\/li>\n<li data-start=\"711\" data-end=\"771\">\n<p data-start=\"713\" data-end=\"771\">Construction durable en PPS \/ silicone \/ ABS \/ plastique souple<\/p>\n<\/li>\n<li data-start=\"772\" data-end=\"841\">\n<p data-start=\"774\" data-end=\"841\">Lavable, imperm\u00e9able, r\u00e9sistant \u00e0 l&#039;humidit\u00e9, aux chocs et \u00e0 la chaleur<\/p>\n<\/li>\n<li data-start=\"842\" data-end=\"909\">\n<p data-start=\"844\" data-end=\"909\">Formats de petites pi\u00e8ces pour faciliter la couture, l&#039;int\u00e9gration ou la mise en sachet<\/p>\n<\/li>\n<li data-start=\"910\" data-end=\"962\">\n<p data-start=\"912\" data-end=\"962\">Adapt\u00e9 aux smartphones pour une identification rapide sur le terrain<\/p>\n<\/li>\n<\/ul>\n<p data-start=\"964\" data-end=\"1068\"><strong data-start=\"964\" data-end=\"980\">Applications<\/strong><br data-start=\"980\" data-end=\"983\" \/>Location de v\u00eatements, chaussures, sacs, linge d&#039;h\u00f4tel, textiles m\u00e9dicaux et uniformes.<\/p>\n<h2 data-start=\"1138\" data-end=\"1163\">Tableau (Sp\u00e9cifications)<\/h2>\n<div class=\"_tableContainer_1rjym_1\">\n<div class=\"group _tableWrapper_1rjym_13 flex w-fit flex-col-reverse\" tabindex=\"-1\">\n<table class=\"w-fit min-w-(--thread-content-width)\" data-start=\"1164\" data-end=\"2558\">\n<thead data-start=\"1164\" data-end=\"1278\">\n<tr data-start=\"1164\" data-end=\"1278\">\n<th data-start=\"1164\" data-end=\"1186\" data-col-size=\"sm\">Cat\u00e9gorie<\/th>\n<th data-start=\"1186\" data-end=\"1205\" data-col-size=\"sm\">Param\u00e8tre<\/th>\n<th data-start=\"1205\" data-end=\"1278\" data-col-size=\"md\">Valeur<\/th>\n<\/tr>\n<\/thead>\n<tbody data-start=\"1394\" data-end=\"2558\">\n<tr data-start=\"1394\" data-end=\"1508\">\n<td data-start=\"1394\" data-end=\"1416\" data-col-size=\"sm\">RF<\/td>\n<td data-col-size=\"sm\" data-start=\"1416\" data-end=\"1435\">Fr\u00e9quence<\/td>\n<td data-col-size=\"md\" data-start=\"1435\" data-end=\"1508\">13,56 MHz<\/td>\n<\/tr>\n<tr data-start=\"1509\" data-end=\"1623\">\n<td data-start=\"1509\" data-end=\"1531\" data-col-size=\"sm\"><\/td>\n<td data-col-size=\"sm\" data-start=\"1531\" data-end=\"1550\">Protocole<\/td>\n<td data-col-size=\"md\" data-start=\"1550\" data-end=\"1623\">ISO 14443A \/ ISO 15693 \/ ISO 18000-6C<\/td>\n<\/tr>\n<tr data-start=\"1624\" data-end=\"1738\">\n<td data-start=\"1624\" data-end=\"1646\" data-col-size=\"sm\">CI \/ M\u00e9moire<\/td>\n<td data-col-size=\"sm\" data-start=\"1646\" data-end=\"1665\">Options de puce<\/td>\n<td data-col-size=\"md\" data-start=\"1665\" data-end=\"1738\">NTAG213 \/ NTAG216 \/ ICODE SLIX<\/td>\n<\/tr>\n<tr data-start=\"1739\" data-end=\"1853\">\n<td data-start=\"1739\" data-end=\"1761\" data-col-size=\"sm\"><\/td>\n<td data-col-size=\"sm\" data-start=\"1761\" data-end=\"1780\">M\u00e9moire<\/td>\n<td data-col-size=\"md\" data-start=\"1780\" data-end=\"1853\">1 Ko, 144 octets, etc. (varie selon la puce)<\/td>\n<\/tr>\n<tr data-start=\"1854\" data-end=\"1968\">\n<td data-start=\"1854\" data-end=\"1876\" data-col-size=\"sm\">Physique<\/td>\n<td data-col-size=\"sm\" data-start=\"1876\" data-end=\"1895\">Mat\u00e9riels<\/td>\n<td data-col-size=\"md\" data-start=\"1895\" data-end=\"1968\">PPS \/ Silicone \/ ABS \/ Plastique souple<\/td>\n<\/tr>\n<tr data-start=\"1969\" data-end=\"2083\">\n<td data-start=\"1969\" data-end=\"1991\" data-col-size=\"sm\"><\/td>\n<td data-col-size=\"sm\" data-start=\"1991\" data-end=\"2010\">Options de taille<\/td>\n<td data-col-size=\"md\" data-start=\"2010\" data-end=\"2083\">\u00d818 mm \/ \u00d820 mm \/ \u00d825 mm \/ \u00d830 mm, ou sur mesure<\/td>\n<\/tr>\n<tr data-start=\"2084\" data-end=\"2198\">\n<td data-start=\"2084\" data-end=\"2106\" data-col-size=\"sm\">Performance<\/td>\n<td data-col-size=\"sm\" data-start=\"2106\" data-end=\"2125\">Plage de lecture<\/td>\n<td data-col-size=\"md\" data-start=\"2125\" data-end=\"2198\">2 \u00e0 10 cm (selon la puce et le lecteur)<\/td>\n<\/tr>\n<tr data-start=\"2199\" data-end=\"2314\">\n<td data-start=\"2199\" data-end=\"2221\" data-col-size=\"sm\">Environnement<\/td>\n<td data-col-size=\"sm\" data-start=\"2221\" data-end=\"2240\">Temp\u00e9rature<\/td>\n<td data-col-size=\"md\" data-start=\"2240\" data-end=\"2314\">\u221225 \u2103 \u00e0 +120 \u2103<\/td>\n<\/tr>\n<tr data-start=\"2315\" data-end=\"2429\">\n<td data-start=\"2315\" data-end=\"2337\" data-col-size=\"sm\">Cas d&#039;utilisation<\/td>\n<td data-col-size=\"sm\" data-start=\"2337\" data-end=\"2356\">Applications<\/td>\n<td data-col-size=\"md\" data-start=\"2356\" data-end=\"2429\">Industrie de la location de v\u00eatements, chaussures, sacs, linge d&#039;h\u00f4tel, mat\u00e9riel m\u00e9dical et uniformes<\/td>\n<\/tr>\n<tr data-start=\"2430\" data-end=\"2558\">\n<td data-start=\"2430\" data-end=\"2452\" data-col-size=\"sm\">Caract\u00e9ristiques du produit<\/td>\n<td data-col-size=\"sm\" data-start=\"2452\" data-end=\"2471\">Attributs<\/td>\n<td data-col-size=\"md\" data-start=\"2471\" data-end=\"2558\">Souple et facile \u00e0 porter\/utiliser ; imperm\u00e9able, r\u00e9sistant \u00e0 l&#039;humidit\u00e9, aux chocs et \u00e0 la chaleur<\/td>\n<\/tr>\n<\/tbody>\n<\/table>\n<\/div>\n<\/div>","protected":false},"excerpt":{"rendered":"<p>\u00c9tiquette de lavage NFC PPS r\u00e9inscriptible de 13,56 MHz de type pi\u00e8ce de monnaie \u2014 lavable, \u00e9tanche et durable pour les cycles industriels ; scannable par smartphone pour un suivi rapide des textiles.<\/p>","protected":false},"featured_media":728,"template":"","meta":{"_gspb_post_css":""},"product_brand":[],"product_cat":[17,19],"product_tag":[],"class_list":{"0":"post-726","1":"product","2":"type-product","3":"status-publish","4":"has-post-thumbnail","6":"product_cat-rfid-laundry-tags","7":"product_cat-pps-rfid-laundry-tags","9":"first","10":"instock","11":"shipping-taxable","12":"purchasable","13":"product-type-simple"},"_links":{"self":[{"href":"https:\/\/www.cxjsmartcard.com\/fr\/wp-json\/wp\/v2\/product\/726","targetHints":{"allow":["GET"]}}],"collection":[{"href":"https:\/\/www.cxjsmartcard.com\/fr\/wp-json\/wp\/v2\/product"}],"about":[{"href":"https:\/\/www.cxjsmartcard.com\/fr\/wp-json\/wp\/v2\/types\/product"}],"wp:featuredmedia":[{"embeddable":true,"href":"https:\/\/www.cxjsmartcard.com\/fr\/wp-json\/wp\/v2\/media\/728"}],"wp:attachment":[{"href":"https:\/\/www.cxjsmartcard.com\/fr\/wp-json\/wp\/v2\/media?parent=726"}],"wp:term":[{"taxonomy":"product_brand","embeddable":true,"href":"https:\/\/www.cxjsmartcard.com\/fr\/wp-json\/wp\/v2\/product_brand?post=726"},{"taxonomy":"product_cat","embeddable":true,"href":"https:\/\/www.cxjsmartcard.com\/fr\/wp-json\/wp\/v2\/product_cat?post=726"},{"taxonomy":"product_tag","embeddable":true,"href":"https:\/\/www.cxjsmartcard.com\/fr\/wp-json\/wp\/v2\/product_tag?post=726"}],"curies":[{"name":"wp","href":"https:\/\/api.w.org\/{rel}","templated":true}]}}