{"id":721,"date":"2025-11-03T06:52:46","date_gmt":"2025-11-03T06:52:46","guid":{"rendered":"https:\/\/www.cxjsmartcard.com\/?post_type=product&#038;p=721"},"modified":"2025-12-29T01:27:11","modified_gmt":"2025-12-29T01:27:11","slug":"washable-rfid-tags-for-laundry-management","status":"publish","type":"product","link":"https:\/\/www.cxjsmartcard.com\/fr\/washable-rfid-tags-for-laundry-management\/","title":{"rendered":"\u00c9tiquettes RFID lavables pour la gestion du linge"},"content":{"rendered":"<p data-start=\"53\" data-end=\"465\">Les \u00e9tiquettes RFID lavables sont un outil indispensable \u00e0 la gestion moderne des blanchisseries. Con\u00e7ues pour une durabilit\u00e9 et une efficacit\u00e9 optimales en milieu industriel, elles utilisent la technologie RFID UHF pour un suivi pr\u00e9cis des v\u00eatements, du linge et des uniformes tout au long du processus, am\u00e9liorant ainsi l&#039;organisation et r\u00e9duisant les pertes. \u00c9tanche, r\u00e9sistante aux hautes temp\u00e9ratures et lavable, elle est id\u00e9ale pour les syst\u00e8mes de blanchisserie haute performance.<\/p>\n<p data-start=\"467\" data-end=\"481\"><strong data-start=\"467\" data-end=\"479\">Caract\u00e9ristiques<\/strong><\/p>\n<ol data-start=\"482\" data-end=\"895\">\n<li data-start=\"482\" data-end=\"545\">\n<p data-start=\"485\" data-end=\"545\">Construction en tissu (nylon), ultra-r\u00e9sistant et imperm\u00e9able.<\/p>\n<\/li>\n<li data-start=\"546\" data-end=\"589\">\n<p data-start=\"549\" data-end=\"589\">Protocole ISO18000-6C ; UHF 860\u2013960 MHz.<\/p>\n<\/li>\n<li data-start=\"590\" data-end=\"630\">\n<p data-start=\"593\" data-end=\"630\">Options de m\u00e9moire EPC\u00a0: 96 ou 128 bits.<\/p>\n<\/li>\n<li data-start=\"631\" data-end=\"678\">\n<p data-start=\"634\" data-end=\"678\">Port\u00e9e de lecture\u00a0: 1 \u00e0 6 m\u00e8tres (selon l\u2019appareil).<\/p>\n<\/li>\n<li data-start=\"679\" data-end=\"745\">\n<p data-start=\"682\" data-end=\"745\">Temp\u00e9rature de fonctionnement : \u221225 \u00b0C \u00e0 +110 \u00b0C ; temp\u00e9rature de stockage : \u221240 \u00b0C \u00e0 +85 \u00b0C.<\/p>\n<\/li>\n<li data-start=\"746\" data-end=\"796\">\n<p data-start=\"749\" data-end=\"796\">R\u00e9sistance au lavage : 200 cycles ou jusqu&#039;\u00e0 3 ans.<\/p>\n<\/li>\n<li data-start=\"797\" data-end=\"895\">\n<p data-start=\"800\" data-end=\"895\">r\u00e9sistance \u00e0 la temp\u00e9rature : 90 \u00b0C (15 min) ; s\u00e9chage \u00e0 180 \u00b0C (30 min) ; st\u00e9rilisation \u00e0 135 \u00b0C (20 min).<\/p>\n<\/li>\n<\/ol>\n<p data-start=\"897\" data-end=\"915\"><strong data-start=\"897\" data-end=\"913\">Principaux avantages<\/strong><\/p>\n<ol data-start=\"916\" data-end=\"1377\">\n<li data-start=\"916\" data-end=\"1046\">\n<p data-start=\"919\" data-end=\"1046\"><strong data-start=\"919\" data-end=\"938\">Haute durabilit\u00e9<\/strong> \u2014 r\u00e9siste \u00e0 200 cycles de lavage et \u00e0 des conditions difficiles (pression, chaleur, repassage) pendant une dur\u00e9e de vie d&#039;environ 3 ans.<\/p>\n<\/li>\n<li data-start=\"1047\" data-end=\"1160\">\n<p data-start=\"1050\" data-end=\"1160\"><strong data-start=\"1050\" data-end=\"1072\">Suivi efficace<\/strong> \u2014 La port\u00e9e de lecture UHF jusqu&#039;\u00e0 6 m permet un suivi rapide et pr\u00e9cis du tri \u00e0 la livraison.<\/p>\n<\/li>\n<li data-start=\"1161\" data-end=\"1273\">\n<p data-start=\"1164\" data-end=\"1273\"><strong data-start=\"1164\" data-end=\"1189\">Imperm\u00e9able et lavable<\/strong> \u2014 R\u00e9siste aux lavages, \u00e0 l&#039;immersion et au repassage r\u00e9p\u00e9t\u00e9s sans perte de performance.<\/p>\n<\/li>\n<li data-start=\"1274\" data-end=\"1377\">\n<p data-start=\"1277\" data-end=\"1377\"><strong data-start=\"1277\" data-end=\"1308\">r\u00e9sistance aux hautes temp\u00e9ratures<\/strong> \u2014 supporte le s\u00e9chage \u00e0 180 \u00b0C et la st\u00e9rilisation \u00e0 135 \u00b0C pour une utilisation industrielle.<\/p>\n<\/li>\n<\/ol>\n<p data-start=\"1379\" data-end=\"1397\"><strong data-start=\"1379\" data-end=\"1395\">Applications<\/strong><\/p>\n<ul data-start=\"1398\" data-end=\"1723\">\n<li data-start=\"1398\" data-end=\"1475\">\n<p data-start=\"1400\" data-end=\"1475\"><strong data-start=\"1400\" data-end=\"1423\">Blanchisserie industrielle :<\/strong> Suivi des uniformes de travail, des serviettes et du linge de lit \u00e0 l&#039;\u00e9chelle.<\/p>\n<\/li>\n<li data-start=\"1476\" data-end=\"1565\">\n<p data-start=\"1478\" data-end=\"1565\"><strong data-start=\"1478\" data-end=\"1493\">Sant\u00e9 :<\/strong> G\u00e9rer les uniformes et le linge m\u00e9dicaux \u00e0 des fins d&#039;hygi\u00e8ne et de contr\u00f4le des stocks.<\/p>\n<\/li>\n<li data-start=\"1566\" data-end=\"1645\">\n<p data-start=\"1568\" data-end=\"1645\"><strong data-start=\"1568\" data-end=\"1584\">Hospitalit\u00e9:<\/strong> Surveiller le linge de maison, les serviettes et les uniformes de l&#039;h\u00f4tel afin de r\u00e9duire les pertes.<\/p>\n<\/li>\n<li data-start=\"1646\" data-end=\"1723\">\n<p data-start=\"1648\" data-end=\"1723\"><strong data-start=\"1648\" data-end=\"1670\">Usines de confection :<\/strong> Suivre les articles textiles de la production \u00e0 la distribution.<\/p>\n<\/li>\n<\/ul>\n<p data-start=\"1725\" data-end=\"1940\"><strong data-start=\"1725\" data-end=\"1755\">Comment fonctionnent les \u00e9tiquettes RFID pour le linge ?<\/strong><br data-start=\"1755\" data-end=\"1758\" \/>Chaque \u00e9tiquette contient des informations (identifiant, historique des lavages, propri\u00e9taire). Les lecteurs RFID captent ces donn\u00e9es jusqu&#039;\u00e0 6 m\u00e8tres de distance, permettant un suivi simplifi\u00e9 \u00e0 chaque \u00e9tape du processus de blanchisserie.<\/p>\n<p data-start=\"1942\" data-end=\"2052\"><strong data-start=\"1942\" data-end=\"1950\">FAQ<\/strong><br data-start=\"1950\" data-end=\"1953\" \/><strong data-start=\"1953\" data-end=\"1986\">1) Combien de temps durent les \u00e9tiquettes ?<\/strong><br data-start=\"1986\" data-end=\"1989\" \/>Jusqu&#039;\u00e0 <strong data-start=\"1995\" data-end=\"2014\">200 cycles de lavage<\/strong> ou <strong data-start=\"2018\" data-end=\"2029\">3 ans<\/strong>, selon l&#039;utilisation.<\/p>\n<p data-start=\"2054\" data-end=\"2164\"><strong data-start=\"2054\" data-end=\"2101\">2) Ces \u00e9tiquettes peuvent-elles r\u00e9sister aux hautes temp\u00e9ratures ?<\/strong><br data-start=\"2101\" data-end=\"2104\" \/>Oui-<strong data-start=\"2108\" data-end=\"2118\">180 \u00b0C<\/strong> dans les s\u00e8che-linge et <strong data-start=\"2133\" data-end=\"2143\">135 \u00b0C<\/strong> pour la st\u00e9rilisation.<\/p>\n<p data-start=\"2166\" data-end=\"2264\"><strong data-start=\"2166\" data-end=\"2202\">3) Des mod\u00e8les personnalis\u00e9s sont-ils disponibles ?<\/strong><br data-start=\"2202\" data-end=\"2205\" \/>Oui, personnalisation de la marque et des sp\u00e9cifications disponible (quantit\u00e9 minimale de commande). <strong data-start=\"2246\" data-end=\"2256\">50,000<\/strong> unit\u00e9s).<\/p>\n<h2 data-start=\"2266\" data-end=\"2291\">Tableau (Sp\u00e9cifications)<\/h2>\n<div class=\"_tableContainer_1rjym_1\">\n<div class=\"group _tableWrapper_1rjym_13 flex w-fit flex-col-reverse\" tabindex=\"-1\">\n<table class=\"w-fit min-w-(--thread-content-width)\" data-start=\"2292\" data-end=\"3747\">\n<thead data-start=\"2292\" data-end=\"2389\">\n<tr data-start=\"2292\" data-end=\"2389\">\n<th data-start=\"2292\" data-end=\"2313\" data-col-size=\"sm\">Cat\u00e9gorie<\/th>\n<th data-start=\"2313\" data-end=\"2338\" data-col-size=\"sm\">Param\u00e8tre<\/th>\n<th data-start=\"2338\" data-end=\"2389\" data-col-size=\"md\">Valeur<\/th>\n<\/tr>\n<\/thead>\n<tbody data-start=\"2487\" data-end=\"3747\">\n<tr data-start=\"2487\" data-end=\"2583\">\n<td data-start=\"2487\" data-end=\"2507\" data-col-size=\"sm\">Mat\u00e9riels<\/td>\n<td data-col-size=\"sm\" data-start=\"2507\" data-end=\"2533\">Tissu<\/td>\n<td data-col-size=\"md\" data-start=\"2533\" data-end=\"2583\">Nylon<\/td>\n<\/tr>\n<tr data-start=\"2584\" data-end=\"2680\">\n<td data-start=\"2584\" data-end=\"2604\" data-col-size=\"sm\">Apparence<\/td>\n<td data-col-size=\"sm\" data-start=\"2604\" data-end=\"2630\">Couleur<\/td>\n<td data-col-size=\"md\" data-start=\"2630\" data-end=\"2680\">Blanc<\/td>\n<\/tr>\n<tr data-start=\"2681\" data-end=\"2777\">\n<td data-start=\"2681\" data-end=\"2701\" data-col-size=\"sm\">RF \/ Protocole<\/td>\n<td data-col-size=\"sm\" data-start=\"2701\" data-end=\"2727\">Standard<\/td>\n<td data-col-size=\"md\" data-start=\"2727\" data-end=\"2777\">ISO 18000-6C<\/td>\n<\/tr>\n<tr data-start=\"2778\" data-end=\"2874\">\n<td data-start=\"2778\" data-end=\"2798\" data-col-size=\"sm\"><\/td>\n<td data-col-size=\"sm\" data-start=\"2798\" data-end=\"2824\">Fr\u00e9quence<\/td>\n<td data-col-size=\"md\" data-start=\"2824\" data-end=\"2874\">860\u2013960 MHz<\/td>\n<\/tr>\n<tr data-start=\"2875\" data-end=\"2971\">\n<td data-start=\"2875\" data-end=\"2895\" data-col-size=\"sm\">M\u00e9moire<\/td>\n<td data-col-size=\"sm\" data-start=\"2895\" data-end=\"2921\">EPC<\/td>\n<td data-col-size=\"md\" data-start=\"2921\" data-end=\"2971\">96 bits \/ 128 bits<\/td>\n<\/tr>\n<tr data-start=\"2972\" data-end=\"3068\">\n<td data-start=\"2972\" data-end=\"2992\" data-col-size=\"sm\">Performance<\/td>\n<td data-start=\"2992\" data-end=\"3018\" data-col-size=\"sm\">Plage de lecture<\/td>\n<td data-col-size=\"md\" data-start=\"3018\" data-end=\"3068\">1 \u00e0 6 m (selon l&#039;appareil)<\/td>\n<\/tr>\n<tr data-start=\"3069\" data-end=\"3165\">\n<td data-start=\"3069\" data-end=\"3089\" data-col-size=\"sm\">Environnement<\/td>\n<td data-col-size=\"sm\" data-start=\"3089\" data-end=\"3115\">Temp\u00e9rature de fonctionnement<\/td>\n<td data-col-size=\"md\" data-start=\"3115\" data-end=\"3165\">\u221225 \u00b0C \u00e0 +110 \u00b0C<\/td>\n<\/tr>\n<tr data-start=\"3166\" data-end=\"3262\">\n<td data-start=\"3166\" data-end=\"3186\" data-col-size=\"sm\"><\/td>\n<td data-start=\"3186\" data-end=\"3212\" data-col-size=\"sm\">Temp\u00e9rature de stockage<\/td>\n<td data-col-size=\"md\" data-start=\"3212\" data-end=\"3262\">\u221240 \u00b0C \u00e0 +85 \u00b0C<\/td>\n<\/tr>\n<tr data-start=\"3263\" data-end=\"3359\">\n<td data-start=\"3263\" data-end=\"3283\" data-col-size=\"sm\">Durabilit\u00e9<\/td>\n<td data-start=\"3283\" data-end=\"3309\" data-col-size=\"sm\">R\u00e9sistance au lavage<\/td>\n<td data-col-size=\"md\" data-start=\"3309\" data-end=\"3359\">200 cycles ou environ 3 ans<\/td>\n<\/tr>\n<tr data-start=\"3360\" data-end=\"3456\">\n<td data-start=\"3360\" data-end=\"3380\" data-col-size=\"sm\">R\u00e9sistance \u00e0 la chaleur<\/td>\n<td data-col-size=\"sm\" data-start=\"3380\" data-end=\"3406\">Lavage<\/td>\n<td data-col-size=\"md\" data-start=\"3406\" data-end=\"3456\">90 \u00b0C, 15 min<\/td>\n<\/tr>\n<tr data-start=\"3457\" data-end=\"3553\">\n<td data-start=\"3457\" data-end=\"3477\" data-col-size=\"sm\"><\/td>\n<td data-col-size=\"sm\" data-start=\"3477\" data-end=\"3503\">S\u00e9chage (s\u00e8che-linge)<\/td>\n<td data-col-size=\"md\" data-start=\"3503\" data-end=\"3553\">180 \u00b0C, 30 min<\/td>\n<\/tr>\n<tr data-start=\"3554\" data-end=\"3650\">\n<td data-start=\"3554\" data-end=\"3574\" data-col-size=\"sm\"><\/td>\n<td data-col-size=\"sm\" data-start=\"3574\" data-end=\"3600\">St\u00e9rilisation<\/td>\n<td data-col-size=\"md\" data-start=\"3600\" data-end=\"3650\">135 \u00b0C, 20 min<\/td>\n<\/tr>\n<tr data-start=\"3651\" data-end=\"3747\">\n<td data-start=\"3651\" data-end=\"3671\" data-col-size=\"sm\">Applications<\/td>\n<td data-col-size=\"sm\" data-start=\"3671\" data-end=\"3697\">Cas d&#039;utilisation typiques<\/td>\n<td data-col-size=\"md\" data-start=\"3697\" data-end=\"3747\">Blanchisserie, gestion des textiles, suivi des uniformes<\/td>\n<\/tr>\n<\/tbody>\n<\/table>\n<\/div>\n<\/div>","protected":false},"excerpt":{"rendered":"<p>\u00c9tiquettes RFID UHF \u00e9tanches et lavables pour le linge de maison, les uniformes et les textiles \u2014 port\u00e9e de lecture de 1 \u00e0 6 m, ISO18000-6C et durabilit\u00e9 pour 200 cycles de lavage afin de rationaliser le suivi du linge industriel.<\/p>","protected":false},"featured_media":725,"template":"","meta":{"_gspb_post_css":""},"product_brand":[],"product_cat":[17,18],"product_tag":[],"class_list":{"0":"post-721","1":"product","2":"type-product","3":"status-publish","4":"has-post-thumbnail","6":"product_cat-rfid-laundry-tags","7":"product_cat-textile-rfid-laundry-tags","9":"first","10":"instock","11":"shipping-taxable","12":"purchasable","13":"product-type-simple"},"_links":{"self":[{"href":"https:\/\/www.cxjsmartcard.com\/fr\/wp-json\/wp\/v2\/product\/721","targetHints":{"allow":["GET"]}}],"collection":[{"href":"https:\/\/www.cxjsmartcard.com\/fr\/wp-json\/wp\/v2\/product"}],"about":[{"href":"https:\/\/www.cxjsmartcard.com\/fr\/wp-json\/wp\/v2\/types\/product"}],"wp:featuredmedia":[{"embeddable":true,"href":"https:\/\/www.cxjsmartcard.com\/fr\/wp-json\/wp\/v2\/media\/725"}],"wp:attachment":[{"href":"https:\/\/www.cxjsmartcard.com\/fr\/wp-json\/wp\/v2\/media?parent=721"}],"wp:term":[{"taxonomy":"product_brand","embeddable":true,"href":"https:\/\/www.cxjsmartcard.com\/fr\/wp-json\/wp\/v2\/product_brand?post=721"},{"taxonomy":"product_cat","embeddable":true,"href":"https:\/\/www.cxjsmartcard.com\/fr\/wp-json\/wp\/v2\/product_cat?post=721"},{"taxonomy":"product_tag","embeddable":true,"href":"https:\/\/www.cxjsmartcard.com\/fr\/wp-json\/wp\/v2\/product_tag?post=721"}],"curies":[{"name":"wp","href":"https:\/\/api.w.org\/{rel}","templated":true}]}}