{"id":716,"date":"2025-11-03T06:51:02","date_gmt":"2025-11-03T06:51:02","guid":{"rendered":"https:\/\/www.cxjsmartcard.com\/?post_type=product&#038;p=716"},"modified":"2025-12-29T01:27:11","modified_gmt":"2025-12-29T01:27:11","slug":"sew-textile-washable-uhf-rfid-laundry-tag-with-metal-hole","status":"publish","type":"product","link":"https:\/\/www.cxjsmartcard.com\/fr\/sew-textile-washable-uhf-rfid-laundry-tag-with-metal-hole\/","title":{"rendered":"\u00c9tiquette textile lavable RFID UHF \u00e0 coudre avec trou m\u00e9tallique"},"content":{"rendered":"<p data-start=\"69\" data-end=\"507\">Les \u00e9tiquettes textiles lavables RFID UHF sont suffisamment r\u00e9sistantes pour supporter plus de 200 cycles de lavage. Elles sont g\u00e9n\u00e9ralement utilis\u00e9es dans les \u00e9tablissements n\u00e9cessitant un flux constant de linge propre, d&#039;uniformes, de v\u00eatements de travail, de v\u00eatements m\u00e9dicaux, de costumes et d&#039;articles de location. Nos \u00e9tiquettes RFID UHF pour linge peuvent \u00eatre lues en masse \u00e0 plusieurs m\u00e8tres de distance, permettant ainsi aux syst\u00e8mes automatis\u00e9s de suivre un grand nombre d&#039;articles individuels plus rapidement et avec une plus grande pr\u00e9cision.<\/p>\n<p data-start=\"509\" data-end=\"558\"><strong data-start=\"509\" data-end=\"556\">\u00c9tiquette RFID lavable en lin (r\u00e9sistance au processus)<\/strong><\/p>\n<ul data-start=\"559\" data-end=\"797\">\n<li data-start=\"559\" data-end=\"605\">\n<p data-start=\"561\" data-end=\"605\">Lavage\u00a0: 90\u00a0\u00b0C, 15\u00a0minutes, plus de 200\u00a0cycles<\/p>\n<\/li>\n<li data-start=\"606\" data-end=\"647\">\n<p data-start=\"608\" data-end=\"647\">Pression : 60 bars de pression atmosph\u00e9rique<\/p>\n<\/li>\n<li data-start=\"648\" data-end=\"694\">\n<p data-start=\"650\" data-end=\"694\">Repasseur : 190 \u00b0C, 12 secondes, plus de 200 cycles<\/p>\n<\/li>\n<li data-start=\"695\" data-end=\"745\">\n<p data-start=\"697\" data-end=\"745\">Pr\u00e9-s\u00e9chage\u00a0: 180\u00a0\u00b0C, 20\u00a0minutes, plus de 200\u00a0cycles<\/p>\n<\/li>\n<li data-start=\"746\" data-end=\"797\">\n<p data-start=\"748\" data-end=\"797\">St\u00e9rilisation\u00a0: 135\u00a0\u00b0C, 20\u00a0minutes, plus de 200\u00a0cycles<\/p>\n<\/li>\n<\/ul>\n<p data-start=\"799\" data-end=\"932\"><strong data-start=\"799\" data-end=\"812\">Cas d&#039;utilisation<\/strong><br data-start=\"812\" data-end=\"815\" \/>\u00c9tiquette textile lavable et imperm\u00e9able RFID UHF \u00e0 coudre pour le linge d&#039;h\u00f4tel, les v\u00eatements de location et le suivi des v\u00eatements m\u00e9dicaux.<\/p>\n<p data-start=\"934\" data-end=\"956\"><strong data-start=\"934\" data-end=\"954\">Performances RFID<\/strong><\/p>\n<ul data-start=\"957\" data-end=\"1368\">\n<li data-start=\"957\" data-end=\"1014\">\n<p data-start=\"959\" data-end=\"1014\">Protocole\u00a0: EPC Global UHF Classe 1 Gen 2 \/ ISO 18000-6C<\/p>\n<\/li>\n<li data-start=\"1015\" data-end=\"1049\">\n<p data-start=\"1017\" data-end=\"1049\">Fr\u00e9quence de fonctionnement : 860\u2013960 MHz<\/p>\n<\/li>\n<li data-start=\"1050\" data-end=\"1071\">\n<p data-start=\"1052\" data-end=\"1071\">Puce : NXP UCODE 9<\/p>\n<\/li>\n<li data-start=\"1072\" data-end=\"1124\">\n<p data-start=\"1074\" data-end=\"1124\">Performances en lecture\/\u00e9criture : R\/W (plus de 100 000 fois)<\/p>\n<\/li>\n<li data-start=\"1125\" data-end=\"1151\">\n<p data-start=\"1127\" data-end=\"1151\">Stockage des donn\u00e9es : 20 ans<\/p>\n<\/li>\n<li data-start=\"1152\" data-end=\"1206\">\n<p data-start=\"1154\" data-end=\"1206\">Garantie : R\u00e9siste \u00e0 2 ans ou \u00e0 plus de 200 cycles de lavage<\/p>\n<\/li>\n<li data-start=\"1207\" data-end=\"1252\">\n<p data-start=\"1209\" data-end=\"1252\">Polarisation de l&#039;antenne : Polarisation lin\u00e9aire<\/p>\n<\/li>\n<li data-start=\"1253\" data-end=\"1368\">\n<p data-start=\"1255\" data-end=\"1299\">Distance de lecture (d&#039;apr\u00e8s des tests sur le terrain)\u00a0:<\/p>\n<ul data-start=\"1302\" data-end=\"1368\">\n<li data-start=\"1302\" data-end=\"1338\">\n<p data-start=\"1304\" data-end=\"1338\">Lecteur fixe (2 W ERP) : plus de 6 m<\/p>\n<\/li>\n<li data-start=\"1341\" data-end=\"1368\">\n<p data-start=\"1343\" data-end=\"1368\">Lecteur portable\u00a0: plus de 3 m<\/p>\n<\/li>\n<\/ul>\n<\/li>\n<\/ul>\n<p data-start=\"1370\" data-end=\"1396\"><strong data-start=\"1370\" data-end=\"1394\">Performance physique<\/strong><\/p>\n<ul data-start=\"1397\" data-end=\"2362\">\n<li data-start=\"1397\" data-end=\"1423\">\n<p data-start=\"1399\" data-end=\"1423\">Mati\u00e8re principale : Textile<\/p>\n<\/li>\n<li data-start=\"1424\" data-end=\"1532\">\n<p data-start=\"1426\" data-end=\"1441\">Options de taille\u00a0:<\/p>\n<ul data-start=\"1444\" data-end=\"1532\">\n<li data-start=\"1444\" data-end=\"1481\">\n<p data-start=\"1446\" data-end=\"1481\">S : 35\u00d715 mm \/ 36\u00d718 mm \/ 55\u00d712 mm<\/p>\n<\/li>\n<li data-start=\"1484\" data-end=\"1532\">\n<p data-start=\"1486\" data-end=\"1532\">M : 58\u00d715 mm \/ 70\u00d710 mm \/ 70\u00d718 mm \/ 70\u00d715 mm<\/p>\n<\/li>\n<\/ul>\n<\/li>\n<li data-start=\"1533\" data-end=\"1575\">\n<p data-start=\"1535\" data-end=\"1575\">Temp\u00e9rature de fonctionnement : \u221225 \u2103 \u00e0 +110 \u2103<\/p>\n<\/li>\n<li data-start=\"1576\" data-end=\"1616\">\n<p data-start=\"1578\" data-end=\"1616\">Temp\u00e9rature de stockage : \u221240 \u2103 \u00e0 +110 \u2103<\/p>\n<\/li>\n<li data-start=\"1617\" data-end=\"1645\">\n<p data-start=\"1619\" data-end=\"1645\">Humidit\u00e9 de stockage : 5%\u201395%<\/p>\n<\/li>\n<li data-start=\"1646\" data-end=\"1876\">\n<p data-start=\"1648\" data-end=\"1695\">R\u00e9sistance \u00e0 la chaleur \u00e0 court terme (tous les 200 cycles)\u00a0:<\/p>\n<ul data-start=\"1698\" data-end=\"1876\">\n<li data-start=\"1698\" data-end=\"1731\">\n<p data-start=\"1700\" data-end=\"1731\">Lavage : 90 \u00b0C (194 \u00b0F), 15 min<\/p>\n<\/li>\n<li data-start=\"1734\" data-end=\"1766\">\n<p data-start=\"1736\" data-end=\"1766\">Repassage : 190 \u00b0C (356 \u00b0F), 10 s<\/p>\n<\/li>\n<li data-start=\"1769\" data-end=\"1816\">\n<p data-start=\"1771\" data-end=\"1816\">Pr\u00e9-s\u00e9chage du convertisseur\u00a0: 180\u00a0\u00b0C (320\u00a0\u00b0F), 30\u00a0min<\/p>\n<\/li>\n<li data-start=\"1819\" data-end=\"1876\">\n<p data-start=\"1821\" data-end=\"1876\">St\u00e9rilisation \u00e0 haute temp\u00e9rature : 135 \u00b0C (275 \u00b0F), 20 min<\/p>\n<\/li>\n<\/ul>\n<\/li>\n<li data-start=\"1877\" data-end=\"1909\">\n<p data-start=\"1879\" data-end=\"1909\">Pression : 60 bars atmosph\u00e9riques<\/p>\n<\/li>\n<li data-start=\"1910\" data-end=\"2035\">\n<p data-start=\"1912\" data-end=\"1935\">M\u00e9thodes d&#039;installation\u00a0:<\/p>\n<ol data-start=\"1938\" data-end=\"2035\">\n<li data-start=\"1938\" data-end=\"1971\">\n<p data-start=\"1941\" data-end=\"1971\">Coudre ou placer dans une pochette<\/p>\n<\/li>\n<li data-start=\"1974\" data-end=\"2035\">\n<p data-start=\"1977\" data-end=\"2035\">Repassage \u00e0 chaud \u00e0 215 \u00b0C pendant 18 s sous une pression de 0,6 \u00e0 0,8 MPa<\/p>\n<\/li>\n<\/ol>\n<\/li>\n<li data-start=\"2036\" data-end=\"2129\">\n<p data-start=\"2038\" data-end=\"2129\">R\u00e9sistance chimique : R\u00e9siste \u00e0 tous les produits chimiques utilis\u00e9s dans les proc\u00e9d\u00e9s de blanchisserie industrielle courants.<\/p>\n<\/li>\n<li data-start=\"2130\" data-end=\"2213\">\n<p data-start=\"2132\" data-end=\"2213\">Tests r\u00e9ussis\u00a0: RoHS, IRM, SVHC, GB18401, EECC, OEKO-TEX\u00ae Standard 100 (Classe II)<\/p>\n<\/li>\n<li data-start=\"2214\" data-end=\"2362\">\n<p data-start=\"2216\" data-end=\"2241\">Service personnalis\u00e9 :<\/p>\n<ul data-start=\"2244\" data-end=\"2362\">\n<li data-start=\"2244\" data-end=\"2275\">\n<p data-start=\"2246\" data-end=\"2275\">CPE pr\u00e9programm\u00e9 \/ ID CPE<\/p>\n<\/li>\n<li data-start=\"2278\" data-end=\"2338\">\n<p data-start=\"2280\" data-end=\"2338\">Impression\u00a0: logo, num\u00e9ro TID\/s\u00e9rie laser, lettres, chiffres<\/p>\n<\/li>\n<li data-start=\"2341\" data-end=\"2362\">\n<p data-start=\"2343\" data-end=\"2362\">options de pr\u00e9-cryptage<\/p>\n<\/li>\n<\/ul>\n<\/li>\n<\/ul>\n<h2 data-start=\"2364\" data-end=\"2389\">Tableau (Sp\u00e9cifications)<\/h2>\n<div class=\"_tableContainer_1rjym_1\">\n<div class=\"group _tableWrapper_1rjym_13 flex w-fit flex-col-reverse\" tabindex=\"-1\">\n<table class=\"w-fit min-w-(--thread-content-width)\" data-start=\"2391\" data-end=\"6638\">\n<thead data-start=\"2391\" data-end=\"2541\">\n<tr data-start=\"2391\" data-end=\"2541\">\n<th data-start=\"2391\" data-end=\"2415\" data-col-size=\"sm\">Cat\u00e9gorie<\/th>\n<th data-start=\"2415\" data-end=\"2451\" data-col-size=\"sm\">Param\u00e8tre<\/th>\n<th data-start=\"2451\" data-end=\"2541\" data-col-size=\"md\">Valeur<\/th>\n<\/tr>\n<\/thead>\n<tbody data-start=\"2692\" data-end=\"6638\">\n<tr data-start=\"2692\" data-end=\"2842\">\n<td data-start=\"2692\" data-end=\"2715\" data-col-size=\"sm\">Produit<\/td>\n<td data-col-size=\"sm\" data-start=\"2715\" data-end=\"2752\">Nom<\/td>\n<td data-col-size=\"md\" data-start=\"2752\" data-end=\"2842\">\u00c9tiquette textile lavable RFID UHF \u00e0 coudre avec trou m\u00e9tallique<\/td>\n<\/tr>\n<tr data-start=\"2843\" data-end=\"2993\">\n<td data-start=\"2843\" data-end=\"2866\" data-col-size=\"sm\">Cas d&#039;utilisation<\/td>\n<td data-col-size=\"sm\" data-start=\"2866\" data-end=\"2903\">Applications typiques<\/td>\n<td data-col-size=\"md\" data-start=\"2903\" data-end=\"2993\">Linge de maison d&#039;h\u00f4tel, v\u00eatements de location, v\u00eatements m\u00e9dicaux, uniformes, v\u00eatements de travail, costumes<\/td>\n<\/tr>\n<tr data-start=\"2994\" data-end=\"3144\">\n<td data-start=\"2994\" data-end=\"3017\" data-col-size=\"sm\">Performances RFID<\/td>\n<td data-start=\"3017\" data-end=\"3054\" data-col-size=\"sm\">Protocole<\/td>\n<td data-col-size=\"md\" data-start=\"3054\" data-end=\"3144\">EPC Global UHF Classe 1 Gen 2 \/ ISO 18000-6C<\/td>\n<\/tr>\n<tr data-start=\"3145\" data-end=\"3296\">\n<td data-start=\"3145\" data-end=\"3168\" data-col-size=\"sm\"><\/td>\n<td data-col-size=\"sm\" data-start=\"3168\" data-end=\"3205\">Fr\u00e9quence de fonctionnement<\/td>\n<td data-col-size=\"md\" data-start=\"3205\" data-end=\"3296\">860\u2013960 MHz<\/td>\n<\/tr>\n<tr data-start=\"3297\" data-end=\"3448\">\n<td data-start=\"3297\" data-end=\"3320\" data-col-size=\"sm\"><\/td>\n<td data-col-size=\"sm\" data-start=\"3320\" data-end=\"3357\">\u00c9br\u00e9cher<\/td>\n<td data-col-size=\"md\" data-start=\"3357\" data-end=\"3448\">NXP UCODE 9<\/td>\n<\/tr>\n<tr data-start=\"3449\" data-end=\"3600\">\n<td data-start=\"3449\" data-end=\"3472\" data-col-size=\"sm\"><\/td>\n<td data-start=\"3472\" data-end=\"3509\" data-col-size=\"sm\">endurance R\/W<\/td>\n<td data-col-size=\"md\" data-start=\"3509\" data-end=\"3600\">Plus de 100 000 fois<\/td>\n<\/tr>\n<tr data-start=\"3601\" data-end=\"3752\">\n<td data-start=\"3601\" data-end=\"3624\" data-col-size=\"sm\"><\/td>\n<td data-start=\"3624\" data-end=\"3661\" data-col-size=\"sm\">conservation des donn\u00e9es<\/td>\n<td data-col-size=\"md\" data-start=\"3661\" data-end=\"3752\">20 ans<\/td>\n<\/tr>\n<tr data-start=\"3753\" data-end=\"3905\">\n<td data-start=\"3753\" data-end=\"3776\" data-col-size=\"sm\"><\/td>\n<td data-start=\"3776\" data-end=\"3814\" data-col-size=\"sm\">Garantie<\/td>\n<td data-col-size=\"md\" data-start=\"3814\" data-end=\"3905\">2 ans ou \u2265 200 cycles de lavage<\/td>\n<\/tr>\n<tr data-start=\"3906\" data-end=\"4057\">\n<td data-start=\"3906\" data-end=\"3929\" data-col-size=\"sm\"><\/td>\n<td data-start=\"3929\" data-end=\"3966\" data-col-size=\"sm\">polarisation de l&#039;antenne<\/td>\n<td data-start=\"3966\" data-end=\"4057\" data-col-size=\"md\">Lin\u00e9aire<\/td>\n<\/tr>\n<tr data-start=\"4058\" data-end=\"4209\">\n<td data-start=\"4058\" data-end=\"4081\" data-col-size=\"sm\"><\/td>\n<td data-col-size=\"sm\" data-start=\"4081\" data-end=\"4118\">Distance de lecture (fixe, 2 W ERP)<\/td>\n<td data-col-size=\"md\" data-start=\"4118\" data-end=\"4209\">&gt;6 m<\/td>\n<\/tr>\n<tr data-start=\"4210\" data-end=\"4361\">\n<td data-start=\"4210\" data-end=\"4233\" data-col-size=\"sm\"><\/td>\n<td data-col-size=\"sm\" data-start=\"4233\" data-end=\"4270\">Distance de lecture (appareil portable)<\/td>\n<td data-col-size=\"md\" data-start=\"4270\" data-end=\"4361\">&gt;3 m<\/td>\n<\/tr>\n<tr data-start=\"4362\" data-end=\"4513\">\n<td data-start=\"4362\" data-end=\"4385\" data-col-size=\"sm\">Physique<\/td>\n<td data-col-size=\"sm\" data-start=\"4385\" data-end=\"4422\">Mati\u00e8re principale<\/td>\n<td data-col-size=\"md\" data-start=\"4422\" data-end=\"4513\">Textile<\/td>\n<\/tr>\n<tr data-start=\"4514\" data-end=\"4665\">\n<td data-start=\"4514\" data-end=\"4537\" data-col-size=\"sm\"><\/td>\n<td data-col-size=\"sm\" data-start=\"4537\" data-end=\"4574\">Tailles (S)<\/td>\n<td data-col-size=\"md\" data-start=\"4574\" data-end=\"4665\">35\u00d715 mm ; 36\u00d718 mm ; 55\u00d712 mm<\/td>\n<\/tr>\n<tr data-start=\"4666\" data-end=\"4817\">\n<td data-start=\"4666\" data-end=\"4689\" data-col-size=\"sm\"><\/td>\n<td data-start=\"4689\" data-end=\"4726\" data-col-size=\"sm\">Tailles (M)<\/td>\n<td data-col-size=\"md\" data-start=\"4726\" data-end=\"4817\">58\u00d715 mm ; 70\u00d710 mm ; 70\u00d718 mm ; 70\u00d715 mm<\/td>\n<\/tr>\n<tr data-start=\"4818\" data-end=\"4969\">\n<td data-start=\"4818\" data-end=\"4841\" data-col-size=\"sm\">Environnement<\/td>\n<td data-col-size=\"sm\" data-start=\"4841\" data-end=\"4878\">Temp\u00e9rature de fonctionnement<\/td>\n<td data-col-size=\"md\" data-start=\"4878\" data-end=\"4969\">\u221225 \u2103 \u00e0 +110 \u2103<\/td>\n<\/tr>\n<tr data-start=\"4970\" data-end=\"5121\">\n<td data-start=\"4970\" data-end=\"4993\" data-col-size=\"sm\"><\/td>\n<td data-start=\"4993\" data-end=\"5030\" data-col-size=\"sm\">temp\u00e9rature de stockage<\/td>\n<td data-col-size=\"md\" data-start=\"5030\" data-end=\"5121\">\u221240 \u2103 \u00e0 +110 \u2103<\/td>\n<\/tr>\n<tr data-start=\"5122\" data-end=\"5272\">\n<td data-start=\"5122\" data-end=\"5145\" data-col-size=\"sm\"><\/td>\n<td data-col-size=\"sm\" data-start=\"5145\" data-end=\"5182\">humidit\u00e9 de stockage<\/td>\n<td data-col-size=\"md\" data-start=\"5182\" data-end=\"5272\">5%\u201395%<\/td>\n<\/tr>\n<tr data-start=\"5273\" data-end=\"5424\">\n<td data-start=\"5273\" data-end=\"5296\" data-col-size=\"sm\">Endurance du processus<\/td>\n<td data-col-size=\"sm\" data-start=\"5296\" data-end=\"5333\">Lavage<\/td>\n<td data-col-size=\"md\" data-start=\"5333\" data-end=\"5424\">90 \u00b0C, 15 min, 200 cycles<\/td>\n<\/tr>\n<tr data-start=\"5425\" data-end=\"5576\">\n<td data-start=\"5425\" data-end=\"5448\" data-col-size=\"sm\"><\/td>\n<td data-col-size=\"sm\" data-start=\"5448\" data-end=\"5485\">Repassage<\/td>\n<td data-col-size=\"md\" data-start=\"5485\" data-end=\"5576\">190 \u00b0C, 10\u201312 s, 200 cycles<\/td>\n<\/tr>\n<tr data-start=\"5577\" data-end=\"5728\">\n<td data-start=\"5577\" data-end=\"5600\" data-col-size=\"sm\"><\/td>\n<td data-col-size=\"sm\" data-start=\"5600\" data-end=\"5637\">Pr\u00e9-s\u00e9chage<\/td>\n<td data-col-size=\"md\" data-start=\"5637\" data-end=\"5728\">180 \u00b0C, 20\u201330 min, 200 cycles<\/td>\n<\/tr>\n<tr data-start=\"5729\" data-end=\"5880\">\n<td data-start=\"5729\" data-end=\"5752\" data-col-size=\"sm\"><\/td>\n<td data-col-size=\"sm\" data-start=\"5752\" data-end=\"5789\">St\u00e9rilisation<\/td>\n<td data-col-size=\"md\" data-start=\"5789\" data-end=\"5880\">135 \u00b0C, 20 min, 200 cycles<\/td>\n<\/tr>\n<tr data-start=\"5881\" data-end=\"6032\">\n<td data-start=\"5881\" data-end=\"5904\" data-col-size=\"sm\"><\/td>\n<td data-col-size=\"sm\" data-start=\"5904\" data-end=\"5941\">Pression<\/td>\n<td data-col-size=\"md\" data-start=\"5941\" data-end=\"6032\">60 bars atmosph\u00e9riques<\/td>\n<\/tr>\n<tr data-start=\"6033\" data-end=\"6184\">\n<td data-start=\"6033\" data-end=\"6056\" data-col-size=\"sm\">Installation<\/td>\n<td data-col-size=\"sm\" data-start=\"6056\" data-end=\"6093\">M\u00e9thodes<\/td>\n<td data-col-size=\"md\" data-start=\"6093\" data-end=\"6184\">Couture \/ insertion dans la pochette ; ou repassage \u00e0 chaud \u00e0 215 \u00b0C pendant 18 s \u00e0 0,6\u20130,8 MPa<\/td>\n<\/tr>\n<tr data-start=\"6185\" data-end=\"6336\">\n<td data-start=\"6185\" data-end=\"6208\" data-col-size=\"sm\">Produits chimiques<\/td>\n<td data-col-size=\"sm\" data-start=\"6208\" data-end=\"6245\">R\u00e9sistance<\/td>\n<td data-col-size=\"md\" data-start=\"6245\" data-end=\"6336\">R\u00e9siste aux produits chimiques utilis\u00e9s dans les proc\u00e9d\u00e9s de blanchisserie industrielle courants.<\/td>\n<\/tr>\n<tr data-start=\"6337\" data-end=\"6487\">\n<td data-start=\"6337\" data-end=\"6360\" data-col-size=\"sm\">Conformit\u00e9 et tests<\/td>\n<td data-col-size=\"sm\" data-start=\"6360\" data-end=\"6397\">Normes respect\u00e9es<\/td>\n<td data-col-size=\"md\" data-start=\"6397\" data-end=\"6487\">RoHS, IRM, SVHC, GB18401, EECC, OEKO-TEX\u00ae Standard 100 (Classe II)<\/td>\n<\/tr>\n<tr data-start=\"6488\" data-end=\"6638\">\n<td data-start=\"6488\" data-end=\"6511\" data-col-size=\"sm\">Personnalisation<\/td>\n<td data-col-size=\"sm\" data-start=\"6511\" data-end=\"6548\">Options<\/td>\n<td data-col-size=\"md\" data-start=\"6548\" data-end=\"6638\">Pr\u00e9programmation EPC\/ID EPC\u00a0; impression (logo, TID laser\/num\u00e9ro de s\u00e9rie), lettres\/chiffres\u00a0; pr\u00e9-cryptage<\/td>\n<\/tr>\n<\/tbody>\n<\/table>\n<\/div>\n<\/div>","protected":false},"excerpt":{"rendered":"<p>\u00c9tiquette textile RFID UHF \u00e0 coudre et lavable avec trou m\u00e9tallique \u2014 durable \u00e0 plus de 200 cycles de lavage, lecture &gt; 6 m (fixe), r\u00e9siste \u00e0 60 bars et supporte la couture ou l&#039;installation par thermoscellage \u00e0 215 \u00b0C.<\/p>","protected":false},"featured_media":717,"template":"","meta":{"_gspb_post_css":""},"product_brand":[],"product_cat":[18,17],"product_tag":[],"class_list":{"0":"post-716","1":"product","2":"type-product","3":"status-publish","4":"has-post-thumbnail","6":"product_cat-textile-rfid-laundry-tags","7":"product_cat-rfid-laundry-tags","9":"first","10":"instock","11":"shipping-taxable","12":"purchasable","13":"product-type-simple"},"_links":{"self":[{"href":"https:\/\/www.cxjsmartcard.com\/fr\/wp-json\/wp\/v2\/product\/716","targetHints":{"allow":["GET"]}}],"collection":[{"href":"https:\/\/www.cxjsmartcard.com\/fr\/wp-json\/wp\/v2\/product"}],"about":[{"href":"https:\/\/www.cxjsmartcard.com\/fr\/wp-json\/wp\/v2\/types\/product"}],"wp:featuredmedia":[{"embeddable":true,"href":"https:\/\/www.cxjsmartcard.com\/fr\/wp-json\/wp\/v2\/media\/717"}],"wp:attachment":[{"href":"https:\/\/www.cxjsmartcard.com\/fr\/wp-json\/wp\/v2\/media?parent=716"}],"wp:term":[{"taxonomy":"product_brand","embeddable":true,"href":"https:\/\/www.cxjsmartcard.com\/fr\/wp-json\/wp\/v2\/product_brand?post=716"},{"taxonomy":"product_cat","embeddable":true,"href":"https:\/\/www.cxjsmartcard.com\/fr\/wp-json\/wp\/v2\/product_cat?post=716"},{"taxonomy":"product_tag","embeddable":true,"href":"https:\/\/www.cxjsmartcard.com\/fr\/wp-json\/wp\/v2\/product_tag?post=716"}],"curies":[{"name":"wp","href":"https:\/\/api.w.org\/{rel}","templated":true}]}}