{"id":711,"date":"2025-11-03T06:48:32","date_gmt":"2025-11-03T06:48:32","guid":{"rendered":"https:\/\/www.cxjsmartcard.com\/?post_type=product&#038;p=711"},"modified":"2025-12-29T01:27:11","modified_gmt":"2025-12-29T01:27:11","slug":"washable-uhf-laundry-label-for-fabric-tracking","status":"publish","type":"product","link":"https:\/\/www.cxjsmartcard.com\/fr\/washable-uhf-laundry-label-for-fabric-tracking\/","title":{"rendered":"\u00c9tiquette de linge UHF lavable pour le suivi des textiles"},"content":{"rendered":"<p data-start=\"58\" data-end=\"322\">L&#039;\u00e9tiquette RFID UHF pour le linge est con\u00e7ue pour r\u00e9sister aux processus de blanchisserie des h\u00f4tels et des collectivit\u00e9s, et offre une grande durabilit\u00e9 pour le lavage, le s\u00e9chage, le nettoyage \u00e0 sec et le repassage. Elle est id\u00e9ale pour la gestion des uniformes professionnels, des costumes et des articles de location tels que les tapis et les serviettes.<\/p>\n<p data-start=\"324\" data-end=\"338\"><strong data-start=\"324\" data-end=\"336\">Caract\u00e9ristiques<\/strong><\/p>\n<ol data-start=\"339\" data-end=\"666\">\n<li data-start=\"339\" data-end=\"400\">\n<p data-start=\"342\" data-end=\"400\">Ultra-mince, souple, doux \u2014 enti\u00e8rement en tissu.<\/p>\n<\/li>\n<li data-start=\"401\" data-end=\"465\">\n<p data-start=\"404\" data-end=\"465\">Port\u00e9e de lecture jusqu&#039;\u00e0 10 m (hors m\u00e9tal) avec polarisation lin\u00e9aire.<\/p>\n<\/li>\n<li data-start=\"466\" data-end=\"521\">\n<p data-start=\"469\" data-end=\"521\">Circuit int\u00e9gr\u00e9 Impinj R6-P, conforme \u00e0 la norme EPC Gen2 \/ ISO 18000-6C.<\/p>\n<\/li>\n<li data-start=\"522\" data-end=\"568\">\n<p data-start=\"525\" data-end=\"568\">Optimis\u00e9 pour une utilisation dans l&#039;air ; conservation des donn\u00e9es pendant 50 ans.<\/p>\n<\/li>\n<li data-start=\"569\" data-end=\"623\">\n<p data-start=\"572\" data-end=\"623\">Indice de protection IP68 ; r\u00e9siste \u00e0 une pression m\u00e9canique de 60 bars.<\/p>\n<\/li>\n<li data-start=\"624\" data-end=\"666\">\n<p data-start=\"627\" data-end=\"666\">Options de fixation : thermoscellage ou couture.<\/p>\n<\/li>\n<\/ol>\n<p data-start=\"668\" data-end=\"686\"><strong data-start=\"668\" data-end=\"684\">Applications<\/strong><\/p>\n<ol data-start=\"687\" data-end=\"808\">\n<li data-start=\"687\" data-end=\"740\">\n<p data-start=\"690\" data-end=\"740\">Convient pour le lavage, le nettoyage \u00e0 sec et le repassage.<\/p>\n<\/li>\n<li data-start=\"741\" data-end=\"808\">\n<p data-start=\"744\" data-end=\"808\">Suivi et gestion des draps d&#039;h\u00f4tel, uniformes, blouses m\u00e9dicales, etc.<\/p>\n<\/li>\n<\/ol>\n<p data-start=\"810\" data-end=\"966\"><strong data-start=\"810\" data-end=\"842\">FAQ sur les \u00e9tiquettes RFID pour le linge<\/strong><br data-start=\"842\" data-end=\"845\" \/><strong data-start=\"845\" data-end=\"851\">Q :<\/strong> Ces \u00e9tiquettes sont-elles compatibles avec tous les lecteurs RFID\u00a0?<br data-start=\"900\" data-end=\"903\" \/><strong data-start=\"903\" data-end=\"909\">UN:<\/strong> Oui, tout lecteur compatible avec la norme ISO\/IEC 18000-6C (EPC Gen2).<\/p>\n<p data-start=\"968\" data-end=\"1096\"><strong data-start=\"968\" data-end=\"974\">Q :<\/strong> Est-il possible de coudre les \u00e9tiquettes sur n&#039;importe quel tissu\u00a0?<br data-start=\"1012\" data-end=\"1015\" \/><strong data-start=\"1015\" data-end=\"1021\">UN:<\/strong> Absolument. Con\u00e7u pour les v\u00eatements et les textiles\u00a0: uniformes, draps, blouses m\u00e9dicales.<\/p>\n<p data-start=\"1098\" data-end=\"1202\"><strong data-start=\"1098\" data-end=\"1104\">Q :<\/strong> Fournissez-vous des \u00e9chantillons ?<br data-start=\"1128\" data-end=\"1131\" \/><strong data-start=\"1131\" data-end=\"1137\">UN:<\/strong> Oui. Faites-nous part de vos besoins en mati\u00e8re de solution RFID et nous vous enverrons des \u00e9chantillons.<\/p>\n<h2 data-start=\"1278\" data-end=\"1303\">Tableau (Sp\u00e9cifications)<\/h2>\n<div class=\"_tableContainer_1rjym_1\">\n<div class=\"group _tableWrapper_1rjym_13 flex w-fit flex-col-reverse\" tabindex=\"-1\">\n<table class=\"w-fit min-w-(--thread-content-width)\" data-start=\"1305\" data-end=\"5015\">\n<thead data-start=\"1305\" data-end=\"1452\">\n<tr data-start=\"1305\" data-end=\"1452\">\n<th data-start=\"1305\" data-end=\"1333\" data-col-size=\"sm\">Cat\u00e9gorie<\/th>\n<th data-start=\"1333\" data-end=\"1361\" data-col-size=\"sm\">Param\u00e8tre<\/th>\n<th data-start=\"1361\" data-end=\"1452\" data-col-size=\"lg\">Valeur<\/th>\n<\/tr>\n<\/thead>\n<tbody data-start=\"1600\" data-end=\"5015\">\n<tr data-start=\"1600\" data-end=\"1745\">\n<td data-start=\"1600\" data-end=\"1627\" data-col-size=\"sm\">Sp\u00e9cifications RF<\/td>\n<td data-col-size=\"sm\" data-start=\"1627\" data-end=\"1655\">Protocole radiofr\u00e9quence<\/td>\n<td data-col-size=\"lg\" data-start=\"1655\" data-end=\"1745\">EPC Global Classe 1 Gen2 \/ ISO 18000-6C<\/td>\n<\/tr>\n<tr data-start=\"1746\" data-end=\"1891\">\n<td data-start=\"1746\" data-end=\"1773\" data-col-size=\"sm\"><\/td>\n<td data-start=\"1773\" data-end=\"1801\" data-col-size=\"sm\">Fr\u00e9quence de fonctionnement<\/td>\n<td data-col-size=\"lg\" data-start=\"1801\" data-end=\"1891\">UHF 866-868 MHz (ETSI) \/ 902-928 MHz (FCC)<\/td>\n<\/tr>\n<tr data-start=\"1892\" data-end=\"2038\">\n<td data-start=\"1892\" data-end=\"1919\" data-col-size=\"sm\"><\/td>\n<td data-start=\"1919\" data-end=\"1947\" data-col-size=\"sm\">Compatibilit\u00e9 environnementale<\/td>\n<td data-start=\"1947\" data-end=\"2038\" data-col-size=\"lg\">Optimis\u00e9 dans l&#039;air<\/td>\n<\/tr>\n<tr data-start=\"2039\" data-end=\"2185\">\n<td data-start=\"2039\" data-end=\"2066\" data-col-size=\"sm\"><\/td>\n<td data-start=\"2066\" data-end=\"2094\" data-col-size=\"sm\">Conservation des donn\u00e9es<\/td>\n<td data-col-size=\"lg\" data-start=\"2094\" data-end=\"2185\">50 ans<\/td>\n<\/tr>\n<tr data-start=\"2186\" data-end=\"2332\">\n<td data-start=\"2186\" data-end=\"2213\" data-col-size=\"sm\"><\/td>\n<td data-start=\"2213\" data-end=\"2241\" data-col-size=\"sm\">Plage de lecture<\/td>\n<td data-start=\"2241\" data-end=\"2332\" data-col-size=\"lg\">Jusqu&#039;\u00e0 10 m (hors m\u00e9tal)<\/td>\n<\/tr>\n<tr data-start=\"2333\" data-end=\"2479\">\n<td data-start=\"2333\" data-end=\"2360\" data-col-size=\"sm\"><\/td>\n<td data-start=\"2360\" data-end=\"2388\" data-col-size=\"sm\">Polarisation<\/td>\n<td data-col-size=\"lg\" data-start=\"2388\" data-end=\"2479\">Lin\u00e9aire<\/td>\n<\/tr>\n<tr data-start=\"2480\" data-end=\"2626\">\n<td data-start=\"2480\" data-end=\"2507\" data-col-size=\"sm\"><\/td>\n<td data-start=\"2507\" data-end=\"2535\" data-col-size=\"sm\">Type de circuit int\u00e9gr\u00e9<\/td>\n<td data-start=\"2535\" data-end=\"2626\" data-col-size=\"lg\">Impinj R6-P<\/td>\n<\/tr>\n<tr data-start=\"2627\" data-end=\"2773\">\n<td data-start=\"2627\" data-end=\"2654\" data-col-size=\"sm\"><\/td>\n<td data-start=\"2654\" data-end=\"2682\" data-col-size=\"sm\">Configuration de la m\u00e9moire<\/td>\n<td data-col-size=\"lg\" data-start=\"2682\" data-end=\"2773\">EPC 128 bits ; TID 96 bits ; Utilisateur 32 bits<\/td>\n<\/tr>\n<tr data-start=\"2774\" data-end=\"2920\">\n<td data-start=\"2774\" data-end=\"2801\" data-col-size=\"sm\">M\u00e9canique<\/td>\n<td data-col-size=\"sm\" data-start=\"2801\" data-end=\"2829\">Mat\u00e9riaux d&#039;\u00e9tiquettes<\/td>\n<td data-col-size=\"lg\" data-start=\"2829\" data-end=\"2920\">Fil m\u00e9tallique<\/td>\n<\/tr>\n<tr data-start=\"2921\" data-end=\"3067\">\n<td data-start=\"2921\" data-end=\"2948\" data-col-size=\"sm\"><\/td>\n<td data-col-size=\"sm\" data-start=\"2948\" data-end=\"2976\">Mat\u00e9riaux de surface<\/td>\n<td data-col-size=\"lg\" data-start=\"2976\" data-end=\"3067\">Textile<\/td>\n<\/tr>\n<tr data-start=\"3068\" data-end=\"3214\">\n<td data-start=\"3068\" data-end=\"3095\" data-col-size=\"sm\"><\/td>\n<td data-col-size=\"sm\" data-start=\"3095\" data-end=\"3123\">Dimensions<\/td>\n<td data-col-size=\"lg\" data-start=\"3123\" data-end=\"3214\">15 \u00d7 75 \u00d7 1,5 mm<\/td>\n<\/tr>\n<tr data-start=\"3215\" data-end=\"3361\">\n<td data-start=\"3215\" data-end=\"3242\" data-col-size=\"sm\"><\/td>\n<td data-col-size=\"sm\" data-start=\"3242\" data-end=\"3270\">Poids<\/td>\n<td data-col-size=\"lg\" data-start=\"3270\" data-end=\"3361\">0,5 g<\/td>\n<\/tr>\n<tr data-start=\"3362\" data-end=\"3508\">\n<td data-start=\"3362\" data-end=\"3389\" data-col-size=\"sm\"><\/td>\n<td data-col-size=\"sm\" data-start=\"3389\" data-end=\"3417\">Pi\u00e8ce jointe<\/td>\n<td data-col-size=\"lg\" data-start=\"3417\" data-end=\"3508\">L-T7515S\u00a0: Coudre l\u2019ourlet ou l\u2019\u00e9tiquette tiss\u00e9e\u00a0; L-T7515P\u00a0: Thermosceller \u00e0 215\u00a0\u00b0C pendant 15\u00a0s \u00e0 4\u00a0bars<\/td>\n<\/tr>\n<tr data-start=\"3509\" data-end=\"3655\">\n<td data-start=\"3509\" data-end=\"3536\" data-col-size=\"sm\">Apparence<\/td>\n<td data-col-size=\"sm\" data-start=\"3536\" data-end=\"3564\">Couleur<\/td>\n<td data-col-size=\"lg\" data-start=\"3564\" data-end=\"3655\">Blanc<\/td>\n<\/tr>\n<tr data-start=\"3656\" data-end=\"3802\">\n<td data-start=\"3656\" data-end=\"3683\" data-col-size=\"sm\">Environnement<\/td>\n<td data-start=\"3683\" data-end=\"3711\" data-col-size=\"sm\">Temp\u00e9rature de fonctionnement<\/td>\n<td data-col-size=\"lg\" data-start=\"3711\" data-end=\"3802\">\u221230 \u2103 \u00e0 +85 \u2103<\/td>\n<\/tr>\n<tr data-start=\"3803\" data-end=\"3949\">\n<td data-start=\"3803\" data-end=\"3830\" data-col-size=\"sm\"><\/td>\n<td data-col-size=\"sm\" data-start=\"3830\" data-end=\"3858\">Temp\u00e9rature ambiante<\/td>\n<td data-col-size=\"lg\" data-start=\"3858\" data-end=\"3949\">\u221230 \u2103 \u00e0 +110 \u2103<\/td>\n<\/tr>\n<tr data-start=\"3950\" data-end=\"4096\">\n<td data-start=\"3950\" data-end=\"3977\" data-col-size=\"sm\"><\/td>\n<td data-col-size=\"sm\" data-start=\"3977\" data-end=\"4005\">R\u00e9sistance m\u00e9canique<\/td>\n<td data-col-size=\"lg\" data-start=\"4005\" data-end=\"4096\">60 bars<\/td>\n<\/tr>\n<tr data-start=\"4097\" data-end=\"4243\">\n<td data-start=\"4097\" data-end=\"4124\" data-col-size=\"sm\"><\/td>\n<td data-col-size=\"sm\" data-start=\"4124\" data-end=\"4152\">r\u00e9sistance chimique<\/td>\n<td data-col-size=\"lg\" data-start=\"4152\" data-end=\"4243\">Produits chimiques courants utilis\u00e9s dans les proc\u00e9d\u00e9s de lavage<\/td>\n<\/tr>\n<tr data-start=\"4244\" data-end=\"4427\">\n<td data-start=\"4244\" data-end=\"4271\" data-col-size=\"sm\"><\/td>\n<td data-col-size=\"sm\" data-start=\"4271\" data-end=\"4299\">R\u00e9sistance \u00e0 la chaleur<\/td>\n<td data-col-size=\"lg\" data-start=\"4299\" data-end=\"4427\">Lavage\u00a0: 90\u00a0\u00b0C, 15\u00a0min, 200\u00a0cycles\u00a0; Pr\u00e9-s\u00e9chage\u00a0: 180\u00a0\u00b0C, 30\u00a0min\u00a0; Repassage\u00a0: 180\u00a0\u00b0C, 10\u00a0s, 200\u00a0cycles\u00a0; St\u00e9rilisation\u00a0: 135\u00a0\u00b0C, 20\u00a0min<\/td>\n<\/tr>\n<tr data-start=\"4428\" data-end=\"4574\">\n<td data-start=\"4428\" data-end=\"4455\" data-col-size=\"sm\">\u00c9valuation et conformit\u00e9<\/td>\n<td data-start=\"4455\" data-end=\"4483\" data-col-size=\"sm\">Protection contre les infiltrations<\/td>\n<td data-col-size=\"lg\" data-start=\"4483\" data-end=\"4574\">IP68<\/td>\n<\/tr>\n<tr data-start=\"4575\" data-end=\"4721\">\n<td data-start=\"4575\" data-end=\"4602\" data-col-size=\"sm\"><\/td>\n<td data-col-size=\"sm\" data-start=\"4602\" data-end=\"4630\">Chocs et vibrations<\/td>\n<td data-col-size=\"lg\" data-start=\"4630\" data-end=\"4721\">MIL-STD-810F<\/td>\n<\/tr>\n<tr data-start=\"4722\" data-end=\"4868\">\n<td data-start=\"4722\" data-end=\"4749\" data-col-size=\"sm\"><\/td>\n<td data-col-size=\"sm\" data-start=\"4749\" data-end=\"4777\">Certifications<\/td>\n<td data-col-size=\"lg\" data-start=\"4777\" data-end=\"4868\">CE, RoHS, ATEX\/IECEx<\/td>\n<\/tr>\n<tr data-start=\"4869\" data-end=\"5015\">\n<td data-start=\"4869\" data-end=\"4896\" data-col-size=\"sm\">Cycle de vie et garantie<\/td>\n<td data-col-size=\"sm\" data-start=\"4896\" data-end=\"4924\">Garantie<\/td>\n<td data-col-size=\"lg\" data-start=\"4924\" data-end=\"5015\">2 ans ou 200 cycles de lavage<\/td>\n<\/tr>\n<\/tbody>\n<\/table>\n<\/div>\n<\/div>","protected":false},"excerpt":{"rendered":"<p>\u00c9tiquette en tissu UHF lavable avec Impinj R6-P, port\u00e9e de lecture jusqu&#039;\u00e0 10 m, indice de protection IP68 et r\u00e9sistance \u00e0 la chaleur\/pression de 200 cycles - \u00e0 coudre ou \u00e0 thermosceller pour le linge d&#039;h\u00f4tel et d&#039;h\u00f4pital.<\/p>","protected":false},"featured_media":715,"template":"","meta":{"_gspb_post_css":""},"product_brand":[],"product_cat":[17,18],"product_tag":[],"class_list":{"0":"post-711","1":"product","2":"type-product","3":"status-publish","4":"has-post-thumbnail","6":"product_cat-rfid-laundry-tags","7":"product_cat-textile-rfid-laundry-tags","9":"first","10":"instock","11":"shipping-taxable","12":"purchasable","13":"product-type-simple"},"_links":{"self":[{"href":"https:\/\/www.cxjsmartcard.com\/fr\/wp-json\/wp\/v2\/product\/711","targetHints":{"allow":["GET"]}}],"collection":[{"href":"https:\/\/www.cxjsmartcard.com\/fr\/wp-json\/wp\/v2\/product"}],"about":[{"href":"https:\/\/www.cxjsmartcard.com\/fr\/wp-json\/wp\/v2\/types\/product"}],"wp:featuredmedia":[{"embeddable":true,"href":"https:\/\/www.cxjsmartcard.com\/fr\/wp-json\/wp\/v2\/media\/715"}],"wp:attachment":[{"href":"https:\/\/www.cxjsmartcard.com\/fr\/wp-json\/wp\/v2\/media?parent=711"}],"wp:term":[{"taxonomy":"product_brand","embeddable":true,"href":"https:\/\/www.cxjsmartcard.com\/fr\/wp-json\/wp\/v2\/product_brand?post=711"},{"taxonomy":"product_cat","embeddable":true,"href":"https:\/\/www.cxjsmartcard.com\/fr\/wp-json\/wp\/v2\/product_cat?post=711"},{"taxonomy":"product_tag","embeddable":true,"href":"https:\/\/www.cxjsmartcard.com\/fr\/wp-json\/wp\/v2\/product_tag?post=711"}],"curies":[{"name":"wp","href":"https:\/\/api.w.org\/{rel}","templated":true}]}}