{"id":706,"date":"2025-11-03T06:46:07","date_gmt":"2025-11-03T06:46:07","guid":{"rendered":"https:\/\/www.cxjsmartcard.com\/?post_type=product&#038;p=706"},"modified":"2025-12-29T01:27:11","modified_gmt":"2025-12-29T01:27:11","slug":"sewing-washable-uhf-textile-rfid-laundry-tags","status":"publish","type":"product","link":"https:\/\/www.cxjsmartcard.com\/fr\/sewing-washable-uhf-textile-rfid-laundry-tags\/","title":{"rendered":"\u00c9tiquettes de lavage textiles UHF lavables \u00e0 coudre RFID"},"content":{"rendered":"<p data-start=\"95\" data-end=\"390\">L&#039;\u00e9tiquette RFID UHF pour le linge est con\u00e7ue pour r\u00e9sister aux processus de blanchisserie des h\u00f4tels et des collectivit\u00e9s, offrant durabilit\u00e9 et compatibilit\u00e9 avec le lavage, le s\u00e9chage, le nettoyage \u00e0 sec et le repassage. Elle peut \u00e9galement servir \u00e0 la gestion d&#039;autres uniformes professionnels, costumes ou articles de location tels que tapis et serviettes.<\/p>\n<p data-start=\"392\" data-end=\"410\"><strong data-start=\"392\" data-end=\"408\">Caract\u00e9ristiques principales<\/strong><\/p>\n<ol data-start=\"411\" data-end=\"692\">\n<li data-start=\"411\" data-end=\"507\">\n<p data-start=\"414\" data-end=\"507\">Excellentes performances et solution \u00e9conomique pour les applications de lavage industriel.<\/p>\n<\/li>\n<li data-start=\"508\" data-end=\"595\">\n<p data-start=\"511\" data-end=\"595\">L&#039;\u00e9tiquette ultra-fine et douce peut \u00eatre facilement cousue sur du lin, avec ou sans pochette.<\/p>\n<\/li>\n<li data-start=\"596\" data-end=\"654\">\n<p data-start=\"599\" data-end=\"654\">Anti-collision, haute temp\u00e9rature, r\u00e9sistant \u00e0 la pression.<\/p>\n<\/li>\n<li data-start=\"655\" data-end=\"692\">\n<p data-start=\"658\" data-end=\"692\">Plus de 200 cycles de lavage.<\/p>\n<\/li>\n<\/ol>\n<p data-start=\"694\" data-end=\"916\">Ces \u00e9tiquettes RFID pour le linge sont \u00e9tanches, fabriqu\u00e9es en nylon et polyester et con\u00e7ues pour la gestion du linge et des v\u00eatements gr\u00e2ce \u00e0 la technologie RFID. Elles supportent diff\u00e9rentes plages de temp\u00e9ratures de fonctionnement. Disponibles en diff\u00e9rents diam\u00e8tres\/tailles.<\/p>\n<p data-start=\"918\" data-end=\"936\"><strong data-start=\"918\" data-end=\"934\">Applications<\/strong><\/p>\n<ol data-start=\"937\" data-end=\"1047\">\n<li data-start=\"937\" data-end=\"989\">\n<p data-start=\"940\" data-end=\"989\">Convient pour le lavage, le nettoyage \u00e0 sec et le repassage.<\/p>\n<\/li>\n<li data-start=\"990\" data-end=\"1047\">\n<p data-start=\"993\" data-end=\"1047\">Gestion du suivi des draps d&#039;h\u00f4tel, des uniformes, etc.<\/p>\n<\/li>\n<\/ol>\n<p data-start=\"1049\" data-end=\"1254\"><strong data-start=\"1049\" data-end=\"1089\">FAQ sur les \u00e9tiquettes RFID pour le lavage des textiles<\/strong><br data-start=\"1089\" data-end=\"1092\" \/><strong data-start=\"1092\" data-end=\"1098\">Q :<\/strong> Les \u00e9tiquettes peuvent-elles r\u00e9sister aux machines de pressage ?<br data-start=\"1138\" data-end=\"1141\" \/><strong data-start=\"1141\" data-end=\"1147\">UN:<\/strong> Oui. Ces \u00e9tiquettes RFID sont con\u00e7ues pour r\u00e9sister \u00e0 des temp\u00e9ratures et des pressions \u00e9lev\u00e9es, ce qui les rend id\u00e9ales pour les s\u00e9choirs et les presses industrielles.<\/p>\n<p data-start=\"1256\" data-end=\"1370\"><strong data-start=\"1256\" data-end=\"1262\">Q :<\/strong> Quelle est la dur\u00e9e de vie pr\u00e9vue de ces \u00e9tiquettes ?<br data-start=\"1306\" data-end=\"1309\" \/><strong data-start=\"1309\" data-end=\"1315\">UN:<\/strong> En moyenne, 200 cycles de lavage ou jusqu&#039;\u00e0 3 ans d&#039;utilisation.<\/p>\n<p data-start=\"1372\" data-end=\"1534\"><strong data-start=\"1372\" data-end=\"1378\">Q :<\/strong> Comment choisir la bonne taille d&#039;\u00e9tiquette ?<br data-start=\"1414\" data-end=\"1417\" \/><strong data-start=\"1417\" data-end=\"1423\">UN:<\/strong> Nous proposons plusieurs tailles. Veuillez remplir le formulaire et nous indiquer les sp\u00e9cifications de votre v\u00eatement ou de votre linge.<\/p>\n<h2 data-start=\"1536\" data-end=\"1561\">Tableau (Sp\u00e9cifications)<\/h2>\n<div class=\"_tableContainer_1rjym_1\">\n<div class=\"group _tableWrapper_1rjym_13 flex w-fit flex-col-reverse\" tabindex=\"-1\">\n<table class=\"w-fit min-w-(--thread-content-width)\" data-start=\"1563\" data-end=\"3688\">\n<thead data-start=\"1563\" data-end=\"1713\">\n<tr data-start=\"1563\" data-end=\"1713\">\n<th data-start=\"1563\" data-end=\"1585\" data-col-size=\"sm\">Cat\u00e9gorie<\/th>\n<th data-start=\"1585\" data-end=\"1607\" data-col-size=\"sm\">Param\u00e8tre<\/th>\n<th data-start=\"1607\" data-end=\"1713\" data-col-size=\"lg\">Valeur<\/th>\n<\/tr>\n<\/thead>\n<tbody data-start=\"1865\" data-end=\"3688\">\n<tr data-start=\"1865\" data-end=\"2015\">\n<td data-start=\"1865\" data-end=\"1887\" data-col-size=\"sm\">Produit<\/td>\n<td data-col-size=\"sm\" data-start=\"1887\" data-end=\"1909\">Nom du produit<\/td>\n<td data-col-size=\"lg\" data-start=\"1909\" data-end=\"2015\">\u00c9tiquettes de lavage textiles UHF lavables \u00e0 coudre RFID<\/td>\n<\/tr>\n<tr data-start=\"2016\" data-end=\"2165\">\n<td data-start=\"2016\" data-end=\"2038\" data-col-size=\"sm\">Mat\u00e9riels<\/td>\n<td data-col-size=\"sm\" data-start=\"2038\" data-end=\"2060\">Mat\u00e9riel<\/td>\n<td data-col-size=\"lg\" data-start=\"2060\" data-end=\"2165\">Tissu\/tiss\u00e9, adh\u00e9sif thermocollant, type de couture, trou m\u00e9tallique, etc.<\/td>\n<\/tr>\n<tr data-start=\"2166\" data-end=\"2316\">\n<td data-start=\"2166\" data-end=\"2188\" data-col-size=\"sm\">RFID<\/td>\n<td data-col-size=\"sm\" data-start=\"2188\" data-end=\"2210\">Mod\u00e8le de puce<\/td>\n<td data-col-size=\"lg\" data-start=\"2210\" data-end=\"2316\">NXP UCODE\u00ae 9<\/td>\n<\/tr>\n<tr data-start=\"2317\" data-end=\"2467\">\n<td data-start=\"2317\" data-end=\"2339\" data-col-size=\"sm\"><\/td>\n<td data-col-size=\"sm\" data-start=\"2339\" data-end=\"2361\">M\u00e9moire<\/td>\n<td data-col-size=\"lg\" data-start=\"2361\" data-end=\"2467\">EPC\u00a0: 96 bits<\/td>\n<\/tr>\n<tr data-start=\"2468\" data-end=\"2618\">\n<td data-start=\"2468\" data-end=\"2490\" data-col-size=\"sm\"><\/td>\n<td data-col-size=\"sm\" data-start=\"2490\" data-end=\"2512\">Protocole<\/td>\n<td data-col-size=\"lg\" data-start=\"2512\" data-end=\"2618\">EPC C1 G2<\/td>\n<\/tr>\n<tr data-start=\"2619\" data-end=\"2770\">\n<td data-start=\"2619\" data-end=\"2641\" data-col-size=\"sm\">Physique<\/td>\n<td data-col-size=\"sm\" data-start=\"2641\" data-end=\"2663\">Taille<\/td>\n<td data-col-size=\"lg\" data-start=\"2663\" data-end=\"2770\">70\u00d715 mm<\/td>\n<\/tr>\n<tr data-start=\"2771\" data-end=\"2921\">\n<td data-start=\"2771\" data-end=\"2793\" data-col-size=\"sm\"><\/td>\n<td data-col-size=\"sm\" data-start=\"2793\" data-end=\"2815\">Autres tailles<\/td>\n<td data-col-size=\"lg\" data-start=\"2815\" data-end=\"2921\">86 \u00d7 16 mm ; 50 \u00d7 20 mm ; 72 \u00d7 16 mm ; 35 \u00d7 15 mm, etc.<\/td>\n<\/tr>\n<tr data-start=\"2922\" data-end=\"3072\">\n<td data-start=\"2922\" data-end=\"2944\" data-col-size=\"sm\">Apparence<\/td>\n<td data-col-size=\"sm\" data-start=\"2944\" data-end=\"2966\">Couleur<\/td>\n<td data-col-size=\"lg\" data-start=\"2966\" data-end=\"3072\">Blanc<\/td>\n<\/tr>\n<tr data-start=\"3073\" data-end=\"3223\">\n<td data-start=\"3073\" data-end=\"3095\" data-col-size=\"sm\">Durabilit\u00e9<\/td>\n<td data-col-size=\"sm\" data-start=\"3095\" data-end=\"3117\">Horaires de travail<\/td>\n<td data-col-size=\"lg\" data-start=\"3117\" data-end=\"3223\">200 cycles en moyenne\u00a0; certains mod\u00e8les &gt;\u00a0300 cycles<\/td>\n<\/tr>\n<tr data-start=\"3224\" data-end=\"3375\">\n<td data-start=\"3224\" data-end=\"3246\" data-col-size=\"sm\">Environnement<\/td>\n<td data-start=\"3246\" data-end=\"3270\" data-col-size=\"sm\">Temp\u00e9rature de fonctionnement<\/td>\n<td data-col-size=\"lg\" data-start=\"3270\" data-end=\"3375\">\u221225 \u2103 \u00e0 +150 \u2103<\/td>\n<\/tr>\n<tr data-start=\"3376\" data-end=\"3526\">\n<td data-start=\"3376\" data-end=\"3398\" data-col-size=\"sm\">Performance<\/td>\n<td data-col-size=\"sm\" data-start=\"3398\" data-end=\"3420\">Distance de lecture<\/td>\n<td data-col-size=\"lg\" data-start=\"3420\" data-end=\"3526\">5\u201310 m<\/td>\n<\/tr>\n<tr data-start=\"3527\" data-end=\"3688\">\n<td data-start=\"3527\" data-end=\"3549\" data-col-size=\"sm\">Usage<\/td>\n<td data-col-size=\"sm\" data-start=\"3549\" data-end=\"3571\">Application<\/td>\n<td data-col-size=\"lg\" data-start=\"3571\" data-end=\"3688\">Solutions de blanchisserie, laverie automatique, lavage industriel, gestion du linge d&#039;h\u00f4tel, gestion de supermarch\u00e9s\/magasins de v\u00eatements, etc.<\/td>\n<\/tr>\n<\/tbody>\n<\/table>\n<\/div>\n<\/div>","protected":false},"excerpt":{"rendered":"<p>\u00c9tiquettes RFID textiles UHF \u00e0 coudre et lavables pour le linge de maison et les uniformes \u2014 \u00e9tanches, r\u00e9sistantes \u00e0 la chaleur, port\u00e9e de lecture de 5 \u00e0 10 m et durabilit\u00e9 de plus de 200 cycles de lavage pour le linge industriel.<\/p>","protected":false},"featured_media":707,"template":"","meta":{"_gspb_post_css":""},"product_brand":[],"product_cat":[17,18],"product_tag":[],"class_list":{"0":"post-706","1":"product","2":"type-product","3":"status-publish","4":"has-post-thumbnail","6":"product_cat-rfid-laundry-tags","7":"product_cat-textile-rfid-laundry-tags","9":"first","10":"instock","11":"shipping-taxable","12":"purchasable","13":"product-type-simple"},"_links":{"self":[{"href":"https:\/\/www.cxjsmartcard.com\/fr\/wp-json\/wp\/v2\/product\/706","targetHints":{"allow":["GET"]}}],"collection":[{"href":"https:\/\/www.cxjsmartcard.com\/fr\/wp-json\/wp\/v2\/product"}],"about":[{"href":"https:\/\/www.cxjsmartcard.com\/fr\/wp-json\/wp\/v2\/types\/product"}],"wp:featuredmedia":[{"embeddable":true,"href":"https:\/\/www.cxjsmartcard.com\/fr\/wp-json\/wp\/v2\/media\/707"}],"wp:attachment":[{"href":"https:\/\/www.cxjsmartcard.com\/fr\/wp-json\/wp\/v2\/media?parent=706"}],"wp:term":[{"taxonomy":"product_brand","embeddable":true,"href":"https:\/\/www.cxjsmartcard.com\/fr\/wp-json\/wp\/v2\/product_brand?post=706"},{"taxonomy":"product_cat","embeddable":true,"href":"https:\/\/www.cxjsmartcard.com\/fr\/wp-json\/wp\/v2\/product_cat?post=706"},{"taxonomy":"product_tag","embeddable":true,"href":"https:\/\/www.cxjsmartcard.com\/fr\/wp-json\/wp\/v2\/product_tag?post=706"}],"curies":[{"name":"wp","href":"https:\/\/api.w.org\/{rel}","templated":true}]}}