{"id":701,"date":"2025-11-03T06:44:06","date_gmt":"2025-11-03T06:44:06","guid":{"rendered":"https:\/\/www.cxjsmartcard.com\/?post_type=product&#038;p=701"},"modified":"2025-12-29T01:27:11","modified_gmt":"2025-12-29T01:27:11","slug":"textile-washable-waterproof-uhf-rfid-laundry-tags","status":"publish","type":"product","link":"https:\/\/www.cxjsmartcard.com\/fr\/textile-washable-waterproof-uhf-rfid-laundry-tags\/","title":{"rendered":"\u00c9tiquettes de lavage textiles lavables et imperm\u00e9ables RFID UHF"},"content":{"rendered":"<p data-start=\"141\" data-end=\"525\">Les \u00e9tiquettes textiles lavables et \u00e9tanches RFID UHF pour le linge sont des \u00e9tiquettes non transf\u00e9rables dot\u00e9es d&#039;une puce RFID scell\u00e9e de mani\u00e8re s\u00e9curis\u00e9e pour le stockage et le transfert de donn\u00e9es. R\u00e9sistantes aux hautes temp\u00e9ratures et aux environnements difficiles, elles sont particuli\u00e8rement utilis\u00e9es dans la gestion du linge et les blanchisseries. Disponibles en diff\u00e9rentes tailles, elles peuvent \u00eatre fix\u00e9es par couture, collage, \u00e9pingle ou nouage.<\/p>\n<p data-start=\"527\" data-end=\"541\"><strong data-start=\"527\" data-end=\"539\">Caract\u00e9ristiques<\/strong><\/p>\n<ol data-start=\"542\" data-end=\"899\">\n<li data-start=\"542\" data-end=\"602\">\n<p data-start=\"545\" data-end=\"602\">Technologie UHF pour lire simultan\u00e9ment des centaines d&#039;\u00e9tiquettes.<\/p>\n<\/li>\n<li data-start=\"603\" data-end=\"642\">\n<p data-start=\"606\" data-end=\"642\">Distance de lecture sup\u00e9rieure \u00e0 2,4 m\u00e8tres.<\/p>\n<\/li>\n<li data-start=\"643\" data-end=\"711\">\n<p data-start=\"646\" data-end=\"711\">Nouvelle conception m\u00e9canique pour des performances am\u00e9lior\u00e9es du linge plat.<\/p>\n<\/li>\n<li data-start=\"712\" data-end=\"768\">\n<p data-start=\"715\" data-end=\"768\">Convient aux extracteurs haute pression jusqu&#039;\u00e0 60 bars.<\/p>\n<\/li>\n<li data-start=\"769\" data-end=\"811\">\n<p data-start=\"772\" data-end=\"811\">Convient \u00e0 la st\u00e9rilisation en autoclave.<\/p>\n<\/li>\n<li data-start=\"812\" data-end=\"899\">\n<p data-start=\"815\" data-end=\"899\">Mat\u00e9riau fin, doux et flexible, id\u00e9al pour les textiles, le linge de maison, les v\u00eatements et les accessoires.<\/p>\n<\/li>\n<\/ol>\n<p data-start=\"901\" data-end=\"1018\"><strong data-start=\"901\" data-end=\"925\">Application m\u00e9tier<\/strong><br data-start=\"925\" data-end=\"928\" \/>Domaines d&#039;application : Blanchisserie, h\u00f4tel, \u00e9cole, contr\u00f4le qualit\u00e9, gestion des stocks, etc.<\/p>\n<p data-start=\"1020\" data-end=\"1050\"><strong data-start=\"1020\" data-end=\"1048\">Comment installer les balises\u00a0?<\/strong><\/p>\n<ol data-start=\"1051\" data-end=\"1195\">\n<li data-start=\"1051\" data-end=\"1109\">\n<p data-start=\"1054\" data-end=\"1109\">\u00c9vitez l&#039;antenne et installez-la en cousant les deux extr\u00e9mit\u00e9s.<\/p>\n<\/li>\n<li data-start=\"1110\" data-end=\"1195\">\n<p data-start=\"1113\" data-end=\"1195\">Installez-le en le repassant \u00e0 une temp\u00e9rature \u00e9lev\u00e9e de 210 degr\u00e9s Celsius pendant 15 secondes.<\/p>\n<\/li>\n<\/ol>\n<p data-start=\"1197\" data-end=\"1534\"><strong data-start=\"1197\" data-end=\"1249\">Pourquoi utiliser des \u00e9tiquettes RFID pour le linge industriel ?<\/strong><br data-start=\"1249\" data-end=\"1252\" \/>Les \u00e9tiquettes RFID pour le linge automatisent les op\u00e9rations de blanchisserie \u00e0 haut volume, r\u00e9duisant ainsi le travail manuel et les erreurs humaines. Con\u00e7ues pour les blanchisseries industrielles, les uniformes m\u00e9dicaux et le linge hospitalier, ces \u00e9tiquettes simplifient le suivi et la gestion gr\u00e2ce \u00e0 une transmission de donn\u00e9es fluide vers les lecteurs RFID.<\/p>\n<p data-start=\"1536\" data-end=\"1716\"><strong data-start=\"1536\" data-end=\"1568\">FAQ sur les \u00e9tiquettes RFID pour le linge<\/strong><br data-start=\"1568\" data-end=\"1571\" \/><strong data-start=\"1571\" data-end=\"1577\">Q :<\/strong> Ces \u00e9tiquettes peuvent-elles r\u00e9sister aux s\u00e9choirs industriels\u00a0?<br data-start=\"1619\" data-end=\"1622\" \/><strong data-start=\"1622\" data-end=\"1628\">UN:<\/strong> Oui, ces \u00e9tiquettes RFID UHF lavables sont con\u00e7ues pour r\u00e9sister \u00e0 des temp\u00e9ratures et \u00e0 des pressions \u00e9lev\u00e9es.<\/p>\n<p data-start=\"1718\" data-end=\"1834\"><strong data-start=\"1718\" data-end=\"1724\">Q :<\/strong> Quels lecteurs RFID sont compatibles ?<br data-start=\"1758\" data-end=\"1761\" \/><strong data-start=\"1761\" data-end=\"1767\">UN:<\/strong> Tout lecteur compatible avec les normes ISO 18000-6C ou EPC Class1 Gen2.<\/p>\n<p data-start=\"1836\" data-end=\"2028\"><strong data-start=\"1836\" data-end=\"1842\">Q :<\/strong> Comment puis-je les int\u00e9grer \u00e0 mon syst\u00e8me actuel\u00a0?<br data-start=\"1890\" data-end=\"1893\" \/><strong data-start=\"1893\" data-end=\"1899\">UN:<\/strong> Nous assurons une assistance technique compl\u00e8te. Veuillez remplir le formulaire ci-dessous et nous indiquer le type de lecteur ou de configuration d&#039;antenne dont vous avez besoin.<\/p>\n<p data-start=\"2030\" data-end=\"2188\"><strong data-start=\"2030\" data-end=\"2038\">\u7b80\u8981\u63cf\u8ff0<\/strong><br data-start=\"2038\" data-end=\"2041\" \/>\u00c9tiquettes RFID UHF r\u00e9sistantes pour le linge, destin\u00e9es aux textiles et v\u00eatements. \u00c9tanche, lavable et \u00e0 longue port\u00e9e, elles sont id\u00e9ales pour le suivi et la gestion du linge industriel.<\/p>\n<h2 data-start=\"2190\" data-end=\"2215\">Tableau (Sp\u00e9cifications)<\/h2>\n<div class=\"_tableContainer_1rjym_1\">\n<div class=\"group _tableWrapper_1rjym_13 flex w-fit flex-col-reverse\" tabindex=\"-1\">\n<table class=\"w-fit min-w-(--thread-content-width)\" data-start=\"2217\" data-end=\"4716\">\n<thead data-start=\"2217\" data-end=\"2341\">\n<tr data-start=\"2217\" data-end=\"2341\">\n<th data-start=\"2217\" data-end=\"2242\" data-col-size=\"sm\">Cat\u00e9gorie<\/th>\n<th data-start=\"2242\" data-end=\"2268\" data-col-size=\"sm\">Param\u00e8tre<\/th>\n<th data-start=\"2268\" data-end=\"2341\" data-col-size=\"md\">Valeur<\/th>\n<\/tr>\n<\/thead>\n<tbody data-start=\"2467\" data-end=\"4716\">\n<tr data-start=\"2467\" data-end=\"2591\">\n<td data-start=\"2467\" data-end=\"2492\" data-col-size=\"sm\">Param\u00e8tres physiques<\/td>\n<td data-col-size=\"sm\" data-start=\"2492\" data-end=\"2518\">Taille des produits<\/td>\n<td data-col-size=\"md\" data-start=\"2518\" data-end=\"2591\">55\u00d710\u00d72,2 mm ; 70\u00d715\u00d71,5 mm ; etc.<\/td>\n<\/tr>\n<tr data-start=\"2592\" data-end=\"2716\">\n<td data-start=\"2592\" data-end=\"2617\" data-col-size=\"sm\"><\/td>\n<td data-start=\"2617\" data-end=\"2643\" data-col-size=\"sm\">Mat\u00e9riels<\/td>\n<td data-col-size=\"md\" data-start=\"2643\" data-end=\"2716\">100% polyester<\/td>\n<\/tr>\n<tr data-start=\"2717\" data-end=\"2841\">\n<td data-start=\"2717\" data-end=\"2742\" data-col-size=\"sm\"><\/td>\n<td data-col-size=\"sm\" data-start=\"2742\" data-end=\"2768\">Couleur<\/td>\n<td data-col-size=\"md\" data-start=\"2768\" data-end=\"2841\">Bleu, blanc (autres options de personnalisation)<\/td>\n<\/tr>\n<tr data-start=\"2842\" data-end=\"2966\">\n<td data-start=\"2842\" data-end=\"2867\" data-col-size=\"sm\"><\/td>\n<td data-col-size=\"sm\" data-start=\"2867\" data-end=\"2893\">Artisanat<\/td>\n<td data-col-size=\"md\" data-start=\"2893\" data-end=\"2966\">Impression de logos, impression de num\u00e9ros au laser<\/td>\n<\/tr>\n<tr data-start=\"2967\" data-end=\"3091\">\n<td data-start=\"2967\" data-end=\"2992\" data-col-size=\"sm\">Environnement<\/td>\n<td data-col-size=\"sm\" data-start=\"2992\" data-end=\"3018\">Temp\u00e9rature de fonctionnement<\/td>\n<td data-col-size=\"md\" data-start=\"3018\" data-end=\"3091\">\u221240 ~ +160 \u00b0C (160 \u00b0C \/ 20 minutes)<\/td>\n<\/tr>\n<tr data-start=\"3092\" data-end=\"3216\">\n<td data-start=\"3092\" data-end=\"3117\" data-col-size=\"sm\"><\/td>\n<td data-start=\"3117\" data-end=\"3143\" data-col-size=\"sm\">temp\u00e9rature de stockage<\/td>\n<td data-col-size=\"md\" data-start=\"3143\" data-end=\"3216\">\u221240 ~ +160 \u00b0C (160 \u00b0C \/ 20 minutes)<\/td>\n<\/tr>\n<tr data-start=\"3217\" data-end=\"3341\">\n<td data-start=\"3217\" data-end=\"3242\" data-col-size=\"sm\">Technique<\/td>\n<td data-col-size=\"sm\" data-start=\"3242\" data-end=\"3268\">Fr\u00e9quence de fonctionnement<\/td>\n<td data-col-size=\"md\" data-start=\"3268\" data-end=\"3341\">840 ~ 960 MHz<\/td>\n<\/tr>\n<tr data-start=\"3342\" data-end=\"3466\">\n<td data-start=\"3342\" data-end=\"3367\" data-col-size=\"sm\"><\/td>\n<td data-col-size=\"sm\" data-start=\"3367\" data-end=\"3393\">\u00c9br\u00e9cher<\/td>\n<td data-col-size=\"md\" data-start=\"3393\" data-end=\"3466\">NXP U CODE 9<\/td>\n<\/tr>\n<tr data-start=\"3467\" data-end=\"3591\">\n<td data-start=\"3467\" data-end=\"3492\" data-col-size=\"sm\"><\/td>\n<td data-col-size=\"sm\" data-start=\"3492\" data-end=\"3518\">Protocole<\/td>\n<td data-col-size=\"md\" data-start=\"3518\" data-end=\"3591\">ISO 18000-6C, Classe EPC Gen 2<\/td>\n<\/tr>\n<tr data-start=\"3592\" data-end=\"3716\">\n<td data-start=\"3592\" data-end=\"3617\" data-col-size=\"sm\"><\/td>\n<td data-col-size=\"sm\" data-start=\"3617\" data-end=\"3643\">tout au long de la vie<\/td>\n<td data-col-size=\"md\" data-start=\"3643\" data-end=\"3716\">Lavage normal 200 fois<\/td>\n<\/tr>\n<tr data-start=\"3717\" data-end=\"3841\">\n<td data-start=\"3717\" data-end=\"3742\" data-col-size=\"sm\"><\/td>\n<td data-col-size=\"sm\" data-start=\"3742\" data-end=\"3768\">Plage de lecture<\/td>\n<td data-col-size=\"md\" data-start=\"3768\" data-end=\"3841\">10 m<\/td>\n<\/tr>\n<tr data-start=\"3842\" data-end=\"3966\">\n<td data-start=\"3842\" data-end=\"3867\" data-col-size=\"sm\">Performances\/Maniabilit\u00e9<\/td>\n<td data-start=\"3867\" data-end=\"3893\" data-col-size=\"sm\">Lectures simultan\u00e9es<\/td>\n<td data-start=\"3893\" data-end=\"3966\" data-col-size=\"md\">Des centaines d&#039;\u00e9tiquettes (UHF)<\/td>\n<\/tr>\n<tr data-start=\"3967\" data-end=\"4091\">\n<td data-start=\"3967\" data-end=\"3992\" data-col-size=\"sm\"><\/td>\n<td data-col-size=\"sm\" data-start=\"3992\" data-end=\"4018\">Compatibilit\u00e9 avec l&#039;extracteur<\/td>\n<td data-col-size=\"md\" data-start=\"4018\" data-end=\"4091\">Extracteurs haute pression jusqu&#039;\u00e0 60 bars<\/td>\n<\/tr>\n<tr data-start=\"4092\" data-end=\"4216\">\n<td data-start=\"4092\" data-end=\"4117\" data-col-size=\"sm\"><\/td>\n<td data-col-size=\"sm\" data-start=\"4117\" data-end=\"4143\">St\u00e9rilisation<\/td>\n<td data-col-size=\"md\" data-start=\"4143\" data-end=\"4216\">Convient pour autoclave<\/td>\n<\/tr>\n<tr data-start=\"4217\" data-end=\"4341\">\n<td data-start=\"4217\" data-end=\"4242\" data-col-size=\"sm\">facteur de forme<\/td>\n<td data-start=\"4242\" data-end=\"4268\" data-col-size=\"sm\">Construction<\/td>\n<td data-col-size=\"md\" data-start=\"4268\" data-end=\"4341\">Petit, doux, flexible \u2014 id\u00e9al pour les textiles\/le linge de maison\/les v\u00eatements\/les accessoires<\/td>\n<\/tr>\n<tr data-start=\"4342\" data-end=\"4466\">\n<td data-start=\"4342\" data-end=\"4367\" data-col-size=\"sm\">Installation<\/td>\n<td data-start=\"4367\" data-end=\"4393\" data-col-size=\"sm\">Couture<\/td>\n<td data-col-size=\"md\" data-start=\"4393\" data-end=\"4466\">Cousez les deux extr\u00e9mit\u00e9s ; \u00e9vitez l&#039;antenne<\/td>\n<\/tr>\n<tr data-start=\"4467\" data-end=\"4591\">\n<td data-start=\"4467\" data-end=\"4492\" data-col-size=\"sm\"><\/td>\n<td data-start=\"4492\" data-end=\"4518\" data-col-size=\"sm\">Presse \u00e0 chaud<\/td>\n<td data-start=\"4518\" data-end=\"4591\" data-col-size=\"md\">Repassage \u00e0 210 \u00b0C pendant 15 secondes<\/td>\n<\/tr>\n<tr data-start=\"4592\" data-end=\"4716\">\n<td data-start=\"4592\" data-end=\"4617\" data-col-size=\"sm\">Applications<\/td>\n<td data-col-size=\"sm\" data-start=\"4617\" data-end=\"4643\">Cas d&#039;utilisation typiques<\/td>\n<td data-col-size=\"md\" data-start=\"4643\" data-end=\"4716\">Blanchisserie, h\u00f4tel, \u00e9cole, contr\u00f4le qualit\u00e9, gestion des stocks<\/td>\n<\/tr>\n<\/tbody>\n<\/table>\n<\/div>\n<\/div>","protected":false},"excerpt":{"rendered":"<p>\u00c9tiquettes de linge RFID UHF durables, lavables et \u00e9tanches pour textiles et linge de maison, avec une longue port\u00e9e de lecture, une r\u00e9sistance aux hautes temp\u00e9ratures et une compatibilit\u00e9 avec les autoclaves et les extracteurs \u00e0 60 bars.<\/p>","protected":false},"featured_media":702,"template":"","meta":{"_gspb_post_css":""},"product_brand":[],"product_cat":[17,18],"product_tag":[],"class_list":{"0":"post-701","1":"product","2":"type-product","3":"status-publish","4":"has-post-thumbnail","6":"product_cat-rfid-laundry-tags","7":"product_cat-textile-rfid-laundry-tags","9":"first","10":"instock","11":"shipping-taxable","12":"purchasable","13":"product-type-simple"},"_links":{"self":[{"href":"https:\/\/www.cxjsmartcard.com\/fr\/wp-json\/wp\/v2\/product\/701","targetHints":{"allow":["GET"]}}],"collection":[{"href":"https:\/\/www.cxjsmartcard.com\/fr\/wp-json\/wp\/v2\/product"}],"about":[{"href":"https:\/\/www.cxjsmartcard.com\/fr\/wp-json\/wp\/v2\/types\/product"}],"wp:featuredmedia":[{"embeddable":true,"href":"https:\/\/www.cxjsmartcard.com\/fr\/wp-json\/wp\/v2\/media\/702"}],"wp:attachment":[{"href":"https:\/\/www.cxjsmartcard.com\/fr\/wp-json\/wp\/v2\/media?parent=701"}],"wp:term":[{"taxonomy":"product_brand","embeddable":true,"href":"https:\/\/www.cxjsmartcard.com\/fr\/wp-json\/wp\/v2\/product_brand?post=701"},{"taxonomy":"product_cat","embeddable":true,"href":"https:\/\/www.cxjsmartcard.com\/fr\/wp-json\/wp\/v2\/product_cat?post=701"},{"taxonomy":"product_tag","embeddable":true,"href":"https:\/\/www.cxjsmartcard.com\/fr\/wp-json\/wp\/v2\/product_tag?post=701"}],"curies":[{"name":"wp","href":"https:\/\/api.w.org\/{rel}","templated":true}]}}