{"id":692,"date":"2025-11-02T09:12:58","date_gmt":"2025-11-02T09:12:58","guid":{"rendered":"https:\/\/www.cxjsmartcard.com\/?post_type=product&#038;p=692"},"modified":"2025-12-29T01:27:11","modified_gmt":"2025-12-29T01:27:11","slug":"heating-sealing-uhf-laundry-tag-for-hotel-linen-management","status":"publish","type":"product","link":"https:\/\/www.cxjsmartcard.com\/fr\/heating-sealing-uhf-laundry-tag-for-hotel-linen-management\/","title":{"rendered":"\u00c9tiquettes de blanchisserie UHF thermoscell\u00e9es pour la gestion du linge d&#039;h\u00f4tel"},"content":{"rendered":"<p data-start=\"78\" data-end=\"323\">\u00c9tiquette de linge UHF souple et imperm\u00e9able, con\u00e7ue pour \u00eatre thermoscell\u00e9e ou cousue dans les ourlets \u00e9troits des draps d&#039;h\u00f4tel, des v\u00eatements de travail et autres textiles. R\u00e9sistante aux lavages et s\u00e9chages \u00e0 haute temp\u00e9rature et au scannage par lots, elle am\u00e9liore la pr\u00e9cision des stocks et r\u00e9duit la main-d&#039;\u0153uvre.<\/p>\n<p data-start=\"325\" data-end=\"341\"><strong data-start=\"325\" data-end=\"341\">Caract\u00e9ristiques principales<\/strong><\/p>\n<ul data-start=\"342\" data-end=\"864\">\n<li data-start=\"342\" data-end=\"394\">\n<p data-start=\"344\" data-end=\"394\">Dimensions : 55\u00d712 mm, 70\u00d715 mm, 87\u00d717 mm (personnalisables)<\/p>\n<\/li>\n<li data-start=\"395\" data-end=\"419\">\n<p data-start=\"397\" data-end=\"419\">Puces : NXP U8 \/ NXP U9<\/p>\n<\/li>\n<li data-start=\"420\" data-end=\"450\">\n<p data-start=\"422\" data-end=\"450\">Fr\u00e9quence : 865\u2013928 MHz (UHF)<\/p>\n<\/li>\n<li data-start=\"451\" data-end=\"501\">\n<p data-start=\"453\" data-end=\"501\">Mati\u00e8re : Polyester ; souple pour les ourlets et les coutures<\/p>\n<\/li>\n<li data-start=\"502\" data-end=\"570\">\n<p data-start=\"504\" data-end=\"570\">Distance de lecture\u00a0: jusqu\u2019\u00e0 3\u00a0m (\u00e0 v\u00e9rifier avec votre liseuse et votre environnement)<\/p>\n<\/li>\n<li data-start=\"571\" data-end=\"633\">\n<p data-start=\"573\" data-end=\"633\">Garantie : Garantie sur 200 cycles de lavage ou 3 ans \u00e0 compter de la date d&#039;exp\u00e9dition<\/p>\n<\/li>\n<li data-start=\"634\" data-end=\"697\">\n<p data-start=\"636\" data-end=\"697\">R\u00e9sistance chimique : Compatible avec les produits chimiques de lessive courants<\/p>\n<\/li>\n<li data-start=\"698\" data-end=\"864\">\n<p data-start=\"700\" data-end=\"864\">Avantages op\u00e9rationnels\u00a0: Permet une collecte, un tri, un inventaire automatique, un suivi historique et une g\u00e9n\u00e9ration de rapports rapides\u00a0; prend en charge la num\u00e9risation par lots pour r\u00e9duire les erreurs et les co\u00fbts.<\/p>\n<\/li>\n<\/ul>\n<p data-start=\"866\" data-end=\"894\"><strong data-start=\"866\" data-end=\"894\">Sp\u00e9cifications techniques<\/strong><\/p>\n<div class=\"_tableContainer_1rjym_1\">\n<div class=\"group _tableWrapper_1rjym_13 flex w-fit flex-col-reverse\" tabindex=\"-1\">\n<table class=\"w-fit min-w-(--thread-content-width)\" data-start=\"896\" data-end=\"3705\">\n<thead data-start=\"896\" data-end=\"1060\">\n<tr data-start=\"896\" data-end=\"1060\">\n<th data-start=\"896\" data-end=\"921\" data-col-size=\"sm\">Article<\/th>\n<th data-start=\"921\" data-end=\"1060\" data-col-size=\"lg\">D\u00e9tails<\/th>\n<\/tr>\n<\/thead>\n<tbody data-start=\"1226\" data-end=\"3705\">\n<tr data-start=\"1226\" data-end=\"1390\">\n<td data-start=\"1226\" data-end=\"1251\" data-col-size=\"sm\">Application<\/td>\n<td data-col-size=\"lg\" data-start=\"1251\" data-end=\"1390\">Draps d&#039;h\u00f4tel, v\u00eatements de travail, autres produits textiles<\/td>\n<\/tr>\n<tr data-start=\"1391\" data-end=\"1555\">\n<td data-start=\"1391\" data-end=\"1416\" data-col-size=\"sm\">Options de taille<\/td>\n<td data-col-size=\"lg\" data-start=\"1416\" data-end=\"1555\">55\u00d712 mm, 70\u00d715 mm, 87\u00d717 mm (sur mesure)<\/td>\n<\/tr>\n<tr data-start=\"1556\" data-end=\"1720\">\n<td data-start=\"1556\" data-end=\"1581\" data-col-size=\"sm\">CI \/ Puce<\/td>\n<td data-col-size=\"lg\" data-start=\"1581\" data-end=\"1720\">NXP U8, NXP U9<\/td>\n<\/tr>\n<tr data-start=\"1721\" data-end=\"1885\">\n<td data-start=\"1721\" data-end=\"1746\" data-col-size=\"sm\">Fr\u00e9quence de fonctionnement<\/td>\n<td data-start=\"1746\" data-end=\"1885\" data-col-size=\"lg\">865\u2013928 MHz<\/td>\n<\/tr>\n<tr data-start=\"1886\" data-end=\"2050\">\n<td data-start=\"1886\" data-end=\"1911\" data-col-size=\"sm\">Mati\u00e8re d&#039;\u00e9tiquette<\/td>\n<td data-col-size=\"lg\" data-start=\"1911\" data-end=\"2050\">Polyester<\/td>\n<\/tr>\n<tr data-start=\"2051\" data-end=\"2215\">\n<td data-start=\"2051\" data-end=\"2076\" data-col-size=\"sm\">Distance de lecture<\/td>\n<td data-col-size=\"lg\" data-start=\"2076\" data-end=\"2215\">Jusqu&#039;\u00e0 3 m (jusqu&#039;\u00e0 environ 9 pieds) ; \u00e0 v\u00e9rifier sur place.<\/td>\n<\/tr>\n<tr data-start=\"2216\" data-end=\"2380\">\n<td data-start=\"2216\" data-end=\"2241\" data-col-size=\"sm\">Garantie de l&#039;\u00e9tiquette<\/td>\n<td data-col-size=\"lg\" data-start=\"2241\" data-end=\"2380\">Premier des 200 cycles de lavage <strong data-start=\"2268\" data-end=\"2274\">ou<\/strong> 3 ans \u00e0 compter de la date d&#039;exp\u00e9dition<\/td>\n<\/tr>\n<tr data-start=\"2381\" data-end=\"2545\">\n<td data-start=\"2381\" data-end=\"2406\" data-col-size=\"sm\">Temp\u00e9rature de stockage<\/td>\n<td data-start=\"2406\" data-end=\"2545\" data-col-size=\"lg\">\u221240 \u00b0C \u00e0 +120 \u00b0C (\u221240 \u00b0F \u00e0 +248 \u00b0F)<\/td>\n<\/tr>\n<tr data-start=\"2546\" data-end=\"2710\">\n<td data-start=\"2546\" data-end=\"2571\" data-col-size=\"sm\">Cycle de lavage<\/td>\n<td data-start=\"2571\" data-end=\"2710\" data-col-size=\"lg\">+90 \u00b0C (+194 \u00b0F) pendant 60 min<\/td>\n<\/tr>\n<tr data-start=\"2711\" data-end=\"2875\">\n<td data-start=\"2711\" data-end=\"2736\" data-col-size=\"sm\">S\u00e9chage<\/td>\n<td data-start=\"2736\" data-end=\"2875\" data-col-size=\"lg\">+180 \u00b0C (+356 \u00b0F) pendant 3 min\u00a0; pression de d\u00e9shydratation\u00a0: 35 bar<\/td>\n<\/tr>\n<tr data-start=\"2876\" data-end=\"3040\">\n<td data-start=\"2876\" data-end=\"2901\" data-col-size=\"sm\">Fer \u00e0 repasser<\/td>\n<td data-col-size=\"lg\" data-start=\"2901\" data-end=\"3040\">+195 \u00b0C (+383 \u00b0F) pendant 30 s, &lt;18 bar ; extracteur d&#039;eau : 60 bar pendant 80 s<\/td>\n<\/tr>\n<tr data-start=\"3041\" data-end=\"3209\">\n<td data-start=\"3041\" data-end=\"3066\" data-col-size=\"sm\">Autoclave<\/td>\n<td data-start=\"3066\" data-end=\"3209\" data-col-size=\"lg\">\u00c9limination de l&#039;air\u00a0: +100\u00a0\u00b0C (+212\u00a0\u00b0F), 5\u00a0min, 0,1\u00a0bar\u00a0; S\u00e9chage\u00a0: +45\u00a0\u00b0C (+113\u00a0\u00b0F), 15\u00a0min, 0,2\u00a0bar\u00a0; St\u00e9rilisation\u00a0: +134\u00a0\u00b0C (+273\u00a0\u00b0F), 20\u00a0min, 3,25\u00a0bar<\/td>\n<\/tr>\n<tr data-start=\"3210\" data-end=\"3375\">\n<td data-start=\"3210\" data-end=\"3235\" data-col-size=\"sm\">r\u00e9sistance chimique<\/td>\n<td data-col-size=\"lg\" data-start=\"3235\" data-end=\"3375\">R\u00e9siste aux produits chimiques couramment utilis\u00e9s dans les proc\u00e9d\u00e9s de blanchisserie industrielle.<\/td>\n<\/tr>\n<tr data-start=\"3376\" data-end=\"3540\">\n<td data-start=\"3376\" data-end=\"3401\" data-col-size=\"sm\">Options d&#039;emballage<\/td>\n<td data-col-size=\"lg\" data-start=\"3401\" data-end=\"3540\">Disponibles en versions non tiss\u00e9es, silicone et PPS\u00a0; personnalisables avec num\u00e9ros de s\u00e9rie, codes-barres et codes QR.<\/td>\n<\/tr>\n<tr data-start=\"3541\" data-end=\"3705\">\n<td data-start=\"3541\" data-end=\"3566\" data-col-size=\"sm\">Avantages typiques<\/td>\n<td data-start=\"3566\" data-end=\"3705\" data-col-size=\"lg\">Identification par lot, tri plus rapide, moins d&#039;erreurs, rapports automatis\u00e9s, tra\u00e7abilit\u00e9 historique<\/td>\n<\/tr>\n<\/tbody>\n<\/table>\n<\/div>\n<\/div>","protected":false},"excerpt":{"rendered":"<p>\u00c9tiquette de linge RFID UHF thermoscellable et \u00e9tanche pour le linge d&#039;h\u00f4tel et les v\u00eatements de travail\u00a0; 865\u2013928 MHz, NXP U8\/U9, lecture jusqu&#039;\u00e0 3 m, garantie pour 200 lavages ou 3 ans.<\/p>","protected":false},"featured_media":693,"template":"","meta":{"_gspb_post_css":""},"product_brand":[],"product_cat":[17,18],"product_tag":[],"class_list":{"0":"post-692","1":"product","2":"type-product","3":"status-publish","4":"has-post-thumbnail","6":"product_cat-rfid-laundry-tags","7":"product_cat-textile-rfid-laundry-tags","9":"first","10":"instock","11":"shipping-taxable","12":"purchasable","13":"product-type-simple"},"_links":{"self":[{"href":"https:\/\/www.cxjsmartcard.com\/fr\/wp-json\/wp\/v2\/product\/692","targetHints":{"allow":["GET"]}}],"collection":[{"href":"https:\/\/www.cxjsmartcard.com\/fr\/wp-json\/wp\/v2\/product"}],"about":[{"href":"https:\/\/www.cxjsmartcard.com\/fr\/wp-json\/wp\/v2\/types\/product"}],"wp:featuredmedia":[{"embeddable":true,"href":"https:\/\/www.cxjsmartcard.com\/fr\/wp-json\/wp\/v2\/media\/693"}],"wp:attachment":[{"href":"https:\/\/www.cxjsmartcard.com\/fr\/wp-json\/wp\/v2\/media?parent=692"}],"wp:term":[{"taxonomy":"product_brand","embeddable":true,"href":"https:\/\/www.cxjsmartcard.com\/fr\/wp-json\/wp\/v2\/product_brand?post=692"},{"taxonomy":"product_cat","embeddable":true,"href":"https:\/\/www.cxjsmartcard.com\/fr\/wp-json\/wp\/v2\/product_cat?post=692"},{"taxonomy":"product_tag","embeddable":true,"href":"https:\/\/www.cxjsmartcard.com\/fr\/wp-json\/wp\/v2\/product_tag?post=692"}],"curies":[{"name":"wp","href":"https:\/\/api.w.org\/{rel}","templated":true}]}}