{"id":682,"date":"2025-11-01T11:12:34","date_gmt":"2025-11-01T11:12:34","guid":{"rendered":"https:\/\/www.cxjsmartcard.com\/?post_type=product&#038;p=682"},"modified":"2025-12-29T01:27:11","modified_gmt":"2025-12-29T01:27:11","slug":"stainless-steel-metal-blank-black-nfc-business-cards","status":"publish","type":"product","link":"https:\/\/www.cxjsmartcard.com\/fr\/stainless-steel-metal-blank-black-nfc-business-cards\/","title":{"rendered":"Cartes de visite NFC vierges noires en m\u00e9tal inoxydable"},"content":{"rendered":"<p data-start=\"59\" data-end=\"379\">Cartes de visite NFC haut de gamme en acier inoxydable avec finition \u00e9lectroplaqu\u00e9e noire. Compatibles avec la puce NFC sans contact int\u00e9gr\u00e9e (NTAG\/MIFARE) pour l&#039;ouverture par simple contact, les profils num\u00e9riques, le Wi-Fi et le partage de contacts. Durables, \u00e9l\u00e9gantes et r\u00e9sistantes aux rayures, elles sont id\u00e9ales pour les VIP, les marques, les \u00e9v\u00e9nements, les contr\u00f4les d&#039;acc\u00e8s et les cadeaux d&#039;entreprise.<\/p>\n<p data-start=\"381\" data-end=\"400\"><strong data-start=\"381\" data-end=\"398\">Sp\u00e9cification<\/strong><\/p>\n<div class=\"_tableContainer_1rjym_1\">\n<div class=\"group _tableWrapper_1rjym_13 flex w-fit flex-col-reverse\" tabindex=\"-1\">\n<table class=\"w-fit min-w-(--thread-content-width)\" data-start=\"401\" data-end=\"1213\">\n<thead data-start=\"401\" data-end=\"419\">\n<tr data-start=\"401\" data-end=\"419\">\n<th data-start=\"401\" data-end=\"408\" data-col-size=\"sm\">Article<\/th>\n<th data-start=\"408\" data-end=\"419\" data-col-size=\"lg\">D\u00e9tails<\/th>\n<\/tr>\n<\/thead>\n<tbody data-start=\"430\" data-end=\"1213\">\n<tr data-start=\"430\" data-end=\"471\">\n<td data-start=\"430\" data-end=\"441\" data-col-size=\"sm\">Mat\u00e9riel<\/td>\n<td data-col-size=\"lg\" data-start=\"441\" data-end=\"471\">Acier inoxydable \/ Aluminium<\/td>\n<\/tr>\n<tr data-start=\"472\" data-end=\"511\">\n<td data-start=\"472\" data-end=\"488\" data-col-size=\"sm\">Taille standard<\/td>\n<td data-start=\"488\" data-end=\"511\" data-col-size=\"lg\">85,5 \u00d7 54 mm (CR80)<\/td>\n<\/tr>\n<tr data-start=\"512\" data-end=\"593\">\n<td data-start=\"512\" data-end=\"534\" data-col-size=\"sm\">\u00c9paisseur disponible<\/td>\n<td data-col-size=\"lg\" data-start=\"534\" data-end=\"593\">0,3 \/ 0,35 \/ 0,4 \/ 0,5 \/ 0,6 \/ 0,8 \/ 1,0 \/ 1,2 \/ 1,3 mm<\/td>\n<\/tr>\n<tr data-start=\"594\" data-end=\"666\">\n<td data-start=\"594\" data-end=\"613\" data-col-size=\"sm\">Finitions de surface<\/td>\n<td data-col-size=\"lg\" data-start=\"613\" data-end=\"666\">Acier bross\u00e9, poli, miroir, d\u00e9poli, naturel<\/td>\n<\/tr>\n<tr data-start=\"667\" data-end=\"748\">\n<td data-start=\"667\" data-end=\"683\" data-col-size=\"sm\">Options de couleur<\/td>\n<td data-col-size=\"lg\" data-start=\"683\" data-end=\"748\">Noir, or, or rose, argent, cyan, bronze (\u00e9lectroplacage)<\/td>\n<\/tr>\n<tr data-start=\"749\" data-end=\"824\">\n<td data-start=\"749\" data-end=\"760\" data-col-size=\"sm\">Impression<\/td>\n<td data-col-size=\"lg\" data-start=\"760\" data-end=\"824\">S\u00e9rigraphie, impression couleur UV, gravure + s\u00e9rigraphie, anti-gravure<\/td>\n<\/tr>\n<tr data-start=\"825\" data-end=\"939\">\n<td data-start=\"825\" data-end=\"834\" data-col-size=\"sm\">artisanat<\/td>\n<td data-start=\"834\" data-end=\"939\" data-col-size=\"lg\">Motif d\u00e9coup\u00e9, gravure laser et remplissage \u00e0 l&#039;encre, code QR, num\u00e9ro de s\u00e9rie, bande magn\u00e9tique, panneau de signature<\/td>\n<\/tr>\n<tr data-start=\"940\" data-end=\"1010\">\n<td data-start=\"940\" data-end=\"957\" data-col-size=\"sm\">Options NFC\/CI<\/td>\n<td data-col-size=\"lg\" data-start=\"957\" data-end=\"1010\">Puce NFC sans contact (13,56 MHz), puce \u00e0 circuit int\u00e9gr\u00e9 de contact<\/td>\n<\/tr>\n<tr data-start=\"1011\" data-end=\"1141\">\n<td data-start=\"1011\" data-end=\"1025\" data-col-size=\"sm\">Application<\/td>\n<td data-start=\"1025\" data-end=\"1141\" data-col-size=\"lg\">Club, promotion, publicit\u00e9, entreprise, banque, circulation, assurance, supermarch\u00e9, parking, \u00e9cole, contr\u00f4le d&#039;acc\u00e8s<\/td>\n<\/tr>\n<tr data-start=\"1142\" data-end=\"1213\">\n<td data-start=\"1142\" data-end=\"1153\" data-col-size=\"sm\">Caract\u00e9ristiques<\/td>\n<td data-start=\"1153\" data-end=\"1213\" data-col-size=\"lg\">Aspect haut de gamme, longue dur\u00e9e de vie, r\u00e9sistant \u00e0 l&#039;eau et \u00e0 l&#039;usure<\/td>\n<\/tr>\n<\/tbody>\n<\/table>\n<\/div>\n<\/div>\n<p data-start=\"1215\" data-end=\"1226\"><strong data-start=\"1215\" data-end=\"1224\">Notes<\/strong><\/p>\n<ul data-start=\"1227\" data-end=\"1431\">\n<li data-start=\"1227\" data-end=\"1282\">\n<p data-start=\"1229\" data-end=\"1282\">Peut \u00eatre enti\u00e8rement vierge, en m\u00e9tal noir, pour \u00eatre retravaill\u00e9e ou grav\u00e9e.<\/p>\n<\/li>\n<li data-start=\"1283\" data-end=\"1317\">\n<p data-start=\"1285\" data-end=\"1317\">Aucun frais de moule pour les tailles sur mesure<\/p>\n<\/li>\n<li data-start=\"1318\" data-end=\"1368\">\n<p data-start=\"1320\" data-end=\"1368\">Prend en charge les fonctions intelligentes de marquage et NFC.<\/p>\n<\/li>\n<li data-start=\"1369\" data-end=\"1431\">\n<p data-start=\"1371\" data-end=\"1431\">Le bo\u00eetier en m\u00e9tal offre une sensation tactile agr\u00e9able et un positionnement haut de gamme<\/p>\n<\/li>\n<\/ul>","protected":false},"excerpt":{"rendered":"<p>Carte de visite en m\u00e9tal NFC en acier inoxydable noir avec finition personnalisable, gravure laser\/QR\/d\u00e9coupe et NFC 13,56 MHz pour un marquage par simple contact.<\/p>","protected":false},"featured_media":684,"template":"","meta":{"_gspb_post_css":""},"product_brand":[],"product_cat":[15],"product_tag":[],"class_list":{"0":"post-682","1":"product","2":"type-product","3":"status-publish","4":"has-post-thumbnail","6":"product_cat-rfid-cards","8":"first","9":"instock","10":"shipping-taxable","11":"purchasable","12":"product-type-simple"},"_links":{"self":[{"href":"https:\/\/www.cxjsmartcard.com\/fr\/wp-json\/wp\/v2\/product\/682","targetHints":{"allow":["GET"]}}],"collection":[{"href":"https:\/\/www.cxjsmartcard.com\/fr\/wp-json\/wp\/v2\/product"}],"about":[{"href":"https:\/\/www.cxjsmartcard.com\/fr\/wp-json\/wp\/v2\/types\/product"}],"wp:featuredmedia":[{"embeddable":true,"href":"https:\/\/www.cxjsmartcard.com\/fr\/wp-json\/wp\/v2\/media\/684"}],"wp:attachment":[{"href":"https:\/\/www.cxjsmartcard.com\/fr\/wp-json\/wp\/v2\/media?parent=682"}],"wp:term":[{"taxonomy":"product_brand","embeddable":true,"href":"https:\/\/www.cxjsmartcard.com\/fr\/wp-json\/wp\/v2\/product_brand?post=682"},{"taxonomy":"product_cat","embeddable":true,"href":"https:\/\/www.cxjsmartcard.com\/fr\/wp-json\/wp\/v2\/product_cat?post=682"},{"taxonomy":"product_tag","embeddable":true,"href":"https:\/\/www.cxjsmartcard.com\/fr\/wp-json\/wp\/v2\/product_tag?post=682"}],"curies":[{"name":"wp","href":"https:\/\/api.w.org\/{rel}","templated":true}]}}