{"id":677,"date":"2025-11-01T11:10:38","date_gmt":"2025-11-01T11:10:38","guid":{"rendered":"https:\/\/www.cxjsmartcard.com\/?post_type=product&#038;p=677"},"modified":"2025-12-29T01:27:11","modified_gmt":"2025-12-29T01:27:11","slug":"stainless-steel-custom-black-metal-nfc-business-cards","status":"publish","type":"product","link":"https:\/\/www.cxjsmartcard.com\/fr\/stainless-steel-custom-black-metal-nfc-business-cards\/","title":{"rendered":"Cartes de visite NFC personnalis\u00e9es en acier inoxydable et m\u00e9tal noir"},"content":{"rendered":"<p data-start=\"60\" data-end=\"422\">Cartes de visite NFC en acier inoxydable pour \u00e9v\u00e9nements, r\u00e9seautage et image de marque haut de gamme. Con\u00e7ues avec des puces 13,56 MHz (NTAG213\/215\/216, MIFARE S50\/S70, Ultralight) et conformes \u00e0 la norme ISO 14443A\u00a0; surfaces r\u00e9sistantes, \u00e9tanches et anti-rayures, finitions et designs personnalisables pour un partage instantan\u00e9 par simple contact.<\/p>\n<p data-start=\"424\" data-end=\"443\"><strong data-start=\"424\" data-end=\"441\">Sp\u00e9cification<\/strong><\/p>\n<div class=\"_tableContainer_1rjym_1\">\n<div class=\"group _tableWrapper_1rjym_13 flex w-fit flex-col-reverse\" tabindex=\"-1\">\n<table class=\"w-fit min-w-(--thread-content-width)\" data-start=\"444\" data-end=\"1339\">\n<thead data-start=\"444\" data-end=\"462\">\n<tr data-start=\"444\" data-end=\"462\">\n<th data-start=\"444\" data-end=\"451\" data-col-size=\"sm\">Article<\/th>\n<th data-start=\"451\" data-end=\"462\" data-col-size=\"md\">D\u00e9tails<\/th>\n<\/tr>\n<\/thead>\n<tbody data-start=\"473\" data-end=\"1339\">\n<tr data-start=\"473\" data-end=\"522\">\n<td data-start=\"473\" data-end=\"488\" data-col-size=\"sm\">Type de produit<\/td>\n<td data-col-size=\"md\" data-start=\"488\" data-end=\"522\">Carte NFC en m\u00e9tal acier inoxydable<\/td>\n<\/tr>\n<tr data-start=\"523\" data-end=\"553\">\n<td data-start=\"523\" data-end=\"534\" data-col-size=\"sm\">Mat\u00e9riel<\/td>\n<td data-col-size=\"md\" data-start=\"534\" data-end=\"553\">Acier inoxydable<\/td>\n<\/tr>\n<tr data-start=\"554\" data-end=\"598\">\n<td data-start=\"554\" data-end=\"561\" data-col-size=\"sm\">Taille<\/td>\n<td data-col-size=\"md\" data-start=\"561\" data-end=\"598\">CR80 (85,5 \u00d7 54 mm) ou sur mesure<\/td>\n<\/tr>\n<tr data-start=\"599\" data-end=\"636\">\n<td data-start=\"599\" data-end=\"611\" data-col-size=\"sm\">\u00c9paisseur<\/td>\n<td data-col-size=\"md\" data-start=\"611\" data-end=\"636\">0,8 mm (personnalisable)<\/td>\n<\/tr>\n<tr data-start=\"637\" data-end=\"662\">\n<td data-start=\"637\" data-end=\"649\" data-col-size=\"sm\">Fr\u00e9quence<\/td>\n<td data-col-size=\"md\" data-start=\"649\" data-end=\"662\">13,56 MHz<\/td>\n<\/tr>\n<tr data-start=\"663\" data-end=\"692\">\n<td data-start=\"663\" data-end=\"674\" data-col-size=\"sm\">Protocole<\/td>\n<td data-col-size=\"md\" data-start=\"674\" data-end=\"692\">ISO\/IEC 14443A<\/td>\n<\/tr>\n<tr data-start=\"693\" data-end=\"791\">\n<td data-start=\"693\" data-end=\"711\" data-col-size=\"sm\">Options de puces HF<\/td>\n<td data-col-size=\"md\" data-start=\"711\" data-end=\"791\">NTAG213 \/ NTAG215 \/ NTAG216 \/ MIFARE S50 (1K) \/ MIFARE S70 (4K) \/ Ultral\u00e9ger<\/td>\n<\/tr>\n<tr data-start=\"792\" data-end=\"859\">\n<td data-start=\"792\" data-end=\"803\" data-col-size=\"sm\">Finitions<\/td>\n<td data-col-size=\"md\" data-start=\"803\" data-end=\"859\">Noir, or, argent ; bross\u00e9, miroir, mat, d\u00e9poli<\/td>\n<\/tr>\n<tr data-start=\"860\" data-end=\"969\">\n<td data-start=\"860\" data-end=\"876\" data-col-size=\"sm\">Options artisanales<\/td>\n<td data-col-size=\"md\" data-start=\"876\" data-end=\"969\">Gravure \/ D\u00e9coupe laser \/ S\u00e9rigraphie \/ Num\u00e9ro en relief \/ Code QR \/ Code-barres \/ Vernis UV<\/td>\n<\/tr>\n<tr data-start=\"970\" data-end=\"1053\">\n<td data-start=\"970\" data-end=\"989\" data-col-size=\"sm\">Caract\u00e9ristiques sp\u00e9ciales<\/td>\n<td data-col-size=\"md\" data-start=\"989\" data-end=\"1053\">\u00c9tanche, r\u00e9sistant aux intemp\u00e9ries et aux rayures\u00a0; option mini-\u00e9tiquette<\/td>\n<\/tr>\n<tr data-start=\"1054\" data-end=\"1124\">\n<td data-start=\"1054\" data-end=\"1070\" data-col-size=\"sm\">Compatibilit\u00e9<\/td>\n<td data-col-size=\"md\" data-start=\"1070\" data-end=\"1124\">Compatible avec les smartphones dot\u00e9s de la technologie NFC (iOS et Android)<\/td>\n<\/tr>\n<tr data-start=\"1125\" data-end=\"1160\">\n<td data-start=\"1125\" data-end=\"1142\" data-col-size=\"sm\">Certifications<\/td>\n<td data-col-size=\"md\" data-start=\"1142\" data-end=\"1160\">ISO, RoHS, SGS<\/td>\n<\/tr>\n<tr data-start=\"1161\" data-end=\"1257\">\n<td data-start=\"1161\" data-end=\"1176\" data-col-size=\"sm\">Applications<\/td>\n<td data-start=\"1176\" data-end=\"1257\" data-col-size=\"md\">\u00c9v\u00e9nements VIP, soir\u00e9es, concerts, r\u00e9seautage, cartes de visite num\u00e9riques, promotions<\/td>\n<\/tr>\n<tr data-start=\"1258\" data-end=\"1300\">\n<td data-start=\"1258\" data-end=\"1268\" data-col-size=\"sm\">\u00c9chantillons<\/td>\n<td data-col-size=\"md\" data-start=\"1268\" data-end=\"1300\">\u00c9chantillons gratuits disponibles<\/td>\n<\/tr>\n<tr data-start=\"1301\" data-end=\"1339\">\n<td data-start=\"1301\" data-end=\"1319\" data-col-size=\"sm\">Lieu d&#039;origine<\/td>\n<td data-col-size=\"md\" data-start=\"1319\" data-end=\"1339\">Guangdong, Chine<\/td>\n<\/tr>\n<\/tbody>\n<\/table>\n<\/div>\n<\/div>","protected":false},"excerpt":{"rendered":"<p>Cartes de visite NFC en acier inoxydable (CR80, 0,8 mm) avec puces NTAG\/MIFARE, ISO 14443A et finitions en m\u00e9tal noir personnalisables pour un partage durable et facile \u00e0 connecter.<\/p>","protected":false},"featured_media":681,"template":"","meta":{"_gspb_post_css":""},"product_brand":[],"product_cat":[15],"product_tag":[],"class_list":{"0":"post-677","1":"product","2":"type-product","3":"status-publish","4":"has-post-thumbnail","6":"product_cat-rfid-cards","8":"first","9":"instock","10":"shipping-taxable","11":"purchasable","12":"product-type-simple"},"_links":{"self":[{"href":"https:\/\/www.cxjsmartcard.com\/fr\/wp-json\/wp\/v2\/product\/677","targetHints":{"allow":["GET"]}}],"collection":[{"href":"https:\/\/www.cxjsmartcard.com\/fr\/wp-json\/wp\/v2\/product"}],"about":[{"href":"https:\/\/www.cxjsmartcard.com\/fr\/wp-json\/wp\/v2\/types\/product"}],"wp:featuredmedia":[{"embeddable":true,"href":"https:\/\/www.cxjsmartcard.com\/fr\/wp-json\/wp\/v2\/media\/681"}],"wp:attachment":[{"href":"https:\/\/www.cxjsmartcard.com\/fr\/wp-json\/wp\/v2\/media?parent=677"}],"wp:term":[{"taxonomy":"product_brand","embeddable":true,"href":"https:\/\/www.cxjsmartcard.com\/fr\/wp-json\/wp\/v2\/product_brand?post=677"},{"taxonomy":"product_cat","embeddable":true,"href":"https:\/\/www.cxjsmartcard.com\/fr\/wp-json\/wp\/v2\/product_cat?post=677"},{"taxonomy":"product_tag","embeddable":true,"href":"https:\/\/www.cxjsmartcard.com\/fr\/wp-json\/wp\/v2\/product_tag?post=677"}],"curies":[{"name":"wp","href":"https:\/\/api.w.org\/{rel}","templated":true}]}}