{"id":672,"date":"2025-11-01T11:04:13","date_gmt":"2025-11-01T11:04:13","guid":{"rendered":"https:\/\/www.cxjsmartcard.com\/?post_type=product&#038;p=672"},"modified":"2025-12-29T01:27:11","modified_gmt":"2025-12-29T01:27:11","slug":"rfid-smart-contactless-mifare-plus-ev2-card","status":"publish","type":"product","link":"https:\/\/www.cxjsmartcard.com\/fr\/rfid-smart-contactless-mifare-plus-ev2-card\/","title":{"rendered":"Carte RFID intelligente sans contact MIFARE Plus EV2"},"content":{"rendered":"<p data-start=\"50\" data-end=\"400\">Carte \u00e0 puce sans contact haute s\u00e9curit\u00e9 13,56 MHz bas\u00e9e sur NXP MIFARE Plus\u00ae EV2, con\u00e7ue pour les transports, le contr\u00f4le d&#039;acc\u00e8s, les programmes de fid\u00e9lisation et de vente au d\u00e9tail. Compatible avec la norme ISO\/IEC 14443A, elle offre un d\u00e9bit de transfert rapide de 106 \u00e0 848 kbit\/s, la messagerie s\u00e9curis\u00e9e AES-128 et une migration transparente depuis les infrastructures existantes.<\/p>\n<p data-start=\"402\" data-end=\"421\"><strong data-start=\"402\" data-end=\"419\">Sp\u00e9cification<\/strong><\/p>\n<div class=\"_tableContainer_1rjym_1\">\n<div class=\"group _tableWrapper_1rjym_13 flex w-fit flex-col-reverse\" tabindex=\"-1\">\n<table class=\"w-fit min-w-(--thread-content-width)\" data-start=\"422\" data-end=\"1050\">\n<thead data-start=\"422\" data-end=\"440\">\n<tr data-start=\"422\" data-end=\"440\">\n<th data-start=\"422\" data-end=\"429\" data-col-size=\"sm\">Article<\/th>\n<th data-start=\"429\" data-end=\"440\" data-col-size=\"md\">D\u00e9tails<\/th>\n<\/tr>\n<\/thead>\n<tbody data-start=\"451\" data-end=\"1050\">\n<tr data-start=\"451\" data-end=\"500\">\n<td data-start=\"451\" data-end=\"458\" data-col-size=\"sm\">\u00c9br\u00e9cher<\/td>\n<td data-col-size=\"md\" data-start=\"458\" data-end=\"500\">MIFARE Plus\u00ae EV2 (m\u00e9moire NV 2 Ko \/ 4 Ko)<\/td>\n<\/tr>\n<tr data-start=\"501\" data-end=\"526\">\n<td data-start=\"501\" data-end=\"513\" data-col-size=\"sm\">Fr\u00e9quence<\/td>\n<td data-col-size=\"md\" data-start=\"513\" data-end=\"526\">13,56 MHz<\/td>\n<\/tr>\n<tr data-start=\"527\" data-end=\"576\">\n<td data-start=\"527\" data-end=\"538\" data-col-size=\"sm\">Protocole<\/td>\n<td data-col-size=\"md\" data-start=\"538\" data-end=\"576\">ISO\/IEC 14443 Type A (parties 2\/3\/4)<\/td>\n<\/tr>\n<tr data-start=\"577\" data-end=\"621\">\n<td data-start=\"577\" data-end=\"589\" data-col-size=\"sm\">D\u00e9bit de donn\u00e9es<\/td>\n<td data-col-size=\"md\" data-start=\"589\" data-end=\"621\">106 \/ 212 \/ 424 \/ 848 kbit\/s<\/td>\n<\/tr>\n<tr data-start=\"622\" data-end=\"684\">\n<td data-start=\"622\" data-end=\"628\" data-col-size=\"sm\">UID<\/td>\n<td data-col-size=\"md\" data-start=\"628\" data-end=\"684\">UID de 7 octets (option d&#039;identifiant al\u00e9atoire), NUID de 4 octets pris en charge<\/td>\n<\/tr>\n<tr data-start=\"685\" data-end=\"736\">\n<td data-start=\"685\" data-end=\"698\" data-col-size=\"sm\">Plage de lecture<\/td>\n<td data-col-size=\"md\" data-start=\"698\" data-end=\"736\">~1\u20136 cm (selon le lecteur\/l&#039;antenne)<\/td>\n<\/tr>\n<tr data-start=\"737\" data-end=\"780\">\n<td data-start=\"737\" data-end=\"754\" data-col-size=\"sm\">Mat\u00e9riaux pour cartes<\/td>\n<td data-col-size=\"md\" data-start=\"754\" data-end=\"780\">PVC \/ PET \/ PETG \/ ABS<\/td>\n<\/tr>\n<tr data-start=\"781\" data-end=\"839\">\n<td data-start=\"781\" data-end=\"788\" data-col-size=\"sm\">Taille<\/td>\n<td data-col-size=\"md\" data-start=\"788\" data-end=\"839\">85,5 \u00d7 54 \u00d7 0,9 mm (ID-1)\u00a0; OEM\/personnalis\u00e9 disponible<\/td>\n<\/tr>\n<tr data-start=\"840\" data-end=\"887\">\n<td data-start=\"840\" data-end=\"857\" data-col-size=\"sm\">Certifications<\/td>\n<td data-col-size=\"md\" data-start=\"857\" data-end=\"887\">ISO 9001, ISO 14001, CE, SGS<\/td>\n<\/tr>\n<tr data-start=\"888\" data-end=\"963\">\n<td data-start=\"888\" data-end=\"912\" data-col-size=\"sm\">Endurance \/ R\u00e9tention<\/td>\n<td data-col-size=\"md\" data-start=\"912\" data-end=\"963\">Environ 1\u00a0000\u00a0000 de cycles d&#039;\u00e9criture\u00a0; conservation des donn\u00e9es pendant 25\u00a0ans<\/td>\n<\/tr>\n<tr data-start=\"964\" data-end=\"1050\">\n<td data-start=\"964\" data-end=\"989\" data-col-size=\"sm\">Compatibilit\u00e9 ascendante<\/td>\n<td data-col-size=\"md\" data-start=\"989\" data-end=\"1050\">Organisation de la m\u00e9moire compatible avec MIFARE Classic \/ Plus<\/td>\n<\/tr>\n<\/tbody>\n<\/table>\n<\/div>\n<\/div>\n<p data-start=\"1052\" data-end=\"1076\"><strong data-start=\"1052\" data-end=\"1074\">S\u00e9curit\u00e9 et confidentialit\u00e9<\/strong><\/p>\n<div class=\"_tableContainer_1rjym_1\">\n<div class=\"group _tableWrapper_1rjym_13 flex w-fit flex-col-reverse\" tabindex=\"-1\">\n<table class=\"w-fit min-w-(--thread-content-width)\" data-start=\"1077\" data-end=\"1475\">\n<thead data-start=\"1077\" data-end=\"1102\">\n<tr data-start=\"1077\" data-end=\"1102\">\n<th data-start=\"1077\" data-end=\"1087\" data-col-size=\"sm\">Fonctionnalit\u00e9<\/th>\n<th data-start=\"1087\" data-end=\"1102\" data-col-size=\"md\">Description<\/th>\n<\/tr>\n<\/thead>\n<tbody data-start=\"1113\" data-end=\"1475\">\n<tr data-start=\"1113\" data-end=\"1186\">\n<td data-start=\"1113\" data-end=\"1128\" data-col-size=\"sm\">Cryptographie<\/td>\n<td data-col-size=\"md\" data-start=\"1128\" data-end=\"1186\">AES-128 (authentification mutuelle en 3 passes), int\u00e9grit\u00e9 CMAC<\/td>\n<\/tr>\n<tr data-start=\"1187\" data-end=\"1236\">\n<td data-start=\"1187\" data-end=\"1205\" data-col-size=\"sm\">Crit\u00e8res communs<\/td>\n<td data-col-size=\"md\" data-start=\"1205\" data-end=\"1236\">EAL5+ (mat\u00e9riel et logiciel)<\/td>\n<\/tr>\n<tr data-start=\"1237\" data-end=\"1288\">\n<td data-start=\"1237\" data-end=\"1250\" data-col-size=\"sm\">Anti-relais<\/td>\n<td data-col-size=\"md\" data-start=\"1250\" data-end=\"1288\">Contr\u00f4le de proximit\u00e9, minuteur de transaction<\/td>\n<\/tr>\n<tr data-start=\"1289\" data-end=\"1345\">\n<td data-start=\"1289\" data-end=\"1299\" data-col-size=\"sm\">Confidentialit\u00e9<\/td>\n<td data-col-size=\"md\" data-start=\"1299\" data-end=\"1345\">Identifiant al\u00e9atoire, architecture de carte virtuelle (VCA)<\/td>\n<\/tr>\n<tr data-start=\"1346\" data-end=\"1402\">\n<td data-start=\"1346\" data-end=\"1361\" data-col-size=\"sm\">Authenticit\u00e9<\/td>\n<td data-col-size=\"md\" data-start=\"1361\" data-end=\"1402\">V\u00e9rification d&#039;authenticit\u00e9 des circuits int\u00e9gr\u00e9s NXP authentiques<\/td>\n<\/tr>\n<tr data-start=\"1403\" data-end=\"1475\">\n<td data-start=\"1403\" data-end=\"1422\" data-col-size=\"sm\">Messagerie s\u00e9curis\u00e9e<\/td>\n<td data-col-size=\"md\" data-start=\"1422\" data-end=\"1475\">Canal RF crypt\u00e9\u00a0; authentification au niveau du secteur<\/td>\n<\/tr>\n<\/tbody>\n<\/table>\n<\/div>\n<\/div>\n<p data-start=\"1477\" data-end=\"1502\"><strong data-start=\"1477\" data-end=\"1500\">Organisation de la m\u00e9moire<\/strong><\/p>\n<div class=\"_tableContainer_1rjym_1\">\n<div class=\"group _tableWrapper_1rjym_13 flex w-fit flex-col-reverse\" tabindex=\"-1\">\n<table class=\"w-fit min-w-(--thread-content-width)\" data-start=\"1503\" data-end=\"1718\">\n<thead data-start=\"1503\" data-end=\"1538\">\n<tr data-start=\"1503\" data-end=\"1538\">\n<th data-start=\"1503\" data-end=\"1517\" data-col-size=\"sm\">Variante EV2<\/th>\n<th data-start=\"1517\" data-end=\"1538\" data-col-size=\"md\">Points saillants de la mise en page<\/th>\n<\/tr>\n<\/thead>\n<tbody data-start=\"1549\" data-end=\"1718\">\n<tr data-start=\"1549\" data-end=\"1630\">\n<td data-start=\"1549\" data-end=\"1567\" data-col-size=\"sm\">MF1P(H)22 (2KB)<\/td>\n<td data-col-size=\"md\" data-start=\"1567\" data-end=\"1630\">32 secteurs \u00d7 4 blocs\u00a0; le bloc 0 stocke les donn\u00e9es du fabricant NXP<\/td>\n<\/tr>\n<tr data-start=\"1631\" data-end=\"1718\">\n<td data-start=\"1631\" data-end=\"1649\" data-col-size=\"sm\">MF1P(H)42 (4KB)<\/td>\n<td data-col-size=\"md\" data-start=\"1649\" data-end=\"1718\">Ci-dessus + 8 secteurs \u00d7 16 blocs\u00a0; les en-t\u00eates de secteur d\u00e9finissent les cl\u00e9s d\u2019acc\u00e8s<\/td>\n<\/tr>\n<\/tbody>\n<\/table>\n<\/div>\n<\/div>\n<p data-start=\"1720\" data-end=\"1755\"><strong data-start=\"1720\" data-end=\"1753\">Personnalisation et cr\u00e9ation de cartes<\/strong><\/p>\n<div class=\"_tableContainer_1rjym_1\">\n<div class=\"group _tableWrapper_1rjym_13 flex w-fit flex-col-reverse\" tabindex=\"-1\">\n<table class=\"w-fit min-w-(--thread-content-width)\" data-start=\"1756\" data-end=\"2165\">\n<thead data-start=\"1756\" data-end=\"1775\">\n<tr data-start=\"1756\" data-end=\"1775\">\n<th data-start=\"1756\" data-end=\"1764\" data-col-size=\"sm\">Artisanat<\/th>\n<th data-start=\"1764\" data-end=\"1775\" data-col-size=\"md\">Options<\/th>\n<\/tr>\n<\/thead>\n<tbody data-start=\"1786\" data-end=\"2165\">\n<tr data-start=\"1786\" data-end=\"1883\">\n<td data-start=\"1786\" data-end=\"1798\" data-col-size=\"sm\">Num\u00e9rotage<\/td>\n<td data-col-size=\"md\" data-start=\"1798\" data-end=\"1883\">Num\u00e9ros thermiques\/jet d&#039;encre (noir\/blanc\/or\/argent), num\u00e9ro de s\u00e9rie\/NSB en relief (13 pt\/18 pt)<\/td>\n<\/tr>\n<tr data-start=\"1884\" data-end=\"1965\">\n<td data-start=\"1884\" data-end=\"1895\" data-col-size=\"sm\">Impression<\/td>\n<td data-col-size=\"md\" data-start=\"1895\" data-end=\"1965\">Impression offset CMJN, UV, mappage num\u00e9ro de s\u00e9rie\/UID, code QR\/barres grav\u00e9 au laser<\/td>\n<\/tr>\n<tr data-start=\"1966\" data-end=\"2065\">\n<td data-start=\"1966\" data-end=\"1983\" data-col-size=\"sm\">Feuilles et effets<\/td>\n<td data-col-size=\"md\" data-start=\"1983\" data-end=\"2065\">Marquage \u00e0 chaud or\/argent\/laser, effet miroir\/transparent, hologramme, lenticulaire<\/td>\n<\/tr>\n<tr data-start=\"2066\" data-end=\"2165\">\n<td data-start=\"2066\" data-end=\"2076\" data-col-size=\"sm\">Modules compl\u00e9mentaires<\/td>\n<td data-col-size=\"md\" data-start=\"2076\" data-end=\"2165\">Bande magn\u00e9tique (HICO 2750\/4000 OE, LOCO 300 OE), panneaux \u00e0 gratter, panneau de signature<\/td>\n<\/tr>\n<\/tbody>\n<\/table>\n<\/div>\n<\/div>\n<p data-start=\"2167\" data-end=\"2192\"><strong data-start=\"2167\" data-end=\"2190\">Emballage et \u00e9chantillons<\/strong><\/p>\n<div class=\"_tableContainer_1rjym_1\">\n<div class=\"group _tableWrapper_1rjym_13 flex w-fit flex-col-reverse\" tabindex=\"-1\">\n<table class=\"w-fit min-w-(--thread-content-width)\" data-start=\"2193\" data-end=\"2414\">\n<thead data-start=\"2193\" data-end=\"2211\">\n<tr data-start=\"2193\" data-end=\"2211\">\n<th data-start=\"2193\" data-end=\"2200\" data-col-size=\"sm\">Article<\/th>\n<th data-start=\"2200\" data-end=\"2211\" data-col-size=\"md\">D\u00e9tails<\/th>\n<\/tr>\n<\/thead>\n<tbody data-start=\"2222\" data-end=\"2414\">\n<tr data-start=\"2222\" data-end=\"2295\">\n<td data-start=\"2222\" data-end=\"2238\" data-col-size=\"sm\">Pack standard<\/td>\n<td data-col-size=\"md\" data-start=\"2238\" data-end=\"2295\">200 pi\u00e8ces\/bo\u00eete int\u00e9rieure ; 5000 pi\u00e8ces\/carton ; environ 35 kg\/carton<\/td>\n<\/tr>\n<tr data-start=\"2296\" data-end=\"2366\">\n<td data-start=\"2296\" data-end=\"2314\" data-col-size=\"sm\">Tailles irr\u00e9guli\u00e8res<\/td>\n<td data-col-size=\"md\" data-start=\"2314\" data-end=\"2366\">50 \u00e0 100 pi\u00e8ces\/sachet OPP, puis carton (ou sur demande)<\/td>\n<\/tr>\n<tr data-start=\"2367\" data-end=\"2414\">\n<td data-start=\"2367\" data-end=\"2377\" data-col-size=\"sm\">\u00c9chantillons<\/td>\n<td data-col-size=\"md\" data-start=\"2377\" data-end=\"2414\">\u00c9chantillons gratuits disponibles sur demande<\/td>\n<\/tr>\n<\/tbody>\n<\/table>\n<\/div>\n<\/div>\n<p data-start=\"2416\" data-end=\"2442\"><strong data-start=\"2416\" data-end=\"2440\">Applications typiques<\/strong><\/p>\n<ul data-start=\"2443\" data-end=\"2607\">\n<li data-start=\"2443\" data-end=\"2519\">\n<p data-start=\"2445\" data-end=\"2519\">Billetterie des transports, acc\u00e8s campus\/entreprise, fid\u00e9lisation et adh\u00e9sion<\/p>\n<\/li>\n<li data-start=\"2520\" data-end=\"2607\">\n<p data-start=\"2522\" data-end=\"2607\">Cartes-cadeaux VIP\/professionnelles, cartes de blanchisserie\/garantie, \u00e9tiquettes \u00e0 bagages, cartes de r\u00e9duction\/pr\u00e9pay\u00e9es<\/p>\n<\/li>\n<\/ul>","protected":false},"excerpt":{"rendered":"<p>Carte \u00e0 puce MIFARE Plus EV2 13,56 MHz avec s\u00e9curit\u00e9 AES, EAL5+, RF rapide et personnalisation riche \u2014 id\u00e9ale pour les transports, le contr\u00f4le d&#039;acc\u00e8s et les cartes de fid\u00e9lit\u00e9\/d&#039;adh\u00e9sion.<\/p>","protected":false},"featured_media":673,"template":"","meta":{"_gspb_post_css":""},"product_brand":[],"product_cat":[15],"product_tag":[],"class_list":{"0":"post-672","1":"product","2":"type-product","3":"status-publish","4":"has-post-thumbnail","6":"product_cat-rfid-cards","8":"first","9":"instock","10":"shipping-taxable","11":"purchasable","12":"product-type-simple"},"_links":{"self":[{"href":"https:\/\/www.cxjsmartcard.com\/fr\/wp-json\/wp\/v2\/product\/672","targetHints":{"allow":["GET"]}}],"collection":[{"href":"https:\/\/www.cxjsmartcard.com\/fr\/wp-json\/wp\/v2\/product"}],"about":[{"href":"https:\/\/www.cxjsmartcard.com\/fr\/wp-json\/wp\/v2\/types\/product"}],"wp:featuredmedia":[{"embeddable":true,"href":"https:\/\/www.cxjsmartcard.com\/fr\/wp-json\/wp\/v2\/media\/673"}],"wp:attachment":[{"href":"https:\/\/www.cxjsmartcard.com\/fr\/wp-json\/wp\/v2\/media?parent=672"}],"wp:term":[{"taxonomy":"product_brand","embeddable":true,"href":"https:\/\/www.cxjsmartcard.com\/fr\/wp-json\/wp\/v2\/product_brand?post=672"},{"taxonomy":"product_cat","embeddable":true,"href":"https:\/\/www.cxjsmartcard.com\/fr\/wp-json\/wp\/v2\/product_cat?post=672"},{"taxonomy":"product_tag","embeddable":true,"href":"https:\/\/www.cxjsmartcard.com\/fr\/wp-json\/wp\/v2\/product_tag?post=672"}],"curies":[{"name":"wp","href":"https:\/\/api.w.org\/{rel}","templated":true}]}}