{"id":667,"date":"2025-11-01T10:59:47","date_gmt":"2025-11-01T10:59:47","guid":{"rendered":"https:\/\/www.cxjsmartcard.com\/?post_type=product&#038;p=667"},"modified":"2025-12-29T01:27:11","modified_gmt":"2025-12-29T01:27:11","slug":"rfid-nfc-smart-shielding-blocker-credit-rfid-blocking-card","status":"publish","type":"product","link":"https:\/\/www.cxjsmartcard.com\/fr\/rfid-nfc-smart-shielding-blocker-credit-rfid-blocking-card\/","title":{"rendered":"Carte de blocage RFID NFC intelligente"},"content":{"rendered":"<p data-start=\"65\" data-end=\"546\">\u63cf\u8ff0\uff08\u8981\u6709\u8868\u683c\u6700\u597d\u9075\u5faa\u6587\u6863\u7684\u683c\u5f0f\u8f93\u51fa\uff09<br data-start=\"84\" data-end=\"87\" \/>Carte de blocage RFID\/NFC ultra-fine, format portefeuille, con\u00e7ue pour emp\u00eacher la lecture sans contact non autoris\u00e9e des cartes bancaires, cartes de cr\u00e9dit\/d\u00e9bit, passeports et cartes d&#039;identit\u00e9 (13,56 MHz). Module de blindage int\u00e9gr\u00e9 prim\u00e9\u00a0: placez simplement 1 ou 2 cartes dans le portefeuille pour prot\u00e9ger toutes les cartes sans contact \u00e0 proximit\u00e9. Impression personnalis\u00e9e CMJN, correspondance des couleurs de votre marque et diff\u00e9rentes finitions disponibles pour vos promotions, op\u00e9rations bancaires, voyages et cadeaux d&#039;entreprise.<\/p>\n<p data-start=\"548\" data-end=\"567\"><strong data-start=\"548\" data-end=\"565\">Sp\u00e9cification<\/strong><\/p>\n<div class=\"_tableContainer_1rjym_1\">\n<div class=\"group _tableWrapper_1rjym_13 flex w-fit flex-col-reverse\" tabindex=\"-1\">\n<table class=\"w-fit min-w-(--thread-content-width)\" data-start=\"568\" data-end=\"1243\">\n<thead data-start=\"568\" data-end=\"586\">\n<tr data-start=\"568\" data-end=\"586\">\n<th data-start=\"568\" data-end=\"575\" data-col-size=\"sm\">Article<\/th>\n<th data-start=\"575\" data-end=\"586\" data-col-size=\"md\">D\u00e9tails<\/th>\n<\/tr>\n<\/thead>\n<tbody data-start=\"597\" data-end=\"1243\">\n<tr data-start=\"597\" data-end=\"653\">\n<td data-start=\"597\" data-end=\"612\" data-col-size=\"sm\">Nom du produit<\/td>\n<td data-col-size=\"md\" data-start=\"612\" data-end=\"653\">Carte de blocage intelligente RFID NFC<\/td>\n<\/tr>\n<tr data-start=\"654\" data-end=\"714\">\n<td data-start=\"654\" data-end=\"665\" data-col-size=\"sm\">Mat\u00e9riel<\/td>\n<td data-start=\"665\" data-end=\"714\" data-col-size=\"md\">PVC + Module de blocage \/ PVC + Tissu de blocage<\/td>\n<\/tr>\n<tr data-start=\"715\" data-end=\"744\">\n<td data-start=\"715\" data-end=\"722\" data-col-size=\"sm\">Taille<\/td>\n<td data-start=\"722\" data-end=\"744\" data-col-size=\"md\">CR80, 85,5 \u00d7 54 mm<\/td>\n<\/tr>\n<tr data-start=\"745\" data-end=\"786\">\n<td data-start=\"745\" data-end=\"757\" data-col-size=\"sm\">\u00c9paisseur<\/td>\n<td data-start=\"757\" data-end=\"786\" data-col-size=\"md\">0,86 mm \/ 1,2 mm \/ 1,5 mm<\/td>\n<\/tr>\n<tr data-start=\"787\" data-end=\"844\">\n<td data-start=\"787\" data-end=\"808\" data-col-size=\"sm\">Blindage de fr\u00e9quence<\/td>\n<td data-start=\"808\" data-end=\"844\" data-col-size=\"md\">13,56 MHz sans contact (RFID\/NFC)<\/td>\n<\/tr>\n<tr data-start=\"845\" data-end=\"883\">\n<td data-start=\"845\" data-end=\"855\" data-col-size=\"sm\">Surface<\/td>\n<td data-col-size=\"md\" data-start=\"855\" data-end=\"883\">Brillant \/ Mat \/ Givr\u00e9<\/td>\n<\/tr>\n<tr data-start=\"884\" data-end=\"945\">\n<td data-start=\"884\" data-end=\"895\" data-col-size=\"sm\">Impression<\/td>\n<td data-col-size=\"md\" data-start=\"895\" data-end=\"945\">Impression s\u00e9rigraphique, impression CMJN, correspondance des couleurs 100%<\/td>\n<\/tr>\n<tr data-start=\"946\" data-end=\"994\">\n<td data-start=\"946\" data-end=\"961\" data-col-size=\"sm\">Mode de fonctionnement<\/td>\n<td data-col-size=\"md\" data-start=\"961\" data-end=\"994\">Blindage passif, sans batterie<\/td>\n<\/tr>\n<tr data-start=\"995\" data-end=\"1061\">\n<td data-start=\"995\" data-end=\"1003\" data-col-size=\"sm\">Usage<\/td>\n<td data-col-size=\"md\" data-start=\"1003\" data-end=\"1061\">Glissez 1 ou 2 cartes dans votre portefeuille\/sac \u00e0 main pour prot\u00e9ger toutes vos cartes.<\/td>\n<\/tr>\n<tr data-start=\"1062\" data-end=\"1131\">\n<td data-start=\"1062\" data-end=\"1076\" data-col-size=\"sm\">Application<\/td>\n<td data-start=\"1076\" data-end=\"1131\" data-col-size=\"md\">Cartes bancaires, carte d&#039;identit\u00e9, passeport, protection anti-fraude des cartes d&#039;acc\u00e8s<\/td>\n<\/tr>\n<tr data-start=\"1132\" data-end=\"1189\">\n<td data-start=\"1132\" data-end=\"1138\" data-col-size=\"sm\">MOQ<\/td>\n<td data-col-size=\"md\" data-start=\"1138\" data-end=\"1189\">Pas de quantit\u00e9 minimale de commande pour les articles vierges\u00a0; 50\u00a0pi\u00e8ces pour les articles personnalis\u00e9s avec logo ou motif.<\/td>\n<\/tr>\n<tr data-start=\"1190\" data-end=\"1243\">\n<td data-start=\"1190\" data-end=\"1201\" data-col-size=\"sm\">Caract\u00e9ristiques<\/td>\n<td data-start=\"1201\" data-end=\"1243\" data-col-size=\"md\">Mat\u00e9riau de blocage prim\u00e9 \u00e0 l&#039;int\u00e9rieur<\/td>\n<\/tr>\n<\/tbody>\n<\/table>\n<\/div>\n<\/div>\n<p data-start=\"1245\" data-end=\"1514\"><strong data-start=\"1245\" data-end=\"1261\">Comment \u00e7a marche<\/strong><br data-start=\"1261\" data-end=\"1264\" \/>La couche de blocage cr\u00e9e un champ RF protecteur, emp\u00eachant ainsi les lecteurs \u00e0 proximit\u00e9 de communiquer avec la puce de votre carte de paiement ou d&#039;identit\u00e9. Une seule protection suffit pour plusieurs cartes rang\u00e9es dans la m\u00eame poche, ce qui en fait une alternative plus pratique aux \u00e9tuis ou portefeuilles anti-RFID.<\/p>\n<p data-start=\"1516\" data-end=\"1534\"><strong data-start=\"1516\" data-end=\"1532\">Applications<\/strong><\/p>\n<ul data-start=\"1535\" data-end=\"1703\">\n<li data-start=\"1535\" data-end=\"1579\">\n<p data-start=\"1537\" data-end=\"1579\">Protection anti-fraude pour cartes bancaires sans contact<\/p>\n<\/li>\n<li data-start=\"1580\" data-end=\"1620\">\n<p data-start=\"1582\" data-end=\"1620\">Protection du passeport\/de la carte d&#039;identit\u00e9 pendant le voyage<\/p>\n<\/li>\n<li data-start=\"1621\" data-end=\"1668\">\n<p data-start=\"1623\" data-end=\"1668\">Cadeau d&#039;entreprise ou bancaire avec logo personnalis\u00e9<\/p>\n<\/li>\n<li data-start=\"1669\" data-end=\"1703\">\n<p data-start=\"1671\" data-end=\"1703\">Accessoires de s\u00e9curit\u00e9 pour la vente au d\u00e9tail\/en ligne<\/p>\n<\/li>\n<\/ul>","protected":false},"excerpt":{"rendered":"<p>Carte de blocage RFID\/NFC en PVC au format portefeuille qui prot\u00e8ge les cartes bancaires sans contact 13,56 MHz, les cartes d&#039;identit\u00e9 et les passeports contre le skimming ; options d&#039;impression et de surface personnalisables.<\/p>","protected":false},"featured_media":668,"template":"","meta":{"_gspb_post_css":""},"product_brand":[],"product_cat":[15],"product_tag":[],"class_list":{"0":"post-667","1":"product","2":"type-product","3":"status-publish","4":"has-post-thumbnail","6":"product_cat-rfid-cards","8":"first","9":"instock","10":"shipping-taxable","11":"purchasable","12":"product-type-simple"},"_links":{"self":[{"href":"https:\/\/www.cxjsmartcard.com\/fr\/wp-json\/wp\/v2\/product\/667","targetHints":{"allow":["GET"]}}],"collection":[{"href":"https:\/\/www.cxjsmartcard.com\/fr\/wp-json\/wp\/v2\/product"}],"about":[{"href":"https:\/\/www.cxjsmartcard.com\/fr\/wp-json\/wp\/v2\/types\/product"}],"wp:featuredmedia":[{"embeddable":true,"href":"https:\/\/www.cxjsmartcard.com\/fr\/wp-json\/wp\/v2\/media\/668"}],"wp:attachment":[{"href":"https:\/\/www.cxjsmartcard.com\/fr\/wp-json\/wp\/v2\/media?parent=667"}],"wp:term":[{"taxonomy":"product_brand","embeddable":true,"href":"https:\/\/www.cxjsmartcard.com\/fr\/wp-json\/wp\/v2\/product_brand?post=667"},{"taxonomy":"product_cat","embeddable":true,"href":"https:\/\/www.cxjsmartcard.com\/fr\/wp-json\/wp\/v2\/product_cat?post=667"},{"taxonomy":"product_tag","embeddable":true,"href":"https:\/\/www.cxjsmartcard.com\/fr\/wp-json\/wp\/v2\/product_tag?post=667"}],"curies":[{"name":"wp","href":"https:\/\/api.w.org\/{rel}","templated":true}]}}