{"id":657,"date":"2025-11-01T08:41:57","date_gmt":"2025-11-01T08:41:57","guid":{"rendered":"https:\/\/www.cxjsmartcard.com\/?post_type=product&#038;p=657"},"modified":"2025-12-29T01:27:11","modified_gmt":"2025-12-29T01:27:11","slug":"plastic-pvc-mifare-classic-4k-s70-rfid-card","status":"publish","type":"product","link":"https:\/\/www.cxjsmartcard.com\/fr\/plastic-pvc-mifare-classic-4k-s70-rfid-card\/","title":{"rendered":"Carte RFID MIFARE Classic 4K S70 en PVC plastique"},"content":{"rendered":"<p data-start=\"50\" data-end=\"378\">Carte RFID PVC sans contact 13,56 MHz bas\u00e9e sur MIFARE Classic 4K (S70), con\u00e7ue pour le contr\u00f4le d&#039;acc\u00e8s, les paiements sans esp\u00e8ces, les \u00e9tablissements de jeux et de divertissement, les parkings, les campus, les \u00e9v\u00e9nements et les adh\u00e9sions. Format CR80 standard, impression offset\/num\u00e9rique\/s\u00e9rigraphique, compatible avec l&#039;encodage UID\/s\u00e9rie\/code-barres\/bande magn\u00e9tique et puce.<\/p>\n<p data-start=\"380\" data-end=\"399\"><strong data-start=\"380\" data-end=\"397\">Sp\u00e9cification<\/strong><\/p>\n<div class=\"_tableContainer_1rjym_1\">\n<div class=\"group _tableWrapper_1rjym_13 flex w-fit flex-col-reverse\" tabindex=\"-1\">\n<table class=\"w-fit min-w-(--thread-content-width)\" data-start=\"400\" data-end=\"1455\">\n<thead data-start=\"400\" data-end=\"418\">\n<tr data-start=\"400\" data-end=\"418\">\n<th data-start=\"400\" data-end=\"407\" data-col-size=\"sm\">Article<\/th>\n<th data-start=\"407\" data-end=\"418\" data-col-size=\"md\">D\u00e9tails<\/th>\n<\/tr>\n<\/thead>\n<tbody data-start=\"429\" data-end=\"1455\">\n<tr data-start=\"429\" data-end=\"491\">\n<td data-start=\"429\" data-end=\"444\" data-col-size=\"sm\">Nom du produit<\/td>\n<td data-col-size=\"md\" data-start=\"444\" data-end=\"491\">Carte RFID MIFARE Classic 4K S70 en PVC plastique<\/td>\n<\/tr>\n<tr data-start=\"492\" data-end=\"584\">\n<td data-start=\"492\" data-end=\"514\" data-col-size=\"sm\">Options de puce\/RFID<\/td>\n<td data-col-size=\"md\" data-start=\"514\" data-end=\"584\">MIFARE Classic 4K S70\u00a0; \u00e9galement MIFARE Ultralight EV1\/C\/AES (en option)<\/td>\n<\/tr>\n<tr data-start=\"585\" data-end=\"614\">\n<td data-start=\"585\" data-end=\"596\" data-col-size=\"sm\">Protocole<\/td>\n<td data-col-size=\"md\" data-start=\"596\" data-end=\"614\">ISO\/IEC 14443A<\/td>\n<\/tr>\n<tr data-start=\"615\" data-end=\"640\">\n<td data-start=\"615\" data-end=\"627\" data-col-size=\"sm\">Fr\u00e9quence<\/td>\n<td data-start=\"627\" data-end=\"640\" data-col-size=\"md\">13,56 MHz<\/td>\n<\/tr>\n<tr data-start=\"641\" data-end=\"721\">\n<td data-start=\"641\" data-end=\"650\" data-col-size=\"sm\">M\u00e9moire<\/td>\n<td data-start=\"650\" data-end=\"721\" data-col-size=\"md\">EEPROM de 4 Ko (organis\u00e9e en 16 secteurs \u00d7 4 blocs, multi-applications)<\/td>\n<\/tr>\n<tr data-start=\"722\" data-end=\"764\">\n<td data-start=\"722\" data-end=\"745\" data-col-size=\"sm\">Endurance en lecture\/\u00e9criture<\/td>\n<td data-col-size=\"md\" data-start=\"745\" data-end=\"764\">\u2265100 000 cycles<\/td>\n<\/tr>\n<tr data-start=\"765\" data-end=\"820\">\n<td data-start=\"765\" data-end=\"782\" data-col-size=\"sm\">Int\u00e9grit\u00e9 des donn\u00e9es<\/td>\n<td data-start=\"782\" data-end=\"820\" data-col-size=\"md\">CRC 16 bits, parit\u00e9, anti-collision<\/td>\n<\/tr>\n<tr data-start=\"821\" data-end=\"888\">\n<td data-start=\"821\" data-end=\"833\" data-col-size=\"sm\">Format de carte<\/td>\n<td data-col-size=\"md\" data-start=\"833\" data-end=\"888\">CR80, 85,5 \u00d7 54 mm ; \u00e9paisseur 0,84\u20130,88 mm (sur mesure)<\/td>\n<\/tr>\n<tr data-start=\"889\" data-end=\"931\">\n<td data-start=\"889\" data-end=\"900\" data-col-size=\"sm\">Mat\u00e9riel<\/td>\n<td data-col-size=\"md\" data-start=\"900\" data-end=\"931\">PVC de haute qualit\u00e9, imprimable<\/td>\n<\/tr>\n<tr data-start=\"932\" data-end=\"1001\">\n<td data-start=\"932\" data-end=\"943\" data-col-size=\"sm\">Impression<\/td>\n<td data-start=\"943\" data-end=\"1001\" data-col-size=\"md\">Impression offset Heidelberg \/ Num\u00e9rique \/ S\u00e9rigraphie \/ Couleur<\/td>\n<\/tr>\n<tr data-start=\"1002\" data-end=\"1098\">\n<td data-start=\"1002\" data-end=\"1016\" data-col-size=\"sm\">Cr\u00e9ations en cartes<\/td>\n<td data-col-size=\"md\" data-start=\"1016\" data-end=\"1098\">Num\u00e9ro de s\u00e9rie, UID de la puce, QR code\/code-barres, bande magn\u00e9tique (HICO\/LOCO), panneau de signature<\/td>\n<\/tr>\n<tr data-start=\"1099\" data-end=\"1169\">\n<td data-start=\"1099\" data-end=\"1118\" data-col-size=\"sm\">Service d&#039;encodage<\/td>\n<td data-col-size=\"md\" data-start=\"1118\" data-end=\"1169\">URL, texte, nombre, cl\u00e9s de secteur, verrouillage\/chiffrement<\/td>\n<\/tr>\n<tr data-start=\"1170\" data-end=\"1241\">\n<td data-start=\"1170\" data-end=\"1180\" data-col-size=\"sm\">Emballer<\/td>\n<td data-col-size=\"md\" data-start=\"1180\" data-end=\"1241\">200 pi\u00e8ces\/bo\u00eete ; 2000 pi\u00e8ces\/carton (emballage personnalis\u00e9 disponible)<\/td>\n<\/tr>\n<tr data-start=\"1242\" data-end=\"1306\">\n<td data-start=\"1242\" data-end=\"1260\" data-col-size=\"sm\">Contr\u00f4le de qualit\u00e9<\/td>\n<td data-start=\"1260\" data-end=\"1306\" data-col-size=\"md\">Test de sensibilit\u00e9 de la puce 100% avant exp\u00e9dition<\/td>\n<\/tr>\n<tr data-start=\"1307\" data-end=\"1347\">\n<td data-start=\"1307\" data-end=\"1313\" data-col-size=\"sm\">MOQ<\/td>\n<td data-start=\"1313\" data-end=\"1347\" data-col-size=\"md\">500 pi\u00e8ces (avec impression personnalis\u00e9e)<\/td>\n<\/tr>\n<tr data-start=\"1348\" data-end=\"1455\">\n<td data-start=\"1348\" data-end=\"1363\" data-col-size=\"sm\">Applications<\/td>\n<td data-start=\"1363\" data-end=\"1455\" data-col-size=\"md\">Contr\u00f4le d&#039;acc\u00e8s, paiement sans esp\u00e8ces, jeux, divertissement, adh\u00e9sion, billetterie de transport<\/td>\n<\/tr>\n<\/tbody>\n<\/table>\n<\/div>\n<\/div>\n<p data-start=\"1457\" data-end=\"1471\"><strong data-start=\"1457\" data-end=\"1469\">Caract\u00e9ristiques<\/strong><\/p>\n<ul data-start=\"1472\" data-end=\"1754\">\n<li data-start=\"1472\" data-end=\"1530\">\n<p data-start=\"1474\" data-end=\"1530\">Transfert de donn\u00e9es et alimentation sans contact, sans batterie<\/p>\n<\/li>\n<li data-start=\"1531\" data-end=\"1595\">\n<p data-start=\"1533\" data-end=\"1595\">Distance de fonctionnement jusqu&#039;\u00e0 ~100 mm (selon l&#039;antenne\/le lecteur)<\/p>\n<\/li>\n<li data-start=\"1596\" data-end=\"1630\">\n<p data-start=\"1598\" data-end=\"1630\">Billetterie\/entr\u00e9e rapide (&lt;100 ms)<\/p>\n<\/li>\n<li data-start=\"1631\" data-end=\"1664\">\n<p data-start=\"1633\" data-end=\"1664\">Num\u00e9ro de s\u00e9rie unique par carte<\/p>\n<\/li>\n<li data-start=\"1665\" data-end=\"1714\">\n<p data-start=\"1667\" data-end=\"1714\">Prend en charge plusieurs applications avec hi\u00e9rarchie de cl\u00e9s<\/p>\n<\/li>\n<li data-start=\"1715\" data-end=\"1754\">\n<p data-start=\"1717\" data-end=\"1754\">Peut rester dans le portefeuille pendant la transaction<\/p>\n<\/li>\n<\/ul>","protected":false},"excerpt":{"rendered":"<p>Carte sans contact PVC 13,56 MHz MIFARE Classic 4K S70, ISO14443A, imprimable, avec encodage et personnalisation pour l&#039;acc\u00e8s, le paiement et les lieux de divertissement.<\/p>","protected":false},"featured_media":658,"template":"","meta":{"_gspb_post_css":""},"product_brand":[],"product_cat":[15],"product_tag":[],"class_list":{"0":"post-657","1":"product","2":"type-product","3":"status-publish","4":"has-post-thumbnail","6":"product_cat-rfid-cards","8":"first","9":"instock","10":"shipping-taxable","11":"purchasable","12":"product-type-simple"},"_links":{"self":[{"href":"https:\/\/www.cxjsmartcard.com\/fr\/wp-json\/wp\/v2\/product\/657","targetHints":{"allow":["GET"]}}],"collection":[{"href":"https:\/\/www.cxjsmartcard.com\/fr\/wp-json\/wp\/v2\/product"}],"about":[{"href":"https:\/\/www.cxjsmartcard.com\/fr\/wp-json\/wp\/v2\/types\/product"}],"wp:featuredmedia":[{"embeddable":true,"href":"https:\/\/www.cxjsmartcard.com\/fr\/wp-json\/wp\/v2\/media\/658"}],"wp:attachment":[{"href":"https:\/\/www.cxjsmartcard.com\/fr\/wp-json\/wp\/v2\/media?parent=657"}],"wp:term":[{"taxonomy":"product_brand","embeddable":true,"href":"https:\/\/www.cxjsmartcard.com\/fr\/wp-json\/wp\/v2\/product_brand?post=657"},{"taxonomy":"product_cat","embeddable":true,"href":"https:\/\/www.cxjsmartcard.com\/fr\/wp-json\/wp\/v2\/product_cat?post=657"},{"taxonomy":"product_tag","embeddable":true,"href":"https:\/\/www.cxjsmartcard.com\/fr\/wp-json\/wp\/v2\/product_tag?post=657"}],"curies":[{"name":"wp","href":"https:\/\/api.w.org\/{rel}","templated":true}]}}