{"id":652,"date":"2025-11-01T08:38:58","date_gmt":"2025-11-01T08:38:58","guid":{"rendered":"https:\/\/www.cxjsmartcard.com\/?post_type=product&#038;p=652"},"modified":"2025-12-29T01:27:12","modified_gmt":"2025-12-29T01:27:12","slug":"nxp-ntag213-blank-white-nfc-cards","status":"publish","type":"product","link":"https:\/\/www.cxjsmartcard.com\/fr\/nxp-ntag213-blank-white-nfc-cards\/","title":{"rendered":"Cartes NFC blanches vierges NXP NTAG213"},"content":{"rendered":"<p data-start=\"40\" data-end=\"379\">Cartes NFC blanches vierges utilisant une puce NXP NTAG213 authentique, conformes aux normes NFC Forum Type 2 et ISO\/IEC 14443A, con\u00e7ues pour le marketing intelligent, l&#039;authentification de produits, le lancement d&#039;URL\/d&#039;applications, la fid\u00e9lisation, les jeux et l&#039;appairage d&#039;appareils \u00e9lectroniques grand public. Fr\u00e9quence HF 13,56 MHz, performances RF stables, protection par mot de passe et prise en charge du pr\u00e9-encodage.<\/p>\n<p data-start=\"381\" data-end=\"400\"><strong data-start=\"381\" data-end=\"398\">Sp\u00e9cification<\/strong><\/p>\n<div class=\"_tableContainer_1rjym_1\">\n<div class=\"group _tableWrapper_1rjym_13 flex w-fit flex-col-reverse\" tabindex=\"-1\">\n<table class=\"w-fit min-w-(--thread-content-width)\" data-start=\"401\" data-end=\"1193\">\n<thead data-start=\"401\" data-end=\"419\">\n<tr data-start=\"401\" data-end=\"419\">\n<th data-start=\"401\" data-end=\"408\" data-col-size=\"sm\">Article<\/th>\n<th data-start=\"408\" data-end=\"419\" data-col-size=\"md\">D\u00e9tails<\/th>\n<\/tr>\n<\/thead>\n<tbody data-start=\"430\" data-end=\"1193\">\n<tr data-start=\"430\" data-end=\"476\">\n<td data-start=\"430\" data-end=\"447\" data-col-size=\"sm\">Puce\/Fr\u00e9quence<\/td>\n<td data-col-size=\"md\" data-start=\"447\" data-end=\"476\">NXP NTAG213, HF 13,56 MHz<\/td>\n<\/tr>\n<tr data-start=\"477\" data-end=\"528\">\n<td data-start=\"477\" data-end=\"488\" data-col-size=\"sm\">Standard<\/td>\n<td data-col-size=\"md\" data-start=\"488\" data-end=\"528\">\u00c9tiquette NFC Forum de type 2, ISO\/IEC 14443A<\/td>\n<\/tr>\n<tr data-start=\"529\" data-end=\"563\">\n<td data-start=\"529\" data-end=\"538\" data-col-size=\"sm\">M\u00e9moire<\/td>\n<td data-start=\"538\" data-end=\"563\" data-col-size=\"md\">144 octets de m\u00e9moire utilisateur<\/td>\n<\/tr>\n<tr data-start=\"564\" data-end=\"615\">\n<td data-start=\"564\" data-end=\"571\" data-col-size=\"sm\">Taille<\/td>\n<td data-col-size=\"md\" data-start=\"571\" data-end=\"615\">85,5 \u00d7 54 \u00d7 0,84 mm (CR80) ou sur mesure<\/td>\n<\/tr>\n<tr data-start=\"616\" data-end=\"665\">\n<td data-start=\"616\" data-end=\"627\" data-col-size=\"sm\">Mat\u00e9riel<\/td>\n<td data-col-size=\"md\" data-start=\"627\" data-end=\"665\">PVC (PET\/PET-G disponible sur demande)<\/td>\n<\/tr>\n<tr data-start=\"666\" data-end=\"718\">\n<td data-start=\"666\" data-end=\"679\" data-col-size=\"sm\">Plage de lecture<\/td>\n<td data-start=\"679\" data-end=\"718\" data-col-size=\"md\">1 \u00e0 5 cm (selon le lecteur et l&#039;antenne)<\/td>\n<\/tr>\n<tr data-start=\"719\" data-end=\"756\">\n<td data-start=\"719\" data-end=\"737\" data-col-size=\"sm\">\u00c9crire Endurance<\/td>\n<td data-col-size=\"md\" data-start=\"737\" data-end=\"756\">\u2265100 000 cycles<\/td>\n<\/tr>\n<tr data-start=\"757\" data-end=\"801\">\n<td data-start=\"757\" data-end=\"773\" data-col-size=\"sm\">Transfert de donn\u00e9es<\/td>\n<td data-col-size=\"md\" data-start=\"773\" data-end=\"801\">RF haute vitesse 106 kbit\/s<\/td>\n<\/tr>\n<tr data-start=\"802\" data-end=\"882\">\n<td data-start=\"802\" data-end=\"813\" data-col-size=\"sm\">S\u00e9curit\u00e9<\/td>\n<td data-start=\"813\" data-end=\"882\" data-col-size=\"md\">UID 7 octets, protection par mot de passe, bits de verrouillage, signature d&#039;originalit\u00e9<\/td>\n<\/tr>\n<tr data-start=\"883\" data-end=\"946\">\n<td data-start=\"883\" data-end=\"894\" data-col-size=\"sm\">Impression<\/td>\n<td data-start=\"894\" data-end=\"946\" data-col-size=\"md\">S\u00e9rigraphie, quadrichromie CMJN, finition brillante\/mate<\/td>\n<\/tr>\n<tr data-start=\"947\" data-end=\"1028\">\n<td data-start=\"947\" data-end=\"965\" data-col-size=\"sm\">Personnalisation<\/td>\n<td data-col-size=\"md\" data-start=\"965\" data-end=\"1028\">QR code\/code-barres, logo, num\u00e9ro de s\u00e9rie, mappage UID, pr\u00e9-\u00e9criture d&#039;URL<\/td>\n<\/tr>\n<tr data-start=\"1029\" data-end=\"1091\">\n<td data-start=\"1029\" data-end=\"1041\" data-col-size=\"sm\">Conditionnement<\/td>\n<td data-start=\"1041\" data-end=\"1091\" data-col-size=\"md\">200 pi\u00e8ces\/bo\u00eete, 2000 pi\u00e8ces\/carton (environ 13 kg\/carton)<\/td>\n<\/tr>\n<tr data-start=\"1092\" data-end=\"1193\">\n<td data-start=\"1092\" data-end=\"1107\" data-col-size=\"sm\">Applications<\/td>\n<td data-col-size=\"md\" data-start=\"1107\" data-end=\"1193\">Publicit\u00e9 intelligente, \u00e9tiquette NFC produit, acc\u00e8s, d\u00e9monstration de paiement, logistique, O2O, SoLoMo<\/td>\n<\/tr>\n<\/tbody>\n<\/table>\n<\/div>\n<\/div>\n<p data-start=\"1195\" data-end=\"1209\"><strong data-start=\"1195\" data-end=\"1207\">Caract\u00e9ristiques<\/strong><\/p>\n<ul data-start=\"1210\" data-end=\"1498\">\n<li data-start=\"1210\" data-end=\"1272\">\n<p data-start=\"1212\" data-end=\"1272\">Lecture rapide (FAST_READ) pour extraire l&#039;int\u00e9gralit\u00e9 du NDEF en une seule commande<\/p>\n<\/li>\n<li data-start=\"1273\" data-end=\"1327\">\n<p data-start=\"1275\" data-end=\"1327\">Bonnes performances RF pour diff\u00e9rentes formes\/mat\u00e9riaux<\/p>\n<\/li>\n<li data-start=\"1328\" data-end=\"1368\">\n<p data-start=\"1330\" data-end=\"1368\">Verrouillage en lecture seule programmable sur site<\/p>\n<\/li>\n<li data-start=\"1369\" data-end=\"1426\">\n<p data-start=\"1371\" data-end=\"1426\">Signature d&#039;originalit\u00e9 bas\u00e9e sur ECC pour l&#039;authenticit\u00e9 des puces<\/p>\n<\/li>\n<li data-start=\"1427\" data-end=\"1498\">\n<p data-start=\"1429\" data-end=\"1498\">Anti-collision \u2014 plusieurs cartes NFC peuvent \u00eatre lues une par une sur le terrain<\/p>\n<\/li>\n<\/ul>","protected":false},"excerpt":{"rendered":"<p>Cartes NFC NXP NTAG213 blanches vierges de 13,56 MHz avec m\u00e9moire de 144 octets, conformit\u00e9 ISO14443A\/NFC Type 2 et prise en charge de l&#039;impression en couleur et du pr\u00e9-encodage.<\/p>","protected":false},"featured_media":653,"template":"","meta":{"_gspb_post_css":""},"product_brand":[],"product_cat":[15],"product_tag":[],"class_list":{"0":"post-652","1":"product","2":"type-product","3":"status-publish","4":"has-post-thumbnail","6":"product_cat-rfid-cards","8":"first","9":"instock","10":"shipping-taxable","11":"purchasable","12":"product-type-simple"},"_links":{"self":[{"href":"https:\/\/www.cxjsmartcard.com\/fr\/wp-json\/wp\/v2\/product\/652","targetHints":{"allow":["GET"]}}],"collection":[{"href":"https:\/\/www.cxjsmartcard.com\/fr\/wp-json\/wp\/v2\/product"}],"about":[{"href":"https:\/\/www.cxjsmartcard.com\/fr\/wp-json\/wp\/v2\/types\/product"}],"wp:featuredmedia":[{"embeddable":true,"href":"https:\/\/www.cxjsmartcard.com\/fr\/wp-json\/wp\/v2\/media\/653"}],"wp:attachment":[{"href":"https:\/\/www.cxjsmartcard.com\/fr\/wp-json\/wp\/v2\/media?parent=652"}],"wp:term":[{"taxonomy":"product_brand","embeddable":true,"href":"https:\/\/www.cxjsmartcard.com\/fr\/wp-json\/wp\/v2\/product_brand?post=652"},{"taxonomy":"product_cat","embeddable":true,"href":"https:\/\/www.cxjsmartcard.com\/fr\/wp-json\/wp\/v2\/product_cat?post=652"},{"taxonomy":"product_tag","embeddable":true,"href":"https:\/\/www.cxjsmartcard.com\/fr\/wp-json\/wp\/v2\/product_tag?post=652"}],"curies":[{"name":"wp","href":"https:\/\/api.w.org\/{rel}","templated":true}]}}