{"id":648,"date":"2025-11-01T08:35:32","date_gmt":"2025-11-01T08:35:32","guid":{"rendered":"https:\/\/www.cxjsmartcard.com\/?post_type=product&#038;p=648"},"modified":"2025-12-29T01:27:12","modified_gmt":"2025-12-29T01:27:12","slug":"nxp-mifare-desfire-ev2-2k-4k-8k-rfid-cards","status":"publish","type":"product","link":"https:\/\/www.cxjsmartcard.com\/fr\/nxp-mifare-desfire-ev2-2k-4k-8k-rfid-cards\/","title":{"rendered":"Cartes RFID NXP MIFARE DESFire EV2 2K 4K 8K"},"content":{"rendered":"<p data-start=\"49\" data-end=\"396\">Cartes sans contact haute s\u00e9curit\u00e9 13,56 MHz bas\u00e9es sur NXP MIFARE DESFire EV2, disponibles avec 2, 4 et 8 Ko d&#039;EEPROM. Elles prennent en charge la norme ISO\/IEC 14443A, les cl\u00e9s AES\/3DES, la gestion d\u00e9l\u00e9gu\u00e9e des applications (MIsmartApp), le contr\u00f4le de proximit\u00e9 et l&#039;authentification \u00e0 la demande (VCA) pour la protection de la vie priv\u00e9e. Con\u00e7ues pour les transports, le contr\u00f4le d&#039;acc\u00e8s, les campus, l&#039;h\u00f4tellerie et les cartes de transport urbain.<\/p>\n<p data-start=\"398\" data-end=\"417\"><strong data-start=\"398\" data-end=\"415\">Sp\u00e9cification<\/strong><\/p>\n<div class=\"_tableContainer_1rjym_1\">\n<div class=\"group _tableWrapper_1rjym_13 flex w-fit flex-col-reverse\" tabindex=\"-1\">\n<table class=\"w-fit min-w-(--thread-content-width)\" data-start=\"418\" data-end=\"1199\">\n<thead data-start=\"418\" data-end=\"436\">\n<tr data-start=\"418\" data-end=\"436\">\n<th data-start=\"418\" data-end=\"425\" data-col-size=\"sm\">Article<\/th>\n<th data-start=\"425\" data-end=\"436\" data-col-size=\"md\">D\u00e9tails<\/th>\n<\/tr>\n<\/thead>\n<tbody data-start=\"447\" data-end=\"1199\">\n<tr data-start=\"447\" data-end=\"480\">\n<td data-start=\"447\" data-end=\"454\" data-col-size=\"sm\">\u00c9br\u00e9cher<\/td>\n<td data-col-size=\"md\" data-start=\"454\" data-end=\"480\">NXP MIFARE DESFire EV2<\/td>\n<\/tr>\n<tr data-start=\"481\" data-end=\"557\">\n<td data-start=\"481\" data-end=\"498\" data-col-size=\"sm\">Options de m\u00e9moire<\/td>\n<td data-col-size=\"md\" data-start=\"498\" data-end=\"557\">2K \/ 4K \/ 8K (prend \u00e9galement en charge une m\u00e9moire NV plus \u00e9lev\u00e9e dans la s\u00e9rie)<\/td>\n<\/tr>\n<tr data-start=\"558\" data-end=\"610\">\n<td data-start=\"558\" data-end=\"572\" data-col-size=\"sm\">Norme RF<\/td>\n<td data-col-size=\"md\" data-start=\"572\" data-end=\"610\">ISO\/IEC 14443 Type A (parties 2\/3\/4)<\/td>\n<\/tr>\n<tr data-start=\"611\" data-end=\"636\">\n<td data-start=\"611\" data-end=\"623\" data-col-size=\"sm\">Fr\u00e9quence<\/td>\n<td data-col-size=\"md\" data-start=\"623\" data-end=\"636\">13,56 MHz<\/td>\n<\/tr>\n<tr data-start=\"637\" data-end=\"681\">\n<td data-start=\"637\" data-end=\"649\" data-col-size=\"sm\">D\u00e9bit de donn\u00e9es<\/td>\n<td data-col-size=\"md\" data-start=\"649\" data-end=\"681\">106 \/ 212 \/ 424 \/ 848 kbit\/s<\/td>\n<\/tr>\n<tr data-start=\"682\" data-end=\"722\">\n<td data-start=\"682\" data-end=\"688\" data-col-size=\"sm\">UID<\/td>\n<td data-col-size=\"md\" data-start=\"688\" data-end=\"722\">UID de 7 octets, identifiant al\u00e9atoire optionnel<\/td>\n<\/tr>\n<tr data-start=\"723\" data-end=\"795\">\n<td data-start=\"723\" data-end=\"737\" data-col-size=\"sm\">Syst\u00e8me de fichiers<\/td>\n<td data-col-size=\"md\" data-start=\"737\" data-end=\"795\">Jusqu&#039;\u00e0 32 fichiers par application, plusieurs applications par carte PICC<\/td>\n<\/tr>\n<tr data-start=\"796\" data-end=\"871\">\n<td data-start=\"796\" data-end=\"807\" data-col-size=\"sm\">S\u00e9curit\u00e9<\/td>\n<td data-start=\"807\" data-end=\"871\" data-col-size=\"md\">Crit\u00e8res communs EAL5+, AES-128, authentification mutuelle en 3 passes<\/td>\n<\/tr>\n<tr data-start=\"872\" data-end=\"910\">\n<td data-start=\"872\" data-end=\"883\" data-col-size=\"sm\">Mat\u00e9riel<\/td>\n<td data-col-size=\"md\" data-start=\"883\" data-end=\"910\">PVC, ABS, PET, PC, etc.<\/td>\n<\/tr>\n<tr data-start=\"911\" data-end=\"946\">\n<td data-start=\"911\" data-end=\"918\" data-col-size=\"sm\">Taille<\/td>\n<td data-col-size=\"md\" data-start=\"918\" data-end=\"946\">CR80 30 mil ou sur mesure<\/td>\n<\/tr>\n<tr data-start=\"947\" data-end=\"985\">\n<td data-start=\"947\" data-end=\"957\" data-col-size=\"sm\">Surface<\/td>\n<td data-start=\"957\" data-end=\"985\" data-col-size=\"md\">Brillant \/ Mat \/ Givr\u00e9<\/td>\n<\/tr>\n<tr data-start=\"986\" data-end=\"1028\">\n<td data-start=\"986\" data-end=\"998\" data-col-size=\"sm\">Imprimable<\/td>\n<td data-col-size=\"md\" data-start=\"998\" data-end=\"1028\">thermique, jet d&#039;encre, UV, laser<\/td>\n<\/tr>\n<tr data-start=\"1029\" data-end=\"1110\">\n<td data-start=\"1029\" data-end=\"1038\" data-col-size=\"sm\">artisanat<\/td>\n<td data-start=\"1038\" data-end=\"1110\" data-col-size=\"md\">Bande magn\u00e9tique, code-barres\/QR, panneau de signature, zone \u00e0 gratter, num\u00e9ro de s\u00e9rie<\/td>\n<\/tr>\n<tr data-start=\"1111\" data-end=\"1199\">\n<td data-start=\"1111\" data-end=\"1128\" data-col-size=\"sm\">Syst\u00e8mes cibles<\/td>\n<td data-start=\"1128\" data-end=\"1199\" data-col-size=\"md\">Billetterie des transports, convergence bancaire, carte de transport, contr\u00f4le d&#039;acc\u00e8s<\/td>\n<\/tr>\n<\/tbody>\n<\/table>\n<\/div>\n<\/div>\n<p data-start=\"1201\" data-end=\"1219\"><strong data-start=\"1201\" data-end=\"1217\">Caract\u00e9ristiques principales<\/strong><\/p>\n<ul data-start=\"1220\" data-end=\"1537\">\n<li data-start=\"1220\" data-end=\"1251\">\n<p data-start=\"1222\" data-end=\"1251\">Niveau de s\u00e9curit\u00e9 \u00e9lev\u00e9 (EAL5+)<\/p>\n<\/li>\n<li data-start=\"1252\" data-end=\"1299\">\n<p data-start=\"1254\" data-end=\"1299\">Messagerie s\u00e9curis\u00e9e AES similaire \u00e0 MIFARE Plus<\/p>\n<\/li>\n<li data-start=\"1300\" data-end=\"1351\">\n<p data-start=\"1302\" data-end=\"1351\">MIsmartApp pour la gestion d\u00e9l\u00e9gu\u00e9e des applications<\/p>\n<\/li>\n<li data-start=\"1352\" data-end=\"1404\">\n<p data-start=\"1354\" data-end=\"1404\">MAC de transaction, protection anti-d\u00e9chirure et rotation rapide des cl\u00e9s<\/p>\n<\/li>\n<li data-start=\"1405\" data-end=\"1477\">\n<p data-start=\"1407\" data-end=\"1477\">Architecture de carte virtuelle (VCA) pour les cartes multi-locataires\/multi-services<\/p>\n<\/li>\n<li data-start=\"1478\" data-end=\"1537\">\n<p data-start=\"1480\" data-end=\"1537\">Compatibilit\u00e9 ascendante avec les g\u00e9n\u00e9rations DESFire pr\u00e9c\u00e9dentes<\/p>\n<\/li>\n<\/ul>","protected":false},"excerpt":{"rendered":"<p>Cartes RFID NXP MIFARE DESFire EV2 13,56 MHz (2K\/4K\/8K) avec s\u00e9curit\u00e9 AES, ISO14443A et syst\u00e8me de fichiers multi-applications flexible pour les cartes de transport, d&#039;acc\u00e8s et de ville intelligente.<\/p>","protected":false},"featured_media":649,"template":"","meta":{"_gspb_post_css":""},"product_brand":[],"product_cat":[15],"product_tag":[],"class_list":{"0":"post-648","1":"product","2":"type-product","3":"status-publish","4":"has-post-thumbnail","6":"product_cat-rfid-cards","8":"first","9":"instock","10":"shipping-taxable","11":"purchasable","12":"product-type-simple"},"_links":{"self":[{"href":"https:\/\/www.cxjsmartcard.com\/fr\/wp-json\/wp\/v2\/product\/648","targetHints":{"allow":["GET"]}}],"collection":[{"href":"https:\/\/www.cxjsmartcard.com\/fr\/wp-json\/wp\/v2\/product"}],"about":[{"href":"https:\/\/www.cxjsmartcard.com\/fr\/wp-json\/wp\/v2\/types\/product"}],"wp:featuredmedia":[{"embeddable":true,"href":"https:\/\/www.cxjsmartcard.com\/fr\/wp-json\/wp\/v2\/media\/649"}],"wp:attachment":[{"href":"https:\/\/www.cxjsmartcard.com\/fr\/wp-json\/wp\/v2\/media?parent=648"}],"wp:term":[{"taxonomy":"product_brand","embeddable":true,"href":"https:\/\/www.cxjsmartcard.com\/fr\/wp-json\/wp\/v2\/product_brand?post=648"},{"taxonomy":"product_cat","embeddable":true,"href":"https:\/\/www.cxjsmartcard.com\/fr\/wp-json\/wp\/v2\/product_cat?post=648"},{"taxonomy":"product_tag","embeddable":true,"href":"https:\/\/www.cxjsmartcard.com\/fr\/wp-json\/wp\/v2\/product_tag?post=648"}],"curies":[{"name":"wp","href":"https:\/\/api.w.org\/{rel}","templated":true}]}}