{"id":643,"date":"2025-11-01T08:29:51","date_gmt":"2025-11-01T08:29:51","guid":{"rendered":"https:\/\/www.cxjsmartcard.com\/?post_type=product&#038;p=643"},"modified":"2025-12-29T01:27:12","modified_gmt":"2025-12-29T01:27:12","slug":"nxp-mifare-desfire-ev1-4k-rfid-smart-card-for-access-control","status":"publish","type":"product","link":"https:\/\/www.cxjsmartcard.com\/fr\/nxp-mifare-desfire-ev1-4k-rfid-smart-card-for-access-control\/","title":{"rendered":"Carte \u00e0 puce RFID 4K NXP MIFARE DESFire EV1 pour le contr\u00f4le d&#039;acc\u00e8s"},"content":{"rendered":"<p data-start=\"67\" data-end=\"417\">Carte sans contact s\u00e9curis\u00e9e 13,56 MHz avec EEPROM de 4 Ko bas\u00e9e sur NXP MIFARE DESFire EV1, id\u00e9ale pour le contr\u00f4le d&#039;acc\u00e8s, la billetterie de transport, le paiement \u00e9lectronique et les applications d&#039;identification\/fid\u00e9lit\u00e9. Conforme \u00e0 la norme ISO\/IEC 14443 Type A et prend en charge plusieurs applications et fichiers avec authentification mutuelle en trois \u00e9tapes.<\/p>\n<p data-start=\"419\" data-end=\"449\"><strong data-start=\"419\" data-end=\"447\">Sp\u00e9cifications techniques<\/strong><\/p>\n<div class=\"_tableContainer_1rjym_1\">\n<div class=\"group _tableWrapper_1rjym_13 flex w-fit flex-col-reverse\" tabindex=\"-1\">\n<table class=\"w-fit min-w-(--thread-content-width)\" data-start=\"450\" data-end=\"1076\">\n<thead data-start=\"450\" data-end=\"471\">\n<tr data-start=\"450\" data-end=\"471\">\n<th data-start=\"450\" data-end=\"460\" data-col-size=\"sm\">Fonctionnalit\u00e9<\/th>\n<th data-start=\"460\" data-end=\"471\" data-col-size=\"md\">D\u00e9tails<\/th>\n<\/tr>\n<\/thead>\n<tbody data-start=\"482\" data-end=\"1076\">\n<tr data-start=\"482\" data-end=\"500\">\n<td data-start=\"482\" data-end=\"493\" data-col-size=\"sm\">Mat\u00e9riel<\/td>\n<td data-col-size=\"md\" data-start=\"493\" data-end=\"500\">PVC<\/td>\n<\/tr>\n<tr data-start=\"501\" data-end=\"556\">\n<td data-start=\"501\" data-end=\"513\" data-col-size=\"sm\">Dimension<\/td>\n<td data-col-size=\"md\" data-start=\"513\" data-end=\"556\">85,6 \u00d7 54 \u00d7 0,88 mm (ISO\/IEC 7810 ID-1)<\/td>\n<\/tr>\n<tr data-start=\"557\" data-end=\"598\">\n<td data-start=\"557\" data-end=\"565\" data-col-size=\"sm\">Couleur<\/td>\n<td data-start=\"565\" data-end=\"598\" data-col-size=\"md\">Blanc (impression personnalisable)<\/td>\n<\/tr>\n<tr data-start=\"599\" data-end=\"624\">\n<td data-start=\"599\" data-end=\"611\" data-col-size=\"sm\">Fr\u00e9quence<\/td>\n<td data-col-size=\"md\" data-start=\"611\" data-end=\"624\">13,56 MHz<\/td>\n<\/tr>\n<tr data-start=\"625\" data-end=\"661\">\n<td data-start=\"625\" data-end=\"632\" data-col-size=\"sm\">\u00c9br\u00e9cher<\/td>\n<td data-col-size=\"md\" data-start=\"632\" data-end=\"661\">NXP MIFARE DESFire EV1 4K<\/td>\n<\/tr>\n<tr data-start=\"662\" data-end=\"747\">\n<td data-start=\"662\" data-end=\"671\" data-col-size=\"sm\">M\u00e9moire<\/td>\n<td data-start=\"671\" data-end=\"747\" data-col-size=\"md\">EEPROM de 4 Ko\u00a0; prend en charge jusqu\u2019\u00e0 28 applications et 32 fichiers par application.<\/td>\n<\/tr>\n<tr data-start=\"748\" data-end=\"820\">\n<td data-start=\"748\" data-end=\"760\" data-col-size=\"sm\">normes<\/td>\n<td data-col-size=\"md\" data-start=\"760\" data-end=\"820\">ISO\/IEC 14443 Type A\u00a0; ISO\/IEC 7816-4 (commandes optionnelles)<\/td>\n<\/tr>\n<tr data-start=\"821\" data-end=\"903\">\n<td data-start=\"821\" data-end=\"832\" data-col-size=\"sm\">S\u00e9curit\u00e9<\/td>\n<td data-start=\"832\" data-end=\"903\" data-col-size=\"md\">Authentification mutuelle en 3 passes, gestion des sauvegardes sur puce, UID de 7 octets<\/td>\n<\/tr>\n<tr data-start=\"904\" data-end=\"946\">\n<td data-start=\"904\" data-end=\"917\" data-col-size=\"sm\">Plage de lecture<\/td>\n<td data-start=\"917\" data-end=\"946\" data-col-size=\"md\">2 \u00e0 5 cm (selon le lecteur)<\/td>\n<\/tr>\n<tr data-start=\"947\" data-end=\"1076\">\n<td data-start=\"947\" data-end=\"962\" data-col-size=\"sm\">Utilisations typiques<\/td>\n<td data-col-size=\"md\" data-start=\"962\" data-end=\"1037\">Contr\u00f4le d&#039;acc\u00e8s, transports publics, paiement \u00e9lectronique, programmes d&#039;identit\u00e9 et de fid\u00e9lit\u00e9<\/td>\n<\/tr>\n<\/tbody>\n<\/table>\n<\/div>\n<\/div>\n<p data-start=\"1078\" data-end=\"1096\"><strong data-start=\"1078\" data-end=\"1094\">Caract\u00e9ristiques principales<\/strong><\/p>\n<ul data-start=\"1097\" data-end=\"1370\">\n<li data-start=\"1097\" data-end=\"1178\">\n<p data-start=\"1099\" data-end=\"1178\">Haute s\u00e9curit\u00e9 avec authentification mutuelle en trois \u00e9tapes et cryptographie avanc\u00e9e<\/p>\n<\/li>\n<li data-start=\"1179\" data-end=\"1238\">\n<p data-start=\"1181\" data-end=\"1238\">Syst\u00e8me de fichiers \u00e9tendu et flexible (prise en charge multi-applications)<\/p>\n<\/li>\n<li data-start=\"1239\" data-end=\"1288\">\n<p data-start=\"1241\" data-end=\"1288\">Des normes ouvertes pour une compatibilit\u00e9 avec un large public<\/p>\n<\/li>\n<li data-start=\"1289\" data-end=\"1370\">\n<p data-start=\"1291\" data-end=\"1370\">Identifiant unique de 7 octets pour la diversification des cl\u00e9s<\/p>\n<\/li>\n<\/ul>","protected":false},"excerpt":{"rendered":"<p>Carte sans contact NXP MIFARE DESFire EV1 4K 13,56 MHz avec ISO14443A, m\u00e9moire de 4 Ko et authentification forte pour l&#039;acc\u00e8s, le transport et le paiement \u00e9lectronique.<\/p>","protected":false},"featured_media":644,"template":"","meta":{"_gspb_post_css":""},"product_brand":[],"product_cat":[15],"product_tag":[],"class_list":{"0":"post-643","1":"product","2":"type-product","3":"status-publish","4":"has-post-thumbnail","6":"product_cat-rfid-cards","8":"first","9":"instock","10":"shipping-taxable","11":"purchasable","12":"product-type-simple"},"_links":{"self":[{"href":"https:\/\/www.cxjsmartcard.com\/fr\/wp-json\/wp\/v2\/product\/643","targetHints":{"allow":["GET"]}}],"collection":[{"href":"https:\/\/www.cxjsmartcard.com\/fr\/wp-json\/wp\/v2\/product"}],"about":[{"href":"https:\/\/www.cxjsmartcard.com\/fr\/wp-json\/wp\/v2\/types\/product"}],"wp:featuredmedia":[{"embeddable":true,"href":"https:\/\/www.cxjsmartcard.com\/fr\/wp-json\/wp\/v2\/media\/644"}],"wp:attachment":[{"href":"https:\/\/www.cxjsmartcard.com\/fr\/wp-json\/wp\/v2\/media?parent=643"}],"wp:term":[{"taxonomy":"product_brand","embeddable":true,"href":"https:\/\/www.cxjsmartcard.com\/fr\/wp-json\/wp\/v2\/product_brand?post=643"},{"taxonomy":"product_cat","embeddable":true,"href":"https:\/\/www.cxjsmartcard.com\/fr\/wp-json\/wp\/v2\/product_cat?post=643"},{"taxonomy":"product_tag","embeddable":true,"href":"https:\/\/www.cxjsmartcard.com\/fr\/wp-json\/wp\/v2\/product_tag?post=643"}],"curies":[{"name":"wp","href":"https:\/\/api.w.org\/{rel}","templated":true}]}}