{"id":637,"date":"2025-11-01T08:26:42","date_gmt":"2025-11-01T08:26:42","guid":{"rendered":"https:\/\/www.cxjsmartcard.com\/?post_type=product&#038;p=637"},"modified":"2025-12-29T01:27:12","modified_gmt":"2025-12-29T01:27:12","slug":"mifare-desfire-ev2-2k-rfid-card","status":"publish","type":"product","link":"https:\/\/www.cxjsmartcard.com\/fr\/mifare-desfire-ev2-2k-rfid-card\/","title":{"rendered":"Carte RFID MIFARE DESFire EV2 2K"},"content":{"rendered":"<p data-start=\"38\" data-end=\"428\">Carte \u00e0 puce sans contact haute s\u00e9curit\u00e9 13,56 MHz bas\u00e9e sur NXP MIFARE DESFire EV2 2K, con\u00e7ue pour la billetterie multi-applications, les transports, le contr\u00f4le d&#039;acc\u00e8s, l&#039;h\u00f4tellerie, les campus, les paiements sans esp\u00e8ces et les services de ville intelligente. Conforme \u00e0 la norme ISO\/IEC 14443A, elle prend en charge des d\u00e9bits de donn\u00e9es rapides jusqu&#039;\u00e0 848 kbit\/s, le niveau de s\u00e9curit\u00e9 Common Criteria EAL5+ et une gestion flexible des fichiers et des applications.<\/p>\n<p data-start=\"430\" data-end=\"449\"><strong data-start=\"430\" data-end=\"447\">Sp\u00e9cification<\/strong><\/p>\n<div class=\"_tableContainer_1rjym_1\">\n<div class=\"group _tableWrapper_1rjym_13 flex w-fit flex-col-reverse\" tabindex=\"-1\">\n<table class=\"w-fit min-w-(--thread-content-width)\" data-start=\"450\" data-end=\"1095\">\n<thead data-start=\"450\" data-end=\"468\">\n<tr data-start=\"450\" data-end=\"468\">\n<th data-start=\"450\" data-end=\"457\" data-col-size=\"sm\">Article<\/th>\n<th data-start=\"457\" data-end=\"468\" data-col-size=\"md\">D\u00e9tails<\/th>\n<\/tr>\n<\/thead>\n<tbody data-start=\"479\" data-end=\"1095\">\n<tr data-start=\"479\" data-end=\"511\">\n<td data-start=\"479\" data-end=\"486\" data-col-size=\"sm\">\u00c9br\u00e9cher<\/td>\n<td data-col-size=\"md\" data-start=\"486\" data-end=\"511\">MIFARE DESFire EV2 2K<\/td>\n<\/tr>\n<tr data-start=\"512\" data-end=\"542\">\n<td data-start=\"512\" data-end=\"521\" data-col-size=\"sm\">M\u00e9moire<\/td>\n<td data-col-size=\"md\" data-start=\"521\" data-end=\"542\">M\u00e9moire NV de 2 Ko<\/td>\n<\/tr>\n<tr data-start=\"543\" data-end=\"609\">\n<td data-start=\"543\" data-end=\"569\" data-col-size=\"sm\">Interface standard \/ RF<\/td>\n<td data-col-size=\"md\" data-start=\"569\" data-end=\"609\">ISO\/IEC 14443 Type A (Parties 2, 3, 4)<\/td>\n<\/tr>\n<tr data-start=\"610\" data-end=\"635\">\n<td data-start=\"610\" data-end=\"622\" data-col-size=\"sm\">Fr\u00e9quence<\/td>\n<td data-col-size=\"md\" data-start=\"622\" data-end=\"635\">13,56 MHz<\/td>\n<\/tr>\n<tr data-start=\"636\" data-end=\"680\">\n<td data-start=\"636\" data-end=\"648\" data-col-size=\"sm\">D\u00e9bit de donn\u00e9es<\/td>\n<td data-col-size=\"md\" data-start=\"648\" data-end=\"680\">106 \/ 212 \/ 424 \/ 848 kbit\/s<\/td>\n<\/tr>\n<tr data-start=\"681\" data-end=\"736\">\n<td data-start=\"681\" data-end=\"687\" data-col-size=\"sm\">UID<\/td>\n<td data-start=\"687\" data-end=\"736\" data-col-size=\"md\">Identifiant unique de 7 octets (prend en charge les identifiants al\u00e9atoires)<\/td>\n<\/tr>\n<tr data-start=\"737\" data-end=\"777\">\n<td data-start=\"737\" data-end=\"744\" data-col-size=\"sm\">Taille<\/td>\n<td data-start=\"744\" data-end=\"777\" data-col-size=\"md\">85,5 \u00d7 54 mm (CR80) ou sur mesure<\/td>\n<\/tr>\n<tr data-start=\"778\" data-end=\"830\">\n<td data-start=\"778\" data-end=\"791\" data-col-size=\"sm\">Plage de lecture<\/td>\n<td data-col-size=\"md\" data-start=\"791\" data-end=\"830\">0\u201310 cm (selon le lecteur\/l&#039;antenne)<\/td>\n<\/tr>\n<tr data-start=\"831\" data-end=\"868\">\n<td data-start=\"831\" data-end=\"849\" data-col-size=\"sm\">\u00c9crire Endurance<\/td>\n<td data-col-size=\"md\" data-start=\"849\" data-end=\"868\">\u2265500\u00a0000 cycles<\/td>\n<\/tr>\n<tr data-start=\"869\" data-end=\"898\">\n<td data-start=\"869\" data-end=\"886\" data-col-size=\"sm\">Conservation des donn\u00e9es<\/td>\n<td data-col-size=\"md\" data-start=\"886\" data-end=\"898\">25 ans<\/td>\n<\/tr>\n<tr data-start=\"899\" data-end=\"942\">\n<td data-start=\"899\" data-end=\"910\" data-col-size=\"sm\">Mat\u00e9riel<\/td>\n<td data-start=\"910\" data-end=\"942\" data-col-size=\"md\">PVC (personnalisable : PET, PET-G, PC)<\/td>\n<\/tr>\n<tr data-start=\"943\" data-end=\"1010\">\n<td data-start=\"943\" data-end=\"954\" data-col-size=\"sm\">Impression<\/td>\n<td data-start=\"954\" data-end=\"1010\" data-col-size=\"md\">Impression offset CMJN, s\u00e9rigraphie, personnalisation, code QR\/barres<\/td>\n<\/tr>\n<tr data-start=\"1011\" data-end=\"1095\">\n<td data-start=\"1011\" data-end=\"1020\" data-col-size=\"sm\">artisanat<\/td>\n<td data-start=\"1020\" data-end=\"1095\" data-col-size=\"md\">Num\u00e9ro de s\u00e9rie, bande magn\u00e9tique, gaufrage\/d\u00e9bossage, code laser, marquage \u00e0 chaud<\/td>\n<\/tr>\n<\/tbody>\n<\/table>\n<\/div>\n<\/div>\n<p data-start=\"1097\" data-end=\"1116\"><strong data-start=\"1097\" data-end=\"1114\">Fonctionnalit\u00e9s principales<\/strong><\/p>\n<div class=\"_tableContainer_1rjym_1\">\n<div class=\"group _tableWrapper_1rjym_13 flex w-fit flex-col-reverse\" tabindex=\"-1\">\n<table class=\"w-fit min-w-(--thread-content-width)\" data-start=\"1117\" data-end=\"1682\">\n<thead data-start=\"1117\" data-end=\"1142\">\n<tr data-start=\"1117\" data-end=\"1142\">\n<th data-start=\"1117\" data-end=\"1127\" data-col-size=\"sm\">Fonctionnalit\u00e9<\/th>\n<th data-start=\"1127\" data-end=\"1142\" data-col-size=\"md\">Description<\/th>\n<\/tr>\n<\/thead>\n<tbody data-start=\"1153\" data-end=\"1682\">\n<tr data-start=\"1153\" data-end=\"1250\">\n<td data-start=\"1153\" data-end=\"1173\" data-col-size=\"sm\">Multi-application<\/td>\n<td data-col-size=\"md\" data-start=\"1173\" data-end=\"1250\">Nombre d&#039;applications pratiquement illimit\u00e9 par carte\u00a0; jusqu&#039;\u00e0 32 fichiers par application<\/td>\n<\/tr>\n<tr data-start=\"1251\" data-end=\"1334\">\n<td data-start=\"1251\" data-end=\"1273\" data-col-size=\"sm\">Architecture s\u00e9curis\u00e9e<\/td>\n<td data-start=\"1273\" data-end=\"1334\" data-col-size=\"md\">Cl\u00e9s AES (128 bits) et 3DES, authentification mutuelle en 3 passes<\/td>\n<\/tr>\n<tr data-start=\"1335\" data-end=\"1394\">\n<td data-start=\"1335\" data-end=\"1353\" data-col-size=\"sm\">Transaction MAC<\/td>\n<td data-col-size=\"md\" data-start=\"1353\" data-end=\"1394\">Garantit l&#039;int\u00e9grit\u00e9 de chaque transaction<\/td>\n<\/tr>\n<tr data-start=\"1395\" data-end=\"1466\">\n<td data-start=\"1395\" data-end=\"1408\" data-col-size=\"sm\">MIsmartApp<\/td>\n<td data-start=\"1408\" data-end=\"1466\" data-col-size=\"md\">Gestion d\u00e9l\u00e9gu\u00e9e des applications pour les op\u00e9rateurs de services<\/td>\n<\/tr>\n<tr data-start=\"1467\" data-end=\"1521\">\n<td data-start=\"1467\" data-end=\"1485\" data-col-size=\"sm\">V\u00e9rification de proximit\u00e9<\/td>\n<td data-col-size=\"md\" data-start=\"1485\" data-end=\"1521\">Protection contre les attaques par relais<\/td>\n<\/tr>\n<tr data-start=\"1522\" data-end=\"1601\">\n<td data-start=\"1522\" data-end=\"1556\" data-col-size=\"sm\">VCA (Architecture de carte virtuelle)<\/td>\n<td data-col-size=\"md\" data-start=\"1556\" data-end=\"1601\">Meilleure confidentialit\u00e9 et s\u00e9paration des applications<\/td>\n<\/tr>\n<tr data-start=\"1602\" data-end=\"1682\">\n<td data-start=\"1602\" data-end=\"1627\" data-col-size=\"sm\">Prise en charge de la norme ISO\/IEC 7816-4<\/td>\n<td data-col-size=\"md\" data-start=\"1627\" data-end=\"1682\">Structure des APDU et des fichiers pour une int\u00e9gration syst\u00e8me simplifi\u00e9e<\/td>\n<\/tr>\n<\/tbody>\n<\/table>\n<\/div>\n<\/div>\n<p data-start=\"1684\" data-end=\"1711\"><strong data-start=\"1684\" data-end=\"1709\">Sc\u00e9narios d&#039;application<\/strong><\/p>\n<ul data-start=\"1712\" data-end=\"1963\">\n<li data-start=\"1712\" data-end=\"1764\">\n<p data-start=\"1714\" data-end=\"1764\">Transports publics, billetterie \u00e9lectronique, gestion du temps et des pr\u00e9sences<\/p>\n<\/li>\n<li data-start=\"1765\" data-end=\"1803\">\n<p data-start=\"1767\" data-end=\"1803\">Acc\u00e8s au campus \/ \u00e0 l&#039;entreprise \/ \u00e0 l&#039;h\u00f4tel<\/p>\n<\/li>\n<li data-start=\"1804\" data-end=\"1848\">\n<p data-start=\"1806\" data-end=\"1848\">Distribution automatique sans esp\u00e8ces et paiement en circuit ferm\u00e9<\/p>\n<\/li>\n<li data-start=\"1849\" data-end=\"1909\">\n<p data-start=\"1851\" data-end=\"1909\">Carte de ville int\u00e9grant le stationnement, le partage de v\u00e9los\/voitures et l&#039;acc\u00e8s \u00e0 la biblioth\u00e8que<\/p>\n<\/li>\n<li data-start=\"1910\" data-end=\"1963\">\n<p data-start=\"1912\" data-end=\"1963\">Cartes de fid\u00e9lit\u00e9, d&#039;\u00e9v\u00e9nements et d&#039;activation sur les r\u00e9seaux sociaux<\/p>\n<\/li>\n<\/ul>","protected":false},"excerpt":{"rendered":"<p>Carte RFID haute s\u00e9curit\u00e9 MIFARE DESFire EV2 2K 13,56 MHz avec AES, d\u00e9bit de donn\u00e9es rapide et prise en charge multi-applications pour les projets de transport, de contr\u00f4le d&#039;acc\u00e8s et de ville intelligente.<\/p>","protected":false},"featured_media":638,"template":"","meta":{"_gspb_post_css":""},"product_brand":[],"product_cat":[15],"product_tag":[],"class_list":{"0":"post-637","1":"product","2":"type-product","3":"status-publish","4":"has-post-thumbnail","6":"product_cat-rfid-cards","8":"first","9":"instock","10":"shipping-taxable","11":"purchasable","12":"product-type-simple"},"_links":{"self":[{"href":"https:\/\/www.cxjsmartcard.com\/fr\/wp-json\/wp\/v2\/product\/637","targetHints":{"allow":["GET"]}}],"collection":[{"href":"https:\/\/www.cxjsmartcard.com\/fr\/wp-json\/wp\/v2\/product"}],"about":[{"href":"https:\/\/www.cxjsmartcard.com\/fr\/wp-json\/wp\/v2\/types\/product"}],"wp:featuredmedia":[{"embeddable":true,"href":"https:\/\/www.cxjsmartcard.com\/fr\/wp-json\/wp\/v2\/media\/638"}],"wp:attachment":[{"href":"https:\/\/www.cxjsmartcard.com\/fr\/wp-json\/wp\/v2\/media?parent=637"}],"wp:term":[{"taxonomy":"product_brand","embeddable":true,"href":"https:\/\/www.cxjsmartcard.com\/fr\/wp-json\/wp\/v2\/product_brand?post=637"},{"taxonomy":"product_cat","embeddable":true,"href":"https:\/\/www.cxjsmartcard.com\/fr\/wp-json\/wp\/v2\/product_cat?post=637"},{"taxonomy":"product_tag","embeddable":true,"href":"https:\/\/www.cxjsmartcard.com\/fr\/wp-json\/wp\/v2\/product_tag?post=637"}],"curies":[{"name":"wp","href":"https:\/\/api.w.org\/{rel}","templated":true}]}}