{"id":632,"date":"2025-11-01T08:24:27","date_gmt":"2025-11-01T08:24:27","guid":{"rendered":"https:\/\/www.cxjsmartcard.com\/?post_type=product&#038;p=632"},"modified":"2025-12-29T01:27:12","modified_gmt":"2025-12-29T01:27:12","slug":"mifare-classic-ev1-1k-nfc-blank-white-rfid-card","status":"publish","type":"product","link":"https:\/\/www.cxjsmartcard.com\/fr\/mifare-classic-ev1-1k-nfc-blank-white-rfid-card\/","title":{"rendered":"Carte RFID blanche vierge MIFARE Classic EV1 1K NFC"},"content":{"rendered":"<p data-start=\"54\" data-end=\"430\">Carte RFID blanche vierge MIFARE Classic EV1 1K (13,56 MHz) pour le contr\u00f4le d&#039;acc\u00e8s, l&#039;identification, le paiement sans esp\u00e8ces, la gestion du temps de pr\u00e9sence, l&#039;h\u00f4tellerie, les \u00e9tablissements scolaires, les clubs\/spas, le tourisme, la sant\u00e9, les supermarch\u00e9s, les parkings, les promotions et la gestion des adh\u00e9sions. Format carte de cr\u00e9dit standard, PVC r\u00e9sistant et antenne haute qualit\u00e9 pour une lecture stable.<\/p>\n<p data-start=\"432\" data-end=\"457\"><strong data-start=\"432\" data-end=\"455\">Param\u00e8tres physiques<\/strong><\/p>\n<div class=\"_tableContainer_1rjym_1\">\n<div class=\"group _tableWrapper_1rjym_13 flex w-fit flex-col-reverse\" tabindex=\"-1\">\n<table class=\"w-fit min-w-(--thread-content-width)\" data-start=\"458\" data-end=\"815\">\n<thead data-start=\"458\" data-end=\"476\">\n<tr data-start=\"458\" data-end=\"476\">\n<th data-start=\"458\" data-end=\"465\" data-col-size=\"sm\">Article<\/th>\n<th data-start=\"465\" data-end=\"476\" data-col-size=\"md\">D\u00e9tails<\/th>\n<\/tr>\n<\/thead>\n<tbody data-start=\"487\" data-end=\"815\">\n<tr data-start=\"487\" data-end=\"521\">\n<td data-start=\"487\" data-end=\"498\" data-col-size=\"sm\">Mat\u00e9riel<\/td>\n<td data-col-size=\"md\" data-start=\"498\" data-end=\"521\">PVC \/ PET \/ Bio-PVC<\/td>\n<\/tr>\n<tr data-start=\"522\" data-end=\"574\">\n<td data-start=\"522\" data-end=\"537\" data-col-size=\"sm\">Type d&#039;antenne<\/td>\n<td data-start=\"537\" data-end=\"574\" data-col-size=\"md\">Antenne en cuivre \/ Antenne en aluminium<\/td>\n<\/tr>\n<tr data-start=\"575\" data-end=\"620\">\n<td data-start=\"575\" data-end=\"582\" data-col-size=\"sm\">Taille<\/td>\n<td data-start=\"582\" data-end=\"620\" data-col-size=\"md\">85,5 \u00d7 54 \u00d7 0,85 mm (personnalisable)<\/td>\n<\/tr>\n<tr data-start=\"621\" data-end=\"644\">\n<td data-start=\"621\" data-end=\"629\" data-col-size=\"sm\">Couleur<\/td>\n<td data-col-size=\"md\" data-start=\"629\" data-end=\"644\">Blanc<\/td>\n<\/tr>\n<tr data-start=\"645\" data-end=\"672\">\n<td data-start=\"645\" data-end=\"659\" data-col-size=\"sm\">Poids de la carte<\/td>\n<td data-col-size=\"md\" data-start=\"659\" data-end=\"672\">6 g\/pi\u00e8ce<\/td>\n<\/tr>\n<tr data-start=\"673\" data-end=\"718\">\n<td data-start=\"673\" data-end=\"690\" data-col-size=\"sm\">Finition de surface<\/td>\n<td data-start=\"690\" data-end=\"718\" data-col-size=\"md\">Brillant \/ Mat \/ Givr\u00e9<\/td>\n<\/tr>\n<tr data-start=\"719\" data-end=\"815\">\n<td data-start=\"719\" data-end=\"731\" data-col-size=\"sm\">Conditionnement<\/td>\n<td data-col-size=\"md\" data-start=\"731\" data-end=\"815\">200 pi\u00e8ces\/bo\u00eete (22,2 \u00d7 9 \u00d7 5,4 cm), 2\u00a0000 pi\u00e8ces\/carton (49 \u00d7 24,5 \u00d7 13 cm), poids brut 14 kg<\/td>\n<\/tr>\n<\/tbody>\n<\/table>\n<\/div>\n<\/div>\n<p data-start=\"817\" data-end=\"844\"><strong data-start=\"817\" data-end=\"842\">Param\u00e8tres \u00e9lectriques<\/strong><\/p>\n<div class=\"_tableContainer_1rjym_1\">\n<div class=\"group _tableWrapper_1rjym_13 flex w-fit flex-col-reverse\" tabindex=\"-1\">\n<table class=\"w-fit min-w-(--thread-content-width)\" data-start=\"845\" data-end=\"1111\">\n<thead data-start=\"845\" data-end=\"863\">\n<tr data-start=\"845\" data-end=\"863\">\n<th data-start=\"845\" data-end=\"852\" data-col-size=\"sm\">Article<\/th>\n<th data-start=\"852\" data-end=\"863\" data-col-size=\"sm\">D\u00e9tails<\/th>\n<\/tr>\n<\/thead>\n<tbody data-start=\"874\" data-end=\"1111\">\n<tr data-start=\"874\" data-end=\"898\">\n<td data-start=\"874\" data-end=\"885\" data-col-size=\"sm\">Protocole<\/td>\n<td data-col-size=\"sm\" data-start=\"885\" data-end=\"898\">ISO14443A<\/td>\n<\/tr>\n<tr data-start=\"899\" data-end=\"924\">\n<td data-start=\"899\" data-end=\"911\" data-col-size=\"sm\">Fr\u00e9quence<\/td>\n<td data-start=\"911\" data-end=\"924\" data-col-size=\"sm\">13,56 MHz<\/td>\n<\/tr>\n<tr data-start=\"925\" data-end=\"958\">\n<td data-start=\"925\" data-end=\"932\" data-col-size=\"sm\">\u00c9br\u00e9cher<\/td>\n<td data-start=\"932\" data-end=\"958\" data-col-size=\"sm\">MIFARE Classic\u00ae EV1 1K<\/td>\n<\/tr>\n<tr data-start=\"959\" data-end=\"980\">\n<td data-start=\"959\" data-end=\"968\" data-col-size=\"sm\">M\u00e9moire<\/td>\n<td data-start=\"968\" data-end=\"980\" data-col-size=\"sm\">1 Ko<\/td>\n<\/tr>\n<tr data-start=\"981\" data-end=\"1020\">\n<td data-start=\"981\" data-end=\"1001\" data-col-size=\"sm\">Cycles de lecture\/\u00e9criture<\/td>\n<td data-col-size=\"sm\" data-start=\"1001\" data-end=\"1020\">1 000 000 fois<\/td>\n<\/tr>\n<tr data-start=\"1021\" data-end=\"1084\">\n<td data-start=\"1021\" data-end=\"1040\" data-col-size=\"sm\">Distance de lecture<\/td>\n<td data-col-size=\"sm\" data-start=\"1040\" data-end=\"1084\">2 \u00e0 6 cm (selon le lecteur et l&#039;environnement)<\/td>\n<\/tr>\n<tr data-start=\"1085\" data-end=\"1111\">\n<td data-start=\"1085\" data-end=\"1099\" data-col-size=\"sm\">Certificat<\/td>\n<td data-col-size=\"sm\" data-start=\"1099\" data-end=\"1111\">CE, RoHS<\/td>\n<\/tr>\n<\/tbody>\n<\/table>\n<\/div>\n<\/div>\n<p data-start=\"1113\" data-end=\"1140\"><strong data-start=\"1113\" data-end=\"1138\">Mat\u00e9riaux et durabilit\u00e9<\/strong><\/p>\n<ul data-start=\"1141\" data-end=\"1413\">\n<li data-start=\"1141\" data-end=\"1171\">\n<p data-start=\"1143\" data-end=\"1171\">\u00e9paisseur standard de 0,84 mm<\/p>\n<\/li>\n<li data-start=\"1172\" data-end=\"1248\">\n<p data-start=\"1174\" data-end=\"1248\">PVC vierge 100%, r\u00e9sistant au pliage, non toxique, r\u00e9sistant \u00e0 la corrosion et \u00e0 l&#039;abrasion<\/p>\n<\/li>\n<li data-start=\"1249\" data-end=\"1318\">\n<p data-start=\"1251\" data-end=\"1318\">Conforme aux normes RoHS\/REACH pour les applications \u00e0 long terme et \u00e0 forte demande<\/p>\n<\/li>\n<li data-start=\"1319\" data-end=\"1413\">\n<p data-start=\"1321\" data-end=\"1413\">Convient pour l&#039;impression, la personnalisation et l&#039;encodage<\/p>\n<\/li>\n<\/ul>\n<p data-start=\"1415\" data-end=\"1457\"><strong data-start=\"1415\" data-end=\"1455\">Impression et personnalisation disponibles<\/strong><\/p>\n<ul data-start=\"1458\" data-end=\"1726\">\n<li data-start=\"1458\" data-end=\"1481\">\n<p data-start=\"1460\" data-end=\"1481\">Codes-barres \/ codes QR<\/p>\n<\/li>\n<li data-start=\"1482\" data-end=\"1521\">\n<p data-start=\"1484\" data-end=\"1521\">Options de finition et d&#039;\u00e9paisseur des cartes<\/p>\n<\/li>\n<li data-start=\"1522\" data-end=\"1537\">\n<p data-start=\"1524\" data-end=\"1537\">D\u00e9coupe \u00e0 l&#039;emporte-pi\u00e8ce<\/p>\n<\/li>\n<li data-start=\"1538\" data-end=\"1563\">\n<p data-start=\"1540\" data-end=\"1563\">Gaufrage et num\u00e9rotation<\/p>\n<\/li>\n<li data-start=\"1564\" data-end=\"1588\">\n<p data-start=\"1566\" data-end=\"1588\">Encodage de puce\/secteur<\/p>\n<\/li>\n<li data-start=\"1589\" data-end=\"1617\">\n<p data-start=\"1591\" data-end=\"1617\">Marquage \u00e0 chaud \/ m\u00e9tallis\u00e9<\/p>\n<\/li>\n<li data-start=\"1618\" data-end=\"1661\">\n<p data-start=\"1620\" data-end=\"1661\">Vernis s\u00e9lectif UV \/ \u00e0 gratter \/ panneau de signature<\/p>\n<\/li>\n<li data-start=\"1662\" data-end=\"1726\">\n<p data-start=\"1664\" data-end=\"1726\">Impression de donn\u00e9es variables<\/p>\n<\/li>\n<\/ul>","protected":false},"excerpt":{"rendered":"<p>Carte RFID PVC MIFARE Classic EV1 1K blanche vierge 13,56 MHz pour le contr\u00f4le d&#039;acc\u00e8s et l&#039;adh\u00e9sion, conforme \u00e0 la norme ISO14443A, durable et pr\u00eate pour l&#039;impression\/l&#039;encodage personnalis\u00e9.<\/p>","protected":false},"featured_media":634,"template":"","meta":{"_gspb_post_css":""},"product_brand":[],"product_cat":[15],"product_tag":[],"class_list":{"0":"post-632","1":"product","2":"type-product","3":"status-publish","4":"has-post-thumbnail","6":"product_cat-rfid-cards","8":"first","9":"instock","10":"shipping-taxable","11":"purchasable","12":"product-type-simple"},"_links":{"self":[{"href":"https:\/\/www.cxjsmartcard.com\/fr\/wp-json\/wp\/v2\/product\/632","targetHints":{"allow":["GET"]}}],"collection":[{"href":"https:\/\/www.cxjsmartcard.com\/fr\/wp-json\/wp\/v2\/product"}],"about":[{"href":"https:\/\/www.cxjsmartcard.com\/fr\/wp-json\/wp\/v2\/types\/product"}],"wp:featuredmedia":[{"embeddable":true,"href":"https:\/\/www.cxjsmartcard.com\/fr\/wp-json\/wp\/v2\/media\/634"}],"wp:attachment":[{"href":"https:\/\/www.cxjsmartcard.com\/fr\/wp-json\/wp\/v2\/media?parent=632"}],"wp:term":[{"taxonomy":"product_brand","embeddable":true,"href":"https:\/\/www.cxjsmartcard.com\/fr\/wp-json\/wp\/v2\/product_brand?post=632"},{"taxonomy":"product_cat","embeddable":true,"href":"https:\/\/www.cxjsmartcard.com\/fr\/wp-json\/wp\/v2\/product_cat?post=632"},{"taxonomy":"product_tag","embeddable":true,"href":"https:\/\/www.cxjsmartcard.com\/fr\/wp-json\/wp\/v2\/product_tag?post=632"}],"curies":[{"name":"wp","href":"https:\/\/api.w.org\/{rel}","templated":true}]}}