{"id":627,"date":"2025-11-01T08:22:49","date_gmt":"2025-11-01T08:22:49","guid":{"rendered":"https:\/\/www.cxjsmartcard.com\/?post_type=product&#038;p=627"},"modified":"2025-12-29T01:27:12","modified_gmt":"2025-12-29T01:27:12","slug":"iso-15693-icode-sli-rfid-smart-nfc-card","status":"publish","type":"product","link":"https:\/\/www.cxjsmartcard.com\/fr\/iso-15693-icode-sli-rfid-smart-nfc-card\/","title":{"rendered":"Carte \u00e0 puce RFID NFC ISO 15693 ICODE SLI"},"content":{"rendered":"<p data-start=\"46\" data-end=\"378\">Carte RFID NFC haute performance conforme \u00e0 la norme ISO 15693 ICODE s\u00e9rie SLI\/SLIX, fonctionnant \u00e0 13,56 MHz, offrant une longue port\u00e9e de lecture, une v\u00e9ritable protection anti-collision et une m\u00e9moire prot\u00e9g\u00e9e par mot de passe. Id\u00e9ale pour le contr\u00f4le d&#039;acc\u00e8s, les cartes d&#039;acc\u00e8s pour h\u00f4tels, la gestion de copropri\u00e9t\u00e9s, l&#039;\u00e9tiquetage industriel, le suivi des biblioth\u00e8ques et des biens, et les cartes nominatives intelligentes.<\/p>\n<p data-start=\"380\" data-end=\"399\"><strong data-start=\"380\" data-end=\"397\">Sp\u00e9cification<\/strong><\/p>\n<div class=\"_tableContainer_1rjym_1\">\n<div class=\"group _tableWrapper_1rjym_13 flex w-fit flex-col-reverse\" tabindex=\"-1\">\n<table class=\"w-fit min-w-(--thread-content-width)\" data-start=\"400\" data-end=\"1127\">\n<thead data-start=\"400\" data-end=\"418\">\n<tr data-start=\"400\" data-end=\"418\">\n<th data-start=\"400\" data-end=\"407\" data-col-size=\"sm\">Article<\/th>\n<th data-start=\"407\" data-end=\"418\" data-col-size=\"md\">D\u00e9tails<\/th>\n<\/tr>\n<\/thead>\n<tbody data-start=\"429\" data-end=\"1127\">\n<tr data-start=\"429\" data-end=\"487\">\n<td data-start=\"429\" data-end=\"444\" data-col-size=\"sm\">Nom du produit<\/td>\n<td data-start=\"444\" data-end=\"487\" data-col-size=\"md\">Carte \u00e0 puce RFID NFC ISO 15693 ICODE SLI<\/td>\n<\/tr>\n<tr data-start=\"488\" data-end=\"522\">\n<td data-start=\"488\" data-end=\"499\" data-col-size=\"sm\">Mat\u00e9riel<\/td>\n<td data-start=\"499\" data-end=\"522\" data-col-size=\"md\">PVC ou mat\u00e9riau OEM<\/td>\n<\/tr>\n<tr data-start=\"523\" data-end=\"577\">\n<td data-start=\"523\" data-end=\"530\" data-col-size=\"sm\">Taille<\/td>\n<td data-start=\"530\" data-end=\"577\" data-col-size=\"md\">85,5 \u00d7 54 \u00d7 0,86 mm (dimensions personnalis\u00e9es accept\u00e9es)<\/td>\n<\/tr>\n<tr data-start=\"578\" data-end=\"636\">\n<td data-start=\"578\" data-end=\"593\" data-col-size=\"sm\">Options de puce<\/td>\n<td data-start=\"593\" data-end=\"636\" data-col-size=\"md\">ICODE SLI-S, ICODE SLIX-L, ICODE SLIX-S<\/td>\n<\/tr>\n<tr data-start=\"637\" data-end=\"676\">\n<td data-start=\"637\" data-end=\"648\" data-col-size=\"sm\">Protocole<\/td>\n<td data-start=\"648\" data-end=\"676\" data-col-size=\"md\">ISO\/IEC 15693 (\u00e0 proximit\u00e9)<\/td>\n<\/tr>\n<tr data-start=\"677\" data-end=\"702\">\n<td data-start=\"677\" data-end=\"689\" data-col-size=\"sm\">Fr\u00e9quence<\/td>\n<td data-start=\"689\" data-end=\"702\" data-col-size=\"md\">13,56 MHz<\/td>\n<\/tr>\n<tr data-start=\"703\" data-end=\"778\">\n<td data-start=\"703\" data-end=\"712\" data-col-size=\"sm\">M\u00e9moire<\/td>\n<td data-start=\"712\" data-end=\"778\" data-col-size=\"md\">1024 bits (32 blocs \u00d7 4 octets) ou 2048 bits selon la puce<\/td>\n<\/tr>\n<tr data-start=\"779\" data-end=\"814\">\n<td data-start=\"779\" data-end=\"795\" data-col-size=\"sm\">Transfert de donn\u00e9es<\/td>\n<td data-start=\"795\" data-end=\"814\" data-col-size=\"md\">Jusqu&#039;\u00e0 53 kbit\/s<\/td>\n<\/tr>\n<tr data-start=\"815\" data-end=\"882\">\n<td data-start=\"815\" data-end=\"837\" data-col-size=\"sm\">Distance de lecture\/\u00e9criture<\/td>\n<td data-start=\"837\" data-end=\"882\" data-col-size=\"md\">Jusqu&#039;\u00e0 1,5 m (selon le lecteur et l&#039;antenne)<\/td>\n<\/tr>\n<tr data-start=\"883\" data-end=\"927\">\n<td data-start=\"883\" data-end=\"891\" data-col-size=\"sm\">Pouvoir<\/td>\n<td data-start=\"891\" data-end=\"927\" data-col-size=\"md\">Sans contact, sans pile requise<\/td>\n<\/tr>\n<tr data-start=\"928\" data-end=\"986\">\n<td data-start=\"928\" data-end=\"939\" data-col-size=\"sm\">Impression<\/td>\n<td data-start=\"939\" data-end=\"986\" data-col-size=\"md\">Impression offset \/ s\u00e9rigraphique \/ num\u00e9rique \/ UV<\/td>\n<\/tr>\n<tr data-start=\"987\" data-end=\"1040\">\n<td data-start=\"987\" data-end=\"1007\" data-col-size=\"sm\">Assistance technique<\/td>\n<td data-start=\"1007\" data-end=\"1040\" data-col-size=\"md\">Encodage de la puce, configuration du mot de passe<\/td>\n<\/tr>\n<tr data-start=\"1041\" data-end=\"1127\">\n<td data-start=\"1041\" data-end=\"1056\" data-col-size=\"sm\">Applications<\/td>\n<td data-start=\"1056\" data-end=\"1127\" data-col-size=\"md\">Contr\u00f4le d&#039;acc\u00e8s, carte magn\u00e9tique d&#039;h\u00f4tel, gestion de copropri\u00e9t\u00e9, carte de visite, EAS<\/td>\n<\/tr>\n<\/tbody>\n<\/table>\n<\/div>\n<\/div>\n<p data-start=\"1129\" data-end=\"1158\"><strong data-start=\"1129\" data-end=\"1156\">Interface et fonctionnalit\u00e9s RF<\/strong><\/p>\n<ul data-start=\"1159\" data-end=\"1484\">\n<li data-start=\"1159\" data-end=\"1203\">\n<p data-start=\"1161\" data-end=\"1203\">transmission de donn\u00e9es et d&#039;\u00e9nergie sans contact<\/p>\n<\/li>\n<li data-start=\"1204\" data-end=\"1238\">\n<p data-start=\"1206\" data-end=\"1238\">Port\u00e9e jusqu&#039;\u00e0 1,5 m<\/p>\n<\/li>\n<li data-start=\"1239\" data-end=\"1283\">\n<p data-start=\"1241\" data-end=\"1283\">CRC 16 bits, cadrage, int\u00e9grit\u00e9 des donn\u00e9es \u00e9lev\u00e9e<\/p>\n<\/li>\n<li data-start=\"1284\" data-end=\"1362\">\n<p data-start=\"1286\" data-end=\"1362\">V\u00e9ritable syst\u00e8me anti-collision\u00a0: plusieurs \u00e9tiquettes sur le terrain peuvent \u00eatre identifi\u00e9es individuellement.<\/p>\n<\/li>\n<li data-start=\"1363\" data-end=\"1390\">\n<p data-start=\"1365\" data-end=\"1390\">Assistance EAS, AFI, DSFID<\/p>\n<\/li>\n<li data-start=\"1391\" data-end=\"1432\">\n<p data-start=\"1393\" data-end=\"1432\">Distance d&#039;\u00e9criture \u00e9gale \u00e0 la distance de lecture<\/p>\n<\/li>\n<li data-start=\"1433\" data-end=\"1484\">\n<p data-start=\"1435\" data-end=\"1484\">Commandes optionnelles de confidentialit\u00e9 et de destruction (sur SLIX-S)<\/p>\n<\/li>\n<\/ul>\n<p data-start=\"1486\" data-end=\"1509\"><strong data-start=\"1486\" data-end=\"1507\">M\u00e9moire et s\u00e9curit\u00e9<\/strong><\/p>\n<ul data-start=\"1510\" data-end=\"1671\">\n<li data-start=\"1510\" data-end=\"1535\">\n<p data-start=\"1512\" data-end=\"1535\">EEPROM 1024\u20132048 bits<\/p>\n<\/li>\n<li data-start=\"1536\" data-end=\"1566\">\n<p data-start=\"1538\" data-end=\"1566\">Conservation des donn\u00e9es de 10 \u00e0 50 ans<\/p>\n<\/li>\n<li data-start=\"1567\" data-end=\"1591\">\n<p data-start=\"1569\" data-end=\"1591\">100 000 cycles d&#039;\u00e9criture<\/p>\n<\/li>\n<li data-start=\"1592\" data-end=\"1620\">\n<p data-start=\"1594\" data-end=\"1620\">M\u00e9canisme de verrouillage par bloc<\/p>\n<\/li>\n<li data-start=\"1621\" data-end=\"1671\">\n<p data-start=\"1623\" data-end=\"1671\">Acc\u00e8s en lecture\/\u00e9criture prot\u00e9g\u00e9 par mot de passe, EAS, AFI, confidentialit\u00e9<\/p>\n<\/li>\n<\/ul>","protected":false},"excerpt":{"rendered":"<p>Carte NFC ISO 15693 13,56 MHz ICODE SLI\/SLIX avec longue port\u00e9e de lecture, anti-collision, m\u00e9moire s\u00e9curis\u00e9e et impression en couleur pour les projets de contr\u00f4le d&#039;acc\u00e8s et de cartes d&#039;h\u00f4tel\/cl\u00e9s.<\/p>","protected":false},"featured_media":630,"template":"","meta":{"_gspb_post_css":""},"product_brand":[],"product_cat":[15],"product_tag":[],"class_list":{"0":"post-627","1":"product","2":"type-product","3":"status-publish","4":"has-post-thumbnail","6":"product_cat-rfid-cards","8":"first","9":"instock","10":"shipping-taxable","11":"purchasable","12":"product-type-simple"},"_links":{"self":[{"href":"https:\/\/www.cxjsmartcard.com\/fr\/wp-json\/wp\/v2\/product\/627","targetHints":{"allow":["GET"]}}],"collection":[{"href":"https:\/\/www.cxjsmartcard.com\/fr\/wp-json\/wp\/v2\/product"}],"about":[{"href":"https:\/\/www.cxjsmartcard.com\/fr\/wp-json\/wp\/v2\/types\/product"}],"wp:featuredmedia":[{"embeddable":true,"href":"https:\/\/www.cxjsmartcard.com\/fr\/wp-json\/wp\/v2\/media\/630"}],"wp:attachment":[{"href":"https:\/\/www.cxjsmartcard.com\/fr\/wp-json\/wp\/v2\/media?parent=627"}],"wp:term":[{"taxonomy":"product_brand","embeddable":true,"href":"https:\/\/www.cxjsmartcard.com\/fr\/wp-json\/wp\/v2\/product_brand?post=627"},{"taxonomy":"product_cat","embeddable":true,"href":"https:\/\/www.cxjsmartcard.com\/fr\/wp-json\/wp\/v2\/product_cat?post=627"},{"taxonomy":"product_tag","embeddable":true,"href":"https:\/\/www.cxjsmartcard.com\/fr\/wp-json\/wp\/v2\/product_tag?post=627"}],"curies":[{"name":"wp","href":"https:\/\/api.w.org\/{rel}","templated":true}]}}