{"id":621,"date":"2025-11-01T08:20:22","date_gmt":"2025-11-01T08:20:22","guid":{"rendered":"https:\/\/www.cxjsmartcard.com\/?post_type=product&#038;p=621"},"modified":"2025-12-29T01:27:12","modified_gmt":"2025-12-29T01:27:12","slug":"customized-wooden-bamboo-rfid-hotel-key-card","status":"publish","type":"product","link":"https:\/\/www.cxjsmartcard.com\/fr\/customized-wooden-bamboo-rfid-hotel-key-card\/","title":{"rendered":"Carte-cl\u00e9 d&#039;h\u00f4tel RFID en bambou et bois personnalis\u00e9e"},"content":{"rendered":"<p data-start=\"51\" data-end=\"378\">Carte d&#039;h\u00f4tel RFID \u00e9cologique en bois\/bambou, fabriqu\u00e9e \u00e0 partir de mat\u00e9riaux naturels et biod\u00e9gradables. Enti\u00e8rement personnalisable avec le logo de l&#039;h\u00f4tel, des donn\u00e9es variables et des options de finition. Id\u00e9ale pour les syst\u00e8mes de verrouillage de portes d&#039;h\u00f4tel, le contr\u00f4le d&#039;acc\u00e8s, les \u00e9v\u00e9nements, les programmes de fid\u00e9lit\u00e9, les cadeaux et les campagnes de marque.<\/p>\n<p data-start=\"380\" data-end=\"399\"><strong data-start=\"380\" data-end=\"397\">Sp\u00e9cification<\/strong><\/p>\n<div class=\"_tableContainer_1rjym_1\">\n<div class=\"group _tableWrapper_1rjym_13 flex w-fit flex-col-reverse\" tabindex=\"-1\">\n<table class=\"w-fit min-w-(--thread-content-width)\" data-start=\"400\" data-end=\"1166\">\n<thead data-start=\"400\" data-end=\"418\">\n<tr data-start=\"400\" data-end=\"418\">\n<th data-start=\"400\" data-end=\"407\" data-col-size=\"sm\">Article<\/th>\n<th data-start=\"407\" data-end=\"418\" data-col-size=\"md\">D\u00e9tails<\/th>\n<\/tr>\n<\/thead>\n<tbody data-start=\"429\" data-end=\"1166\">\n<tr data-start=\"429\" data-end=\"492\">\n<td data-start=\"429\" data-end=\"444\" data-col-size=\"sm\">Nom du produit<\/td>\n<td data-col-size=\"md\" data-start=\"444\" data-end=\"492\">Carte-cl\u00e9 d&#039;h\u00f4tel RFID personnalis\u00e9e en bois\/bambou<\/td>\n<\/tr>\n<tr data-start=\"493\" data-end=\"582\">\n<td data-start=\"493\" data-end=\"515\" data-col-size=\"sm\">Mat\u00e9riaux disponibles<\/td>\n<td data-col-size=\"md\" data-start=\"515\" data-end=\"582\">\u00c9rable, bambou, tilleul, h\u00eatre, cerisier, noyer noir, sapelli, ch\u00eane<\/td>\n<\/tr>\n<tr data-start=\"583\" data-end=\"637\">\n<td data-start=\"583\" data-end=\"602\" data-col-size=\"sm\">\u00c9paisseur \/ Taille<\/td>\n<td data-col-size=\"md\" data-start=\"602\" data-end=\"637\">0,8\u20130,84 mm ou 0,76 mm (sur mesure)<\/td>\n<\/tr>\n<tr data-start=\"638\" data-end=\"685\">\n<td data-start=\"638\" data-end=\"649\" data-col-size=\"sm\">Protocole<\/td>\n<td data-col-size=\"md\" data-start=\"649\" data-end=\"685\">ISO 14443A, ISO 15693, ISO 18000-6C<\/td>\n<\/tr>\n<tr data-start=\"686\" data-end=\"733\">\n<td data-start=\"686\" data-end=\"698\" data-col-size=\"sm\">Fr\u00e9quence<\/td>\n<td data-col-size=\"md\" data-start=\"698\" data-end=\"733\">125 kHz, 13,56 MHz, 860\u2013960 MHz<\/td>\n<\/tr>\n<tr data-start=\"734\" data-end=\"791\">\n<td data-start=\"734\" data-end=\"745\" data-col-size=\"sm\">Impression<\/td>\n<td data-col-size=\"md\" data-start=\"745\" data-end=\"791\">Impression laser \/ S\u00e9rigraphie \/ Impression quadrichromie<\/td>\n<\/tr>\n<tr data-start=\"792\" data-end=\"907\">\n<td data-start=\"792\" data-end=\"810\" data-col-size=\"sm\">Activit\u00e9s manuelles facultatives<\/td>\n<td data-col-size=\"md\" data-start=\"810\" data-end=\"907\">Marquage \u00e0 chaud argent\/or, bande magn\u00e9tique HICO\/LOCO, gravure laser, code QR, num\u00e9ros de s\u00e9rie<\/td>\n<\/tr>\n<tr data-start=\"908\" data-end=\"998\">\n<td data-start=\"908\" data-end=\"923\" data-col-size=\"sm\">Applications<\/td>\n<td data-col-size=\"md\" data-start=\"923\" data-end=\"998\">Contr\u00f4le d&#039;acc\u00e8s, Paiements, \u00c9v\u00e9nements, Fid\u00e9lit\u00e9, R\u00e9seaux sociaux, Carte d&#039;acc\u00e8s \u00e0 l&#039;h\u00f4tel<\/td>\n<\/tr>\n<tr data-start=\"999\" data-end=\"1035\">\n<td data-start=\"999\" data-end=\"1009\" data-col-size=\"sm\">\u00c9chantillons<\/td>\n<td data-col-size=\"md\" data-start=\"1009\" data-end=\"1035\">\u00c9chantillons gratuits disponibles<\/td>\n<\/tr>\n<tr data-start=\"1036\" data-end=\"1094\">\n<td data-start=\"1036\" data-end=\"1060\" data-col-size=\"sm\">Caract\u00e9ristique environnementale<\/td>\n<td data-col-size=\"md\" data-start=\"1060\" data-end=\"1094\">Biod\u00e9gradable, recyclable 100%<\/td>\n<\/tr>\n<tr data-start=\"1095\" data-end=\"1166\">\n<td data-start=\"1095\" data-end=\"1103\" data-col-size=\"sm\">Notes<\/td>\n<td data-start=\"1103\" data-end=\"1166\" data-col-size=\"md\">Le bois naturel peut pr\u00e9senter des variations de grain et de couleur apr\u00e8s impression.<\/td>\n<\/tr>\n<\/tbody>\n<\/table>\n<\/div>\n<\/div>\n<p data-start=\"1168\" data-end=\"1182\"><strong data-start=\"1168\" data-end=\"1180\">Caract\u00e9ristiques<\/strong><\/p>\n<ul data-start=\"1183\" data-end=\"1529\">\n<li data-start=\"1183\" data-end=\"1244\">\n<p data-start=\"1185\" data-end=\"1244\">Carte en bois aspect naturel pour remplacer les cartes-cl\u00e9s d&#039;h\u00f4tel en plastique<\/p>\n<\/li>\n<li data-start=\"1245\" data-end=\"1320\">\n<p data-start=\"1247\" data-end=\"1320\">Compatible avec les normes RFID courantes (LF\/HF\/UHF) pour les serrures d&#039;h\u00f4tels et de b\u00e2timents.<\/p>\n<\/li>\n<li data-start=\"1321\" data-end=\"1396\">\n<p data-start=\"1323\" data-end=\"1396\">Plusieurs essences de bois pour correspondre \u00e0 l&#039;image de marque (bambou pour la version \u00e9co, noyer pour la version haut de gamme).<\/p>\n<\/li>\n<li data-start=\"1397\" data-end=\"1457\">\n<p data-start=\"1399\" data-end=\"1457\">Prise en charge de la gravure de logo et du marquage \u00e0 chaud pour les h\u00f4tels de charme<\/p>\n<\/li>\n<li data-start=\"1458\" data-end=\"1529\">\n<p data-start=\"1460\" data-end=\"1529\">Peut \u00eatre utilis\u00e9e comme carte de membre\/cadeau\/VIP\/\u00e9v\u00e9nement dans le secteur de l&#039;h\u00f4tellerie.<\/p>\n<\/li>\n<\/ul>","protected":false},"excerpt":{"rendered":"<p>Carte-cl\u00e9 d&#039;h\u00f4tel RFID biod\u00e9gradable en bois\/bambou, compatible ISO14443A\/ISO15693, impression de logo personnalis\u00e9e et finition \u00e9cologique haut de gamme pour les h\u00f4tels et le contr\u00f4le d&#039;acc\u00e8s.<\/p>","protected":false},"featured_media":625,"template":"","meta":{"_gspb_post_css":""},"product_brand":[],"product_cat":[15],"product_tag":[],"class_list":{"0":"post-621","1":"product","2":"type-product","3":"status-publish","4":"has-post-thumbnail","6":"product_cat-rfid-cards","8":"first","9":"instock","10":"shipping-taxable","11":"purchasable","12":"product-type-simple"},"_links":{"self":[{"href":"https:\/\/www.cxjsmartcard.com\/fr\/wp-json\/wp\/v2\/product\/621","targetHints":{"allow":["GET"]}}],"collection":[{"href":"https:\/\/www.cxjsmartcard.com\/fr\/wp-json\/wp\/v2\/product"}],"about":[{"href":"https:\/\/www.cxjsmartcard.com\/fr\/wp-json\/wp\/v2\/types\/product"}],"wp:featuredmedia":[{"embeddable":true,"href":"https:\/\/www.cxjsmartcard.com\/fr\/wp-json\/wp\/v2\/media\/625"}],"wp:attachment":[{"href":"https:\/\/www.cxjsmartcard.com\/fr\/wp-json\/wp\/v2\/media?parent=621"}],"wp:term":[{"taxonomy":"product_brand","embeddable":true,"href":"https:\/\/www.cxjsmartcard.com\/fr\/wp-json\/wp\/v2\/product_brand?post=621"},{"taxonomy":"product_cat","embeddable":true,"href":"https:\/\/www.cxjsmartcard.com\/fr\/wp-json\/wp\/v2\/product_cat?post=621"},{"taxonomy":"product_tag","embeddable":true,"href":"https:\/\/www.cxjsmartcard.com\/fr\/wp-json\/wp\/v2\/product_tag?post=621"}],"curies":[{"name":"wp","href":"https:\/\/api.w.org\/{rel}","templated":true}]}}