{"id":615,"date":"2025-11-01T08:18:22","date_gmt":"2025-11-01T08:18:22","guid":{"rendered":"https:\/\/www.cxjsmartcard.com\/?post_type=product&#038;p=615"},"modified":"2025-12-29T01:27:12","modified_gmt":"2025-12-29T01:27:12","slug":"contactless-credit-protector-nfc-bank-anti-theft-rfid-blocking-card","status":"publish","type":"product","link":"https:\/\/www.cxjsmartcard.com\/fr\/contactless-credit-protector-nfc-bank-anti-theft-rfid-blocking-card\/","title":{"rendered":"Carte de protection de cr\u00e9dit sans contact NFC Bank antivol avec blocage RFID"},"content":{"rendered":"<p data-start=\"74\" data-end=\"353\">Carte de blocage RFID sans contact qui prot\u00e8ge les signaux NFC 13,56 MHz contre le piratage des cartes bancaires et d&#039;identit\u00e9. Fine et en PVC, personnalisable en quadrichromie (CMJN), elle s&#039;ins\u00e8re facilement dans un portefeuille\u00a0: une seule carte suffit pour prot\u00e9ger plusieurs cartes sans contact.<\/p>\n<p data-start=\"355\" data-end=\"374\"><strong data-start=\"355\" data-end=\"372\">Sp\u00e9cification<\/strong><\/p>\n<div class=\"_tableContainer_1rjym_1\">\n<div class=\"group _tableWrapper_1rjym_13 flex w-fit flex-col-reverse\" tabindex=\"-1\">\n<table class=\"w-fit min-w-(--thread-content-width)\" data-start=\"375\" data-end=\"676\">\n<thead data-start=\"375\" data-end=\"393\">\n<tr data-start=\"375\" data-end=\"393\">\n<th data-start=\"375\" data-end=\"382\" data-col-size=\"sm\">Article<\/th>\n<th data-start=\"382\" data-end=\"393\" data-col-size=\"md\">D\u00e9tails<\/th>\n<\/tr>\n<\/thead>\n<tbody data-start=\"404\" data-end=\"676\">\n<tr data-start=\"404\" data-end=\"440\">\n<td data-start=\"404\" data-end=\"415\" data-col-size=\"sm\">Mat\u00e9riel<\/td>\n<td data-col-size=\"md\" data-start=\"415\" data-end=\"440\">Module de blocage PVC +<\/td>\n<\/tr>\n<tr data-start=\"441\" data-end=\"471\">\n<td data-start=\"441\" data-end=\"448\" data-col-size=\"sm\">Taille<\/td>\n<td data-col-size=\"md\" data-start=\"448\" data-end=\"471\">85,5 \u00d7 54 mm (CR80)<\/td>\n<\/tr>\n<tr data-start=\"472\" data-end=\"499\">\n<td data-start=\"472\" data-end=\"484\" data-col-size=\"sm\">\u00c9paisseur<\/td>\n<td data-col-size=\"md\" data-start=\"484\" data-end=\"499\">0,76\u20131,5 mm<\/td>\n<\/tr>\n<tr data-start=\"500\" data-end=\"530\">\n<td data-start=\"500\" data-end=\"511\" data-col-size=\"sm\">Impression<\/td>\n<td data-col-size=\"md\" data-start=\"511\" data-end=\"530\">Couleurs CMJN<\/td>\n<\/tr>\n<tr data-start=\"531\" data-end=\"568\">\n<td data-start=\"531\" data-end=\"552\" data-col-size=\"sm\">Fr\u00e9quence de blocage<\/td>\n<td data-col-size=\"md\" data-start=\"552\" data-end=\"568\">HF 13,56 MHz<\/td>\n<\/tr>\n<tr data-start=\"569\" data-end=\"627\">\n<td data-start=\"569\" data-end=\"579\" data-col-size=\"sm\">Emballer<\/td>\n<td data-col-size=\"md\" data-start=\"579\" data-end=\"627\">Sachet OPP ; carton (emballage personnalis\u00e9 disponible)<\/td>\n<\/tr>\n<tr data-start=\"628\" data-end=\"676\">\n<td data-start=\"628\" data-end=\"640\" data-col-size=\"sm\">D\u00e9lai de mise en \u0153uvre<\/td>\n<td data-col-size=\"md\" data-start=\"640\" data-end=\"676\">7 \u00e0 10 jours ouvrables apr\u00e8s le paiement<\/td>\n<\/tr>\n<\/tbody>\n<\/table>\n<\/div>\n<\/div>\n<p data-start=\"678\" data-end=\"956\"><strong data-start=\"678\" data-end=\"694\">Comment \u00e7a marche<\/strong><br data-start=\"694\" data-end=\"697\" \/>Les cartes RFID\/NFC utilisent des ondes radio et cr\u00e9ent de faibles champs \u00e9lectromagn\u00e9tiques lisibles \u00e0 courte port\u00e9e. La carte de blocage g\u00e9n\u00e8re des interf\u00e9rences qui perturbent le signal RF, emp\u00eachant ainsi les lecteurs non autoris\u00e9s d&#039;acc\u00e9der aux donn\u00e9es des cartes sans contact \u00e0 proximit\u00e9.<\/p>\n<p data-start=\"958\" data-end=\"976\"><strong data-start=\"958\" data-end=\"974\">Principaux avantages<\/strong><\/p>\n<ul data-start=\"977\" data-end=\"1247\">\n<li data-start=\"977\" data-end=\"1034\">\n<p data-start=\"979\" data-end=\"1034\">Emp\u00eache le vol de cartes de cr\u00e9dit\/d\u00e9bit et de pi\u00e8ces d&#039;identit\u00e9 par RFID\/NFC<\/p>\n<\/li>\n<li data-start=\"1035\" data-end=\"1078\">\n<p data-start=\"1037\" data-end=\"1078\">Remplace les portefeuilles\/\u00e9tuis de blocage encombrants<\/p>\n<\/li>\n<li data-start=\"1079\" data-end=\"1141\">\n<p data-start=\"1081\" data-end=\"1141\">Une seule carte prot\u00e8ge toutes les cartes sans contact dans une poche de portefeuille<\/p>\n<\/li>\n<li data-start=\"1142\" data-end=\"1190\">\n<p data-start=\"1144\" data-end=\"1190\">Facile \u00e0 tester avec n&#039;importe quel smartphone compatible NFC<\/p>\n<\/li>\n<li data-start=\"1191\" data-end=\"1247\">\n<p data-start=\"1193\" data-end=\"1247\">PVC durable\u00a0; compatible avec l\u2019impression de logos et d\u2019illustrations personnalis\u00e9es<\/p>\n<\/li>\n<\/ul>","protected":false},"excerpt":{"rendered":"<p>Carte de blocage RFID en PVC mince qui prot\u00e8ge les cartes NFC 13,56 MHz contre le skimming ; une seule carte prot\u00e8ge plusieurs cartes et prend en charge la personnalisation CMJN en couleur.<\/p>","protected":false},"featured_media":618,"template":"","meta":{"_gspb_post_css":""},"product_brand":[],"product_cat":[15],"product_tag":[],"class_list":{"0":"post-615","1":"product","2":"type-product","3":"status-publish","4":"has-post-thumbnail","6":"product_cat-rfid-cards","8":"first","9":"instock","10":"shipping-taxable","11":"purchasable","12":"product-type-simple"},"_links":{"self":[{"href":"https:\/\/www.cxjsmartcard.com\/fr\/wp-json\/wp\/v2\/product\/615","targetHints":{"allow":["GET"]}}],"collection":[{"href":"https:\/\/www.cxjsmartcard.com\/fr\/wp-json\/wp\/v2\/product"}],"about":[{"href":"https:\/\/www.cxjsmartcard.com\/fr\/wp-json\/wp\/v2\/types\/product"}],"wp:featuredmedia":[{"embeddable":true,"href":"https:\/\/www.cxjsmartcard.com\/fr\/wp-json\/wp\/v2\/media\/618"}],"wp:attachment":[{"href":"https:\/\/www.cxjsmartcard.com\/fr\/wp-json\/wp\/v2\/media?parent=615"}],"wp:term":[{"taxonomy":"product_brand","embeddable":true,"href":"https:\/\/www.cxjsmartcard.com\/fr\/wp-json\/wp\/v2\/product_brand?post=615"},{"taxonomy":"product_cat","embeddable":true,"href":"https:\/\/www.cxjsmartcard.com\/fr\/wp-json\/wp\/v2\/product_cat?post=615"},{"taxonomy":"product_tag","embeddable":true,"href":"https:\/\/www.cxjsmartcard.com\/fr\/wp-json\/wp\/v2\/product_tag?post=615"}],"curies":[{"name":"wp","href":"https:\/\/api.w.org\/{rel}","templated":true}]}}