{"id":608,"date":"2025-11-01T08:15:35","date_gmt":"2025-11-01T08:15:35","guid":{"rendered":"https:\/\/www.cxjsmartcard.com\/?post_type=product&#038;p=608"},"modified":"2025-12-29T01:27:12","modified_gmt":"2025-12-29T01:27:12","slug":"anti-theft-credit-card-protector-rfid-blocking-card","status":"publish","type":"product","link":"https:\/\/www.cxjsmartcard.com\/fr\/anti-theft-credit-card-protector-rfid-blocking-card\/","title":{"rendered":"Protection antivol pour carte de cr\u00e9dit avec blocage RFID"},"content":{"rendered":"<p data-start=\"58\" data-end=\"460\">Carte de blocage RFID con\u00e7ue pour prot\u00e9ger les cartes de paiement sans contact, les passeports, les cartes d&#039;identit\u00e9 et autres cartes \u00e0 puce 13,56 MHz contre la lecture non autoris\u00e9e. Glissez-la dans le m\u00eame emplacement que votre carte dans votre portefeuille\u00a0: elle cr\u00e9e un champ d&#039;interf\u00e9rence qui bloque les ondes radio, emp\u00eachant ainsi le vol de donn\u00e9es et le skimming. Id\u00e9ale pour les banques, le secteur financier, les voyages, les cadeaux d&#039;entreprise et la protection de la vie priv\u00e9e.<\/p>\n<p data-start=\"462\" data-end=\"481\"><strong data-start=\"462\" data-end=\"479\">Sp\u00e9cification<\/strong><\/p>\n<div class=\"_tableContainer_1rjym_1\">\n<div class=\"group _tableWrapper_1rjym_13 flex w-fit flex-col-reverse\" tabindex=\"-1\">\n<table class=\"w-fit min-w-(--thread-content-width)\" data-start=\"482\" data-end=\"1365\">\n<thead data-start=\"482\" data-end=\"500\">\n<tr data-start=\"482\" data-end=\"500\">\n<th data-start=\"482\" data-end=\"489\" data-col-size=\"sm\">Article<\/th>\n<th data-start=\"489\" data-end=\"500\" data-col-size=\"md\">D\u00e9tails<\/th>\n<\/tr>\n<\/thead>\n<tbody data-start=\"511\" data-end=\"1365\">\n<tr data-start=\"511\" data-end=\"583\">\n<td data-start=\"511\" data-end=\"526\" data-col-size=\"sm\">Nom du produit<\/td>\n<td data-col-size=\"md\" data-start=\"526\" data-end=\"583\">Protection antivol pour carte de cr\u00e9dit avec blocage RFID<\/td>\n<\/tr>\n<tr data-start=\"584\" data-end=\"651\">\n<td data-start=\"584\" data-end=\"595\" data-col-size=\"sm\">Fonction<\/td>\n<td data-col-size=\"md\" data-start=\"595\" data-end=\"651\">Bloque les signaux RF\/NFC de 13,56 MHz pour emp\u00eacher le vol de donn\u00e9es.<\/td>\n<\/tr>\n<tr data-start=\"652\" data-end=\"701\">\n<td data-start=\"652\" data-end=\"663\" data-col-size=\"sm\">Mat\u00e9riel<\/td>\n<td data-col-size=\"md\" data-start=\"663\" data-end=\"701\">PVC avec module de blindage int\u00e9gr\u00e9<\/td>\n<\/tr>\n<tr data-start=\"702\" data-end=\"741\">\n<td data-start=\"702\" data-end=\"709\" data-col-size=\"sm\">Taille<\/td>\n<td data-col-size=\"md\" data-start=\"709\" data-end=\"741\">85,5 \u00d7 54 mm (format standard CR80)<\/td>\n<\/tr>\n<tr data-start=\"742\" data-end=\"764\">\n<td data-start=\"742\" data-end=\"754\" data-col-size=\"sm\">\u00c9paisseur<\/td>\n<td data-col-size=\"md\" data-start=\"754\" data-end=\"764\">1,5 mm<\/td>\n<\/tr>\n<tr data-start=\"765\" data-end=\"785\">\n<td data-start=\"765\" data-end=\"774\" data-col-size=\"sm\">Poids<\/td>\n<td data-col-size=\"md\" data-start=\"774\" data-end=\"785\">11 g\/pi\u00e8ce<\/td>\n<\/tr>\n<tr data-start=\"786\" data-end=\"850\">\n<td data-start=\"786\" data-end=\"808\" data-col-size=\"sm\">Fr\u00e9quence de blindage<\/td>\n<td data-col-size=\"md\" data-start=\"808\" data-end=\"850\">13,56 MHz (cartes \u00e0 puce haute fr\u00e9quence)<\/td>\n<\/tr>\n<tr data-start=\"851\" data-end=\"899\">\n<td data-start=\"851\" data-end=\"862\" data-col-size=\"sm\">Impression<\/td>\n<td data-start=\"862\" data-end=\"899\" data-col-size=\"md\">Impression offset, impression num\u00e9rique<\/td>\n<\/tr>\n<tr data-start=\"900\" data-end=\"994\">\n<td data-start=\"900\" data-end=\"919\" data-col-size=\"sm\">Artisanat disponible<\/td>\n<td data-col-size=\"md\" data-start=\"919\" data-end=\"994\">S\u00e9rigraphie, code QR dynamique, code-barres dynamique, marquage \u00e0 chaud, vernis UV<\/td>\n<\/tr>\n<tr data-start=\"995\" data-end=\"1054\">\n<td data-start=\"995\" data-end=\"1013\" data-col-size=\"sm\">M\u00e9thodes de notation<\/td>\n<td data-col-size=\"md\" data-start=\"1013\" data-end=\"1054\">Code laser, code par pulv\u00e9risation, code en relief<\/td>\n<\/tr>\n<tr data-start=\"1055\" data-end=\"1131\">\n<td data-start=\"1055\" data-end=\"1063\" data-col-size=\"sm\">Usage<\/td>\n<td data-col-size=\"md\" data-start=\"1063\" data-end=\"1131\">\u00c0 combiner avec des cartes bancaires\/passeports pour bloquer la lecture sans fil<\/td>\n<\/tr>\n<tr data-start=\"1132\" data-end=\"1205\">\n<td data-start=\"1132\" data-end=\"1144\" data-col-size=\"sm\">Conditionnement<\/td>\n<td data-col-size=\"md\" data-start=\"1144\" data-end=\"1205\">125 pi\u00e8ces\/petite bo\u00eete\u00a0; 1000 pi\u00e8ces\/carton\u00a0; 30,5 \u00d7 22,5 \u00d7 20,5 cm<\/td>\n<\/tr>\n<tr data-start=\"1206\" data-end=\"1277\">\n<td data-start=\"1206\" data-end=\"1222\" data-col-size=\"sm\">Personnalisation<\/td>\n<td data-col-size=\"md\" data-start=\"1222\" data-end=\"1277\">Couleur, design, impression de logos pour le branding et les cadeaux<\/td>\n<\/tr>\n<tr data-start=\"1278\" data-end=\"1365\">\n<td data-start=\"1278\" data-end=\"1292\" data-col-size=\"sm\">Application<\/td>\n<td data-start=\"1292\" data-end=\"1365\" data-col-size=\"md\">Cartes de cr\u00e9dit\/d\u00e9bit, pi\u00e8ce d&#039;identit\u00e9, permis de conduire, passeport, cartes de membre<\/td>\n<\/tr>\n<\/tbody>\n<\/table>\n<\/div>\n<\/div>\n<p data-start=\"1367\" data-end=\"1583\"><strong data-start=\"1367\" data-end=\"1383\">Comment \u00e7a marche<\/strong><br data-start=\"1383\" data-end=\"1386\" \/>La carte cr\u00e9e un champ RF protecteur qui perturbe le signal du lecteur, emp\u00eachant ainsi les scanners de lire les donn\u00e9es, m\u00eame \u00e0 courte distance. Une seule carte de blocage peut prot\u00e9ger plusieurs cartes rang\u00e9es dans la m\u00eame poche de portefeuille.<\/p>\n<p data-start=\"1585\" data-end=\"1603\"><strong data-start=\"1585\" data-end=\"1601\">Applications<\/strong><\/p>\n<ul data-start=\"1604\" data-end=\"1815\">\n<li data-start=\"1604\" data-end=\"1639\">\n<p data-start=\"1606\" data-end=\"1639\">Syst\u00e8me anti-\u00e9cr\u00e9mage des cartes de cr\u00e9dit\/d\u00e9bit<\/p>\n<\/li>\n<li data-start=\"1640\" data-end=\"1672\">\n<p data-start=\"1642\" data-end=\"1672\">Protection des passeports et des cartes d&#039;identit\u00e9 \u00e9lectroniques<\/p>\n<\/li>\n<li data-start=\"1673\" data-end=\"1713\">\n<p data-start=\"1675\" data-end=\"1713\">Dispositif anti-espionnage pour smartphones compatibles NFC<\/p>\n<\/li>\n<li data-start=\"1714\" data-end=\"1768\">\n<p data-start=\"1716\" data-end=\"1768\">Cadeaux promotionnels d&#039;entreprise avec fonction de s\u00e9curit\u00e9<\/p>\n<\/li>\n<li data-start=\"1769\" data-end=\"1815\">\n<p data-start=\"1771\" data-end=\"1815\">Alternative aux portefeuilles\/\u00e9tuis bloquant les RFID<\/p>\n<\/li>\n<\/ul>","protected":false},"excerpt":{"rendered":"<p>Carte mince en PVC bloquant les RFID et prot\u00e9geant les cartes sans contact 13,56 MHz contre la lecture sans fil non autoris\u00e9e ; format portefeuille et enti\u00e8rement imprimable pour la personnalisation.<\/p>","protected":false},"featured_media":609,"template":"","meta":{"_gspb_post_css":""},"product_brand":[],"product_cat":[15],"product_tag":[],"class_list":{"0":"post-608","1":"product","2":"type-product","3":"status-publish","4":"has-post-thumbnail","6":"product_cat-rfid-cards","8":"first","9":"instock","10":"shipping-taxable","11":"purchasable","12":"product-type-simple"},"_links":{"self":[{"href":"https:\/\/www.cxjsmartcard.com\/fr\/wp-json\/wp\/v2\/product\/608","targetHints":{"allow":["GET"]}}],"collection":[{"href":"https:\/\/www.cxjsmartcard.com\/fr\/wp-json\/wp\/v2\/product"}],"about":[{"href":"https:\/\/www.cxjsmartcard.com\/fr\/wp-json\/wp\/v2\/types\/product"}],"wp:featuredmedia":[{"embeddable":true,"href":"https:\/\/www.cxjsmartcard.com\/fr\/wp-json\/wp\/v2\/media\/609"}],"wp:attachment":[{"href":"https:\/\/www.cxjsmartcard.com\/fr\/wp-json\/wp\/v2\/media?parent=608"}],"wp:term":[{"taxonomy":"product_brand","embeddable":true,"href":"https:\/\/www.cxjsmartcard.com\/fr\/wp-json\/wp\/v2\/product_brand?post=608"},{"taxonomy":"product_cat","embeddable":true,"href":"https:\/\/www.cxjsmartcard.com\/fr\/wp-json\/wp\/v2\/product_cat?post=608"},{"taxonomy":"product_tag","embeddable":true,"href":"https:\/\/www.cxjsmartcard.com\/fr\/wp-json\/wp\/v2\/product_tag?post=608"}],"curies":[{"name":"wp","href":"https:\/\/api.w.org\/{rel}","templated":true}]}}