{"id":1185,"date":"2025-11-24T08:59:19","date_gmt":"2025-11-24T08:59:19","guid":{"rendered":"https:\/\/www.cxjsmartcard.com\/?post_type=product&#038;p=1185"},"modified":"2025-12-29T01:27:06","modified_gmt":"2025-12-29T01:27:06","slug":"ntag215-nfc-coin-tag-504_byte-blank-programmable-token","status":"publish","type":"product","link":"https:\/\/www.cxjsmartcard.com\/fr\/ntag215-nfc-coin-tag-504_byte-blank-programmable-token\/","title":{"rendered":"NTAG215 NFC Coin Tag 504_Byte Jeton programmable vierge"},"content":{"rendered":"<p data-start=\"40\" data-end=\"431\">L&#039;\u00e9tiquette NFC NTAG215 (jeton vierge programmable de 504 octets) est une petite \u00e9tiquette NFC 13,56 MHz robuste, con\u00e7ue pour les projets n\u00e9cessitant une m\u00e9moire r\u00e9inscriptible fiable dans un format compact. Utilisant la technologie de la puce NTAG215, elle offre 504 octets de m\u00e9moire utilisable et un identifiant unique de 7 octets, ce qui la rend id\u00e9ale pour encoder des URL, du texte, des identifiants, des donn\u00e9es de configuration, des donn\u00e9es de jeu, des informations de fid\u00e9lit\u00e9 et bien plus encore.<\/p>\n<p data-start=\"433\" data-end=\"814\">Cette \u00e9tiquette fonctionne selon la norme ISO\/IEC 14443A et est compatible avec la plupart des smartphones, tablettes et lecteurs NFC prenant en charge les \u00e9tiquettes NFC Forum de type 2. Il suffit de la toucher avec un t\u00e9l\u00e9phone ou un lecteur pour lire ou \u00e9crire des donn\u00e9es telles que des liens web, des d\u00e9clencheurs d&#039;application, la configuration Wi-Fi, des coupons ou des informations sur un \u00e9v\u00e9nement. Une fois encod\u00e9es, les donn\u00e9es peuvent \u00eatre verrouill\u00e9es pour emp\u00eacher toute modification si l&#039;application l&#039;exige.<\/p>\n<p data-start=\"816\" data-end=\"1207\">Sa conception de type pi\u00e8ce de monnaie facilite la manipulation et l&#039;installation. Les diam\u00e8tres courants varient de 20 \u00e0 30 mm (ou sur mesure). Fine et plate, l&#039;\u00e9tiquette s&#039;int\u00e8gre facilement derri\u00e8re des panneaux, dans des bo\u00eetiers, sur des pr\u00e9sentoirs, des porte-cl\u00e9s ou des badges. Le bo\u00eetier est g\u00e9n\u00e9ralement en PVC ou en ABS, offrant une bonne r\u00e9sistance \u00e0 l&#039;usure quotidienne, aux chocs l\u00e9gers et \u00e0 l&#039;humidit\u00e9, en int\u00e9rieur comme en ext\u00e9rieur sous abri.<\/p>\n<p data-start=\"1209\" data-end=\"1527\">La puce NTAG215 int\u00e9gr\u00e9e assure une communication rapide, une conservation des donn\u00e9es de 10 ans et jusqu&#039;\u00e0 100\u00a0000 cycles de lecture\/\u00e9criture. Ce jeton constitue ainsi un choix judicieux pour les projets de longue dur\u00e9e tels que les programmes de fid\u00e9lit\u00e9, les identifiants d&#039;acc\u00e8s, les jetons de jeux ou les points d&#039;enregistrement, qui sont encod\u00e9s et lus de nombreuses fois au cours de leur cycle de vie.<\/p>\n<p data-start=\"1529\" data-end=\"1608\">L&#039;installation et l&#039;int\u00e9gration sont flexibles. Le porte-monnaie peut \u00eatre fourni avec\u00a0:<\/p>\n<ul data-start=\"1610\" data-end=\"1874\">\n<li data-start=\"1610\" data-end=\"1752\">\n<p data-start=\"1612\" data-end=\"1752\"><strong data-start=\"1612\" data-end=\"1632\">Support adh\u00e9sif<\/strong> \u2013 pour une installation rapide \u201c\u00a0\u00e0 d\u00e9coller et \u00e0 coller\u00a0\u201d sur des surfaces propres et non m\u00e9talliques telles que le plastique, le verre, le bois ou les murs peints.<\/p>\n<\/li>\n<li data-start=\"1753\" data-end=\"1874\">\n<p data-start=\"1755\" data-end=\"1874\"><strong data-start=\"1755\" data-end=\"1779\">Version non adh\u00e9sive<\/strong> \u2013 pour l\u2019int\u00e9gration dans des bo\u00eetiers, des porte-cl\u00e9s, des jouets, des pi\u00e8ces de jeu, des bracelets ou des documents imprim\u00e9s.<\/p>\n<\/li>\n<\/ul>\n<p data-start=\"1876\" data-end=\"2052\">(Si n\u00e9cessaire, une version anti-m\u00e9tal peut \u00eatre sp\u00e9cifi\u00e9e afin que l&#039;\u00e9tiquette puisse \u00eatre utilis\u00e9e sur des surfaces m\u00e9talliques\u00a0; sinon, les \u00e9tiquettes \u00e0 pi\u00e8ces NTAG215 standard sont destin\u00e9es aux environnements non m\u00e9talliques.)<\/p>\n<p data-start=\"2054\" data-end=\"2259\">Chaque \u00e9tiquette est livr\u00e9e vierge et non format\u00e9e, pr\u00eate \u00e0 recevoir vos propres donn\u00e9es. Vous pouvez l&#039;encoder avec un logiciel NFC gratuit ou professionnel, \u00e0 l&#039;aide de lecteurs NFC de bureau ou de t\u00e9l\u00e9phones mobiles compatibles NFC. Exemples d&#039;utilisation\u00a0:<\/p>\n<ul data-start=\"2261\" data-end=\"2603\">\n<li data-start=\"2261\" data-end=\"2305\">\n<p data-start=\"2263\" data-end=\"2305\">Jetons d&#039;enregistrement pour \u00e9v\u00e9nements et badges visiteurs<\/p>\n<\/li>\n<li data-start=\"2306\" data-end=\"2365\">\n<p data-start=\"2308\" data-end=\"2365\">Cartes de fid\u00e9lit\u00e9 et d&#039;adh\u00e9sion pour les magasins, les salles de sport et les clubs<\/p>\n<\/li>\n<li data-start=\"2366\" data-end=\"2432\">\n<p data-start=\"2368\" data-end=\"2432\">Pi\u00e8ces de jeu et jetons \u00e0 collectionner avec contenu num\u00e9rique cach\u00e9<\/p>\n<\/li>\n<li data-start=\"2433\" data-end=\"2474\">\n<p data-start=\"2435\" data-end=\"2474\">\u00c9tiquettes d&#039;inventaire et d&#039;actifs l\u00e9gers<\/p>\n<\/li>\n<li data-start=\"2475\" data-end=\"2538\">\n<p data-start=\"2477\" data-end=\"2538\">Affiches intelligentes, \u00e9tiquettes de produits et points de contact marketing<\/p>\n<\/li>\n<li data-start=\"2539\" data-end=\"2603\">\n<p data-start=\"2541\" data-end=\"2603\">Projets NFC de bricolage et de loisirs, d\u00e9clencheurs d&#039;automatisation ou raccourcis<\/p>\n<\/li>\n<\/ul>\n<p data-start=\"2605\" data-end=\"2888\">Pour le marquage et l&#039;identification, la surface peut \u00eatre imprim\u00e9e avec votre logo, du texte, des num\u00e9ros de s\u00e9rie, des codes-barres ou des codes QR. Diff\u00e9rentes couleurs et des illustrations simples permettent de distinguer les lots, les groupes d&#039;utilisateurs ou les fonctions (par exemple, des couleurs diff\u00e9rentes pour diff\u00e9rents niveaux de jeu ou zones d&#039;acc\u00e8s).<\/p>\n<p data-start=\"2890\" data-end=\"3163\">Gr\u00e2ce \u00e0 son format compact, sa m\u00e9moire de 504 octets, sa bonne compatibilit\u00e9 et sa facilit\u00e9 d&#039;utilisation, l&#039;\u00e9tiquette NFC NTAG215 est un \u201c jeton vierge \u201d pratique pour une grande vari\u00e9t\u00e9 d&#039;applications NFC o\u00f9 vous souhaitez contr\u00f4ler vous-m\u00eame le contenu et conserver un format simple et \u00e9pur\u00e9.<\/p>","protected":false},"excerpt":{"rendered":"<p>\u00c9tiquette NFC NTAG215 avec m\u00e9moire utilisateur de 504 octets, compatible avec la norme NFC Forum Type 2 (ISO 14443A). Jeton vierge et r\u00e9inscriptible de 13,56 MHz au format pi\u00e8ce compact, id\u00e9al pour les programmes de fid\u00e9lit\u00e9, les jeux, les points d&#039;acc\u00e8s, les affiches interactives et les projets NFC DIY.<\/p>","protected":false},"featured_media":1186,"template":"","meta":{"_gspb_post_css":""},"product_brand":[],"product_cat":[15],"product_tag":[],"class_list":{"0":"post-1185","1":"product","2":"type-product","3":"status-publish","4":"has-post-thumbnail","6":"product_cat-rfid-cards","8":"first","9":"instock","10":"shipping-taxable","11":"purchasable","12":"product-type-simple"},"_links":{"self":[{"href":"https:\/\/www.cxjsmartcard.com\/fr\/wp-json\/wp\/v2\/product\/1185","targetHints":{"allow":["GET"]}}],"collection":[{"href":"https:\/\/www.cxjsmartcard.com\/fr\/wp-json\/wp\/v2\/product"}],"about":[{"href":"https:\/\/www.cxjsmartcard.com\/fr\/wp-json\/wp\/v2\/types\/product"}],"wp:featuredmedia":[{"embeddable":true,"href":"https:\/\/www.cxjsmartcard.com\/fr\/wp-json\/wp\/v2\/media\/1186"}],"wp:attachment":[{"href":"https:\/\/www.cxjsmartcard.com\/fr\/wp-json\/wp\/v2\/media?parent=1185"}],"wp:term":[{"taxonomy":"product_brand","embeddable":true,"href":"https:\/\/www.cxjsmartcard.com\/fr\/wp-json\/wp\/v2\/product_brand?post=1185"},{"taxonomy":"product_cat","embeddable":true,"href":"https:\/\/www.cxjsmartcard.com\/fr\/wp-json\/wp\/v2\/product_cat?post=1185"},{"taxonomy":"product_tag","embeddable":true,"href":"https:\/\/www.cxjsmartcard.com\/fr\/wp-json\/wp\/v2\/product_tag?post=1185"}],"curies":[{"name":"wp","href":"https:\/\/api.w.org\/{rel}","templated":true}]}}