{"id":1162,"date":"2025-11-24T08:36:41","date_gmt":"2025-11-24T08:36:41","guid":{"rendered":"https:\/\/www.cxjsmartcard.com\/?post_type=product&#038;p=1162"},"modified":"2025-12-29T01:27:06","modified_gmt":"2025-12-29T01:27:06","slug":"anti-metal-nfc-coin-tag","status":"publish","type":"product","link":"https:\/\/www.cxjsmartcard.com\/fr\/anti-metal-nfc-coin-tag\/","title":{"rendered":"\u00c9tiquette NFC anti-m\u00e9tal pour pi\u00e8ces de monnaie"},"content":{"rendered":"<p data-start=\"31\" data-end=\"547\">L&#039;\u00e9tiquette NFC anti-m\u00e9tal est con\u00e7ue pour une lecture fiable sur les surfaces m\u00e9talliques. Enti\u00e8rement conforme aux normes ISO\/IEC 14443A et ISO 18000-3, elle est compatible avec tous les lecteurs et antennes NFC de type A (13,56 MHz). Elle offre une port\u00e9e de lecture stable d&#039;environ 1 \u00e0 5 cm (jusqu&#039;\u00e0 10 cm selon la puissance du lecteur et l&#039;environnement), ce qui la rend id\u00e9ale pour l&#039;identification et l&#039;interaction \u00e0 courte port\u00e9e dans des applications professionnelles telles que le paiement mobile, la billetterie \u00e9lectronique et l&#039;authentification de produits.<\/p>\n<p data-start=\"549\" data-end=\"877\">Con\u00e7ue avec les puces NFC NTAG\u00ae 213, NTAG\u00ae 215 et autres puces courantes, cette \u00e9tiquette m\u00e9tallique pour pi\u00e8ces de monnaie offre un UID de 7 octets et une m\u00e9moire utilisateur g\u00e9n\u00e9reuse (144 ou 504 octets). Elle prend en charge les op\u00e9rations de lecture\/\u00e9criture compl\u00e8tes, la conservation des donn\u00e9es pendant 10 ans et jusqu&#039;\u00e0 100\u00a0000 cycles de programmation, garantissant ainsi une fiabilit\u00e9 \u00e0 long terme pour les projets les plus exigeants.<\/p>\n<p data-start=\"879\" data-end=\"1222\">Cette \u00e9tiquette compacte de 20 mm de diam\u00e8tre est optimis\u00e9e pour les environnements m\u00e9talliques\u00a0: une antenne en aluminium grav\u00e9e sur un support papier, recouverte d\u2019une surface en PVC imperm\u00e9able et d\u2019une couche de ferrite anti-m\u00e9tal. Cette conception isole efficacement l\u2019antenne NFC des interf\u00e9rences m\u00e9talliques tout en conservant une \u00e9tiquette fine et facile \u00e0 int\u00e9grer.<\/p>\n<p data-start=\"1224\" data-end=\"1464\">Gr\u00e2ce \u00e0 son support auto-adh\u00e9sif, l&#039;installation est rapide et simple\u00a0: il suffit de d\u00e9coller le film protecteur et de coller sur les armoires m\u00e9talliques, les outils, les machines, les portes ou tout autre objet m\u00e9tallique. Chaque bo\u00eete contient 200\u00a0pi\u00e8ces, ce qui la rend id\u00e9ale pour les projets de moyenne et grande envergure.<\/p>\n<p data-start=\"1466\" data-end=\"1745\">Pour r\u00e9pondre aux besoins en mati\u00e8re de marque et d&#039;int\u00e9gration, l&#039;\u00e9tiquette prend en charge une personnalisation pouss\u00e9e\u00a0: vous pouvez choisir diff\u00e9rents mod\u00e8les de puces, conceptions d&#039;antennes, mat\u00e9riaux, options d&#039;adh\u00e9sif\/colle, ainsi que l&#039;impression personnalis\u00e9e et des \u00e9l\u00e9ments sp\u00e9ciaux (tels que des logos, des num\u00e9ros de s\u00e9rie, des codes-barres, des codes QR ou des illustrations en couleur).<\/p>\n<p data-start=\"1747\" data-end=\"1764\">Param\u00e8tres RFID<\/p>\n<ul data-start=\"1765\" data-end=\"2167\">\n<li data-start=\"1765\" data-end=\"1798\">\n<p data-start=\"1767\" data-end=\"1798\">Type : \u00c9tiquette NFC anti-m\u00e9tal pour pi\u00e8ces de monnaie<\/p>\n<\/li>\n<li data-start=\"1799\" data-end=\"1842\">\n<p data-start=\"1801\" data-end=\"1842\">Protocole\u00a0: ISO\/IEC 14443 A et ISO 18000-3<\/p>\n<\/li>\n<li data-start=\"1843\" data-end=\"1883\">\n<p data-start=\"1845\" data-end=\"1883\">Fr\u00e9quence : 13,56 MHz (bande HF mondiale)<\/p>\n<\/li>\n<li data-start=\"1884\" data-end=\"1933\">\n<p data-start=\"1886\" data-end=\"1933\">Options de puces\u00a0: NTAG\u00ae 213, NTAG\u00ae 215 et autres<\/p>\n<\/li>\n<li data-start=\"1934\" data-end=\"1992\">\n<p data-start=\"1936\" data-end=\"1992\">M\u00e9moire\u00a0: UID de 7 octets\u00a0; m\u00e9moire utilisateur de 144 ou 504 octets<\/p>\n<\/li>\n<li data-start=\"1993\" data-end=\"2018\">\n<p data-start=\"1995\" data-end=\"2018\">Lecture\/\u00e9criture\u00a0: prise en charge<\/p>\n<\/li>\n<li data-start=\"2019\" data-end=\"2087\">\n<p data-start=\"2021\" data-end=\"2087\">Port\u00e9e de lecture typique\u00a0: 1 \u00e0 5\u00a0cm (selon le lecteur et l\u2019environnement)<\/p>\n<\/li>\n<li data-start=\"2088\" data-end=\"2122\">\n<p data-start=\"2090\" data-end=\"2122\">Conservation des donn\u00e9es : jusqu&#039;\u00e0 10 ans<\/p>\n<\/li>\n<li data-start=\"2123\" data-end=\"2167\">\n<p data-start=\"2125\" data-end=\"2167\">Cycles de programmation\u00a0: jusqu\u2019\u00e0 100\u00a0000 cycles<\/p>\n<\/li>\n<\/ul>\n<p data-start=\"2169\" data-end=\"2190\">Param\u00e8tres physiques<\/p>\n<ul data-start=\"2191\" data-end=\"2672\">\n<li data-start=\"2191\" data-end=\"2230\">\n<p data-start=\"2193\" data-end=\"2230\">Taille : \u00e9tiquette ronde de 20 mm de diam\u00e8tre<\/p>\n<\/li>\n<li data-start=\"2231\" data-end=\"2268\">\n<p data-start=\"2233\" data-end=\"2268\">Mat\u00e9riau du support : Papier de protection<\/p>\n<\/li>\n<li data-start=\"2269\" data-end=\"2307\">\n<p data-start=\"2271\" data-end=\"2307\">Mat\u00e9riau de l&#039;antenne : gravure sur aluminium<\/p>\n<\/li>\n<li data-start=\"2308\" data-end=\"2376\">\n<p data-start=\"2310\" data-end=\"2376\">Mat\u00e9riau de surface : PVC, imperm\u00e9able, avec couche de ferrite anti-m\u00e9tal<\/p>\n<\/li>\n<li data-start=\"2377\" data-end=\"2433\">\n<p data-start=\"2379\" data-end=\"2433\">Encodage\u00a0: pris en charge (pr\u00e9-encodage ou champ vide facultatif)<\/p>\n<\/li>\n<li data-start=\"2434\" data-end=\"2494\">\n<p data-start=\"2436\" data-end=\"2494\">Installation : Auto-adh\u00e9sive, convient aux surfaces m\u00e9talliques<\/p>\n<\/li>\n<li data-start=\"2495\" data-end=\"2534\">\n<p data-start=\"2497\" data-end=\"2534\">Temp\u00e9rature de fonctionnement : -25\u2103 \u00e0 +65\u2103<\/p>\n<\/li>\n<li data-start=\"2535\" data-end=\"2569\">\n<p data-start=\"2537\" data-end=\"2569\">Humidit\u00e9 de fonctionnement\u00a0: 20%\u201390% HR<\/p>\n<\/li>\n<li data-start=\"2570\" data-end=\"2596\">\n<p data-start=\"2572\" data-end=\"2596\">Conditionnement : 200 pi\u00e8ces\/bo\u00eete<\/p>\n<\/li>\n<li data-start=\"2597\" data-end=\"2672\">\n<p data-start=\"2599\" data-end=\"2672\">Service personnalis\u00e9\u00a0: Puce \/ Antenne \/ Mat\u00e9riau \/ Colle \/ Impression \/ Artisanat<\/p>\n<\/li>\n<\/ul>\n<p data-start=\"2674\" data-end=\"2708\">Applications et avantages du march\u00e9<\/p>\n<ul data-start=\"2709\" data-end=\"4180\">\n<li data-start=\"2709\" data-end=\"2893\">\n<p data-start=\"2711\" data-end=\"2893\">Paiements mobiles et transactions sans contact\u00a0:<br data-start=\"2754\" data-end=\"2757\" \/>Utilis\u00e9 avec les appareils compatibles NFC pour un paiement mobile rapide et s\u00e9curis\u00e9, les portefeuilles num\u00e9riques et le commerce de d\u00e9tail sans esp\u00e8ces sur les comptoirs ou terminaux m\u00e9talliques.<\/p>\n<\/li>\n<li data-start=\"2895\" data-end=\"3051\">\n<p data-start=\"2897\" data-end=\"3051\">Billetterie \u00e9lectronique et acc\u00e8s \u00e0 l&#039;\u00e9v\u00e9nement\u00a0:<br data-start=\"2924\" data-end=\"2927\" \/>Adapt\u00e9 aux concerts, expositions, transports et contr\u00f4le d&#039;acc\u00e8s aux sites, permettant un scan rapide et un enregistrement fluide.<\/p>\n<\/li>\n<li data-start=\"3053\" data-end=\"3229\">\n<p data-start=\"3055\" data-end=\"3229\">Authentification des produits et lutte contre la contrefa\u00e7on\u00a0:<br data-start=\"3100\" data-end=\"3103\" \/>Contribue \u00e0 v\u00e9rifier l&#039;authenticit\u00e9 des produits de marque, tels que les produits \u00e9lectroniques, les produits de luxe ou les produits pharmaceutiques, afin de prot\u00e9ger la valeur de la marque.<\/p>\n<\/li>\n<li data-start=\"3231\" data-end=\"3396\">\n<p data-start=\"3233\" data-end=\"3396\">Gestion des actifs et suivi des stocks\u00a0:<br data-start=\"3271\" data-end=\"3274\" \/>Id\u00e9al pour l&#039;\u00e9tiquetage des outils, \u00e9quipements, rayonnages et machines m\u00e9talliques, simplifiant le suivi, le comptage et l&#039;enregistrement des op\u00e9rations de maintenance.<\/p>\n<\/li>\n<li data-start=\"3398\" data-end=\"3556\">\n<p data-start=\"3400\" data-end=\"3556\">Syst\u00e8mes de rondes de garde\/patrouilles :<br data-start=\"3428\" data-end=\"3431\" \/>Fonctionne comme point de contr\u00f4le de patrouille sur les murs m\u00e9talliques, les portes ou les installations, permettant aux gardes de contr\u00f4ler et d&#039;enregistrer avec pr\u00e9cision les itin\u00e9raires de patrouille.<\/p>\n<\/li>\n<li data-start=\"3558\" data-end=\"3713\">\n<p data-start=\"3560\" data-end=\"3713\">Contr\u00f4le d&#039;acc\u00e8s et serrures intelligentes\u00a0:<br data-start=\"3589\" data-end=\"3592\" \/>Compatible avec les syst\u00e8mes d&#039;acc\u00e8s NFC sur les portes ou cadres m\u00e9talliques dans les bureaux, les usines, les entrep\u00f4ts et les b\u00e2timents r\u00e9sidentiels.<\/p>\n<\/li>\n<li data-start=\"3715\" data-end=\"3840\">\n<p data-start=\"3717\" data-end=\"3840\">Gestion des pr\u00e9sences :<br data-start=\"3739\" data-end=\"3742\" \/>Permet le contr\u00f4le de pr\u00e9sence du personnel, des \u00e9tudiants, des sous-traitants ou des intervenants lors d&#039;\u00e9v\u00e9nements via des appareils NFC.<\/p>\n<\/li>\n<li data-start=\"3842\" data-end=\"4007\">\n<p data-start=\"3844\" data-end=\"4007\">Emballage intelligent et marketing interactif\u00a0:<br data-start=\"3884\" data-end=\"3887\" \/>Int\u00e9gr\u00e9s aux emballages ou aux pr\u00e9sentoirs pour lancer des pages web, des promotions ou des campagnes num\u00e9riques par simple pression sur un smartphone.<\/p>\n<\/li>\n<li data-start=\"4009\" data-end=\"4180\">\n<p data-start=\"4011\" data-end=\"4180\">Demande croissante du march\u00e9\u00a0:<br data-start=\"4033\" data-end=\"4036\" \/>Largement utilis\u00e9 dans les villes intelligentes, la logistique, le commerce de d\u00e9tail, la s\u00e9curit\u00e9, la production industrielle, la gestion des effectifs et d&#039;autres sc\u00e9narios li\u00e9s \u00e0 l&#039;Internet des objets et aux hautes technologies.<\/p>\n<\/li>\n<\/ul>\n<p data-start=\"4182\" data-end=\"4223\">Pourquoi choisir notre \u00e9tiquette NFC anti-m\u00e9tal pour pi\u00e8ces de monnaie ?<\/p>\n<ul data-start=\"4224\" data-end=\"4703\">\n<li data-start=\"4224\" data-end=\"4307\">\n<p data-start=\"4226\" data-end=\"4307\">Structure robuste, \u00e9tanche et r\u00e9sistante aux m\u00e9taux pour une utilisation \u00e0 long terme sur les surfaces m\u00e9talliques<\/p>\n<\/li>\n<li data-start=\"4308\" data-end=\"4377\">\n<p data-start=\"4310\" data-end=\"4377\">Enti\u00e8rement compatible avec les lecteurs NFC ISO 14443A et les appareils 13,56 MHz<\/p>\n<\/li>\n<li data-start=\"4378\" data-end=\"4493\">\n<p data-start=\"4380\" data-end=\"4493\">Personnalisation flexible de la puce, de l&#039;antenne, du mat\u00e9riau, de l&#039;adh\u00e9sif, de l&#039;impression et de la fabrication pour correspondre \u00e0 votre projet ou \u00e0 votre marque.<\/p>\n<\/li>\n<li data-start=\"4494\" data-end=\"4574\">\n<p data-start=\"4496\" data-end=\"4574\">Longue dur\u00e9e de vie avec jusqu&#039;\u00e0 100\u00a0000 cycles d&#039;\u00e9criture et une conservation des donn\u00e9es de 10 ans<\/p>\n<\/li>\n<li data-start=\"4575\" data-end=\"4703\">\n<p data-start=\"4577\" data-end=\"4703\">Adapt\u00e9 aux applications NFC sur m\u00e9tal pour le paiement, l&#039;authentification, le contr\u00f4le d&#039;acc\u00e8s, le suivi des pr\u00e9sences, les syst\u00e8mes de patrouille et bien d&#039;autres.<\/p>\n<\/li>\n<\/ul>","protected":false},"excerpt":{"rendered":"<p data-start=\"4736\" data-end=\"5000\">\u00c9tiquette NFC durable pour monnayeur, compatible avec les lecteurs 13,56 MHz ISO\/IEC 14443A. Structure \u00e9tanche en PVC et ferrite, puces NTAG213\/NTAG215, dos auto-adh\u00e9sif. Id\u00e9ale pour les paiements, la billetterie \u00e9lectronique, l&#039;authentification, le contr\u00f4le d&#039;acc\u00e8s, la gestion des pr\u00e9sences et les rondes sur surfaces m\u00e9talliques.<\/p>\n<p data-start=\"5002\" data-end=\"5014\">Caract\u00e9ristiques principales :<\/p>\n<ul data-start=\"5015\" data-end=\"5358\">\n<li data-start=\"5015\" data-end=\"5041\">\n<p data-start=\"5017\" data-end=\"5041\">Fr\u00e9quence : 13,56 MHz HF<\/p>\n<\/li>\n<li data-start=\"5042\" data-end=\"5081\">\n<p data-start=\"5044\" data-end=\"5081\">Protocole\u00a0: ISO\/IEC 14443 A et 18000-3<\/p>\n<\/li>\n<li data-start=\"5082\" data-end=\"5125\">\n<p data-start=\"5084\" data-end=\"5125\">Puce\u00a0: NTAG\u00ae 213 \/ NTAG\u00ae 215, UID 7 octets<\/p>\n<\/li>\n<li data-start=\"5126\" data-end=\"5165\">\n<p data-start=\"5128\" data-end=\"5165\">M\u00e9moire utilisateur\u00a0: 144 octets ou 504 octets<\/p>\n<\/li>\n<li data-start=\"5166\" data-end=\"5206\">\n<p data-start=\"5168\" data-end=\"5206\">Taille\u00a0: \u00e9tiquette \u00e0 monnaie \u00d820\u00a0mm, autocollante<\/p>\n<\/li>\n<li data-start=\"5207\" data-end=\"5292\">\n<p data-start=\"5209\" data-end=\"5292\">Structure : Antenne en aluminium + papier protecteur + PVC \u00e9tanche + ferrite anti-m\u00e9tal<\/p>\n<\/li>\n<li data-start=\"5293\" data-end=\"5358\">\n<p data-start=\"5295\" data-end=\"5358\">Endurance : conservation des donn\u00e9es pendant 10 ans, 100\u00a0000 cycles de programmation<\/p>\n<\/li>\n<\/ul>","protected":false},"featured_media":1166,"template":"","meta":{"_gspb_post_css":""},"product_brand":[],"product_cat":[29],"product_tag":[],"class_list":{"0":"post-1162","1":"product","2":"type-product","3":"status-publish","4":"has-post-thumbnail","6":"product_cat-nfc-tags","8":"first","9":"instock","10":"shipping-taxable","11":"purchasable","12":"product-type-simple"},"_links":{"self":[{"href":"https:\/\/www.cxjsmartcard.com\/fr\/wp-json\/wp\/v2\/product\/1162","targetHints":{"allow":["GET"]}}],"collection":[{"href":"https:\/\/www.cxjsmartcard.com\/fr\/wp-json\/wp\/v2\/product"}],"about":[{"href":"https:\/\/www.cxjsmartcard.com\/fr\/wp-json\/wp\/v2\/types\/product"}],"wp:featuredmedia":[{"embeddable":true,"href":"https:\/\/www.cxjsmartcard.com\/fr\/wp-json\/wp\/v2\/media\/1166"}],"wp:attachment":[{"href":"https:\/\/www.cxjsmartcard.com\/fr\/wp-json\/wp\/v2\/media?parent=1162"}],"wp:term":[{"taxonomy":"product_brand","embeddable":true,"href":"https:\/\/www.cxjsmartcard.com\/fr\/wp-json\/wp\/v2\/product_brand?post=1162"},{"taxonomy":"product_cat","embeddable":true,"href":"https:\/\/www.cxjsmartcard.com\/fr\/wp-json\/wp\/v2\/product_cat?post=1162"},{"taxonomy":"product_tag","embeddable":true,"href":"https:\/\/www.cxjsmartcard.com\/fr\/wp-json\/wp\/v2\/product_tag?post=1162"}],"curies":[{"name":"wp","href":"https:\/\/api.w.org\/{rel}","templated":true}]}}