{"id":995,"date":"2025-11-03T09:46:30","date_gmt":"2025-11-03T09:46:30","guid":{"rendered":"https:\/\/www.cxjsmartcard.com\/?post_type=product&#038;p=995"},"modified":"2025-12-29T01:27:06","modified_gmt":"2025-12-29T01:27:06","slug":"uhf-rfid-keychain-key-fob","status":"publish","type":"product","link":"https:\/\/www.cxjsmartcard.com\/es\/uhf-rfid-keychain-key-fob\/","title":{"rendered":"Llavero RFID UHF"},"content":{"rendered":"<p data-start=\"37\" data-end=\"311\">Llavero RFID UHF ABS para rastreo de activos, control de acceso y log\u00edstica. Funciona en 860-960 MHz (EPC Gen2), admite lecturas multietiqueta por lotes y es ligero, duradero y personalizable para uso individual o empresarial.<\/p>\n<p data-start=\"313\" data-end=\"331\"><strong data-start=\"313\" data-end=\"329\">Caracter\u00edsticas principales<\/strong><\/p>\n<ul data-start=\"332\" data-end=\"806\">\n<li data-start=\"332\" data-end=\"389\">\n<p data-start=\"334\" data-end=\"389\">Carcasa de ABS; resistente a impactos y corrosi\u00f3n; de \u221220 \u2103 a +70 \u2103<\/p>\n<\/li>\n<li data-start=\"390\" data-end=\"460\">\n<p data-start=\"392\" data-end=\"460\">UHF 860\u2013960 MHz; EPC C1G2\/ISO 18000-6C; memoria de usuario\/EPC de 96\u2013512 bits<\/p>\n<\/li>\n<li data-start=\"461\" data-end=\"517\">\n<p data-start=\"463\" data-end=\"517\">Distancia de lectura: 3\u201310 m (dependiendo del lector y del entorno)<\/p>\n<\/li>\n<li data-start=\"518\" data-end=\"575\">\n<p data-start=\"520\" data-end=\"575\">Identificaci\u00f3n de m\u00faltiples etiquetas para un escaneo de alta eficiencia<\/p>\n<\/li>\n<li data-start=\"576\" data-end=\"643\">\n<p data-start=\"578\" data-end=\"643\">Compacto: t\u00edpico 50 \u00d7 30 \u00d7 5 mm; 10\u201320 g; orificio para llavero o cord\u00f3n<\/p>\n<\/li>\n<li data-start=\"644\" data-end=\"701\">\n<p data-start=\"646\" data-end=\"701\">Protecci\u00f3n IP65\/IP67 opcional; vida \u00fatil &gt;10 a\u00f1os<\/p>\n<\/li>\n<li data-start=\"702\" data-end=\"749\">\n<p data-start=\"704\" data-end=\"749\">Opciones de chip: NXP UCODE 8\/9, Alien H3\/H4\/H9<\/p>\n<\/li>\n<li data-start=\"750\" data-end=\"806\">\n<p data-start=\"752\" data-end=\"806\">Variante HF opcional (13,56 MHz, ISO 14443A) bajo pedido<\/p>\n<\/li>\n<\/ul>\n<p data-start=\"808\" data-end=\"984\"><strong data-start=\"808\" data-end=\"824\">Aplicaciones<\/strong><br data-start=\"824\" data-end=\"827\" \/>Gesti\u00f3n de activos empresariales \u2022 Control de acceso inteligente y registro \u2022 Almacenamiento y log\u00edstica \u2022 Trazabilidad minorista\/antifalsificaci\u00f3n \u2022 Etiquetado de mascotas\/art\u00edculos valiosos.<\/p>\n<p data-start=\"986\" data-end=\"1175\"><strong data-start=\"986\" data-end=\"1016\">Grupos de clientes aplicables<\/strong><br data-start=\"1016\" data-end=\"1019\" \/>Log\u00edstica y cadena de suministro \u2022 Operaciones de fabricaci\u00f3n y almacenamiento \u2022 Edificios inteligentes\/gesti\u00f3n de propiedades \u2022 Marcas minoristas\/servicios antifalsificaci\u00f3n \u2022 Usuarios individuales.<\/p>\n<h2 data-start=\"1177\" data-end=\"1202\">Tabla (Especificaciones)<\/h2>\n<div class=\"_tableContainer_1rjym_1\">\n<div class=\"group _tableWrapper_1rjym_13 flex w-fit flex-col-reverse\" tabindex=\"-1\">\n<table class=\"w-fit min-w-(--thread-content-width)\" data-start=\"1204\" data-end=\"3123\">\n<thead data-start=\"1204\" data-end=\"1305\">\n<tr data-start=\"1204\" data-end=\"1305\">\n<th data-start=\"1204\" data-end=\"1225\" data-col-size=\"sm\">Categor\u00eda<\/th>\n<th data-start=\"1225\" data-end=\"1253\" data-col-size=\"sm\">Par\u00e1metro<\/th>\n<th data-start=\"1253\" data-end=\"1305\" data-col-size=\"md\">Valor<\/th>\n<\/tr>\n<\/thead>\n<tbody data-start=\"1407\" data-end=\"3123\">\n<tr data-start=\"1407\" data-end=\"1507\">\n<td data-start=\"1407\" data-end=\"1427\" data-col-size=\"sm\">Producto<\/td>\n<td data-col-size=\"sm\" data-start=\"1427\" data-end=\"1455\">Nombre<\/td>\n<td data-col-size=\"md\" data-start=\"1455\" data-end=\"1507\">Llavero ABS UHF RFID<\/td>\n<\/tr>\n<tr data-start=\"1508\" data-end=\"1608\">\n<td data-start=\"1508\" data-end=\"1528\" data-col-size=\"sm\">Dimensiones<\/td>\n<td data-col-size=\"sm\" data-start=\"1528\" data-end=\"1556\">Tama\u00f1o \/ Peso<\/td>\n<td data-col-size=\"md\" data-start=\"1556\" data-end=\"1608\">50 \u00d7 30 \u00d7 5 mm (t\u00edpico); 10-20 gramos<\/td>\n<\/tr>\n<tr data-start=\"1609\" data-end=\"1709\">\n<td data-start=\"1609\" data-end=\"1629\" data-col-size=\"sm\">Materiales<\/td>\n<td data-start=\"1629\" data-end=\"1657\" data-col-size=\"sm\">Alojamiento<\/td>\n<td data-col-size=\"md\" data-start=\"1657\" data-end=\"1709\">ABS (pl\u00e1stico de ingenier\u00eda)<\/td>\n<\/tr>\n<tr data-start=\"1710\" data-end=\"1810\">\n<td data-start=\"1710\" data-end=\"1730\" data-col-size=\"sm\">Radiofrecuencia (UHF)<\/td>\n<td data-col-size=\"sm\" data-start=\"1730\" data-end=\"1758\">Frecuencia \/ Protocolo<\/td>\n<td data-col-size=\"md\" data-start=\"1758\" data-end=\"1810\">860\u2013960 MHz; ISO 18000-6C \/ EPC C1G2<\/td>\n<\/tr>\n<tr data-start=\"1811\" data-end=\"1911\">\n<td data-start=\"1811\" data-end=\"1831\" data-col-size=\"sm\">Memoria<\/td>\n<td data-col-size=\"sm\" data-start=\"1831\" data-end=\"1859\">EPC\/Usuario<\/td>\n<td data-col-size=\"md\" data-start=\"1859\" data-end=\"1911\">96\u2013512 bits (configurable)<\/td>\n<\/tr>\n<tr data-start=\"1912\" data-end=\"2012\">\n<td data-start=\"1912\" data-end=\"1932\" data-col-size=\"sm\">Actuaci\u00f3n<\/td>\n<td data-start=\"1932\" data-end=\"1960\" data-col-size=\"sm\">Rango de lectura<\/td>\n<td data-start=\"1960\" data-end=\"2012\" data-col-size=\"md\">3\u201310 m (dependiendo del lector y del entorno)<\/td>\n<\/tr>\n<tr data-start=\"2013\" data-end=\"2113\">\n<td data-start=\"2013\" data-end=\"2033\" data-col-size=\"sm\">Rendimiento<\/td>\n<td data-start=\"2033\" data-end=\"2061\" data-col-size=\"sm\">Lectura m\u00faltiple<\/td>\n<td data-col-size=\"md\" data-start=\"2061\" data-end=\"2113\">Lectura por lotes de cientos de etiquetas por segundo<\/td>\n<\/tr>\n<tr data-start=\"2114\" data-end=\"2214\">\n<td data-start=\"2114\" data-end=\"2134\" data-col-size=\"sm\">Ambiente<\/td>\n<td data-start=\"2134\" data-end=\"2162\" data-col-size=\"sm\">Temperatura de funcionamiento<\/td>\n<td data-start=\"2162\" data-end=\"2214\" data-col-size=\"md\">\u221220 \u2103 a +70 \u2103<\/td>\n<\/tr>\n<tr data-start=\"2215\" data-end=\"2315\">\n<td data-start=\"2215\" data-end=\"2235\" data-col-size=\"sm\">Protecci\u00f3n<\/td>\n<td data-start=\"2235\" data-end=\"2263\" data-col-size=\"sm\">Clasificaci\u00f3n de ingreso<\/td>\n<td data-start=\"2263\" data-end=\"2315\" data-col-size=\"md\">IP65 \/ IP67 (opcional)<\/td>\n<\/tr>\n<tr data-start=\"2316\" data-end=\"2416\">\n<td data-start=\"2316\" data-end=\"2336\" data-col-size=\"sm\">Longevidad<\/td>\n<td data-start=\"2336\" data-end=\"2364\" data-col-size=\"sm\">Vida \u00fatil<\/td>\n<td data-col-size=\"md\" data-start=\"2364\" data-end=\"2416\">&gt;10 a\u00f1os (entorno normal)<\/td>\n<\/tr>\n<tr data-start=\"2417\" data-end=\"2517\">\n<td data-start=\"2417\" data-end=\"2437\" data-col-size=\"sm\">Personalizaci\u00f3n<\/td>\n<td data-col-size=\"sm\" data-start=\"2437\" data-end=\"2465\">Color\/Acabado<\/td>\n<td data-col-size=\"md\" data-start=\"2465\" data-end=\"2517\">Colores personalizados; impresi\u00f3n de logotipo\/ID\/QR\/c\u00f3digo de barras<\/td>\n<\/tr>\n<tr data-start=\"2518\" data-end=\"2618\">\n<td data-start=\"2518\" data-end=\"2538\" data-col-size=\"sm\">Opciones de CI<\/td>\n<td data-start=\"2538\" data-end=\"2566\" data-col-size=\"sm\">Papas fritas<\/td>\n<td data-col-size=\"md\" data-start=\"2566\" data-end=\"2618\">UCODE 8\/9; Extraterrestre H3\/H4\/H9<\/td>\n<\/tr>\n<tr data-start=\"2619\" data-end=\"2719\">\n<td data-start=\"2619\" data-end=\"2639\" data-col-size=\"sm\">Variante (HF)<\/td>\n<td data-start=\"2639\" data-end=\"2667\" data-col-size=\"sm\">Opcional<\/td>\n<td data-start=\"2667\" data-end=\"2719\" data-col-size=\"md\">13,56 MHz; ISO 14443A (a petici\u00f3n)<\/td>\n<\/tr>\n<tr data-start=\"2720\" data-end=\"2820\">\n<td data-start=\"2720\" data-end=\"2740\" data-col-size=\"sm\">Casos de uso<\/td>\n<td data-col-size=\"sm\" data-start=\"2740\" data-end=\"2768\">Aplicaciones<\/td>\n<td data-col-size=\"md\" data-start=\"2768\" data-end=\"2820\">Acceso, activos, log\u00edstica, venta minorista, mascotas\/art\u00edculos<\/td>\n<\/tr>\n<tr data-start=\"2821\" data-end=\"2921\">\n<td data-start=\"2821\" data-end=\"2841\" data-col-size=\"sm\">Cantidad m\u00ednima de pedido<\/td>\n<td data-col-size=\"sm\" data-start=\"2841\" data-end=\"2869\">Pedido m\u00ednimo<\/td>\n<td data-col-size=\"md\" data-start=\"2869\" data-end=\"2921\">200 piezas<\/td>\n<\/tr>\n<tr data-start=\"2922\" data-end=\"3022\">\n<td data-start=\"2922\" data-end=\"2942\" data-col-size=\"sm\">Caracter\u00edsticas especiales<\/td>\n<td data-col-size=\"sm\" data-start=\"2942\" data-end=\"2970\">Atributos<\/td>\n<td data-col-size=\"md\" data-start=\"2970\" data-end=\"3022\">Impermeable\/resistente a la intemperie; mini etiqueta<\/td>\n<\/tr>\n<tr data-start=\"3023\" data-end=\"3123\">\n<td data-start=\"3023\" data-end=\"3043\" data-col-size=\"sm\">Origen<\/td>\n<td data-col-size=\"sm\" data-start=\"3043\" data-end=\"3071\">Lugar de origen<\/td>\n<td data-col-size=\"md\" data-start=\"3071\" data-end=\"3123\">Guangdong, China<\/td>\n<\/tr>\n<\/tbody>\n<\/table>\n<\/div>\n<\/div>","protected":false},"excerpt":{"rendered":"<p>Llavero RFID UHF ABS para activos y acceso: EPC Gen2 de 860\u2013960 MHz, lecturas de 3\u201310 m, identificaci\u00f3n de m\u00faltiples etiquetas, dise\u00f1o compacto de 50\u00d730\u00d75 mm, colores e impresi\u00f3n personalizables e IP65\/67 opcional.<\/p>","protected":false},"featured_media":998,"template":"","meta":{"_gspb_post_css":""},"product_brand":[],"product_cat":[30],"product_tag":[],"class_list":{"0":"post-995","1":"product","2":"type-product","3":"status-publish","4":"has-post-thumbnail","6":"product_cat-rfid-keyfobs","8":"first","9":"instock","10":"shipping-taxable","11":"purchasable","12":"product-type-simple"},"_links":{"self":[{"href":"https:\/\/www.cxjsmartcard.com\/es\/wp-json\/wp\/v2\/product\/995","targetHints":{"allow":["GET"]}}],"collection":[{"href":"https:\/\/www.cxjsmartcard.com\/es\/wp-json\/wp\/v2\/product"}],"about":[{"href":"https:\/\/www.cxjsmartcard.com\/es\/wp-json\/wp\/v2\/types\/product"}],"wp:featuredmedia":[{"embeddable":true,"href":"https:\/\/www.cxjsmartcard.com\/es\/wp-json\/wp\/v2\/media\/998"}],"wp:attachment":[{"href":"https:\/\/www.cxjsmartcard.com\/es\/wp-json\/wp\/v2\/media?parent=995"}],"wp:term":[{"taxonomy":"product_brand","embeddable":true,"href":"https:\/\/www.cxjsmartcard.com\/es\/wp-json\/wp\/v2\/product_brand?post=995"},{"taxonomy":"product_cat","embeddable":true,"href":"https:\/\/www.cxjsmartcard.com\/es\/wp-json\/wp\/v2\/product_cat?post=995"},{"taxonomy":"product_tag","embeddable":true,"href":"https:\/\/www.cxjsmartcard.com\/es\/wp-json\/wp\/v2\/product_tag?post=995"}],"curies":[{"name":"wp","href":"https:\/\/api.w.org\/{rel}","templated":true}]}}