{"id":990,"date":"2025-11-03T09:44:33","date_gmt":"2025-11-03T09:44:33","guid":{"rendered":"https:\/\/www.cxjsmartcard.com\/?post_type=product&#038;p=990"},"modified":"2025-12-29T01:27:06","modified_gmt":"2025-12-29T01:27:06","slug":"rfid-keychain-waterproof-key-fob-tag","status":"publish","type":"product","link":"https:\/\/www.cxjsmartcard.com\/es\/rfid-keychain-waterproof-key-fob-tag\/","title":{"rendered":"Llavero RFID resistente al agua"},"content":{"rendered":"<p data-start=\"48\" data-end=\"312\">Llavero RFID\/NFC duradero para acceso e identificaci\u00f3n diarios. Carcasas de PVC\/ABS\/epoxy resistentes al agua y compatibles con impresi\u00f3n y n\u00fameros de serie personalizados. Disponible en LF, HF y UHF para sistemas nuevos o antiguos.<\/p>\n<p data-start=\"314\" data-end=\"328\"><strong data-start=\"314\" data-end=\"326\">Caracter\u00edsticas<\/strong><\/p>\n<ul data-start=\"329\" data-end=\"596\">\n<li data-start=\"329\" data-end=\"359\">\n<p data-start=\"331\" data-end=\"359\">Materiales: PVC, ABS, epoxi<\/p>\n<\/li>\n<li data-start=\"360\" data-end=\"410\">\n<p data-start=\"362\" data-end=\"410\">Frecuencias: 125 kHz \u2022 13,56 MHz \u2022 860\u2013960 MHz<\/p>\n<\/li>\n<li data-start=\"411\" data-end=\"447\">\n<p data-start=\"413\" data-end=\"447\">Impresi\u00f3n: logotipo y n\u00famero de serie<\/p>\n<\/li>\n<li data-start=\"448\" data-end=\"552\">\n<p data-start=\"450\" data-end=\"552\">Opciones de chip: RFID 1K (MIFARE 1K), NTAG213\/215, H9, NXP UCODE 9, TK4100, EM4305, EM4200, T5577, etc.<\/p>\n<\/li>\n<li data-start=\"553\" data-end=\"596\">\n<p data-start=\"555\" data-end=\"596\">Colores: negro, blanco, verde, azul, otros<\/p>\n<\/li>\n<\/ul>\n<p data-start=\"598\" data-end=\"769\"><strong data-start=\"598\" data-end=\"614\">Aplicaciones<\/strong><br data-start=\"614\" data-end=\"617\" \/>Control de acceso, asistencia, identificaci\u00f3n, log\u00edstica, automatizaci\u00f3n industrial, tickets, membres\u00eda, transporte p\u00fablico, pago sin efectivo, piscinas, lavander\u00eda.<\/p>\n<p data-start=\"771\" data-end=\"803\"><strong data-start=\"771\" data-end=\"801\">Notas (implementaciones comunes)<\/strong><\/p>\n<ul data-start=\"804\" data-end=\"1010\">\n<li data-start=\"804\" data-end=\"911\">\n<p data-start=\"806\" data-end=\"911\"><strong data-start=\"806\" data-end=\"820\">Frecuencia baja de 125 kHz<\/strong>: puertas de servicios, ascensores, entradas de edificios: chips como ATA5577, TK4100, EM4200, EM4305.<\/p>\n<\/li>\n<li data-start=\"912\" data-end=\"1010\">\n<p data-start=\"914\" data-end=\"1010\"><strong data-start=\"914\" data-end=\"943\">13,56 MHz HF (ISO 14443A)<\/strong>: cerraduras individuales de apartamentos y puertas: chips como MIFARE 1K, NTAG213.<\/p>\n<\/li>\n<\/ul>\n<h2 data-start=\"1012\" data-end=\"1037\">Tabla (Especificaciones)<\/h2>\n<div class=\"_tableContainer_1rjym_1\">\n<div class=\"group _tableWrapper_1rjym_13 flex w-fit flex-col-reverse\" tabindex=\"-1\">\n<table class=\"w-fit min-w-(--thread-content-width)\" data-start=\"1039\" data-end=\"2203\">\n<thead data-start=\"1039\" data-end=\"1135\">\n<tr data-start=\"1039\" data-end=\"1135\">\n<th data-start=\"1039\" data-end=\"1057\" data-col-size=\"sm\">Categor\u00eda<\/th>\n<th data-start=\"1057\" data-end=\"1077\" data-col-size=\"sm\">Par\u00e1metro<\/th>\n<th data-start=\"1077\" data-end=\"1135\" data-col-size=\"lg\">Valor<\/th>\n<\/tr>\n<\/thead>\n<tbody data-start=\"1233\" data-end=\"2203\">\n<tr data-start=\"1233\" data-end=\"1329\">\n<td data-start=\"1233\" data-end=\"1251\" data-col-size=\"sm\">Producto<\/td>\n<td data-col-size=\"sm\" data-start=\"1251\" data-end=\"1271\">Tipo<\/td>\n<td data-col-size=\"lg\" data-start=\"1271\" data-end=\"1329\">Llavero RFID resistente al agua<\/td>\n<\/tr>\n<tr data-start=\"1330\" data-end=\"1426\">\n<td data-start=\"1330\" data-end=\"1348\" data-col-size=\"sm\">Materiales<\/td>\n<td data-start=\"1348\" data-end=\"1368\" data-col-size=\"sm\">Alojamiento<\/td>\n<td data-col-size=\"lg\" data-start=\"1368\" data-end=\"1426\">PVC, ABS, Epoxi<\/td>\n<\/tr>\n<tr data-start=\"1427\" data-end=\"1523\">\n<td data-start=\"1427\" data-end=\"1445\" data-col-size=\"sm\">Bandas de RF<\/td>\n<td data-start=\"1445\" data-end=\"1465\" data-col-size=\"sm\">Frecuencia<\/td>\n<td data-start=\"1465\" data-end=\"1523\" data-col-size=\"lg\">125 kHz; 13,56 MHz; 860\u2013960 MHz<\/td>\n<\/tr>\n<tr data-start=\"1524\" data-end=\"1620\">\n<td data-start=\"1524\" data-end=\"1542\" data-col-size=\"sm\">Personalizaci\u00f3n<\/td>\n<td data-start=\"1542\" data-end=\"1562\" data-col-size=\"sm\">Impresi\u00f3n<\/td>\n<td data-start=\"1562\" data-end=\"1620\" data-col-size=\"lg\">Impresi\u00f3n de logotipos; n\u00fameros de serie<\/td>\n<\/tr>\n<tr data-start=\"1621\" data-end=\"1739\">\n<td data-start=\"1621\" data-end=\"1639\" data-col-size=\"sm\">Opciones de CI<\/td>\n<td data-start=\"1639\" data-end=\"1659\" data-col-size=\"sm\">Papas fritas<\/td>\n<td data-col-size=\"lg\" data-start=\"1659\" data-end=\"1739\">RFID 1K; NTAG213\/215; H9; NXP UCODIGO 9; TK4100; EM4305; EM4200; T5577; otros<\/td>\n<\/tr>\n<tr data-start=\"1740\" data-end=\"1836\">\n<td data-start=\"1740\" data-end=\"1758\" data-col-size=\"sm\">Bandera<\/td>\n<td data-col-size=\"sm\" data-start=\"1758\" data-end=\"1778\">Variantes<\/td>\n<td data-col-size=\"lg\" data-start=\"1778\" data-end=\"1836\">Negro, blanco, verde, azul, etc.<\/td>\n<\/tr>\n<tr data-start=\"1837\" data-end=\"2009\">\n<td data-start=\"1837\" data-end=\"1855\" data-col-size=\"sm\">Aplicaciones<\/td>\n<td data-col-size=\"sm\" data-start=\"1855\" data-end=\"1875\">Casos de uso<\/td>\n<td data-col-size=\"lg\" data-start=\"1875\" data-end=\"2009\">Control de acceso; asistencia; identificaci\u00f3n; log\u00edstica; automatizaci\u00f3n industrial; tickets; membres\u00eda; transporte p\u00fablico; pago electr\u00f3nico; piscinas; lavander\u00eda<\/td>\n<\/tr>\n<tr data-start=\"2010\" data-end=\"2106\">\n<td data-start=\"2010\" data-end=\"2028\" data-col-size=\"sm\">Gu\u00eda<\/td>\n<td data-col-size=\"sm\" data-start=\"2028\" data-end=\"2048\">Uso t\u00edpico de LF<\/td>\n<td data-col-size=\"lg\" data-start=\"2048\" data-end=\"2106\">Servicios (puertas, ascensores, edificios)<\/td>\n<\/tr>\n<tr data-start=\"2107\" data-end=\"2203\">\n<td data-start=\"2107\" data-end=\"2125\" data-col-size=\"sm\">Gu\u00eda<\/td>\n<td data-start=\"2125\" data-end=\"2145\" data-col-size=\"sm\">Uso t\u00edpico de HF<\/td>\n<td data-col-size=\"lg\" data-start=\"2145\" data-end=\"2203\">Cerraduras de puertas de apartamentos\/habitaciones (ISO 14443A)<\/td>\n<\/tr>\n<\/tbody>\n<\/table>\n<\/div>\n<\/div>","protected":false},"excerpt":{"rendered":"<p>Llavero RFID\/NFC impermeable de PVC\/ABS\/epoxy con impresi\u00f3n personalizada. Compatible con frecuencias bajas de 125 kHz, altas de 13,56 MHz y ultraaltas de 860-960 MHz, con amplias opciones de chip para acceso e identificaci\u00f3n.<\/p>","protected":false},"featured_media":993,"template":"","meta":{"_gspb_post_css":""},"product_brand":[],"product_cat":[30],"product_tag":[],"class_list":{"0":"post-990","1":"product","2":"type-product","3":"status-publish","4":"has-post-thumbnail","6":"product_cat-rfid-keyfobs","8":"first","9":"instock","10":"shipping-taxable","11":"purchasable","12":"product-type-simple"},"_links":{"self":[{"href":"https:\/\/www.cxjsmartcard.com\/es\/wp-json\/wp\/v2\/product\/990","targetHints":{"allow":["GET"]}}],"collection":[{"href":"https:\/\/www.cxjsmartcard.com\/es\/wp-json\/wp\/v2\/product"}],"about":[{"href":"https:\/\/www.cxjsmartcard.com\/es\/wp-json\/wp\/v2\/types\/product"}],"wp:featuredmedia":[{"embeddable":true,"href":"https:\/\/www.cxjsmartcard.com\/es\/wp-json\/wp\/v2\/media\/993"}],"wp:attachment":[{"href":"https:\/\/www.cxjsmartcard.com\/es\/wp-json\/wp\/v2\/media?parent=990"}],"wp:term":[{"taxonomy":"product_brand","embeddable":true,"href":"https:\/\/www.cxjsmartcard.com\/es\/wp-json\/wp\/v2\/product_brand?post=990"},{"taxonomy":"product_cat","embeddable":true,"href":"https:\/\/www.cxjsmartcard.com\/es\/wp-json\/wp\/v2\/product_cat?post=990"},{"taxonomy":"product_tag","embeddable":true,"href":"https:\/\/www.cxjsmartcard.com\/es\/wp-json\/wp\/v2\/product_tag?post=990"}],"curies":[{"name":"wp","href":"https:\/\/api.w.org\/{rel}","templated":true}]}}