{"id":980,"date":"2025-11-03T09:41:24","date_gmt":"2025-11-03T09:41:24","guid":{"rendered":"https:\/\/www.cxjsmartcard.com\/?post_type=product&#038;p=980"},"modified":"2025-12-29T01:27:06","modified_gmt":"2025-12-29T01:27:06","slug":"125khz-tk4100-rfid-key-fob-tag","status":"publish","type":"product","link":"https:\/\/www.cxjsmartcard.com\/es\/125khz-tk4100-rfid-key-fob-tag\/","title":{"rendered":"Etiqueta de llavero RFID TK4100 de 125 kHz"},"content":{"rendered":"<p data-start=\"42\" data-end=\"301\">Llavero pasivo LF para acceso e identificaci\u00f3n diarios. Fabricado con tecnolog\u00eda de 125 kHz y carcasas resistentes (PPS\/ABS\/epoxy), admite impresi\u00f3n personalizada y m\u00faltiples opciones de chip para una instalaci\u00f3n sencilla en puertas, portones y servicios compartidos.<\/p>\n<p data-start=\"303\" data-end=\"317\"><strong data-start=\"303\" data-end=\"315\">Caracter\u00edsticas<\/strong><\/p>\n<ul data-start=\"318\" data-end=\"565\">\n<li data-start=\"318\" data-end=\"363\">\n<p data-start=\"320\" data-end=\"363\">Operaci\u00f3n LF de 125 kHz para derivaciones de corto alcance<\/p>\n<\/li>\n<li data-start=\"364\" data-end=\"407\">\n<p data-start=\"366\" data-end=\"407\">Carcasas duraderas: PPS, ABS, epoxy, etc.<\/p>\n<\/li>\n<li data-start=\"408\" data-end=\"458\">\n<p data-start=\"410\" data-end=\"458\">Personalizaci\u00f3n: impresi\u00f3n de logotipo y n\u00famero de serie.<\/p>\n<\/li>\n<li data-start=\"459\" data-end=\"510\">\n<p data-start=\"461\" data-end=\"510\">M\u00faltiples opciones de chips para adaptarse a los sistemas existentes<\/p>\n<\/li>\n<li data-start=\"511\" data-end=\"565\">\n<p data-start=\"513\" data-end=\"565\">Amplia selecci\u00f3n de colores (negro, blanco, verde, azul, etc.)<\/p>\n<\/li>\n<\/ul>\n<p data-start=\"567\" data-end=\"792\"><strong data-start=\"567\" data-end=\"591\">Aplicaciones t\u00edpicas<\/strong><br data-start=\"591\" data-end=\"594\" \/>Sistemas de control de acceso \u2022 Control de asistencia \u2022 Identificaci\u00f3n \u2022 Log\u00edstica y automatizaci\u00f3n industrial \u2022 Billetes y abonos \u2022 Transporte p\u00fablico \u2022 Pago electr\u00f3nico sin efectivo \u2022 Piscinas y lavander\u00eda.<\/p>\n<p data-start=\"794\" data-end=\"1112\"><strong data-start=\"794\" data-end=\"823\">Notas sobre llaveros comunes<\/strong><br data-start=\"823\" data-end=\"826\" \/>La mayor\u00eda de los llaveros de servicios de condominios\/apartamentos (piscinas, gimnasios, ascensores) utilizan <strong data-start=\"894\" data-end=\"919\">baja frecuencia 125 kHz<\/strong> RFID pasivo (p. ej., TK4100, T5577, EM4200\/EM4305). Si un llavero abre el... <strong data-start=\"994\" data-end=\"1028\">puerta de unidad de apartamento individual<\/strong>, normalmente es un <strong data-start=\"1047\" data-end=\"1075\">alta frecuencia 13,56 MHz<\/strong> sistema (por ejemplo, MIFARE 1K o NTAG213).<\/p>\n<h2 data-start=\"1114\" data-end=\"1139\">Tabla (Especificaciones)<\/h2>\n<div class=\"_tableContainer_1rjym_1\">\n<div class=\"group _tableWrapper_1rjym_13 flex w-fit flex-col-reverse\" tabindex=\"-1\">\n<table class=\"w-fit min-w-(--thread-content-width)\" data-start=\"1141\" data-end=\"2038\">\n<thead data-start=\"1141\" data-end=\"1230\">\n<tr data-start=\"1141\" data-end=\"1230\">\n<th data-start=\"1141\" data-end=\"1156\" data-col-size=\"sm\">Categor\u00eda<\/th>\n<th data-start=\"1156\" data-end=\"1175\" data-col-size=\"sm\">Par\u00e1metro<\/th>\n<th data-start=\"1175\" data-end=\"1230\" data-col-size=\"lg\">Valor<\/th>\n<\/tr>\n<\/thead>\n<tbody data-start=\"1321\" data-end=\"2038\">\n<tr data-start=\"1321\" data-end=\"1410\">\n<td data-start=\"1321\" data-end=\"1336\" data-col-size=\"sm\">Producto<\/td>\n<td data-start=\"1336\" data-end=\"1355\" data-col-size=\"sm\">Tipo<\/td>\n<td data-start=\"1355\" data-end=\"1410\" data-col-size=\"lg\">Etiqueta de llavero RFID TK4100 de 125 kHz<\/td>\n<\/tr>\n<tr data-start=\"1411\" data-end=\"1500\">\n<td data-start=\"1411\" data-end=\"1426\" data-col-size=\"sm\">Materiales<\/td>\n<td data-start=\"1426\" data-end=\"1445\" data-col-size=\"sm\">Alojamiento<\/td>\n<td data-start=\"1445\" data-end=\"1500\" data-col-size=\"lg\">PPS, ABS, Epoxi, etc.<\/td>\n<\/tr>\n<tr data-start=\"1501\" data-end=\"1590\">\n<td data-start=\"1501\" data-end=\"1516\" data-col-size=\"sm\">RF<\/td>\n<td data-start=\"1516\" data-end=\"1535\" data-col-size=\"sm\">Frecuencia<\/td>\n<td data-start=\"1535\" data-end=\"1590\" data-col-size=\"lg\">125 kHz (baja frecuencia)<\/td>\n<\/tr>\n<tr data-start=\"1591\" data-end=\"1680\">\n<td data-start=\"1591\" data-end=\"1606\" data-col-size=\"sm\">Impresi\u00f3n<\/td>\n<td data-start=\"1606\" data-end=\"1625\" data-col-size=\"sm\">Opciones<\/td>\n<td data-start=\"1625\" data-end=\"1680\" data-col-size=\"lg\">Impresi\u00f3n de logotipos; n\u00fameros de serie<\/td>\n<\/tr>\n<tr data-start=\"1681\" data-end=\"1770\">\n<td data-start=\"1681\" data-end=\"1696\" data-col-size=\"sm\">Opciones de CI<\/td>\n<td data-start=\"1696\" data-end=\"1715\" data-col-size=\"sm\">Fichas disponibles<\/td>\n<td data-start=\"1715\" data-end=\"1770\" data-col-size=\"lg\">TK4100; EM4305; EM4200; T5577; otros<\/td>\n<\/tr>\n<tr data-start=\"1771\" data-end=\"1860\">\n<td data-start=\"1771\" data-end=\"1786\" data-col-size=\"sm\">Bandera<\/td>\n<td data-start=\"1786\" data-end=\"1805\" data-col-size=\"sm\">Variantes<\/td>\n<td data-start=\"1805\" data-end=\"1860\" data-col-size=\"lg\">Negro; Blanco; Verde; Azul; etc.<\/td>\n<\/tr>\n<tr data-start=\"1861\" data-end=\"2038\">\n<td data-start=\"1861\" data-end=\"1876\" data-col-size=\"sm\">Aplicaciones<\/td>\n<td data-start=\"1876\" data-end=\"1895\" data-col-size=\"sm\">Casos de uso<\/td>\n<td data-start=\"1895\" data-end=\"2038\" data-col-size=\"lg\">Control de acceso; asistencia; identificaci\u00f3n; log\u00edstica; automatizaci\u00f3n industrial; tickets; membres\u00eda; transporte p\u00fablico; pago electr\u00f3nico; piscinas; lavander\u00eda<\/td>\n<\/tr>\n<\/tbody>\n<\/table>\n<\/div>\n<\/div>","protected":false},"excerpt":{"rendered":"<p>Llavero LF de 125 kHz duradero para control de acceso e identificaci\u00f3n: carcasas PPS\/ABS\/epoxy, m\u00faltiples opciones de chip (series TK4100\/T5577\/EM), impresi\u00f3n de logotipo\/serie personalizado y varios colores.<\/p>","protected":false},"featured_media":981,"template":"","meta":{"_gspb_post_css":""},"product_brand":[],"product_cat":[30],"product_tag":[],"class_list":{"0":"post-980","1":"product","2":"type-product","3":"status-publish","4":"has-post-thumbnail","6":"product_cat-rfid-keyfobs","8":"first","9":"instock","10":"shipping-taxable","11":"purchasable","12":"product-type-simple"},"_links":{"self":[{"href":"https:\/\/www.cxjsmartcard.com\/es\/wp-json\/wp\/v2\/product\/980","targetHints":{"allow":["GET"]}}],"collection":[{"href":"https:\/\/www.cxjsmartcard.com\/es\/wp-json\/wp\/v2\/product"}],"about":[{"href":"https:\/\/www.cxjsmartcard.com\/es\/wp-json\/wp\/v2\/types\/product"}],"wp:featuredmedia":[{"embeddable":true,"href":"https:\/\/www.cxjsmartcard.com\/es\/wp-json\/wp\/v2\/media\/981"}],"wp:attachment":[{"href":"https:\/\/www.cxjsmartcard.com\/es\/wp-json\/wp\/v2\/media?parent=980"}],"wp:term":[{"taxonomy":"product_brand","embeddable":true,"href":"https:\/\/www.cxjsmartcard.com\/es\/wp-json\/wp\/v2\/product_brand?post=980"},{"taxonomy":"product_cat","embeddable":true,"href":"https:\/\/www.cxjsmartcard.com\/es\/wp-json\/wp\/v2\/product_cat?post=980"},{"taxonomy":"product_tag","embeddable":true,"href":"https:\/\/www.cxjsmartcard.com\/es\/wp-json\/wp\/v2\/product_tag?post=980"}],"curies":[{"name":"wp","href":"https:\/\/api.w.org\/{rel}","templated":true}]}}