{"id":973,"date":"2025-11-03T09:39:57","date_gmt":"2025-11-03T09:39:57","guid":{"rendered":"https:\/\/www.cxjsmartcard.com\/?post_type=product&#038;p=973"},"modified":"2025-12-29T01:27:07","modified_gmt":"2025-12-29T01:27:07","slug":"125khz-t5577-rfid-key-fob-for-access-control","status":"publish","type":"product","link":"https:\/\/www.cxjsmartcard.com\/es\/125khz-t5577-rfid-key-fob-for-access-control\/","title":{"rendered":"Llavero RFID T5577 de 125 kHz para control de acceso"},"content":{"rendered":"<p data-start=\"56\" data-end=\"324\">Llavero compacto LF basado en el chip T5577 para un control de acceso fiable y de corto alcance. Las carcasas de ABS\/PVC\/silicona\/epoxi resisten el desgaste diario, mientras que la impresi\u00f3n personalizada y la codificaci\u00f3n de datos permiten una implementaci\u00f3n r\u00e1pida y consistente.<\/p>\n<p data-start=\"326\" data-end=\"340\"><strong data-start=\"326\" data-end=\"338\">Caracter\u00edsticas<\/strong><\/p>\n<ul data-start=\"341\" data-end=\"654\">\n<li data-start=\"341\" data-end=\"385\">\n<p data-start=\"343\" data-end=\"385\">125 kHz LF (T5577), distancia de lectura de 1 a 2 cm<\/p>\n<\/li>\n<li data-start=\"386\" data-end=\"431\">\n<p data-start=\"388\" data-end=\"431\">Carcasas duraderas (ABS\/PVC\/silicona\/epoxi)<\/p>\n<\/li>\n<li data-start=\"432\" data-end=\"495\">\n<p data-start=\"434\" data-end=\"495\">Dise\u00f1o personalizado: serigraf\u00eda o l\u00e1ser; UID\/serie\/QR opcional<\/p>\n<\/li>\n<li data-start=\"496\" data-end=\"544\">\n<p data-start=\"498\" data-end=\"544\">Servicios de datos: registro y precodificaci\u00f3n de identidad<\/p>\n<\/li>\n<li data-start=\"545\" data-end=\"586\">\n<p data-start=\"547\" data-end=\"586\">Temperatura de funcionamiento de \u221225 \u00b0C a 75 \u00b0C<\/p>\n<\/li>\n<li data-start=\"587\" data-end=\"654\">\n<p data-start=\"589\" data-end=\"654\">Opciones OEM y amplio soporte de chip\/frecuencia disponibles a pedido<\/p>\n<\/li>\n<\/ul>\n<p data-start=\"656\" data-end=\"859\"><strong data-start=\"656\" data-end=\"672\">Aplicaciones<\/strong><br data-start=\"672\" data-end=\"675\" \/>Acceso a puertas y portones \u2022 Billetes electr\u00f3nicos \u2022 Pago sin efectivo\/de circuito cerrado \u2022 Control horario \u2022 Membres\u00eda\/fidelidad \u2022 Transporte p\u00fablico \u2022 Piscinas y lavander\u00eda \u2022 Log\u00edstica y automatizaci\u00f3n industrial.<\/p>\n<h2 data-start=\"861\" data-end=\"886\">Tabla (Especificaciones)<\/h2>\n<div class=\"_tableContainer_1rjym_1\">\n<div class=\"group _tableWrapper_1rjym_13 flex w-fit flex-col-reverse\" tabindex=\"-1\">\n<table class=\"w-fit min-w-(--thread-content-width)\" data-start=\"888\" data-end=\"1920\">\n<thead data-start=\"888\" data-end=\"971\">\n<tr data-start=\"888\" data-end=\"971\">\n<th data-start=\"888\" data-end=\"906\" data-col-size=\"sm\">Categor\u00eda<\/th>\n<th data-start=\"906\" data-end=\"928\" data-col-size=\"sm\">Par\u00e1metro<\/th>\n<th data-start=\"928\" data-end=\"971\" data-col-size=\"md\">Valor<\/th>\n<\/tr>\n<\/thead>\n<tbody data-start=\"1056\" data-end=\"1920\">\n<tr data-start=\"1056\" data-end=\"1139\">\n<td data-start=\"1056\" data-end=\"1074\" data-col-size=\"sm\">Producto<\/td>\n<td data-col-size=\"sm\" data-start=\"1074\" data-end=\"1096\">Tipo<\/td>\n<td data-col-size=\"md\" data-start=\"1096\" data-end=\"1139\">Llavero RFID \/ etiqueta para llave<\/td>\n<\/tr>\n<tr data-start=\"1140\" data-end=\"1223\">\n<td data-start=\"1140\" data-end=\"1158\" data-col-size=\"sm\">Materiales<\/td>\n<td data-col-size=\"sm\" data-start=\"1158\" data-end=\"1180\">Alojamiento<\/td>\n<td data-col-size=\"md\" data-start=\"1180\" data-end=\"1223\">ABS \/ PVC \/ Silicona \/ Epoxi<\/td>\n<\/tr>\n<tr data-start=\"1224\" data-end=\"1307\">\n<td data-start=\"1224\" data-end=\"1242\" data-col-size=\"sm\">Dimensiones<\/td>\n<td data-col-size=\"sm\" data-start=\"1242\" data-end=\"1264\">Tama\u00f1o<\/td>\n<td data-col-size=\"md\" data-start=\"1264\" data-end=\"1307\">38 \u00d7 30 \u00d7 6 mm (personalizable)<\/td>\n<\/tr>\n<tr data-start=\"1308\" data-end=\"1392\">\n<td data-start=\"1308\" data-end=\"1326\" data-col-size=\"sm\">Ambiente<\/td>\n<td data-col-size=\"sm\" data-start=\"1326\" data-end=\"1348\">Temperatura de trabajo<\/td>\n<td data-col-size=\"md\" data-start=\"1348\" data-end=\"1392\">\u221225 \u00b0C a 75 \u00b0C<\/td>\n<\/tr>\n<tr data-start=\"1393\" data-end=\"1476\">\n<td data-start=\"1393\" data-end=\"1411\" data-col-size=\"sm\">RF<\/td>\n<td data-col-size=\"sm\" data-start=\"1411\" data-end=\"1433\">Frecuencia<\/td>\n<td data-col-size=\"md\" data-start=\"1433\" data-end=\"1476\">125 kHz (baja frecuencia)<\/td>\n<\/tr>\n<tr data-start=\"1477\" data-end=\"1560\">\n<td data-start=\"1477\" data-end=\"1495\" data-col-size=\"sm\">Chip<\/td>\n<td data-start=\"1495\" data-end=\"1517\" data-col-size=\"sm\">Modelo<\/td>\n<td data-col-size=\"md\" data-start=\"1517\" data-end=\"1560\">T5577<\/td>\n<\/tr>\n<tr data-start=\"1561\" data-end=\"1644\">\n<td data-start=\"1561\" data-end=\"1579\" data-col-size=\"sm\">Actuaci\u00f3n<\/td>\n<td data-start=\"1579\" data-end=\"1601\" data-col-size=\"sm\">Distancia de lectura<\/td>\n<td data-start=\"1601\" data-end=\"1644\" data-col-size=\"md\">1\u20132 cm (dependiendo del lector)<\/td>\n<\/tr>\n<tr data-start=\"1645\" data-end=\"1728\">\n<td data-start=\"1645\" data-end=\"1663\" data-col-size=\"sm\">Personalizaci\u00f3n<\/td>\n<td data-col-size=\"sm\" data-start=\"1663\" data-end=\"1685\">Impresi\u00f3n<\/td>\n<td data-col-size=\"md\" data-start=\"1685\" data-end=\"1728\">Serigraf\u00eda o l\u00e1ser<\/td>\n<\/tr>\n<tr data-start=\"1729\" data-end=\"1812\">\n<td data-start=\"1729\" data-end=\"1747\" data-col-size=\"sm\">Servicios de datos<\/td>\n<td data-col-size=\"sm\" data-start=\"1747\" data-end=\"1769\">Opciones<\/td>\n<td data-col-size=\"md\" data-start=\"1769\" data-end=\"1812\">UID\/serie\/QR; codificaci\u00f3n de datos\/registro de identificaci\u00f3n<\/td>\n<\/tr>\n<tr data-start=\"1813\" data-end=\"1920\">\n<td data-start=\"1813\" data-end=\"1831\" data-col-size=\"sm\">Casos de uso<\/td>\n<td data-start=\"1831\" data-end=\"1853\" data-col-size=\"sm\">Aplicaciones t\u00edpicas<\/td>\n<td data-col-size=\"md\" data-start=\"1853\" data-end=\"1920\">Control de acceso, ticketing electr\u00f3nico, pagos, asistencia, identificaci\u00f3n, log\u00edstica<\/td>\n<\/tr>\n<\/tbody>\n<\/table>\n<\/div>\n<\/div>","protected":false},"excerpt":{"rendered":"<p>Llavero RFID T5577 de 125 kHz duradero con lecturas de 1 a 2 cm. Carcasas de ABS\/PVC\/silicona\/epoxi, impresi\u00f3n personalizada (l\u00e1ser\/serigraf\u00eda) y codificaci\u00f3n de datos para un control de acceso seguro.<\/p>","protected":false},"featured_media":974,"template":"","meta":{"_gspb_post_css":""},"product_brand":[],"product_cat":[30],"product_tag":[],"class_list":{"0":"post-973","1":"product","2":"type-product","3":"status-publish","4":"has-post-thumbnail","6":"product_cat-rfid-keyfobs","8":"first","9":"instock","10":"shipping-taxable","11":"purchasable","12":"product-type-simple"},"_links":{"self":[{"href":"https:\/\/www.cxjsmartcard.com\/es\/wp-json\/wp\/v2\/product\/973","targetHints":{"allow":["GET"]}}],"collection":[{"href":"https:\/\/www.cxjsmartcard.com\/es\/wp-json\/wp\/v2\/product"}],"about":[{"href":"https:\/\/www.cxjsmartcard.com\/es\/wp-json\/wp\/v2\/types\/product"}],"wp:featuredmedia":[{"embeddable":true,"href":"https:\/\/www.cxjsmartcard.com\/es\/wp-json\/wp\/v2\/media\/974"}],"wp:attachment":[{"href":"https:\/\/www.cxjsmartcard.com\/es\/wp-json\/wp\/v2\/media?parent=973"}],"wp:term":[{"taxonomy":"product_brand","embeddable":true,"href":"https:\/\/www.cxjsmartcard.com\/es\/wp-json\/wp\/v2\/product_brand?post=973"},{"taxonomy":"product_cat","embeddable":true,"href":"https:\/\/www.cxjsmartcard.com\/es\/wp-json\/wp\/v2\/product_cat?post=973"},{"taxonomy":"product_tag","embeddable":true,"href":"https:\/\/www.cxjsmartcard.com\/es\/wp-json\/wp\/v2\/product_tag?post=973"}],"curies":[{"name":"wp","href":"https:\/\/api.w.org\/{rel}","templated":true}]}}