{"id":961,"date":"2025-11-03T09:31:55","date_gmt":"2025-11-03T09:31:55","guid":{"rendered":"https:\/\/www.cxjsmartcard.com\/?post_type=product&#038;p=961"},"modified":"2025-12-29T01:27:07","modified_gmt":"2025-12-29T01:27:07","slug":"nxp-ntag213-215-216-nfc-sticker-labels","status":"publish","type":"product","link":"https:\/\/www.cxjsmartcard.com\/es\/nxp-ntag213-215-216-nfc-sticker-labels\/","title":{"rendered":"Etiquetas adhesivas NFC NXP NTAG213\/215\/216"},"content":{"rendered":"<p data-start=\"50\" data-end=\"436\">Etiquetas adhesivas NFC fabricadas con NXP NTAG213\/215\/216 para un acceso r\u00e1pido y fiable a smartphones y lectores ISO 14443A. Totalmente compatibles con la etiqueta NFC Forum Tipo 2 y con NDEF, estas etiquetas son ideales para marketing inteligente, autenticaci\u00f3n de productos, etiquetado de estanter\u00edas, entradas y eventos. Su tama\u00f1o compacto, alto rendimiento de RF y s\u00f3lidas funciones de seguridad facilitan su implementaci\u00f3n a gran escala.<\/p>\n<p data-start=\"438\" data-end=\"456\"><strong data-start=\"438\" data-end=\"454\">Caracter\u00edsticas principales<\/strong><\/p>\n<ul data-start=\"457\" data-end=\"964\">\n<li data-start=\"457\" data-end=\"517\">\n<p data-start=\"459\" data-end=\"517\">HF 13,56 MHz; ISO\/IEC 14443 Tipo A; Etiqueta NFC Forum Tipo 2<\/p>\n<\/li>\n<li data-start=\"518\" data-end=\"590\">\n<p data-start=\"520\" data-end=\"590\">Alta confiabilidad de escaneo con anticolisi\u00f3n para entornos de m\u00faltiples etiquetas<\/p>\n<\/li>\n<li data-start=\"591\" data-end=\"707\">\n<p data-start=\"593\" data-end=\"707\">Seguridad: UID de 7 bytes del fabricante, firma de originalidad ECC, contrase\u00f1a de 32 bits, bits OTP, bloqueo programable en campo<\/p>\n<\/li>\n<li data-start=\"708\" data-end=\"798\">\n<p data-start=\"710\" data-end=\"798\">Velocidad de datos 106 kbit\/s; compatible con NDEF para URL, ID, emparejamiento Wi-Fi\/Bluetooth, tarjetas de contacto<\/p>\n<\/li>\n<li data-start=\"799\" data-end=\"874\">\n<p data-start=\"801\" data-end=\"874\">Materiales: PVC\/papel\/papel recubierto; suministrado en rollo o en piezas individuales<\/p>\n<\/li>\n<li data-start=\"875\" data-end=\"964\">\n<p data-start=\"877\" data-end=\"964\">Servicios de impresi\u00f3n y datos personalizados: logotipo, gr\u00e1ficos, serie\/UID, c\u00f3digo QR\/de barras, precodificaci\u00f3n<\/p>\n<\/li>\n<\/ul>\n<p data-start=\"966\" data-end=\"1138\"><strong data-start=\"966\" data-end=\"982\">Aplicaciones<\/strong><br data-start=\"982\" data-end=\"985\" \/>Marketing y publicidad inteligentes \u2022 Autenticaci\u00f3n de productos \u2022 Etiquetas de estante NFC \u2022 Tarjetas de presentaci\u00f3n y pases de membres\u00eda\/eventos \u2022 Emparejamiento r\u00e1pido Bluetooth\/Wi-Fi.<\/p>\n<h2 data-start=\"1140\" data-end=\"1165\">Tabla (Especificaciones)<\/h2>\n<div class=\"_tableContainer_1rjym_1\">\n<div class=\"group _tableWrapper_1rjym_13 flex w-fit flex-col-reverse\" tabindex=\"-1\">\n<table class=\"w-fit min-w-(--thread-content-width)\" data-start=\"1167\" data-end=\"3012\">\n<thead data-start=\"1167\" data-end=\"1289\">\n<tr data-start=\"1167\" data-end=\"1289\">\n<th data-start=\"1167\" data-end=\"1188\" data-col-size=\"sm\">Categor\u00eda<\/th>\n<th data-start=\"1188\" data-end=\"1216\" data-col-size=\"sm\">Par\u00e1metro<\/th>\n<th data-start=\"1216\" data-end=\"1289\" data-col-size=\"md\">Valor<\/th>\n<\/tr>\n<\/thead>\n<tbody data-start=\"1413\" data-end=\"3012\">\n<tr data-start=\"1413\" data-end=\"1534\">\n<td data-start=\"1413\" data-end=\"1434\" data-col-size=\"sm\">Producto<\/td>\n<td data-start=\"1434\" data-end=\"1462\" data-col-size=\"sm\">Nombre<\/td>\n<td data-col-size=\"md\" data-start=\"1462\" data-end=\"1534\">Etiqueta adhesiva NFC NXP NTAG213 \/ NTAG215 \/ NTAG216<\/td>\n<\/tr>\n<tr data-start=\"1535\" data-end=\"1657\">\n<td data-start=\"1535\" data-end=\"1556\" data-col-size=\"sm\">CI<\/td>\n<td data-col-size=\"sm\" data-start=\"1556\" data-end=\"1584\">Modelos de chips<\/td>\n<td data-col-size=\"md\" data-start=\"1584\" data-end=\"1657\">NTAG213, NTAG215, NTAG216 (opciones personalizadas disponibles)<\/td>\n<\/tr>\n<tr data-start=\"1658\" data-end=\"1781\">\n<td data-start=\"1658\" data-end=\"1679\" data-col-size=\"sm\">RF<\/td>\n<td data-start=\"1679\" data-end=\"1707\" data-col-size=\"sm\">Frecuencia<\/td>\n<td data-start=\"1707\" data-end=\"1781\" data-col-size=\"md\">13,56 MHz (HF)<\/td>\n<\/tr>\n<tr data-start=\"1782\" data-end=\"1904\">\n<td data-start=\"1782\" data-end=\"1803\" data-col-size=\"sm\"><\/td>\n<td data-col-size=\"sm\" data-start=\"1803\" data-end=\"1831\">Protocolo<\/td>\n<td data-col-size=\"md\" data-start=\"1831\" data-end=\"1904\">Etiqueta ISO\/IEC 14443 Tipo A; Etiqueta NFC Forum Tipo 2<\/td>\n<\/tr>\n<tr data-start=\"1905\" data-end=\"2028\">\n<td data-start=\"1905\" data-end=\"1926\" data-col-size=\"sm\">Actuaci\u00f3n<\/td>\n<td data-col-size=\"sm\" data-start=\"1926\" data-end=\"1954\">Tasa de comunicaci\u00f3n<\/td>\n<td data-col-size=\"md\" data-start=\"1954\" data-end=\"2028\">106 kbit\/s<\/td>\n<\/tr>\n<tr data-start=\"2029\" data-end=\"2151\">\n<td data-start=\"2029\" data-end=\"2050\" data-col-size=\"sm\">Anticolisi\u00f3n<\/td>\n<td data-start=\"2050\" data-end=\"2078\" data-col-size=\"sm\">Compatibilidad con m\u00faltiples etiquetas<\/td>\n<td data-start=\"2078\" data-end=\"2151\" data-col-size=\"md\">S\u00ed: selecciona las etiquetas individualmente en el campo<\/td>\n<\/tr>\n<tr data-start=\"2152\" data-end=\"2274\">\n<td data-start=\"2152\" data-end=\"2173\" data-col-size=\"sm\">Seguridad<\/td>\n<td data-col-size=\"sm\" data-start=\"2173\" data-end=\"2201\">Caracter\u00edsticas<\/td>\n<td data-col-size=\"md\" data-start=\"2201\" data-end=\"2274\">UID de 7 bytes; firma de originalidad ECC; contrase\u00f1a de 32 bits; OTP; bits de bloqueo<\/td>\n<\/tr>\n<tr data-start=\"2275\" data-end=\"2397\">\n<td data-start=\"2275\" data-end=\"2296\" data-col-size=\"sm\">Materiales<\/td>\n<td data-col-size=\"sm\" data-start=\"2296\" data-end=\"2324\">Cara\/Sustrato<\/td>\n<td data-col-size=\"md\" data-start=\"2324\" data-end=\"2397\">PVC, papel, papel estucado<\/td>\n<\/tr>\n<tr data-start=\"2398\" data-end=\"2520\">\n<td data-start=\"2398\" data-end=\"2419\" data-col-size=\"sm\">Dimensiones<\/td>\n<td data-col-size=\"sm\" data-start=\"2419\" data-end=\"2447\">Tama\u00f1os est\u00e1ndar<\/td>\n<td data-col-size=\"md\" data-start=\"2447\" data-end=\"2520\">\u00d825 \/ 30 \/ 35 \/ 40 \/ 45 \/ 50 mm; tama\u00f1os y formas personalizados<\/td>\n<\/tr>\n<tr data-start=\"2521\" data-end=\"2643\">\n<td data-start=\"2521\" data-end=\"2542\" data-col-size=\"sm\">Personalizaci\u00f3n<\/td>\n<td data-col-size=\"sm\" data-start=\"2542\" data-end=\"2570\">Impresi\u00f3n\/Embalaje<\/td>\n<td data-col-size=\"md\" data-start=\"2570\" data-end=\"2643\">Logotipo, gr\u00e1ficos, QR, n\u00famero de serie; embalaje en bobina o pieza \u00fanica<\/td>\n<\/tr>\n<tr data-start=\"2644\" data-end=\"2766\">\n<td data-start=\"2644\" data-end=\"2665\" data-col-size=\"sm\">Servicios de datos<\/td>\n<td data-start=\"2665\" data-end=\"2693\" data-col-size=\"sm\">Codificaci\u00f3n<\/td>\n<td data-col-size=\"md\" data-start=\"2693\" data-end=\"2766\">Precodificaci\u00f3n NDEF\/EPC disponible<\/td>\n<\/tr>\n<tr data-start=\"2767\" data-end=\"2889\">\n<td data-start=\"2767\" data-end=\"2788\" data-col-size=\"sm\">Ventajas<\/td>\n<td data-col-size=\"sm\" data-start=\"2788\" data-end=\"2816\">Reflejos<\/td>\n<td data-col-size=\"md\" data-start=\"2816\" data-end=\"2889\">Tama\u00f1o reducido, lectura r\u00e1pida, alto rendimiento de RF, seguro y flexible.<\/td>\n<\/tr>\n<tr data-start=\"2890\" data-end=\"3012\">\n<td data-start=\"2890\" data-end=\"2911\" data-col-size=\"sm\">Aplicaciones<\/td>\n<td data-col-size=\"sm\" data-start=\"2911\" data-end=\"2939\">Casos de uso t\u00edpicos<\/td>\n<td data-col-size=\"md\" data-start=\"2939\" data-end=\"3012\">Marketing, autenticaci\u00f3n, etiquetas de estanter\u00eda, tarjetas, maridaje<\/td>\n<\/tr>\n<\/tbody>\n<\/table>\n<\/div>\n<\/div>","protected":false},"excerpt":{"rendered":"<p>Etiquetas adhesivas NFC con NXP NTAG213\/215\/216\u201413,56 MHz, ISO 14443A, funciones seguras, compatible con NDEF e impresi\u00f3n\/codificaci\u00f3n personalizables para marketing, autenticaci\u00f3n y eventos.<\/p>","protected":false},"featured_media":962,"template":"","meta":{"_gspb_post_css":""},"product_brand":[],"product_cat":[29],"product_tag":[],"class_list":{"0":"post-961","1":"product","2":"type-product","3":"status-publish","4":"has-post-thumbnail","6":"product_cat-nfc-tags","8":"first","9":"instock","10":"shipping-taxable","11":"purchasable","12":"product-type-simple"},"_links":{"self":[{"href":"https:\/\/www.cxjsmartcard.com\/es\/wp-json\/wp\/v2\/product\/961","targetHints":{"allow":["GET"]}}],"collection":[{"href":"https:\/\/www.cxjsmartcard.com\/es\/wp-json\/wp\/v2\/product"}],"about":[{"href":"https:\/\/www.cxjsmartcard.com\/es\/wp-json\/wp\/v2\/types\/product"}],"wp:featuredmedia":[{"embeddable":true,"href":"https:\/\/www.cxjsmartcard.com\/es\/wp-json\/wp\/v2\/media\/962"}],"wp:attachment":[{"href":"https:\/\/www.cxjsmartcard.com\/es\/wp-json\/wp\/v2\/media?parent=961"}],"wp:term":[{"taxonomy":"product_brand","embeddable":true,"href":"https:\/\/www.cxjsmartcard.com\/es\/wp-json\/wp\/v2\/product_brand?post=961"},{"taxonomy":"product_cat","embeddable":true,"href":"https:\/\/www.cxjsmartcard.com\/es\/wp-json\/wp\/v2\/product_cat?post=961"},{"taxonomy":"product_tag","embeddable":true,"href":"https:\/\/www.cxjsmartcard.com\/es\/wp-json\/wp\/v2\/product_tag?post=961"}],"curies":[{"name":"wp","href":"https:\/\/api.w.org\/{rel}","templated":true}]}}