{"id":954,"date":"2025-11-03T09:30:20","date_gmt":"2025-11-03T09:30:20","guid":{"rendered":"https:\/\/www.cxjsmartcard.com\/?post_type=product&#038;p=954"},"modified":"2025-12-29T01:27:07","modified_gmt":"2025-12-29T01:27:07","slug":"nxp-mifare-ultralight-ev1-nfc-sticker","status":"publish","type":"product","link":"https:\/\/www.cxjsmartcard.com\/es\/nxp-mifare-ultralight-ev1-nfc-sticker\/","title":{"rendered":"Adhesivo NFC NXP MIFARE Ultralight EV1"},"content":{"rendered":"<p data-start=\"49\" data-end=\"419\">Pegatinas NFC basadas en MIFARE Ultralight\u00ae EV1 para experiencias de contacto seguras, r\u00e1pidas y compatibles con tel\u00e9fonos. Ideales para pagos m\u00f3viles, control de acceso, tickets electr\u00f3nicos, fidelizaci\u00f3n, marketing y autenticaci\u00f3n de productos. Cada etiqueta es anticolisi\u00f3n y cuenta con un UID de 7 bytes, memoria OTP, contadores unidireccionales, firma de originalidad ECC y protecci\u00f3n con contrase\u00f1a opcional.<\/p>\n<p data-start=\"421\" data-end=\"560\"><strong data-start=\"421\" data-end=\"445\">Materiales e impresi\u00f3n<\/strong><br data-start=\"445\" data-end=\"448\" \/>Papel, papel autoadhesivo, PVC, pl\u00e1stico blando o PET con impresi\u00f3n a todo color (logotipos, gr\u00e1ficos, datos variables).<\/p>\n<p data-start=\"562\" data-end=\"655\"><strong data-start=\"562\" data-end=\"586\">Tama\u00f1os (personalizables)<\/strong><br data-start=\"586\" data-end=\"589\" \/>\u00d825 mm, 25\u00d725 mm, 30\u00d730 mm, 40\u00d740 mm, 50\u00d750 mm y formas personalizadas.<\/p>\n<p data-start=\"657\" data-end=\"752\"><strong data-start=\"657\" data-end=\"690\">Chips compatibles (bajo pedido)<\/strong><br data-start=\"690\" data-end=\"693\" \/>MIFARE Ultralight\u00ae \/ Ultralight\u00ae C \u2022 NTAG\u00ae 203 \/ 213 \/ 216.<\/p>\n<p data-start=\"754\" data-end=\"946\"><strong data-start=\"754\" data-end=\"770\">Aplicaciones<\/strong><br data-start=\"770\" data-end=\"773\" \/>Pagos m\u00f3viles sin contacto \u2022 Control de acceso \u2022 Entradas electr\u00f3nicas y pases diarios para eventos \u2022 Programas de fidelizaci\u00f3n y campa\u00f1as de marketing \u2022 Autenticaci\u00f3n de productos y acceso a contenido digital.<\/p>\n<p data-start=\"948\" data-end=\"1144\"><strong data-start=\"948\" data-end=\"964\">Beneficios clave<\/strong><br data-start=\"964\" data-end=\"967\" \/>Transacciones r\u00e1pidas (&lt;35 ms) \u2022 Dise\u00f1o seguro y a prueba de manipulaciones \u2022 Integraci\u00f3n flexible en tickets, tarjetas y etiquetas \u2022 Escalable para implementaciones masivas y entornos de alto tr\u00e1fico.<\/p>\n<h2 data-start=\"1146\" data-end=\"1171\">Tabla (Especificaciones)<\/h2>\n<div class=\"_tableContainer_1rjym_1\">\n<div class=\"group _tableWrapper_1rjym_13 flex w-fit flex-col-reverse\" tabindex=\"-1\">\n<table class=\"w-fit min-w-(--thread-content-width)\" data-start=\"1173\" data-end=\"2573\">\n<thead data-start=\"1173\" data-end=\"1278\">\n<tr data-start=\"1173\" data-end=\"1278\">\n<th data-start=\"1173\" data-end=\"1191\" data-col-size=\"sm\">Categor\u00eda<\/th>\n<th data-start=\"1191\" data-end=\"1214\" data-col-size=\"sm\">Par\u00e1metro<\/th>\n<th data-start=\"1214\" data-end=\"1278\" data-col-size=\"md\">Valor<\/th>\n<\/tr>\n<\/thead>\n<tbody data-start=\"1385\" data-end=\"2573\">\n<tr data-start=\"1385\" data-end=\"1490\">\n<td data-start=\"1385\" data-end=\"1403\" data-col-size=\"sm\">Producto<\/td>\n<td data-start=\"1403\" data-end=\"1426\" data-col-size=\"sm\">Tipo<\/td>\n<td data-start=\"1426\" data-end=\"1490\" data-col-size=\"md\">Etiqueta\/pegatina NFC<\/td>\n<\/tr>\n<tr data-start=\"1491\" data-end=\"1596\">\n<td data-start=\"1491\" data-end=\"1509\" data-col-size=\"sm\">RF<\/td>\n<td data-start=\"1509\" data-end=\"1532\" data-col-size=\"sm\">Frecuencia<\/td>\n<td data-col-size=\"md\" data-start=\"1532\" data-end=\"1596\">13,56 MHz<\/td>\n<\/tr>\n<tr data-start=\"1597\" data-end=\"1702\">\n<td data-start=\"1597\" data-end=\"1616\" data-col-size=\"sm\"><\/td>\n<td data-col-size=\"sm\" data-start=\"1616\" data-end=\"1638\">Protocolo<\/td>\n<td data-col-size=\"md\" data-start=\"1638\" data-end=\"1702\">ISO\/IEC 14443 Tipo A<\/td>\n<\/tr>\n<tr data-start=\"1703\" data-end=\"1808\">\n<td data-start=\"1703\" data-end=\"1721\" data-col-size=\"sm\">CI<\/td>\n<td data-start=\"1721\" data-end=\"1744\" data-col-size=\"sm\">Por defecto<\/td>\n<td data-col-size=\"md\" data-start=\"1744\" data-end=\"1808\">MIFARE Ultralight\u00ae EV1<\/td>\n<\/tr>\n<tr data-start=\"1809\" data-end=\"1935\">\n<td data-start=\"1809\" data-end=\"1827\" data-col-size=\"sm\">Seguridad<\/td>\n<td data-start=\"1827\" data-end=\"1850\" data-col-size=\"sm\">Caracter\u00edsticas<\/td>\n<td data-col-size=\"md\" data-start=\"1850\" data-end=\"1935\">UID de 7 bytes; OTP; contadores unidireccionales; firma de originalidad ECC; protecci\u00f3n con contrase\u00f1a<\/td>\n<\/tr>\n<tr data-start=\"1936\" data-end=\"2041\">\n<td data-start=\"1936\" data-end=\"1954\" data-col-size=\"sm\">Anticolisi\u00f3n<\/td>\n<td data-col-size=\"sm\" data-start=\"1954\" data-end=\"1977\">Lecturas de m\u00faltiples etiquetas<\/td>\n<td data-col-size=\"md\" data-start=\"1977\" data-end=\"2041\">Apoyado<\/td>\n<\/tr>\n<tr data-start=\"2042\" data-end=\"2147\">\n<td data-start=\"2042\" data-end=\"2060\" data-col-size=\"sm\">Materiales<\/td>\n<td data-col-size=\"sm\" data-start=\"2060\" data-end=\"2083\">Cara\/Sustrato<\/td>\n<td data-col-size=\"md\" data-start=\"2083\" data-end=\"2147\">Papel, papel autoadhesivo, PVC, pl\u00e1stico blando, PET<\/td>\n<\/tr>\n<tr data-start=\"2148\" data-end=\"2253\">\n<td data-start=\"2148\" data-end=\"2166\" data-col-size=\"sm\">Dimensiones<\/td>\n<td data-col-size=\"sm\" data-start=\"2166\" data-end=\"2189\">Tama\u00f1os est\u00e1ndar<\/td>\n<td data-col-size=\"md\" data-start=\"2189\" data-end=\"2253\">\u00d825 mm; 25\u00d725; 30\u00d730; 40\u00d740; 50\u00d750 mm; personalizado<\/td>\n<\/tr>\n<tr data-start=\"2254\" data-end=\"2359\">\n<td data-start=\"2254\" data-end=\"2272\" data-col-size=\"sm\">Impresi\u00f3n<\/td>\n<td data-col-size=\"sm\" data-start=\"2272\" data-end=\"2295\">M\u00e9todos<\/td>\n<td data-col-size=\"md\" data-start=\"2295\" data-end=\"2359\">A todo color (logotipos, gr\u00e1ficos, datos variables)<\/td>\n<\/tr>\n<tr data-start=\"2360\" data-end=\"2465\">\n<td data-start=\"2360\" data-end=\"2378\" data-col-size=\"sm\">Opciones<\/td>\n<td data-col-size=\"sm\" data-start=\"2378\" data-end=\"2401\">Chips alternativos<\/td>\n<td data-col-size=\"md\" data-start=\"2401\" data-end=\"2465\">Ultraligero C; NTAG 203\/213\/216<\/td>\n<\/tr>\n<tr data-start=\"2466\" data-end=\"2573\">\n<td data-start=\"2466\" data-end=\"2484\" data-col-size=\"sm\">Casos de uso<\/td>\n<td data-start=\"2484\" data-end=\"2507\" data-col-size=\"sm\">Aplicaciones<\/td>\n<td data-col-size=\"md\" data-start=\"2507\" data-end=\"2573\">Pagos, acceso, e-tickets, fidelizaci\u00f3n\/marketing, autenticaci\u00f3n<\/td>\n<\/tr>\n<\/tbody>\n<\/table>\n<\/div>\n<\/div>","protected":false},"excerpt":{"rendered":"<p>Pegatinas NFC con MIFARE Ultralight EV1\u2014ISO 14443A, toques r\u00e1pidos y seguros, anticolisi\u00f3n y caras imprimibles a todo color para pagos, acceso, boletos electr\u00f3nicos y campa\u00f1as de marca.<\/p>","protected":false},"featured_media":955,"template":"","meta":{"_gspb_post_css":""},"product_brand":[],"product_cat":[29],"product_tag":[],"class_list":{"0":"post-954","1":"product","2":"type-product","3":"status-publish","4":"has-post-thumbnail","6":"product_cat-nfc-tags","8":"first","9":"instock","10":"shipping-taxable","11":"purchasable","12":"product-type-simple"},"_links":{"self":[{"href":"https:\/\/www.cxjsmartcard.com\/es\/wp-json\/wp\/v2\/product\/954","targetHints":{"allow":["GET"]}}],"collection":[{"href":"https:\/\/www.cxjsmartcard.com\/es\/wp-json\/wp\/v2\/product"}],"about":[{"href":"https:\/\/www.cxjsmartcard.com\/es\/wp-json\/wp\/v2\/types\/product"}],"wp:featuredmedia":[{"embeddable":true,"href":"https:\/\/www.cxjsmartcard.com\/es\/wp-json\/wp\/v2\/media\/955"}],"wp:attachment":[{"href":"https:\/\/www.cxjsmartcard.com\/es\/wp-json\/wp\/v2\/media?parent=954"}],"wp:term":[{"taxonomy":"product_brand","embeddable":true,"href":"https:\/\/www.cxjsmartcard.com\/es\/wp-json\/wp\/v2\/product_brand?post=954"},{"taxonomy":"product_cat","embeddable":true,"href":"https:\/\/www.cxjsmartcard.com\/es\/wp-json\/wp\/v2\/product_cat?post=954"},{"taxonomy":"product_tag","embeddable":true,"href":"https:\/\/www.cxjsmartcard.com\/es\/wp-json\/wp\/v2\/product_tag?post=954"}],"curies":[{"name":"wp","href":"https:\/\/api.w.org\/{rel}","templated":true}]}}