{"id":943,"date":"2025-11-03T09:28:48","date_gmt":"2025-11-03T09:28:48","guid":{"rendered":"https:\/\/www.cxjsmartcard.com\/?post_type=product&#038;p=943"},"modified":"2025-12-29T01:27:07","modified_gmt":"2025-12-29T01:27:07","slug":"ntag213-nfc-keychain-abs-rfid-keyfob","status":"publish","type":"product","link":"https:\/\/www.cxjsmartcard.com\/es\/ntag213-nfc-keychain-abs-rfid-keyfob\/","title":{"rendered":"Llavero NFC NTAG213 ABS RFID"},"content":{"rendered":"<p data-start=\"48\" data-end=\"332\">Llavero NFC compacto y duradero, fabricado en ABS, para el control de acceso e identificaci\u00f3n diarios. El n\u00facleo NTAG213 (HF 13,56 MHz) permite un acceso r\u00e1pido y fiable a smartphones y lectores ISO 14443A. F\u00e1cil de llevar en el llavero y personalizable con opciones de color, impresi\u00f3n y chip.<\/p>\n<p data-start=\"334\" data-end=\"352\"><strong data-start=\"334\" data-end=\"350\">Caracter\u00edsticas principales<\/strong><\/p>\n<ul data-start=\"353\" data-end=\"614\">\n<li data-start=\"353\" data-end=\"390\">\n<p data-start=\"355\" data-end=\"390\">Minietiqueta impermeable y resistente a la intemperie<\/p>\n<\/li>\n<li data-start=\"391\" data-end=\"429\">\n<p data-start=\"393\" data-end=\"429\">NFC\/RFID de 13,56 MHz, ISO\/IEC 14443A<\/p>\n<\/li>\n<li data-start=\"430\" data-end=\"489\">\n<p data-start=\"432\" data-end=\"489\">Distancia de lectura t\u00edpica: 2\u20135 cm (dependiendo del lector\/dispositivo)<\/p>\n<\/li>\n<li data-start=\"490\" data-end=\"545\">\n<p data-start=\"492\" data-end=\"545\">Colores personalizables, logotipos, n\u00famero de serie\/UID, c\u00f3digos QR\/de barras<\/p>\n<\/li>\n<li data-start=\"546\" data-end=\"599\">\n<p data-start=\"548\" data-end=\"599\">M\u00faltiples opciones de circuitos integrados para necesidades de seguridad y memoria<\/p>\n<\/li>\n<li data-start=\"600\" data-end=\"614\">\n<p data-start=\"602\" data-end=\"614\">Cantidad m\u00ednima de pedido: 200 piezas<\/p>\n<\/li>\n<\/ul>\n<p data-start=\"616\" data-end=\"778\"><strong data-start=\"616\" data-end=\"632\">Aplicaciones<\/strong><br data-start=\"632\" data-end=\"635\" \/>Control de acceso \u2022 Transporte p\u00fablico \u2022 Pago sin efectivo\/circuito cerrado \u2022 Horario y asistencia \u2022 Gesti\u00f3n de membres\u00edas y visitantes \u2022 Check-in inteligente.<\/p>\n<h2 data-start=\"780\" data-end=\"805\">Tabla (Especificaciones)<\/h2>\n<div class=\"_tableContainer_1rjym_1\">\n<div class=\"group _tableWrapper_1rjym_13 flex w-fit flex-col-reverse\" tabindex=\"-1\">\n<table class=\"w-fit min-w-(--thread-content-width)\" data-start=\"807\" data-end=\"3398\">\n<thead data-start=\"807\" data-end=\"929\">\n<tr data-start=\"807\" data-end=\"929\">\n<th data-start=\"807\" data-end=\"829\" data-col-size=\"sm\">Categor\u00eda<\/th>\n<th data-start=\"829\" data-end=\"856\" data-col-size=\"sm\">Par\u00e1metro<\/th>\n<th data-start=\"856\" data-end=\"929\" data-col-size=\"md\">Valor<\/th>\n<\/tr>\n<\/thead>\n<tbody data-start=\"1052\" data-end=\"3398\">\n<tr data-start=\"1052\" data-end=\"1173\">\n<td data-start=\"1052\" data-end=\"1073\" data-col-size=\"sm\">Producto<\/td>\n<td data-col-size=\"sm\" data-start=\"1073\" data-end=\"1100\">Nombre<\/td>\n<td data-col-size=\"md\" data-start=\"1100\" data-end=\"1173\">Llavero RFID ABS<\/td>\n<\/tr>\n<tr data-start=\"1174\" data-end=\"1295\">\n<td data-start=\"1174\" data-end=\"1195\" data-col-size=\"sm\">Factor de forma<\/td>\n<td data-col-size=\"sm\" data-start=\"1195\" data-end=\"1222\">Estilo<\/td>\n<td data-col-size=\"md\" data-start=\"1222\" data-end=\"1295\">Llavero (minietiqueta)<\/td>\n<\/tr>\n<tr data-start=\"1296\" data-end=\"1417\">\n<td data-start=\"1296\" data-end=\"1317\" data-col-size=\"sm\">Materiales<\/td>\n<td data-col-size=\"sm\" data-start=\"1317\" data-end=\"1344\">Cuerpo<\/td>\n<td data-col-size=\"md\" data-start=\"1344\" data-end=\"1417\">ABS (pl\u00e1stico)<\/td>\n<\/tr>\n<tr data-start=\"1418\" data-end=\"1539\">\n<td data-start=\"1418\" data-end=\"1439\" data-col-size=\"sm\">Dimensiones<\/td>\n<td data-col-size=\"sm\" data-start=\"1439\" data-end=\"1466\">Tama\u00f1o<\/td>\n<td data-col-size=\"md\" data-start=\"1466\" data-end=\"1539\">2,36 \u00d7 1,18 \u00d7 0,16 pulgadas (aprox.)<\/td>\n<\/tr>\n<tr data-start=\"1540\" data-end=\"1661\">\n<td data-start=\"1540\" data-end=\"1561\" data-col-size=\"sm\">Interfaz RF<\/td>\n<td data-start=\"1561\" data-end=\"1588\" data-col-size=\"sm\">Frecuencia<\/td>\n<td data-start=\"1588\" data-end=\"1661\" data-col-size=\"md\">13,56 MHz (HF)<\/td>\n<\/tr>\n<tr data-start=\"1662\" data-end=\"1783\">\n<td data-start=\"1662\" data-end=\"1683\" data-col-size=\"sm\"><\/td>\n<td data-start=\"1683\" data-end=\"1710\" data-col-size=\"sm\">Protocolo<\/td>\n<td data-start=\"1710\" data-end=\"1783\" data-col-size=\"md\">ISO\/IEC 14443A<\/td>\n<\/tr>\n<tr data-start=\"1784\" data-end=\"1905\">\n<td data-start=\"1784\" data-end=\"1805\" data-col-size=\"sm\">Comunicaci\u00f3n<\/td>\n<td data-col-size=\"sm\" data-start=\"1805\" data-end=\"1832\">Interfaces<\/td>\n<td data-col-size=\"md\" data-start=\"1832\" data-end=\"1905\">RFID, NFC<\/td>\n<\/tr>\n<tr data-start=\"1906\" data-end=\"2028\">\n<td data-start=\"1906\" data-end=\"1927\" data-col-size=\"sm\">Chip predeterminado<\/td>\n<td data-col-size=\"sm\" data-start=\"1927\" data-end=\"1955\">CI<\/td>\n<td data-col-size=\"md\" data-start=\"1955\" data-end=\"2028\">NTAG213<\/td>\n<\/tr>\n<tr data-start=\"2029\" data-end=\"2168\">\n<td data-start=\"2029\" data-end=\"2050\" data-col-size=\"sm\">Opciones de chip (HF)<\/td>\n<td data-col-size=\"sm\" data-start=\"2050\" data-end=\"2077\">Familia NTAG<\/td>\n<td data-col-size=\"md\" data-start=\"2077\" data-end=\"2168\">NTAG213 (180 B), NTAG215 (540 B), NTAG216 (924 B), TagTamper, 424 ADN\/424 ADN TagTamper<\/td>\n<\/tr>\n<tr data-start=\"2169\" data-end=\"2290\">\n<td data-start=\"2169\" data-end=\"2190\" data-col-size=\"sm\"><\/td>\n<td data-start=\"2190\" data-end=\"2217\" data-col-size=\"sm\">MIFARE Cl\u00e1sico<\/td>\n<td data-col-size=\"md\" data-start=\"2217\" data-end=\"2290\">1K, 4K<\/td>\n<\/tr>\n<tr data-start=\"2291\" data-end=\"2412\">\n<td data-start=\"2291\" data-end=\"2312\" data-col-size=\"sm\"><\/td>\n<td data-col-size=\"sm\" data-start=\"2312\" data-end=\"2339\">MIFARE Plus<\/td>\n<td data-col-size=\"md\" data-start=\"2339\" data-end=\"2412\">M\u00e1s EV2 (2K\/4K), M\u00e1s SE (1K)<\/td>\n<\/tr>\n<tr data-start=\"2413\" data-end=\"2534\">\n<td data-start=\"2413\" data-end=\"2434\" data-col-size=\"sm\"><\/td>\n<td data-start=\"2434\" data-end=\"2461\" data-col-size=\"sm\">MIFARE DESFire<\/td>\n<td data-col-size=\"md\" data-start=\"2461\" data-end=\"2534\">EV1 \/ EV2 \/ EV3 (2K\/4K\/8K)<\/td>\n<\/tr>\n<tr data-start=\"2535\" data-end=\"2666\">\n<td data-start=\"2535\" data-end=\"2556\" data-col-size=\"sm\"><\/td>\n<td data-col-size=\"sm\" data-start=\"2556\" data-end=\"2583\">C\u00f3digo ICO (ISO 15693)<\/td>\n<td data-col-size=\"md\" data-start=\"2583\" data-end=\"2666\">SLI (1024 bits), SLIX, SLIX2 (2560 bits), SLIX-S (2048 bits), SLIX-L (512 bits)<\/td>\n<\/tr>\n<tr data-start=\"2667\" data-end=\"2788\">\n<td data-start=\"2667\" data-end=\"2688\" data-col-size=\"sm\">Actuaci\u00f3n<\/td>\n<td data-col-size=\"sm\" data-start=\"2688\" data-end=\"2715\">Distancia de lectura<\/td>\n<td data-col-size=\"md\" data-start=\"2715\" data-end=\"2788\">2\u20135 cm (dependiendo del dispositivo\/antena)<\/td>\n<\/tr>\n<tr data-start=\"2789\" data-end=\"2910\">\n<td data-start=\"2789\" data-end=\"2810\" data-col-size=\"sm\">Durabilidad<\/td>\n<td data-start=\"2810\" data-end=\"2837\" data-col-size=\"sm\">Caracter\u00edsticas especiales<\/td>\n<td data-col-size=\"md\" data-start=\"2837\" data-end=\"2910\">Resistente al agua y a la intemperie; carcasa ABS robusta<\/td>\n<\/tr>\n<tr data-start=\"2911\" data-end=\"3032\">\n<td data-start=\"2911\" data-end=\"2932\" data-col-size=\"sm\">Personalizaci\u00f3n<\/td>\n<td data-start=\"2932\" data-end=\"2959\" data-col-size=\"sm\">Color\/Impresi\u00f3n<\/td>\n<td data-col-size=\"md\" data-start=\"2959\" data-end=\"3032\">Colores personalizados; logotipo\/texto; l\u00e1ser\/impresi\u00f3n; UID\/serie, QR\/c\u00f3digo de barras<\/td>\n<\/tr>\n<tr data-start=\"3033\" data-end=\"3154\">\n<td data-start=\"3033\" data-end=\"3054\" data-col-size=\"sm\">Embalaje<\/td>\n<td data-col-size=\"sm\" data-start=\"3054\" data-end=\"3081\">Cantidad m\u00ednima de pedido<\/td>\n<td data-col-size=\"md\" data-start=\"3081\" data-end=\"3154\">200 piezas<\/td>\n<\/tr>\n<tr data-start=\"3155\" data-end=\"3276\">\n<td data-start=\"3155\" data-end=\"3176\" data-col-size=\"sm\">Origen<\/td>\n<td data-col-size=\"sm\" data-start=\"3176\" data-end=\"3203\">Lugar de origen<\/td>\n<td data-col-size=\"md\" data-start=\"3203\" data-end=\"3276\">Porcelana<\/td>\n<\/tr>\n<tr data-start=\"3277\" data-end=\"3398\">\n<td data-start=\"3277\" data-end=\"3298\" data-col-size=\"sm\">Casos de uso<\/td>\n<td data-col-size=\"sm\" data-start=\"3298\" data-end=\"3325\">Aplicaciones<\/td>\n<td data-col-size=\"md\" data-start=\"3325\" data-end=\"3398\">Control de acceso, transporte, pago, identificaci\u00f3n, membres\u00eda, asistencia<\/td>\n<\/tr>\n<\/tbody>\n<\/table>\n<\/div>\n<\/div>","protected":false},"excerpt":{"rendered":"<p>Llavero NFC ABS duradero con NTAG213: minietiqueta impermeable para control de acceso e identificaci\u00f3n diaria. 13,56 MHz ISO 14443A, lecturas de 2 a 5 cm, colores e impresi\u00f3n personalizables.<\/p>","protected":false},"featured_media":949,"template":"","meta":{"_gspb_post_css":""},"product_brand":[],"product_cat":[29],"product_tag":[],"class_list":{"0":"post-943","1":"product","2":"type-product","3":"status-publish","4":"has-post-thumbnail","6":"product_cat-nfc-tags","8":"first","9":"instock","10":"shipping-taxable","11":"purchasable","12":"product-type-simple"},"_links":{"self":[{"href":"https:\/\/www.cxjsmartcard.com\/es\/wp-json\/wp\/v2\/product\/943","targetHints":{"allow":["GET"]}}],"collection":[{"href":"https:\/\/www.cxjsmartcard.com\/es\/wp-json\/wp\/v2\/product"}],"about":[{"href":"https:\/\/www.cxjsmartcard.com\/es\/wp-json\/wp\/v2\/types\/product"}],"wp:featuredmedia":[{"embeddable":true,"href":"https:\/\/www.cxjsmartcard.com\/es\/wp-json\/wp\/v2\/media\/949"}],"wp:attachment":[{"href":"https:\/\/www.cxjsmartcard.com\/es\/wp-json\/wp\/v2\/media?parent=943"}],"wp:term":[{"taxonomy":"product_brand","embeddable":true,"href":"https:\/\/www.cxjsmartcard.com\/es\/wp-json\/wp\/v2\/product_brand?post=943"},{"taxonomy":"product_cat","embeddable":true,"href":"https:\/\/www.cxjsmartcard.com\/es\/wp-json\/wp\/v2\/product_cat?post=943"},{"taxonomy":"product_tag","embeddable":true,"href":"https:\/\/www.cxjsmartcard.com\/es\/wp-json\/wp\/v2\/product_tag?post=943"}],"curies":[{"name":"wp","href":"https:\/\/api.w.org\/{rel}","templated":true}]}}