{"id":939,"date":"2025-11-03T09:26:36","date_gmt":"2025-11-03T09:26:36","guid":{"rendered":"https:\/\/www.cxjsmartcard.com\/?post_type=product&#038;p=939"},"modified":"2025-12-29T01:27:07","modified_gmt":"2025-12-29T01:27:07","slug":"uhf-rfid-medical-glass-tube-tags-for-glass-bottle-tracking","status":"publish","type":"product","link":"https:\/\/www.cxjsmartcard.com\/es\/uhf-rfid-medical-glass-tube-tags-for-glass-bottle-tracking\/","title":{"rendered":"Etiquetas RFID UHF para tubos de vidrio m\u00e9dicos para el seguimiento de botellas de vidrio"},"content":{"rendered":"<p data-start=\"70\" data-end=\"397\">Etiqueta RFID UHF para botellas de vidrio farmac\u00e9uticas, construida sobre FM13UF0051E con <strong data-start=\"160\" data-end=\"175\">EPC de 128 bits<\/strong> Memoria para un rendimiento multilectura r\u00e1pido. La cara de papel estucado es imprimible y se combina con un adhesivo multiusos para una aplicaci\u00f3n fiable en viales y envases de vidrio con polvo seco.<\/p>\n<p data-start=\"399\" data-end=\"417\"><strong data-start=\"399\" data-end=\"415\">Caracter\u00edsticas principales<\/strong><\/p>\n<ul data-start=\"418\" data-end=\"720\">\n<li data-start=\"418\" data-end=\"459\">\n<p data-start=\"420\" data-end=\"459\">Cumple con EPC Gen2 \/ ISO\/IEC 18000-6C<\/p>\n<\/li>\n<li data-start=\"460\" data-end=\"536\">\n<p data-start=\"462\" data-end=\"536\">EPC de 128 bits; optimizado para lectura r\u00e1pida, lectura m\u00faltiple y trazabilidad<\/p>\n<\/li>\n<li data-start=\"537\" data-end=\"605\">\n<p data-start=\"539\" data-end=\"605\">Cara de papel estucado; imprimible mediante transferencia t\u00e9rmica o serigraf\u00eda<\/p>\n<\/li>\n<li data-start=\"606\" data-end=\"674\">\n<p data-start=\"608\" data-end=\"674\">Se suministra como etiqueta adhesiva o en una construcci\u00f3n de papel recubierto adjunta.<\/p>\n<\/li>\n<li data-start=\"675\" data-end=\"720\">\n<p data-start=\"677\" data-end=\"720\">Chip, tama\u00f1o y materiales de cara personalizables<\/p>\n<\/li>\n<\/ul>\n<p data-start=\"722\" data-end=\"868\"><strong data-start=\"722\" data-end=\"738\">Aplicaciones<\/strong><br data-start=\"738\" data-end=\"741\" \/>Gesti\u00f3n m\u00e9dica y de atenci\u00f3n m\u00e9dica \u2022 Log\u00edstica farmac\u00e9utica \u2022 Identificaci\u00f3n de frascos de medicamentos \u2022 Seguimiento de frascos de vidrio con polvo seco.<\/p>\n<p data-start=\"870\" data-end=\"987\"><strong data-start=\"870\" data-end=\"898\">Servicios de impresi\u00f3n y datos<\/strong><br data-start=\"898\" data-end=\"901\" \/>Impresi\u00f3n por transferencia t\u00e9rmica y serigraf\u00eda; compatible con inicializaci\u00f3n\/codificaci\u00f3n de datos EPC.<\/p>\n<p data-start=\"989\" data-end=\"1068\"><strong data-start=\"989\" data-end=\"1012\">Operaci\u00f3n y almacenamiento<\/strong><br data-start=\"1012\" data-end=\"1015\" \/>Uso: 0\u201360 \u2103, 20\u201380% RH \u2022 Almacenamiento: 20\u201330 \u2103, 20\u201360% RH.<\/p>\n<h2 data-start=\"1070\" data-end=\"1095\">Tabla (Especificaciones)<\/h2>\n<div class=\"_tableContainer_1rjym_1\">\n<div class=\"group _tableWrapper_1rjym_13 flex w-fit flex-col-reverse\" tabindex=\"-1\">\n<table class=\"w-fit min-w-(--thread-content-width)\" data-start=\"1097\" data-end=\"2611\">\n<thead data-start=\"1097\" data-end=\"1190\">\n<tr data-start=\"1097\" data-end=\"1190\">\n<th data-start=\"1097\" data-end=\"1116\" data-col-size=\"sm\">Categor\u00eda<\/th>\n<th data-start=\"1116\" data-end=\"1143\" data-col-size=\"sm\">Par\u00e1metro<\/th>\n<th data-start=\"1143\" data-end=\"1190\" data-col-size=\"md\">Valor<\/th>\n<\/tr>\n<\/thead>\n<tbody data-start=\"1285\" data-end=\"2611\">\n<tr data-start=\"1285\" data-end=\"1383\">\n<td data-start=\"1285\" data-end=\"1304\" data-col-size=\"sm\">Producto<\/td>\n<td data-start=\"1304\" data-end=\"1331\" data-col-size=\"sm\">Nombre<\/td>\n<td data-start=\"1331\" data-end=\"1383\" data-col-size=\"md\">Etiqueta RFID UHF para botellas m\u00e9dicas de vidrio con polvo seco<\/td>\n<\/tr>\n<tr data-start=\"1384\" data-end=\"1477\">\n<td data-start=\"1384\" data-end=\"1403\" data-col-size=\"sm\">CI<\/td>\n<td data-start=\"1403\" data-end=\"1430\" data-col-size=\"sm\">Chip<\/td>\n<td data-col-size=\"md\" data-start=\"1430\" data-end=\"1477\">FM13UF0051E<\/td>\n<\/tr>\n<tr data-start=\"1478\" data-end=\"1571\">\n<td data-start=\"1478\" data-end=\"1497\" data-col-size=\"sm\">Memoria<\/td>\n<td data-start=\"1497\" data-end=\"1524\" data-col-size=\"sm\">EPC<\/td>\n<td data-start=\"1524\" data-end=\"1571\" data-col-size=\"md\">128 bits<\/td>\n<\/tr>\n<tr data-start=\"1572\" data-end=\"1666\">\n<td data-start=\"1572\" data-end=\"1591\" data-col-size=\"sm\">RF<\/td>\n<td data-col-size=\"sm\" data-start=\"1591\" data-end=\"1619\">Protocolo<\/td>\n<td data-col-size=\"md\" data-start=\"1619\" data-end=\"1666\">ISO\/IEC 18000-6C; EPCglobal Clase 1 Gen 2<\/td>\n<\/tr>\n<tr data-start=\"1667\" data-end=\"1760\">\n<td data-start=\"1667\" data-end=\"1686\" data-col-size=\"sm\">Factor de forma<\/td>\n<td data-col-size=\"sm\" data-start=\"1686\" data-end=\"1713\">Tama\u00f1o de la etiqueta<\/td>\n<td data-col-size=\"md\" data-start=\"1713\" data-end=\"1760\">40 \u00d7 20 mm (otros personalizables)<\/td>\n<\/tr>\n<tr data-start=\"1761\" data-end=\"1854\">\n<td data-start=\"1761\" data-end=\"1780\" data-col-size=\"sm\">Material de la cara<\/td>\n<td data-start=\"1780\" data-end=\"1807\" data-col-size=\"sm\">Cara de la etiqueta<\/td>\n<td data-start=\"1807\" data-end=\"1854\" data-col-size=\"md\">Papel estucado (imprimible)<\/td>\n<\/tr>\n<tr data-start=\"1855\" data-end=\"1953\">\n<td data-start=\"1855\" data-end=\"1874\" data-col-size=\"sm\">Adhesivo<\/td>\n<td data-start=\"1874\" data-end=\"1901\" data-col-size=\"sm\">Adjunto<\/td>\n<td data-col-size=\"md\" data-start=\"1901\" data-end=\"1953\">Papel recubierto con adhesivo de uso general<\/td>\n<\/tr>\n<tr data-start=\"1954\" data-end=\"2047\">\n<td data-start=\"1954\" data-end=\"1973\" data-col-size=\"sm\">Actuaci\u00f3n<\/td>\n<td data-col-size=\"sm\" data-start=\"1973\" data-end=\"2000\">Reflejos<\/td>\n<td data-col-size=\"md\" data-start=\"2000\" data-end=\"2047\">Lectura r\u00e1pida; lectura m\u00faltiple; trazabilidad<\/td>\n<\/tr>\n<tr data-start=\"2048\" data-end=\"2141\">\n<td data-start=\"2048\" data-end=\"2067\" data-col-size=\"sm\">Personalizaci\u00f3n<\/td>\n<td data-col-size=\"sm\" data-start=\"2067\" data-end=\"2094\">Opciones personalizadas<\/td>\n<td data-col-size=\"md\" data-start=\"2094\" data-end=\"2141\">Personalizaci\u00f3n del chip, tama\u00f1o y material de la cara<\/td>\n<\/tr>\n<tr data-start=\"2142\" data-end=\"2235\">\n<td data-start=\"2142\" data-end=\"2161\" data-col-size=\"sm\">Impresi\u00f3n<\/td>\n<td data-col-size=\"sm\" data-start=\"2161\" data-end=\"2188\">M\u00e9todos<\/td>\n<td data-col-size=\"md\" data-start=\"2188\" data-end=\"2235\">Transferencia t\u00e9rmica; serigraf\u00eda; personalizado<\/td>\n<\/tr>\n<tr data-start=\"2236\" data-end=\"2329\">\n<td data-start=\"2236\" data-end=\"2255\" data-col-size=\"sm\">Servicios de datos<\/td>\n<td data-col-size=\"sm\" data-start=\"2255\" data-end=\"2282\">Inicializaci\u00f3n<\/td>\n<td data-col-size=\"md\" data-start=\"2282\" data-end=\"2329\">Codificaci\u00f3n EPC<\/td>\n<\/tr>\n<tr data-start=\"2330\" data-end=\"2423\">\n<td data-start=\"2330\" data-end=\"2349\" data-col-size=\"sm\">Ambiente<\/td>\n<td data-start=\"2349\" data-end=\"2376\" data-col-size=\"sm\">Operante<\/td>\n<td data-start=\"2376\" data-end=\"2423\" data-col-size=\"md\">0\u201360 \u2103; 20\u201380% HR<\/td>\n<\/tr>\n<tr data-start=\"2424\" data-end=\"2517\">\n<td data-start=\"2424\" data-end=\"2443\" data-col-size=\"sm\"><\/td>\n<td data-start=\"2443\" data-end=\"2470\" data-col-size=\"sm\">Almacenamiento<\/td>\n<td data-col-size=\"md\" data-start=\"2470\" data-end=\"2517\">20\u201330 \u2103; 20\u201360% humedad relativa<\/td>\n<\/tr>\n<tr data-start=\"2518\" data-end=\"2611\">\n<td data-start=\"2518\" data-end=\"2537\" data-col-size=\"sm\">Casos de uso<\/td>\n<td data-col-size=\"sm\" data-start=\"2537\" data-end=\"2564\">Aplicaciones<\/td>\n<td data-col-size=\"md\" data-start=\"2564\" data-end=\"2611\">Botellas m\u00e9dicas, farmac\u00e9uticas y de medicamentos<\/td>\n<\/tr>\n<\/tbody>\n<\/table>\n<\/div>\n<\/div>","protected":false},"excerpt":{"rendered":"<p>Etiqueta RFID UHF imprimible para botellas de vidrio farmac\u00e9uticas\u2014FM13UF0051E con EPC de 128 bits, rendimiento r\u00e1pido de lectura m\u00faltiple, cara de papel recubierto y fijaci\u00f3n adhesiva.<\/p>","protected":false},"featured_media":940,"template":"","meta":{"_gspb_post_css":""},"product_brand":[],"product_cat":[31],"product_tag":[],"class_list":{"0":"post-939","1":"product","2":"type-product","3":"status-publish","4":"has-post-thumbnail","6":"product_cat-rfid-sticker-labels","8":"first","9":"instock","10":"shipping-taxable","11":"purchasable","12":"product-type-simple"},"_links":{"self":[{"href":"https:\/\/www.cxjsmartcard.com\/es\/wp-json\/wp\/v2\/product\/939","targetHints":{"allow":["GET"]}}],"collection":[{"href":"https:\/\/www.cxjsmartcard.com\/es\/wp-json\/wp\/v2\/product"}],"about":[{"href":"https:\/\/www.cxjsmartcard.com\/es\/wp-json\/wp\/v2\/types\/product"}],"wp:featuredmedia":[{"embeddable":true,"href":"https:\/\/www.cxjsmartcard.com\/es\/wp-json\/wp\/v2\/media\/940"}],"wp:attachment":[{"href":"https:\/\/www.cxjsmartcard.com\/es\/wp-json\/wp\/v2\/media?parent=939"}],"wp:term":[{"taxonomy":"product_brand","embeddable":true,"href":"https:\/\/www.cxjsmartcard.com\/es\/wp-json\/wp\/v2\/product_brand?post=939"},{"taxonomy":"product_cat","embeddable":true,"href":"https:\/\/www.cxjsmartcard.com\/es\/wp-json\/wp\/v2\/product_cat?post=939"},{"taxonomy":"product_tag","embeddable":true,"href":"https:\/\/www.cxjsmartcard.com\/es\/wp-json\/wp\/v2\/product_tag?post=939"}],"curies":[{"name":"wp","href":"https:\/\/api.w.org\/{rel}","templated":true}]}}