{"id":935,"date":"2025-11-03T09:24:58","date_gmt":"2025-11-03T09:24:58","guid":{"rendered":"https:\/\/www.cxjsmartcard.com\/?post_type=product&#038;p=935"},"modified":"2025-12-29T01:27:07","modified_gmt":"2025-12-29T01:27:07","slug":"uhf-rfid-label-for-logistics-warehouse-management","status":"publish","type":"product","link":"https:\/\/www.cxjsmartcard.com\/es\/uhf-rfid-label-for-logistics-warehouse-management\/","title":{"rendered":"Etiqueta RFID UHF para log\u00edstica y gesti\u00f3n de almacenes"},"content":{"rendered":"<p data-start=\"63\" data-end=\"390\">Etiqueta log\u00edstica RFID UHF de gran formato para un escaneo multilectura r\u00e1pido y fiable en pal\u00e9s, cajas de cart\u00f3n y estanter\u00edas. Desarrollada con NXP UCODE 9 y disponible con caras de papel t\u00e9rmico, PET o PP, admite flujos de trabajo de impresi\u00f3n\/codificaci\u00f3n de gran volumen e impresi\u00f3n sin cinta donde sea necesario.<\/p>\n<p data-start=\"392\" data-end=\"410\"><strong data-start=\"392\" data-end=\"408\">Caracter\u00edsticas principales<\/strong><\/p>\n<ul data-start=\"411\" data-end=\"673\">\n<li data-start=\"411\" data-end=\"452\">\n<p data-start=\"413\" data-end=\"452\">Cumple con EPC Gen2 \/ ISO\/IEC 18000-6C<\/p>\n<\/li>\n<li data-start=\"453\" data-end=\"523\">\n<p data-start=\"455\" data-end=\"523\">Rendimiento de UCODE 9: inventario r\u00e1pido, lecturas masivas y trazabilidad<\/p>\n<\/li>\n<li data-start=\"524\" data-end=\"602\">\n<p data-start=\"526\" data-end=\"602\">Superficies listas para imprimir: papel t\u00e9rmico, papel estucado, PET, papel sint\u00e9tico PP<\/p>\n<\/li>\n<li data-start=\"603\" data-end=\"673\">\n<p data-start=\"605\" data-end=\"673\">Tama\u00f1os personalizados y dise\u00f1os de antena; inicializaci\u00f3n de datos (codificaci\u00f3n EPC)<\/p>\n<\/li>\n<\/ul>\n<p data-start=\"675\" data-end=\"836\"><strong data-start=\"675\" data-end=\"691\">Aplicaciones<\/strong><br data-start=\"691\" data-end=\"694\" \/>Etiquetado de almac\u00e9n y centro de distribuci\u00f3n \u2022 Paletas, cajas y contenedores \u2022 Cross-docking y almacenamiento \u2022 Etiquetas de env\u00edo donde la instalaci\u00f3n de cintas resulta inc\u00f3moda.<\/p>\n<p data-start=\"838\" data-end=\"966\"><strong data-start=\"838\" data-end=\"861\">Impresi\u00f3n y codificaci\u00f3n<\/strong><br data-start=\"861\" data-end=\"864\" \/>Transferencia t\u00e9rmica, serigraf\u00eda y otras impresiones personalizadas con precodificaci\u00f3n EPC para implementaci\u00f3n llave en mano.<\/p>\n<h2 data-start=\"968\" data-end=\"993\">Tabla (Especificaciones)<\/h2>\n<div class=\"_tableContainer_1rjym_1\">\n<div class=\"group _tableWrapper_1rjym_13 flex w-fit flex-col-reverse\" tabindex=\"-1\">\n<table class=\"w-fit min-w-(--thread-content-width)\" data-start=\"995\" data-end=\"2418\">\n<thead data-start=\"995\" data-end=\"1087\">\n<tr data-start=\"995\" data-end=\"1087\">\n<th data-start=\"995\" data-end=\"1014\" data-col-size=\"sm\">Categor\u00eda<\/th>\n<th data-start=\"1014\" data-end=\"1040\" data-col-size=\"sm\">Par\u00e1metro<\/th>\n<th data-start=\"1040\" data-end=\"1087\" data-col-size=\"md\">Valor<\/th>\n<\/tr>\n<\/thead>\n<tbody data-start=\"1181\" data-end=\"2418\">\n<tr data-start=\"1181\" data-end=\"1289\">\n<td data-start=\"1181\" data-end=\"1200\" data-col-size=\"sm\">Producto<\/td>\n<td data-start=\"1200\" data-end=\"1226\" data-col-size=\"sm\">Nombre<\/td>\n<td data-col-size=\"md\" data-start=\"1226\" data-end=\"1289\">Etiqueta adhesiva RFID UHF para log\u00edstica y gesti\u00f3n de almacenes<\/td>\n<\/tr>\n<tr data-start=\"1290\" data-end=\"1382\">\n<td data-start=\"1290\" data-end=\"1309\" data-col-size=\"sm\">CI<\/td>\n<td data-col-size=\"sm\" data-start=\"1309\" data-end=\"1335\">Chip<\/td>\n<td data-col-size=\"md\" data-start=\"1335\" data-end=\"1382\">NXP UCODE 9 (personalizable)<\/td>\n<\/tr>\n<tr data-start=\"1383\" data-end=\"1475\">\n<td data-start=\"1383\" data-end=\"1402\" data-col-size=\"sm\">RF<\/td>\n<td data-start=\"1402\" data-end=\"1428\" data-col-size=\"sm\">Protocolo<\/td>\n<td data-col-size=\"md\" data-start=\"1428\" data-end=\"1475\">ISO\/IEC 18000-6C; EPCglobal Clase 1 Gen 2<\/td>\n<\/tr>\n<tr data-start=\"1476\" data-end=\"1568\">\n<td data-start=\"1476\" data-end=\"1495\" data-col-size=\"sm\">Memoria<\/td>\n<td data-start=\"1495\" data-end=\"1521\" data-col-size=\"sm\">TID \/ EPC \/ Usuario<\/td>\n<td data-col-size=\"md\" data-start=\"1521\" data-end=\"1568\">96 bits \/ 96 bits \/ 0 bits<\/td>\n<\/tr>\n<tr data-start=\"1569\" data-end=\"1661\">\n<td data-start=\"1569\" data-end=\"1588\" data-col-size=\"sm\">Etiqueta<\/td>\n<td data-col-size=\"sm\" data-start=\"1588\" data-end=\"1614\">Tama\u00f1o<\/td>\n<td data-col-size=\"md\" data-start=\"1614\" data-end=\"1661\">152 \u00d7 101 mm (otros tama\u00f1os disponibles)<\/td>\n<\/tr>\n<tr data-start=\"1662\" data-end=\"1754\">\n<td data-start=\"1662\" data-end=\"1681\" data-col-size=\"sm\">Antena<\/td>\n<td data-col-size=\"sm\" data-start=\"1681\" data-end=\"1707\">Tama\u00f1o<\/td>\n<td data-col-size=\"md\" data-start=\"1707\" data-end=\"1754\">94,8 \u00d7 8,14 mm (dise\u00f1o de referencia)<\/td>\n<\/tr>\n<tr data-start=\"1755\" data-end=\"1856\">\n<td data-start=\"1755\" data-end=\"1774\" data-col-size=\"sm\">Materiales de la cara<\/td>\n<td data-col-size=\"sm\" data-start=\"1774\" data-end=\"1800\">Opciones<\/td>\n<td data-col-size=\"md\" data-start=\"1800\" data-end=\"1856\">Papel t\u00e9rmico; papel estucado; PET; papel sint\u00e9tico PP<\/td>\n<\/tr>\n<tr data-start=\"1857\" data-end=\"1949\">\n<td data-start=\"1857\" data-end=\"1876\" data-col-size=\"sm\">Impresi\u00f3n<\/td>\n<td data-col-size=\"sm\" data-start=\"1876\" data-end=\"1902\">M\u00e9todos<\/td>\n<td data-col-size=\"md\" data-start=\"1902\" data-end=\"1949\">Transferencia t\u00e9rmica; serigraf\u00eda; personalizado<\/td>\n<\/tr>\n<tr data-start=\"1950\" data-end=\"2043\">\n<td data-start=\"1950\" data-end=\"1969\" data-col-size=\"sm\">Servicios de datos<\/td>\n<td data-start=\"1969\" data-end=\"1995\" data-col-size=\"sm\">Inicializaci\u00f3n<\/td>\n<td data-col-size=\"md\" data-start=\"1995\" data-end=\"2043\">Codificaci\u00f3n EPC<\/td>\n<\/tr>\n<tr data-start=\"2044\" data-end=\"2137\">\n<td data-start=\"2044\" data-end=\"2063\" data-col-size=\"sm\">Ambiente<\/td>\n<td data-col-size=\"sm\" data-start=\"2063\" data-end=\"2089\">Operante<\/td>\n<td data-col-size=\"md\" data-start=\"2089\" data-end=\"2137\">0\u201360 \u2103; 20\u201380% HR<\/td>\n<\/tr>\n<tr data-start=\"2138\" data-end=\"2231\">\n<td data-start=\"2138\" data-end=\"2157\" data-col-size=\"sm\"><\/td>\n<td data-start=\"2157\" data-end=\"2183\" data-col-size=\"sm\">Almacenamiento<\/td>\n<td data-col-size=\"md\" data-start=\"2183\" data-end=\"2231\">20\u201330 \u2103; 20\u201360% humedad relativa<\/td>\n<\/tr>\n<tr data-start=\"2232\" data-end=\"2324\">\n<td data-start=\"2232\" data-end=\"2251\" data-col-size=\"sm\">Beneficios<\/td>\n<td data-col-size=\"sm\" data-start=\"2251\" data-end=\"2277\">Reflejos<\/td>\n<td data-col-size=\"md\" data-start=\"2277\" data-end=\"2324\">Lectura r\u00e1pida; lectura m\u00faltiple; trazabilidad<\/td>\n<\/tr>\n<tr data-start=\"2325\" data-end=\"2418\">\n<td data-start=\"2325\" data-end=\"2344\" data-col-size=\"sm\">Casos de uso<\/td>\n<td data-col-size=\"sm\" data-start=\"2344\" data-end=\"2370\">Aplicaciones t\u00edpicas<\/td>\n<td data-col-size=\"md\" data-start=\"2370\" data-end=\"2418\">Log\u00edstica, almacenamiento, impresi\u00f3n sin cinta<\/td>\n<\/tr>\n<\/tbody>\n<\/table>\n<\/div>\n<\/div>","protected":false},"excerpt":{"rendered":"<p>Etiqueta log\u00edstica RFID UHF de gran tama\u00f1o con UCODE 9 para lecturas m\u00faltiples r\u00e1pidas y precisas. Formato de 152 \u00d7 101 mm, caras t\u00e9rmicas\/PET\/PP y codificaci\u00f3n EPC para almacenamiento de gran volumen.<\/p>","protected":false},"featured_media":936,"template":"","meta":{"_gspb_post_css":""},"product_brand":[],"product_cat":[31],"product_tag":[],"class_list":{"0":"post-935","1":"product","2":"type-product","3":"status-publish","4":"has-post-thumbnail","6":"product_cat-rfid-sticker-labels","8":"first","9":"instock","10":"shipping-taxable","11":"purchasable","12":"product-type-simple"},"_links":{"self":[{"href":"https:\/\/www.cxjsmartcard.com\/es\/wp-json\/wp\/v2\/product\/935","targetHints":{"allow":["GET"]}}],"collection":[{"href":"https:\/\/www.cxjsmartcard.com\/es\/wp-json\/wp\/v2\/product"}],"about":[{"href":"https:\/\/www.cxjsmartcard.com\/es\/wp-json\/wp\/v2\/types\/product"}],"wp:featuredmedia":[{"embeddable":true,"href":"https:\/\/www.cxjsmartcard.com\/es\/wp-json\/wp\/v2\/media\/936"}],"wp:attachment":[{"href":"https:\/\/www.cxjsmartcard.com\/es\/wp-json\/wp\/v2\/media?parent=935"}],"wp:term":[{"taxonomy":"product_brand","embeddable":true,"href":"https:\/\/www.cxjsmartcard.com\/es\/wp-json\/wp\/v2\/product_brand?post=935"},{"taxonomy":"product_cat","embeddable":true,"href":"https:\/\/www.cxjsmartcard.com\/es\/wp-json\/wp\/v2\/product_cat?post=935"},{"taxonomy":"product_tag","embeddable":true,"href":"https:\/\/www.cxjsmartcard.com\/es\/wp-json\/wp\/v2\/product_tag?post=935"}],"curies":[{"name":"wp","href":"https:\/\/api.w.org\/{rel}","templated":true}]}}