{"id":930,"date":"2025-11-03T09:22:49","date_gmt":"2025-11-03T09:22:49","guid":{"rendered":"https:\/\/www.cxjsmartcard.com\/?post_type=product&#038;p=930"},"modified":"2025-12-29T01:27:07","modified_gmt":"2025-12-29T01:27:07","slug":"uv-resistant-rfid-zip-cable-ties-self-locking","status":"publish","type":"product","link":"https:\/\/www.cxjsmartcard.com\/es\/uv-resistant-rfid-zip-cable-ties-self-locking\/","title":{"rendered":"Bridas RFID con cremallera y autobloqueo resistentes a los rayos UV"},"content":{"rendered":"<p data-start=\"59\" data-end=\"334\">Bridas RFID autoblocantes que combinan un precinto de seguridad con identificaci\u00f3n UHF y NFC. La carcasa de ABS\/PP, resistente a los rayos UV y a la intemperie, cuenta con certificaci\u00f3n IP68 para uso en exteriores, mientras que el chip integrado permite un escaneo r\u00e1pido de activos, contenedores y mazos de cables.<\/p>\n<p data-start=\"336\" data-end=\"354\"><strong data-start=\"336\" data-end=\"352\">Caracter\u00edsticas principales<\/strong><\/p>\n<ul data-start=\"355\" data-end=\"676\">\n<li data-start=\"355\" data-end=\"420\">\n<p data-start=\"357\" data-end=\"420\">Opciones de RF duales: UHF 860\u2013960 MHz (EPC C1G2) y NFC 13,56 MHz<\/p>\n<\/li>\n<li data-start=\"421\" data-end=\"474\">\n<p data-start=\"423\" data-end=\"474\">Precinto de seguridad con encapsulado ultras\u00f3nico<\/p>\n<\/li>\n<li data-start=\"475\" data-end=\"530\">\n<p data-start=\"477\" data-end=\"530\">Alcance de lectura UHF de 2 a 5 m (dependiendo del entorno y del lector)<\/p>\n<\/li>\n<li data-start=\"531\" data-end=\"601\">\n<p data-start=\"533\" data-end=\"601\">Durable: resistente al fuego y al \u00e1cido; antienvejecimiento; resistente a los rayos UV y a la intemperie.<\/p>\n<\/li>\n<li data-start=\"602\" data-end=\"676\">\n<p data-start=\"604\" data-end=\"676\">Personalizable: impresi\u00f3n\/marcado l\u00e1ser, QR\/c\u00f3digo de barras\/numeraci\u00f3n, codificaci\u00f3n EPC<\/p>\n<\/li>\n<\/ul>\n<p data-start=\"678\" data-end=\"809\"><strong data-start=\"678\" data-end=\"694\">Aplicaciones<\/strong><br data-start=\"694\" data-end=\"697\" \/>Tanques y contenedores de gas \u2022 Gesti\u00f3n de cables\/alambres \u2022 Agrupamiento de prendas de vestir y textiles \u2022 Seguimiento de activos y log\u00edstica.<\/p>\n<p data-start=\"811\" data-end=\"961\"><strong data-start=\"811\" data-end=\"827\">Instalaci\u00f3n<\/strong><br data-start=\"827\" data-end=\"830\" \/>Pase la brida por el objeto y tire para bloquearlo. Para colgar la identificaci\u00f3n, utilice la ranura integrada para suspenderla o atarla seg\u00fan sea necesario.<\/p>\n<h2 data-start=\"963\" data-end=\"988\">Tabla (Especificaciones)<\/h2>\n<div class=\"_tableContainer_1rjym_1\">\n<div class=\"group _tableWrapper_1rjym_13 flex w-fit flex-col-reverse\" tabindex=\"-1\">\n<table class=\"w-fit min-w-(--thread-content-width)\" data-start=\"990\" data-end=\"3617\">\n<thead data-start=\"990\" data-end=\"1103\">\n<tr data-start=\"990\" data-end=\"1103\">\n<th data-start=\"990\" data-end=\"1014\" data-col-size=\"sm\">Categor\u00eda<\/th>\n<th data-start=\"1014\" data-end=\"1042\" data-col-size=\"sm\">Par\u00e1metro<\/th>\n<th data-start=\"1042\" data-end=\"1103\" data-col-size=\"md\">Valor<\/th>\n<\/tr>\n<\/thead>\n<tbody data-start=\"1218\" data-end=\"3617\">\n<tr data-start=\"1218\" data-end=\"1331\">\n<td data-start=\"1218\" data-end=\"1242\" data-col-size=\"sm\">Producto<\/td>\n<td data-start=\"1242\" data-end=\"1270\" data-col-size=\"sm\">Tipo<\/td>\n<td data-start=\"1270\" data-end=\"1331\" data-col-size=\"md\">Etiqueta de cierre\/brida RFID<\/td>\n<\/tr>\n<tr data-start=\"1332\" data-end=\"1445\">\n<td data-start=\"1332\" data-end=\"1356\" data-col-size=\"sm\">Alojamiento<\/td>\n<td data-start=\"1356\" data-end=\"1384\" data-col-size=\"sm\">Tama\u00f1o<\/td>\n<td data-start=\"1384\" data-end=\"1445\" data-col-size=\"md\">88 \u00d7 28 mm<\/td>\n<\/tr>\n<tr data-start=\"1446\" data-end=\"1559\">\n<td data-start=\"1446\" data-end=\"1470\" data-col-size=\"sm\">Brida para cables<\/td>\n<td data-col-size=\"sm\" data-start=\"1470\" data-end=\"1498\">Longitud<\/td>\n<td data-col-size=\"md\" data-start=\"1498\" data-end=\"1559\">300 mil\u00edmetros<\/td>\n<\/tr>\n<tr data-start=\"1560\" data-end=\"1673\">\n<td data-start=\"1560\" data-end=\"1584\" data-col-size=\"sm\">Materiales<\/td>\n<td data-start=\"1584\" data-end=\"1612\" data-col-size=\"sm\">Cuerpo<\/td>\n<td data-start=\"1612\" data-end=\"1673\" data-col-size=\"md\">ABS\/PP<\/td>\n<\/tr>\n<tr data-start=\"1674\" data-end=\"1787\">\n<td data-start=\"1674\" data-end=\"1698\" data-col-size=\"sm\">Peso<\/td>\n<td data-col-size=\"sm\" data-start=\"1698\" data-end=\"1726\">Aprox.<\/td>\n<td data-col-size=\"md\" data-start=\"1726\" data-end=\"1787\">5 gramos<\/td>\n<\/tr>\n<tr data-start=\"1788\" data-end=\"1901\">\n<td data-start=\"1788\" data-end=\"1812\" data-col-size=\"sm\">Bandera<\/td>\n<td data-start=\"1812\" data-end=\"1840\" data-col-size=\"sm\">Opciones<\/td>\n<td data-col-size=\"md\" data-start=\"1840\" data-end=\"1901\">Negro, Azul, Rojo, Amarillo<\/td>\n<\/tr>\n<tr data-start=\"1902\" data-end=\"2015\">\n<td data-start=\"1902\" data-end=\"1926\" data-col-size=\"sm\">Radiofrecuencia (UHF)<\/td>\n<td data-col-size=\"sm\" data-start=\"1926\" data-end=\"1954\">Frecuencia \/ Protocolo<\/td>\n<td data-col-size=\"md\" data-start=\"1954\" data-end=\"2015\">860\u2013960 MHz; ISO\/IEC 18000-6C, EPC Clase 1 Gen 2<\/td>\n<\/tr>\n<tr data-start=\"2016\" data-end=\"2129\">\n<td data-start=\"2016\" data-end=\"2040\" data-col-size=\"sm\">Radiofrecuencia (NFC)<\/td>\n<td data-col-size=\"sm\" data-start=\"2040\" data-end=\"2068\">Frecuencia \/ Protocolo<\/td>\n<td data-col-size=\"md\" data-start=\"2068\" data-end=\"2129\">13,56 MHz; ISO\/IEC 14443\/15693 (dependiente del chip)<\/td>\n<\/tr>\n<tr data-start=\"2130\" data-end=\"2247\">\n<td data-start=\"2130\" data-end=\"2154\" data-col-size=\"sm\">Opciones de CI<\/td>\n<td data-start=\"2154\" data-end=\"2182\" data-col-size=\"sm\">Papas fritas<\/td>\n<td data-col-size=\"md\" data-start=\"2182\" data-end=\"2247\">UCODE 9 (predeterminado); NTAG213\/215\/216; Alien H3\/H4; Impinj Monza<\/td>\n<\/tr>\n<tr data-start=\"2248\" data-end=\"2361\">\n<td data-start=\"2248\" data-end=\"2272\" data-col-size=\"sm\">Memoria<\/td>\n<td data-col-size=\"sm\" data-start=\"2272\" data-end=\"2300\">EPC (UHF)<\/td>\n<td data-col-size=\"md\" data-start=\"2300\" data-end=\"2361\">128 bits<\/td>\n<\/tr>\n<tr data-start=\"2362\" data-end=\"2475\">\n<td data-start=\"2362\" data-end=\"2386\" data-col-size=\"sm\">Actuaci\u00f3n<\/td>\n<td data-start=\"2386\" data-end=\"2414\" data-col-size=\"sm\">Rango de lectura (UHF)<\/td>\n<td data-col-size=\"md\" data-start=\"2414\" data-end=\"2475\">2\u20135 m (dependiendo del lector y del entorno)<\/td>\n<\/tr>\n<tr data-start=\"2476\" data-end=\"2589\">\n<td data-start=\"2476\" data-end=\"2500\" data-col-size=\"sm\">Fiabilidad<\/td>\n<td data-col-size=\"sm\" data-start=\"2500\" data-end=\"2528\">Retenci\u00f3n de datos<\/td>\n<td data-col-size=\"md\" data-start=\"2528\" data-end=\"2589\">&gt;10 a\u00f1os<\/td>\n<\/tr>\n<tr data-start=\"2590\" data-end=\"2703\">\n<td data-start=\"2590\" data-end=\"2614\" data-col-size=\"sm\">Resistencia<\/td>\n<td data-col-size=\"sm\" data-start=\"2614\" data-end=\"2642\">Reescrituras<\/td>\n<td data-col-size=\"md\" data-start=\"2642\" data-end=\"2703\">100.000 veces<\/td>\n<\/tr>\n<tr data-start=\"2704\" data-end=\"2817\">\n<td data-start=\"2704\" data-end=\"2728\" data-col-size=\"sm\">Protecci\u00f3n<\/td>\n<td data-col-size=\"sm\" data-start=\"2728\" data-end=\"2756\">Clasificaci\u00f3n de impermeabilidad<\/td>\n<td data-col-size=\"md\" data-start=\"2756\" data-end=\"2817\">IP68<\/td>\n<\/tr>\n<tr data-start=\"2818\" data-end=\"2931\">\n<td data-start=\"2818\" data-end=\"2842\" data-col-size=\"sm\">Ambiente<\/td>\n<td data-start=\"2842\" data-end=\"2870\" data-col-size=\"sm\">Temperatura de funcionamiento<\/td>\n<td data-col-size=\"md\" data-start=\"2870\" data-end=\"2931\">\u221220 \u2103 a +80 \u2103<\/td>\n<\/tr>\n<tr data-start=\"2932\" data-end=\"3045\">\n<td data-start=\"2932\" data-end=\"2956\" data-col-size=\"sm\">Tratamiento<\/td>\n<td data-col-size=\"sm\" data-start=\"2956\" data-end=\"2984\">Encapsulaci\u00f3n<\/td>\n<td data-col-size=\"md\" data-start=\"2984\" data-end=\"3045\">Ultras\u00f3nico<\/td>\n<\/tr>\n<tr data-start=\"3046\" data-end=\"3159\">\n<td data-start=\"3046\" data-end=\"3070\" data-col-size=\"sm\">Cumplimiento<\/td>\n<td data-col-size=\"sm\" data-start=\"3070\" data-end=\"3098\">Normas ambientales<\/td>\n<td data-col-size=\"md\" data-start=\"3098\" data-end=\"3159\">Cumple con RoHS<\/td>\n<\/tr>\n<tr data-start=\"3160\" data-end=\"3273\">\n<td data-start=\"3160\" data-end=\"3184\" data-col-size=\"sm\">Personalizaci\u00f3n<\/td>\n<td data-col-size=\"sm\" data-start=\"3184\" data-end=\"3212\">Impresi\u00f3n\/Marcado<\/td>\n<td data-col-size=\"md\" data-start=\"3212\" data-end=\"3273\">Logotipo, texto, QR, c\u00f3digo de barras, n\u00famero de serie; escritura de datos\/EPC<\/td>\n<\/tr>\n<tr data-start=\"3274\" data-end=\"3387\">\n<td data-start=\"3274\" data-end=\"3298\" data-col-size=\"sm\">Montaje<\/td>\n<td data-col-size=\"sm\" data-start=\"3298\" data-end=\"3326\">M\u00e9todos<\/td>\n<td data-col-size=\"md\" data-start=\"3326\" data-end=\"3387\">Bloqueo o suspensi\u00f3n del paquete<\/td>\n<\/tr>\n<tr data-start=\"3388\" data-end=\"3501\">\n<td data-start=\"3388\" data-end=\"3412\" data-col-size=\"sm\">Vida \u00fatil<\/td>\n<td data-col-size=\"sm\" data-start=\"3412\" data-end=\"3440\">T\u00edpico<\/td>\n<td data-col-size=\"md\" data-start=\"3440\" data-end=\"3501\">&gt;2 a\u00f1os<\/td>\n<\/tr>\n<tr data-start=\"3502\" data-end=\"3617\">\n<td data-start=\"3502\" data-end=\"3526\" data-col-size=\"sm\">Atributos clave<\/td>\n<td data-col-size=\"sm\" data-start=\"3526\" data-end=\"3554\">Durabilidad<\/td>\n<td data-col-size=\"md\" data-start=\"3554\" data-end=\"3617\">Resistente a los rayos UV, al polvo, al fuego y a los \u00e1cidos, antienvejecimiento.<\/td>\n<\/tr>\n<\/tbody>\n<\/table>\n<\/div>\n<\/div>","protected":false},"excerpt":{"rendered":"<p>Etiqueta con cierre de cremallera RFID resistente a los rayos UV con protecci\u00f3n IP68, opciones UHF y NFC, lecturas de 2 a 5 m, dise\u00f1o a prueba de manipulaciones e impresi\u00f3n personalizable para activos, contenedores y paquetes de cables.<\/p>","protected":false},"featured_media":933,"template":"","meta":{"_gspb_post_css":""},"product_brand":[],"product_cat":[31],"product_tag":[],"class_list":{"0":"post-930","1":"product","2":"type-product","3":"status-publish","4":"has-post-thumbnail","6":"product_cat-rfid-sticker-labels","8":"first","9":"instock","10":"shipping-taxable","11":"purchasable","12":"product-type-simple"},"_links":{"self":[{"href":"https:\/\/www.cxjsmartcard.com\/es\/wp-json\/wp\/v2\/product\/930","targetHints":{"allow":["GET"]}}],"collection":[{"href":"https:\/\/www.cxjsmartcard.com\/es\/wp-json\/wp\/v2\/product"}],"about":[{"href":"https:\/\/www.cxjsmartcard.com\/es\/wp-json\/wp\/v2\/types\/product"}],"wp:featuredmedia":[{"embeddable":true,"href":"https:\/\/www.cxjsmartcard.com\/es\/wp-json\/wp\/v2\/media\/933"}],"wp:attachment":[{"href":"https:\/\/www.cxjsmartcard.com\/es\/wp-json\/wp\/v2\/media?parent=930"}],"wp:term":[{"taxonomy":"product_brand","embeddable":true,"href":"https:\/\/www.cxjsmartcard.com\/es\/wp-json\/wp\/v2\/product_brand?post=930"},{"taxonomy":"product_cat","embeddable":true,"href":"https:\/\/www.cxjsmartcard.com\/es\/wp-json\/wp\/v2\/product_cat?post=930"},{"taxonomy":"product_tag","embeddable":true,"href":"https:\/\/www.cxjsmartcard.com\/es\/wp-json\/wp\/v2\/product_tag?post=930"}],"curies":[{"name":"wp","href":"https:\/\/api.w.org\/{rel}","templated":true}]}}